{"id":733,"date":"2023-06-25T11:08:22","date_gmt":"2023-06-25T11:08:22","guid":{"rendered":"https:\/\/al-trader.org\/?page_id=733"},"modified":"2023-10-27T10:48:08","modified_gmt":"2023-10-27T10:48:08","slug":"risico-waarschuwing","status":"publish","type":"page","link":"https:\/\/al-trader.org\/nl\/risk-warning\/","title":{"rendered":"RISICO WAARSCHUWING"},"content":{"rendered":"<div data-elementor-type=\"wp-page\" data-elementor-id=\"733\" class=\"elementor elementor-733\" data-elementor-post-type=\"page\">\n\t\t\t\t\t\t<section class=\"elementor-section elementor-top-section elementor-element elementor-element-3677949 elementor-section-boxed elementor-section-height-default elementor-section-height-default\" data-id=\"3677949\" data-element_type=\"section\" data-e-type=\"section\">\n\t\t\t\t\t\t<div class=\"elementor-container elementor-column-gap-default\">\n\t\t\t\t\t<div class=\"elementor-column elementor-col-100 elementor-top-column elementor-element elementor-element-44cc66b\" data-id=\"44cc66b\" data-element_type=\"column\" data-e-type=\"column\">\n\t\t\t<div class=\"elementor-widget-wrap elementor-element-populated\">\n\t\t\t\t\t\t<div class=\"elementor-element elementor-element-85bc9a8 elementor-widget elementor-widget-heading\" data-id=\"85bc9a8\" data-element_type=\"widget\" data-e-type=\"widget\" data-widget_type=\"heading.default\">\n\t\t\t\t\t<h1 class=\"elementor-heading-title elementor-size-default\">RISICO WAARSCHUWING<\/h1>\t\t\t\t<\/div>\n\t\t\t\t\t<\/div>\n\t\t<\/div>\n\t\t\t\t\t<\/div>\n\t\t<\/section>\n\t\t\t\t<section class=\"elementor-section elementor-top-section elementor-element elementor-element-4783c6e elementor-section-boxed elementor-section-height-default elementor-section-height-default\" data-id=\"4783c6e\" data-element_type=\"section\" data-e-type=\"section\">\n\t\t\t\t\t\t<div class=\"elementor-container elementor-column-gap-default\">\n\t\t\t\t\t<div class=\"elementor-column elementor-col-100 elementor-top-column elementor-element elementor-element-99e7959\" data-id=\"99e7959\" data-element_type=\"column\" data-e-type=\"column\">\n\t\t\t<div class=\"elementor-widget-wrap elementor-element-populated\">\n\t\t\t\t\t\t<div class=\"elementor-element elementor-element-65e07ab elementor-widget elementor-widget-text-editor\" data-id=\"65e07ab\" data-element_type=\"widget\" data-e-type=\"widget\" data-widget_type=\"text-editor.default\">\n\t\t\t\t\t\t\t\t\t<p>Handelen in vreemde valuta op marge brengt een aanzienlijk risico met zich mee en is mogelijk niet geschikt voor alle investeerders. De verhoogde hefboomwerking kan zowel in uw voordeel als in uw nadeel werken. Voordat u begint met handelen in vreemde valuta, is het cruciaal om uw beleggingsdoelstellingen, ervaringsniveau en risicobereidheid grondig te evalueren.<\/p><p>Er bestaat de mogelijkheid dat u een deel of het geheel van uw initi\u00eble investering verliest, wat benadrukt hoe belangrijk het is om alleen fondsen te investeren die u zich kunt veroorloven te verliezen. Het is van vitaal belang om u bewust te zijn van alle inherente risico's die verbonden zijn aan de handel in vreemde valuta, en het is raadzaam om advies in te winnen bij een onafhankelijk financieel adviseur als er onzekerheden ontstaan.<\/p><p>Deelnemen aan valutahandel brengt aanzienlijke risico's met zich mee, waaronder marktvolatiliteit, geopolitieke gebeurtenissen, economische aspecten en financi\u00eble regelgeving. De prestaties in het verleden van een handelsstrategie of -methodologie vormen geen garantie voor toekomstige resultaten.<\/p><p>Het is essentieel om te begrijpen dat forex trading niet voor iedereen geschikt is, en het begrijpen van de bijbehorende risico's is noodzakelijk voordat u verdergaat. De mogelijkheid om aanzienlijke verliezen te lijden die uw initi\u00eble investering overtreffen, is een re\u00eble mogelijkheid. Voordat u deelneemt aan forex trading-activiteiten, is het cruciaal om uw financi\u00eble situatie en niveau van expertise voorzichtig te evalueren.<\/p><p>De informatie op dit platform mag niet worden opgevat als financieel advies en mag niet als zodanig worden beschouwd. De content dient uitsluitend voor algemene informatieve doeleinden en is niet gericht op uw individuele financi\u00eble omstandigheden, aspiraties of vereisten.<\/p><p>Het is raadzaam om onafhankelijk financieel advies in te winnen voordat u investeringsbeslissingen neemt. Alle standpunten, nieuws, onderzoek, analyses, prijzen of andere informatie die op dit platform wordt verstrekt, moeten worden beschouwd als algemeen marktcommentaar en mogen niet worden opgevat als beleggingsadvies.<\/p><p>Concluderend, forex trading brengt aanzienlijke risico's met zich mee en sluit mogelijk niet aan bij de voorkeuren van ieder individu. Het is van het grootste belang om een \u200b\u200buitgebreid begrip te krijgen van de inherente risico's die erbij komen kijken en, indien nodig, professioneel advies in te winnen voordat u aan forex trading begint.<\/p>\t\t\t\t\t\t\t\t<\/div>\n\t\t\t\t\t<\/div>\n\t\t<\/div>\n\t\t\t\t\t<\/div>\n\t\t<\/section>\n\t\t\t\t<\/div>","protected":false},"excerpt":{"rendered":"<p>RISK WARNING Trading foreign exchange on margin entails a considerable level of risk and might not be suitable for all investors. The elevated leverage can potentially work both in your favor and against you. Prior to embarking on foreign exchange trading, it is crucial to thoroughly evaluate your investment objectives, experience level, and risk tolerance. [&hellip;]<\/p>\n","protected":false},"author":1,"featured_media":0,"parent":0,"menu_order":0,"comment_status":"closed","ping_status":"closed","template":"elementor_header_footer","meta":{"footnotes":""},"class_list":["post-733","page","type-page","status-publish","hentry"],"_links":{"self":[{"href":"https:\/\/al-trader.org\/nl\/wp-json\/wp\/v2\/pages\/733","targetHints":{"allow":["GET"]}}],"collection":[{"href":"https:\/\/al-trader.org\/nl\/wp-json\/wp\/v2\/pages"}],"about":[{"href":"https:\/\/al-trader.org\/nl\/wp-json\/wp\/v2\/types\/page"}],"author":[{"embeddable":true,"href":"https:\/\/al-trader.org\/nl\/wp-json\/wp\/v2\/users\/1"}],"replies":[{"embeddable":true,"href":"https:\/\/al-trader.org\/nl\/wp-json\/wp\/v2\/comments?post=733"}],"version-history":[{"count":0,"href":"https:\/\/al-trader.org\/nl\/wp-json\/wp\/v2\/pages\/733\/revisions"}],"wp:attachment":[{"href":"https:\/\/al-trader.org\/nl\/wp-json\/wp\/v2\/media?parent=733"}],"curies":[{"name":"wp","href":"https:\/\/api.w.org\/{rel}","templated":true}]}}