{"id":3038,"date":"2023-10-24T08:40:15","date_gmt":"2023-10-24T08:40:15","guid":{"rendered":"https:\/\/al-trader.org\/?page_id=3038"},"modified":"2023-10-30T11:31:03","modified_gmt":"2023-10-30T11:31:03","slug":"documenten","status":"publish","type":"page","link":"https:\/\/al-trader.org\/nl\/documents\/","title":{"rendered":"Documenten"},"content":{"rendered":"<div data-elementor-type=\"wp-page\" data-elementor-id=\"3038\" class=\"elementor elementor-3038\" data-elementor-post-type=\"page\">\n\t\t\t\t\t\t<section class=\"elementor-section elementor-top-section elementor-element elementor-element-a34f73c elementor-section-boxed elementor-section-height-default elementor-section-height-default\" data-id=\"a34f73c\" data-element_type=\"section\" data-e-type=\"section\">\n\t\t\t\t\t\t<div class=\"elementor-container elementor-column-gap-default\">\n\t\t\t\t\t<div class=\"elementor-column elementor-col-100 elementor-top-column elementor-element elementor-element-48d7b82\" data-id=\"48d7b82\" data-element_type=\"column\" data-e-type=\"column\">\n\t\t\t<div class=\"elementor-widget-wrap elementor-element-populated\">\n\t\t\t\t\t\t<div class=\"elementor-element elementor-element-dc9864c elementor-widget elementor-widget-spacer\" data-id=\"dc9864c\" data-element_type=\"widget\" data-e-type=\"widget\" data-widget_type=\"spacer.default\">\n\t\t\t\t\t\t\t<div class=\"elementor-spacer\">\n\t\t\t<div class=\"elementor-spacer-inner\"><\/div>\n\t\t<\/div>\n\t\t\t\t\t\t<\/div>\n\t\t\t\t<div class=\"elementor-element elementor-element-50f0593 elementor-widget elementor-widget-heading\" data-id=\"50f0593\" data-element_type=\"widget\" data-e-type=\"widget\" data-widget_type=\"heading.default\">\n\t\t\t\t\t<h1 class=\"elementor-heading-title elementor-size-xl\">De magische bibliotheek van AL Trader: waar uw documenten schitteren!<\/h1>\t\t\t\t<\/div>\n\t\t\t\t<div class=\"elementor-element elementor-element-e403a27 elementor-widget elementor-widget-text-editor\" data-id=\"e403a27\" data-element_type=\"widget\" data-e-type=\"widget\" data-widget_type=\"text-editor.default\">\n\t\t\t\t\t\t\t\t\t<p><span style=\"font-weight: 400;\">Welkom bij het meest magische deel van AL Trader. Onze documentenpagina! Stel je dit eens voor: een kleurrijke bibliotheek in een kasteel, met in elk boek een verhaal over jou! Maar in plaats van boeken hebben we documenten, niet alleen saaie oude papieren. Nee! Het zijn avonturenrollen, certificaten van dapperheid en kaarten naar je schat! Klaar om het magische boek te openen? Abracadabra, laten we gaan<\/span><\/p>\t\t\t\t\t\t\t\t<\/div>\n\t\t\t\t<div class=\"elementor-element elementor-element-659b964 elementor-widget elementor-widget-heading\" data-id=\"659b964\" data-element_type=\"widget\" data-e-type=\"widget\" data-widget_type=\"heading.default\">\n\t\t\t\t\t<h2 class=\"elementor-heading-title elementor-size-large\">Documentenmagie van AL Trader: verander papieren in avonturen!<\/h2>\t\t\t\t<\/div>\n\t\t\t\t<div class=\"elementor-element elementor-element-91972d0 elementor-widget elementor-widget-text-editor\" data-id=\"91972d0\" data-element_type=\"widget\" data-e-type=\"widget\" data-widget_type=\"text-editor.default\">\n\t\t\t\t\t\t\t\t\t<p><span style=\"font-weight: 400;\">Onze AL Trader-bibliotheek is een bijzondere plek waar elk artikel een verhaal vertelt!<\/span><\/p><p><span style=\"font-weight: 400;\">\u00a0<\/span><b>Magische rollen:<\/b><span style=\"font-weight: 400;\"> Dit zijn formulieren die je invult, maar beschouw ze als perkamentrollen met spreuken waarmee je nieuwe levels in je handelsspel kunt ontgrendelen!<\/span><\/p><p><span style=\"font-weight: 400;\">\u00a0<\/span><b>Schatkaarten:<\/b><span style=\"font-weight: 400;\"> Sommige documenten begeleiden je, als kaarten naar verborgen schatten, en laten je de schitterende juweeltjes van de handel zien.<\/span><\/p><p><span style=\"font-weight: 400;\">\u00a0<\/span><b>Heldencertificaten:<\/b><span style=\"font-weight: 400;\"> Als je iets groots bereikt, vieren we dat met documenten zoals certificaten uit een ver koninkrijk!<\/span><\/p>\t\t\t\t\t\t\t\t<\/div>\n\t\t\t\t<div class=\"elementor-element elementor-element-a4f35f3 elementor-widget elementor-widget-heading\" data-id=\"a4f35f3\" data-element_type=\"widget\" data-e-type=\"widget\" data-widget_type=\"heading.default\">\n\t\t\t\t\t<h2 class=\"elementor-heading-title elementor-size-large\">De AL Trader Promise: uw geheimbewaarder<\/h2>\t\t\t\t<\/div>\n\t\t\t\t<div class=\"elementor-element elementor-element-139d2e0 elementor-widget elementor-widget-text-editor\" data-id=\"139d2e0\" data-element_type=\"widget\" data-e-type=\"widget\" data-widget_type=\"text-editor.default\">\n\t\t\t\t\t\t\t\t\t<p><span style=\"font-weight: 400;\">Wij zijn als de wijze oude tovenaars van de bibliotheek, die ervoor zorgen dat uw geheimen en boekrollen veilig zijn.<\/span><\/p><p><span style=\"font-weight: 400;\">\u00a0<\/span><b>Toverachtige bescherming:<\/b><span style=\"font-weight: 400;\"> We gebruiken magische schilden (ok\u00e9, het zijn gewoon eersteklas beveiligingstools) om uw documenten te beschermen als kostbare juwelen in een drakengrot.<\/span><\/p><p><span style=\"font-weight: 400;\">\u00a0<\/span><b>Fluisterende Muren:<\/b><span style=\"font-weight: 400;\"> Ons team is als een kamer die advies en antwoorden fluistert. Het is er altijd als u hulp nodig hebt bij het lezen van oude teksten (of gewoon bij het invullen van formulieren).<\/span><\/p><p><span style=\"font-weight: 400;\">\u00a0<\/span><b>Koninklijke regels:<\/b><span style=\"font-weight: 400;\"> Wij volgen de wetten (regels) van het koninkrijk in onze wereld om ervoor te zorgen dat alles eerlijk en rechtvaardig verloopt<\/span><\/p>\t\t\t\t\t\t\t\t<\/div>\n\t\t\t\t<div class=\"elementor-element elementor-element-25dbca3 elementor-widget elementor-widget-heading\" data-id=\"25dbca3\" data-element_type=\"widget\" data-e-type=\"widget\" data-widget_type=\"heading.default\">\n\t\t\t\t\t<h2 class=\"elementor-heading-title elementor-size-large\">Jouw magische boek: cre\u00eber je eigen verhaal<\/h2>\t\t\t\t<\/div>\n\t\t\t\t<div class=\"elementor-element elementor-element-9a224fa elementor-widget elementor-widget-text-editor\" data-id=\"9a224fa\" data-element_type=\"widget\" data-e-type=\"widget\" data-widget_type=\"text-editor.default\">\n\t\t\t\t\t\t\t\t\t<p><span style=\"font-weight: 400;\">Elke held heeft een verhaal; bij AL Trader zijn uw documenten hoofdstukken in uw eigen epos!<\/span><\/p><ol><li><span style=\"font-weight: 400;\">\u00a0<\/span>Teken uw rol: dat is gewoon een deftige manier om te zeggen \"<a href=\"https:\/\/al-trader.org\/nl\/\">maak uw account aan<\/a>, maar het is de eerste stap op je zoektocht!<\/li><li><span style=\"font-weight: 400;\"> Lijst met drankjes: Deze gegevens deel je, zoals een lijst met magische ingredi\u00ebnten die jouw ruildrankje uniek maken.<\/span><\/li><li><span style=\"font-weight: 400;\"> Teken van de held: Wanneer je je identiteit bewijst, is het alsof je een heldenteken krijgt, waarmee je iedereen laat zien dat je de echte bent!<\/span><\/li><\/ol>\t\t\t\t\t\t\t\t<\/div>\n\t\t\t\t<div class=\"elementor-element elementor-element-fee4ca8 elementor-widget elementor-widget-heading\" data-id=\"fee4ca8\" data-element_type=\"widget\" data-e-type=\"widget\" data-widget_type=\"heading.default\">\n\t\t\t\t\t<h2 class=\"elementor-heading-title elementor-size-large\">Veiligheidsspreuken: uw rollen veilig houden<\/h2>\t\t\t\t<\/div>\n\t\t\t\t<div class=\"elementor-element elementor-element-c8aec44 elementor-widget elementor-widget-text-editor\" data-id=\"c8aec44\" data-element_type=\"widget\" data-e-type=\"widget\" data-widget_type=\"text-editor.default\">\n\t\t\t\t\t\t\t\t\t<p><span style=\"font-weight: 400;\">Bent u bezorgd over de document goblins? Wees niet bang! Onze veiligheidsspreuken houden ze weg!<\/span><\/p><p><span style=\"font-weight: 400;\">\u00a0<\/span><b>Magische barri\u00e8res:<\/b><span style=\"font-weight: 400;\"> Wij bewaken uw documenten met de beste spreuken (ok\u00e9, het is encryptie, maar \"spreuken\" klinken cooler!).<\/span><\/p><p><span style=\"font-weight: 400;\">\u00a0<\/span><b>Eerlijkheidscharmes:<\/b><span style=\"font-weight: 400;\"> Wij vertellen je altijd de waarheid, want eerlijkheid is de krachtigste magie.<\/span><\/p><p><span style=\"font-weight: 400;\">\u00a0<\/span><b>Koninkrijksbegeleiding:<\/b><span style=\"font-weight: 400;\"> Wij doen alles volgens het boekje en volgen de regels van het land om u en uw boekrollen veilig te houden.<\/span><\/p>\t\t\t\t\t\t\t\t<\/div>\n\t\t\t\t<div class=\"elementor-element elementor-element-5e7d88a elementor-widget elementor-widget-heading\" data-id=\"5e7d88a\" data-element_type=\"widget\" data-e-type=\"widget\" data-widget_type=\"heading.default\">\n\t\t\t\t\t<h2 class=\"elementor-heading-title elementor-size-large\">Hulp nodig in de bibliotheek? Vraag het de Wizards!<\/h2>\t\t\t\t<\/div>\n\t\t\t\t<div class=\"elementor-element elementor-element-0522f37 elementor-widget elementor-widget-text-editor\" data-id=\"0522f37\" data-element_type=\"widget\" data-e-type=\"widget\" data-widget_type=\"text-editor.default\">\n\t\t\t\t\t\t\t\t\t<p><span style=\"font-weight: 400;\">Onze AL Trader-wizards (je zou ze 'ondersteuning' kunnen noemen) zijn er om je door de mysteries van de bibliotheek te loodsen.<\/span><\/p><p><span style=\"font-weight: 400;\">\u00a0<\/span><b>Uilenberichten:<\/b><span style=\"font-weight: 400;\"> Stuur ons een bericht en wij komen sneller met hulp dan een uil met een brief!<\/span><\/p><p><span style=\"font-weight: 400;\">\u00a0<\/span><b>Kristallen bol:<\/b><span style=\"font-weight: 400;\"> Als u vragen heeft, kunt u in onze FAQ's alvast een blik in de toekomst werpen en de antwoorden vinden.<\/span><\/p><p><span style=\"font-weight: 400;\">\u00a0<\/span><b>Boek der Wijsheid:<\/b><span style=\"font-weight: 400;\"> Onze gidsen en tutorials zijn als oude boeken vol wijsheid en tips.<\/span><\/p>\t\t\t\t\t\t\t\t<\/div>\n\t\t\t\t<div class=\"elementor-element elementor-element-b880d00 elementor-widget elementor-widget-heading\" data-id=\"b880d00\" data-element_type=\"widget\" data-e-type=\"widget\" data-widget_type=\"heading.default\">\n\t\t\t\t\t<h2 class=\"elementor-heading-title elementor-size-large\">Klaar om uw verhaal te beginnen? Word lid van AL Trader's Magic Library!<\/h2>\t\t\t\t<\/div>\n\t\t\t\t<div class=\"elementor-element elementor-element-5160fa6 elementor-widget elementor-widget-text-editor\" data-id=\"5160fa6\" data-element_type=\"widget\" data-e-type=\"widget\" data-widget_type=\"text-editor.default\">\n\t\t\t\t\t\t\t\t\t<p><span style=\"font-weight: 400;\">Dus, ben je klaar om je epische verhaal te schrijven? Met AL Trader is elk document een pagina in de reis van je held. Vergeet niet, in de AL Trader-bibliotheek ben je de held, de auteur en de avonturier in \u00e9\u00e9n! Dus pak je pen, verzamel je moed en stap in een wereld waar magie, handel en verhalen samensmelten tot \u00e9\u00e9n groot avontuur!<\/span><\/p><p><span style=\"font-weight: 400;\">Lid worden van AL Trader gaat niet alleen over handelen; het gaat over het beginnen aan een avontuur waarbij elk document een verhaal vertelt, elke klik een spreuk is en elke handel een zoektocht. Uw account is uw verhalenboek, uw veiligheid, onze belofte en uw succes, het happy end waar we allemaal naar op zoek zijn. Dus kom op, toekomstige helden, de pagina's wachten erop om gevuld te worden en met AL Trader begint uw verhaal pas!<\/span><\/p>\t\t\t\t\t\t\t\t<\/div>\n\t\t\t\t<div class=\"elementor-element elementor-element-773d6cc elementor-widget elementor-widget-spacer\" data-id=\"773d6cc\" data-element_type=\"widget\" data-e-type=\"widget\" data-widget_type=\"spacer.default\">\n\t\t\t\t\t\t\t<div class=\"elementor-spacer\">\n\t\t\t<div class=\"elementor-spacer-inner\"><\/div>\n\t\t<\/div>\n\t\t\t\t\t\t<\/div>\n\t\t\t\t\t<\/div>\n\t\t<\/div>\n\t\t\t\t\t<\/div>\n\t\t<\/section>\n\t\t\t\t<\/div>","protected":false},"excerpt":{"rendered":"<p>AL Trader&#8217;s Magic Library: Where Your Documents Sparkle! Welcome to the most magical part of AL Trader. Our Documents page! Imagine this: a colorful library in a castle, with every book a story about you! But instead of books, we have documents, not just dull old papers. Nope! They&#8217;re adventure scrolls, certificates of bravery, and [&hellip;]<\/p>\n","protected":false},"author":1,"featured_media":0,"parent":0,"menu_order":0,"comment_status":"closed","ping_status":"closed","template":"elementor_header_footer","meta":{"footnotes":""},"class_list":["post-3038","page","type-page","status-publish","hentry"],"_links":{"self":[{"href":"https:\/\/al-trader.org\/nl\/wp-json\/wp\/v2\/pages\/3038","targetHints":{"allow":["GET"]}}],"collection":[{"href":"https:\/\/al-trader.org\/nl\/wp-json\/wp\/v2\/pages"}],"about":[{"href":"https:\/\/al-trader.org\/nl\/wp-json\/wp\/v2\/types\/page"}],"author":[{"embeddable":true,"href":"https:\/\/al-trader.org\/nl\/wp-json\/wp\/v2\/users\/1"}],"replies":[{"embeddable":true,"href":"https:\/\/al-trader.org\/nl\/wp-json\/wp\/v2\/comments?post=3038"}],"version-history":[{"count":0,"href":"https:\/\/al-trader.org\/nl\/wp-json\/wp\/v2\/pages\/3038\/revisions"}],"wp:attachment":[{"href":"https:\/\/al-trader.org\/nl\/wp-json\/wp\/v2\/media?parent=3038"}],"curies":[{"name":"wp","href":"https:\/\/api.w.org\/{rel}","templated":true}]}}