{"id":982,"date":"2023-07-18T13:26:40","date_gmt":"2023-07-18T13:26:40","guid":{"rendered":"https:\/\/al-trader.org\/?page_id=982"},"modified":"2024-12-13T08:03:46","modified_gmt":"2024-12-13T08:03:46","slug":"cambio-valuta","status":"publish","type":"page","link":"https:\/\/al-trader.org\/it\/forex\/","title":{"rendered":"Forex"},"content":{"rendered":"<div data-elementor-type=\"wp-page\" data-elementor-id=\"982\" class=\"elementor elementor-982\" data-elementor-post-type=\"page\">\n\t\t\t\t\t\t<section class=\"elementor-section elementor-top-section elementor-element elementor-element-53d4cc7 elementor-section-boxed elementor-section-height-default elementor-section-height-default\" data-id=\"53d4cc7\" data-element_type=\"section\" data-e-type=\"section\">\n\t\t\t\t\t\t<div class=\"elementor-container elementor-column-gap-default\">\n\t\t\t\t\t<div class=\"elementor-column elementor-col-100 elementor-top-column elementor-element elementor-element-f84cd6b\" data-id=\"f84cd6b\" data-element_type=\"column\" data-e-type=\"column\">\n\t\t\t<div class=\"elementor-widget-wrap elementor-element-populated\">\n\t\t\t\t\t\t<div class=\"elementor-element elementor-element-bd72417 elementor-widget elementor-widget-heading\" data-id=\"bd72417\" data-element_type=\"widget\" data-e-type=\"widget\" data-widget_type=\"heading.default\">\n\t\t\t\t\t<h1 class=\"elementor-heading-title elementor-size-default\">Svela i misteri del trading forex! Scopri cos'\u00e8 il trading forex, come funziona e come i principianti possono immergersi<\/h1>\t\t\t\t<\/div>\n\t\t\t\t<div class=\"elementor-element elementor-element-dbe7ed7 elementor-widget elementor-widget-text-editor\" data-id=\"dbe7ed7\" data-element_type=\"widget\" data-e-type=\"widget\" data-widget_type=\"text-editor.default\">\n\t\t\t\t\t\t\t\t\t<p><span style=\"font-weight: 400;\">Benvenuti nel mondo super eccitante del forex su AL Trader! Vi siete mai chiesti come fare soldi semplicemente scambiando valute, come dollari per euro? Beh, \u00e8 \u200b\u200bproprio questo il forex! \u00c8 come una gigantesca festa di scambio di denaro che si svolge su Internet, e indovinate un po'? Siete invitati!<\/span><\/p>\t\t\t\t\t\t\t\t<\/div>\n\t\t\t\t<div class=\"elementor-element elementor-element-7dcd066 elementor-widget elementor-widget-heading\" data-id=\"7dcd066\" data-element_type=\"widget\" data-e-type=\"widget\" data-widget_type=\"heading.default\">\n\t\t\t\t\t<h2 class=\"elementor-heading-title elementor-size-default\">Di cosa si tratta con il termine \"Forex\"?<\/h2>\t\t\t\t<\/div>\n\t\t\t\t<div class=\"elementor-element elementor-element-f3d18a4 elementor-widget elementor-widget-text-editor\" data-id=\"f3d18a4\" data-element_type=\"widget\" data-e-type=\"widget\" data-widget_type=\"text-editor.default\">\n\t\t\t\t\t\t\t\t\t<p><span style=\"font-weight: 400;\">Quindi, \"forex\" \u00e8 l'abbreviazione di \"cambio valutario\" (\u00e8 pi\u00f9 facile a dirsi, vero?). Immagina di tenere in mano una bacchetta magica che trasforma i tuoi dollari in euro quando la agiti. E se potessi agitarla al momento giusto e ritrovarti con pi\u00f9 soldi di quelli con cui hai iniziato? Questo \u00e8 il forex! Si tratta di sapere quando fare lo swap!<\/span><\/p>\t\t\t\t\t\t\t\t<\/div>\n\t\t\t\t<div class=\"elementor-element elementor-element-65d76f7 elementor-widget elementor-widget-heading\" data-id=\"65d76f7\" data-element_type=\"widget\" data-e-type=\"widget\" data-widget_type=\"heading.default\">\n\t\t\t\t\t<h2 class=\"elementor-heading-title elementor-size-default\">Ma come avviene questa magia?<\/h2>\t\t\t\t<\/div>\n\t\t\t\t<div class=\"elementor-element elementor-element-c499dc3 elementor-widget elementor-widget-text-editor\" data-id=\"c499dc3\" data-element_type=\"widget\" data-e-type=\"widget\" data-widget_type=\"text-editor.default\">\n\t\t\t\t\t\t\t\t\t<ol><li><span style=\"font-weight: 400;\"> \u00c8 tutta una questione di tempismo: il trading sul Forex \u00e8 come un'altalena gigante. A volte, il dollaro sale, l'euro scende e a volte \u00e8 il contrario. Il trucco \u00e8 scambiare i tuoi soldi quando puoi ottenere di pi\u00f9 in cambio!<\/span><\/li><\/ol><p><span style=\"font-weight: 400;\">\u00a0<\/span><\/p><ol start=\"2\"><li><span style=\"font-weight: 400;\"> Festa 24\/7: questa festa dei soldi non si ferma mai! Si svolge tutto il giorno, tutti i giorni. Quindi, puoi unirti al divertimento al mattino o anche nel cuore della notte con il tuo pigiama pi\u00f9 rilassato!<\/span><\/li><\/ol><p><span style=\"font-weight: 400;\">\u00a0<\/span><\/p><ol start=\"3\"><li><span style=\"font-weight: 400;\"> Hai delle scelte: puoi scambiare molte valute, come le monete, in uno scrigno del tesoro. Puoi scegliere le tue preferite!<\/span><\/li><\/ol>\t\t\t\t\t\t\t\t<\/div>\n\t\t\t\t<div class=\"elementor-element elementor-element-838fb5e elementor-widget elementor-widget-heading\" data-id=\"838fb5e\" data-element_type=\"widget\" data-e-type=\"widget\" data-widget_type=\"heading.default\">\n\t\t\t\t\t<h2 class=\"elementor-heading-title elementor-size-default\">Trading sul Forex per principianti: la tua avventura inizia qui!<\/h2>\t\t\t\t<\/div>\n\t\t\t\t<div class=\"elementor-element elementor-element-7020c79 elementor-widget elementor-widget-text-editor\" data-id=\"7020c79\" data-element_type=\"widget\" data-e-type=\"widget\" data-widget_type=\"text-editor.default\">\n\t\t\t\t\t\t\t\t\t<p><span style=\"font-weight: 400;\">Iniziare qualcosa di nuovo pu\u00f2 essere spaventoso, come il primo giorno in una nuova scuola. Ma non preoccuparti, ti copriamo le spalle! Ecco come puoi unirti alla festa del forex:<\/span><\/p><p><span style=\"font-weight: 400;\">\u00a0<\/span><\/p><ol><li><span style=\"font-weight: 400;\"> Impara i passi di danza: prima di iniziare, \u00e8 bene conoscere alcuni passaggi di base. Cos'\u00e8 il trading forex e come funziona? Riguarda tutto l'acquisto e la vendita di valute.<\/span><\/li><\/ol><p><span style=\"font-weight: 400;\">\u00a0<\/span><\/p><ol start=\"2\"><li><span style=\"font-weight: 400;\"> Inizia con la pratica: non devi diventare una star immediatamente. Con AL Trader, puoi esercitarti con denaro finto finch\u00e9 non ti senti un professionista!<\/span><\/li><\/ol><p><span style=\"font-weight: 400;\">\u00a0<\/span><\/p><ol start=\"3\"><li><span style=\"font-weight: 400;\"> I nostri esperti AL Trader sono come insegnanti amichevoli, sempre pronti a rispondere alle tue domande.<\/span><\/li><\/ol><p><span style=\"font-weight: 400;\">\u00a0<\/span><\/p><p><span style=\"font-weight: 400;\">Pronti, via, scaricate!<\/span><\/p><p><span style=\"font-weight: 400;\">\u00a0<\/span><\/p><p><span style=\"font-weight: 400;\">Vuoi avere la festa del forex direttamente nella tua tasca? Con l'app di trading Forex AL Trader, puoi! Ecco perch\u00e9 la nostra app \u00e8 fantastica:<\/span><\/p><p><span style=\"font-weight: 400;\">\u00a0<\/span><\/p><ol><li><span style=\"font-weight: 400;\"> Sempre con te: puoi controllare i tuoi trade mentre mangi un gelato al parco o durante una noiosa pubblicit\u00e0 in TV. In qualsiasi momento, ovunque!<\/span><\/li><\/ol><p><span style=\"font-weight: 400;\">\u00a0<\/span><\/p><ol start=\"2\"><li><span style=\"font-weight: 400;\"> Super facile: la nostra app \u00e8 per bambini e adulti! Pulsanti grandi, istruzioni chiare e niente cose confuse!<\/span><\/li><\/ol><p><span style=\"font-weight: 400;\">\u00a0<\/span><\/p><ol start=\"3\"><li><span style=\"font-weight: 400;\"> Sicuro e protetto: teniamo al sicuro i tuoi soldi e le tue informazioni, come un supereroe a guardia di una citt\u00e0!<\/span><\/li><\/ol>\t\t\t\t\t\t\t\t<\/div>\n\t\t\t\t<div class=\"elementor-element elementor-element-ad2979e elementor-widget elementor-widget-heading\" data-id=\"ad2979e\" data-element_type=\"widget\" data-e-type=\"widget\" data-widget_type=\"heading.default\">\n\t\t\t\t\t<h3 class=\"elementor-heading-title elementor-size-default\">Perch\u00e9 scegliere AL Trader per il Forex?<\/h3>\t\t\t\t<\/div>\n\t\t\t\t<div class=\"elementor-element elementor-element-ba17d7f elementor-widget elementor-widget-text-editor\" data-id=\"ba17d7f\" data-element_type=\"widget\" data-e-type=\"widget\" data-widget_type=\"text-editor.default\">\n\t\t\t\t\t\t\t\t\t<p><span style=\"font-weight: 400;\">\u2013 Conosciamo la nostra materia: siamo come i saggi gufi della foresta del forex. Abbiamo fatto il giro dell'isolato e conosciamo tutti i segreti del mondo del trading!<\/span><\/p><p><span style=\"font-weight: 400;\">\u2013 Amici di cui ti puoi fidare: non siamo solo esperti, ma anche i tuoi amici! Siamo qui per te, per assicurarci che tu ti senta sicuro e felice del tuo trading.<\/span><\/p><p><span style=\"font-weight: 400;\">\u2013 A Clubhouse of Fun: imparare il forex \u00e8 come giocare a un videogioco con noi. Ti divertirai cos\u00ec tanto che non ti accorgerai nemmeno di essere diventato un mago del forex!<\/span><\/p>\t\t\t\t\t\t\t\t<\/div>\n\t\t\t\t<div class=\"elementor-element elementor-element-5e251b6 elementor-widget elementor-widget-heading\" data-id=\"5e251b6\" data-element_type=\"widget\" data-e-type=\"widget\" data-widget_type=\"heading.default\">\n\t\t\t\t\t<h2 class=\"elementor-heading-title elementor-size-default\">Unisciti alla famiglia AL Trader!<\/h2>\t\t\t\t<\/div>\n\t\t\t\t<div class=\"elementor-element elementor-element-d9274f2 elementor-widget elementor-widget-text-editor\" data-id=\"d9274f2\" data-element_type=\"widget\" data-e-type=\"widget\" data-widget_type=\"text-editor.default\">\n\t\t\t\t\t\t\t\t\t<p><span style=\"font-weight: 400;\">Pronti a tuffarvi nel mondo del forex? Non vediamo l'ora di avervi nella nostra famiglia AL Trader! Ricordate, tutti cominciano da qualche parte e noi siamo qui per aiutarvi in \u200b\u200bogni fase del percorso. Quindi, cosa aspettate? Trasformiamo quei dollari in euro, yen o persino sterline! Chiss\u00e0, potreste essere la prossima superstar del Forex!<\/span><\/p>\t\t\t\t\t\t\t\t<\/div>\n\t\t\t\t<div class=\"elementor-element elementor-element-4da0487 elementor-widget elementor-widget-text-editor\" data-id=\"4da0487\" data-element_type=\"widget\" data-e-type=\"widget\" data-widget_type=\"text-editor.default\">\n\t\t\t\t\t\t\t\t\t<p><span style=\"font-weight: 400;\">Ehi, ricorda, il team di AL Trader \u00e8 sempre qui per te.<\/span><\/p>\t\t\t\t\t\t\t\t<\/div>\n\t\t\t\t<section class=\"elementor-section elementor-inner-section elementor-element elementor-element-250ae3f elementor-section-boxed elementor-section-height-default elementor-section-height-default\" data-id=\"250ae3f\" data-element_type=\"section\" data-e-type=\"section\">\n\t\t\t\t\t\t<div class=\"elementor-container elementor-column-gap-default\">\n\t\t\t\t\t<div class=\"elementor-column elementor-col-50 elementor-inner-column elementor-element elementor-element-b83baa3\" data-id=\"b83baa3\" data-element_type=\"column\" data-e-type=\"column\">\n\t\t\t<div class=\"elementor-widget-wrap elementor-element-populated\">\n\t\t\t\t\t\t<div class=\"elementor-element elementor-element-02a5d07 elementor-widget elementor-widget-heading\" data-id=\"02a5d07\" data-element_type=\"widget\" data-e-type=\"widget\" data-widget_type=\"heading.default\">\n\t\t\t\t\t<h2 class=\"elementor-heading-title elementor-size-large\">Scarica l'app su<\/h2>\t\t\t\t<\/div>\n\t\t\t\t\t<\/div>\n\t\t<\/div>\n\t\t\t\t<div class=\"elementor-column elementor-col-50 elementor-inner-column elementor-element elementor-element-b184b74\" data-id=\"b184b74\" data-element_type=\"column\" data-e-type=\"column\">\n\t\t\t<div class=\"elementor-widget-wrap elementor-element-populated\">\n\t\t\t\t\t\t<div class=\"elementor-element elementor-element-b246206 elementor-widget__width-initial elementor-widget-tablet__width-initial elementor-widget-mobile__width-initial elementor-widget elementor-widget-image\" data-id=\"b246206\" data-element_type=\"widget\" data-e-type=\"widget\" data-widget_type=\"image.default\">\n\t\t\t\t\t\t\t\t\t\t\t\t\t\t\t\t<a href=\"https:\/\/al-trader.org\/it\/app-download\/\" target=\"_blank\">\n\t\t\t\t\t\t\t<img decoding=\"async\" width=\"300\" height=\"108\" src=\"https:\/\/al-trader.org\/wp-content\/uploads\/2024\/07\/al-trader-amazon-appstore-300x108.webp\" class=\"attachment-medium size-medium wp-image-4569\" alt=\"Amazon App Storre\" srcset=\"https:\/\/al-trader.org\/wp-content\/uploads\/2024\/07\/al-trader-amazon-appstore-300x108.webp 300w, https:\/\/al-trader.org\/wp-content\/uploads\/2024\/07\/al-trader-amazon-appstore.webp 463w\" sizes=\"(max-width: 300px) 100vw, 300px\" \/>\t\t\t\t\t\t\t\t<\/a>\n\t\t\t\t\t\t\t\t\t\t\t\t\t\t\t<\/div>\n\t\t\t\t\t<\/div>\n\t\t<\/div>\n\t\t\t\t\t<\/div>\n\t\t<\/section>\n\t\t\t\t<section class=\"elementor-section elementor-inner-section elementor-element elementor-element-6de91b0 elementor-section-boxed elementor-section-height-default elementor-section-height-default\" data-id=\"6de91b0\" data-element_type=\"section\" data-e-type=\"section\">\n\t\t\t\t\t\t<div class=\"elementor-container elementor-column-gap-default\">\n\t\t\t\t\t<div class=\"elementor-column elementor-col-100 elementor-inner-column elementor-element elementor-element-1cfd2b1\" data-id=\"1cfd2b1\" data-element_type=\"column\" data-e-type=\"column\">\n\t\t\t<div class=\"elementor-widget-wrap elementor-element-populated\">\n\t\t\t\t\t\t<div class=\"elementor-element elementor-element-23bb5ca elementor-widget elementor-widget-spacer\" data-id=\"23bb5ca\" data-element_type=\"widget\" data-e-type=\"widget\" data-widget_type=\"spacer.default\">\n\t\t\t\t\t\t\t<div class=\"elementor-spacer\">\n\t\t\t<div class=\"elementor-spacer-inner\"><\/div>\n\t\t<\/div>\n\t\t\t\t\t\t<\/div>\n\t\t\t\t\t<\/div>\n\t\t<\/div>\n\t\t\t\t\t<\/div>\n\t\t<\/section>\n\t\t\t\t\t<\/div>\n\t\t<\/div>\n\t\t\t\t\t<\/div>\n\t\t<\/section>\n\t\t\t\t<\/div>","protected":false},"excerpt":{"rendered":"<p>Unravel the mysteries of forex! Explore what forex trading is, how it works, and how beginners can dive in. Welcome to the super exciting world of forex on AL Trader! Have you ever wondered how you could make money by just swapping currencies, like dollars for euros? Well, that&#8217;s what forex is all about! It&#8217;s [&hellip;]<\/p>\n","protected":false},"author":1,"featured_media":0,"parent":0,"menu_order":0,"comment_status":"closed","ping_status":"closed","template":"elementor_header_footer","meta":{"footnotes":""},"class_list":["post-982","page","type-page","status-publish","hentry"],"_links":{"self":[{"href":"https:\/\/al-trader.org\/it\/wp-json\/wp\/v2\/pages\/982","targetHints":{"allow":["GET"]}}],"collection":[{"href":"https:\/\/al-trader.org\/it\/wp-json\/wp\/v2\/pages"}],"about":[{"href":"https:\/\/al-trader.org\/it\/wp-json\/wp\/v2\/types\/page"}],"author":[{"embeddable":true,"href":"https:\/\/al-trader.org\/it\/wp-json\/wp\/v2\/users\/1"}],"replies":[{"embeddable":true,"href":"https:\/\/al-trader.org\/it\/wp-json\/wp\/v2\/comments?post=982"}],"version-history":[{"count":0,"href":"https:\/\/al-trader.org\/it\/wp-json\/wp\/v2\/pages\/982\/revisions"}],"wp:attachment":[{"href":"https:\/\/al-trader.org\/it\/wp-json\/wp\/v2\/media?parent=982"}],"curies":[{"name":"wp","href":"https:\/\/api.w.org\/{rel}","templated":true}]}}