{"id":733,"date":"2023-06-25T11:08:22","date_gmt":"2023-06-25T11:08:22","guid":{"rendered":"https:\/\/al-trader.org\/?page_id=733"},"modified":"2023-10-27T10:48:08","modified_gmt":"2023-10-27T10:48:08","slug":"avviso-di-rischio","status":"publish","type":"page","link":"https:\/\/al-trader.org\/it\/risk-warning\/","title":{"rendered":"AVVERTENZA DI RISCHIO"},"content":{"rendered":"<div data-elementor-type=\"wp-page\" data-elementor-id=\"733\" class=\"elementor elementor-733\" data-elementor-post-type=\"page\">\n\t\t\t\t\t\t<section class=\"elementor-section elementor-top-section elementor-element elementor-element-3677949 elementor-section-boxed elementor-section-height-default elementor-section-height-default\" data-id=\"3677949\" data-element_type=\"section\" data-e-type=\"section\">\n\t\t\t\t\t\t<div class=\"elementor-container elementor-column-gap-default\">\n\t\t\t\t\t<div class=\"elementor-column elementor-col-100 elementor-top-column elementor-element elementor-element-44cc66b\" data-id=\"44cc66b\" data-element_type=\"column\" data-e-type=\"column\">\n\t\t\t<div class=\"elementor-widget-wrap elementor-element-populated\">\n\t\t\t\t\t\t<div class=\"elementor-element elementor-element-85bc9a8 elementor-widget elementor-widget-heading\" data-id=\"85bc9a8\" data-element_type=\"widget\" data-e-type=\"widget\" data-widget_type=\"heading.default\">\n\t\t\t\t\t<h1 class=\"elementor-heading-title elementor-size-default\">AVVERTENZA DI RISCHIO<\/h1>\t\t\t\t<\/div>\n\t\t\t\t\t<\/div>\n\t\t<\/div>\n\t\t\t\t\t<\/div>\n\t\t<\/section>\n\t\t\t\t<section class=\"elementor-section elementor-top-section elementor-element elementor-element-4783c6e elementor-section-boxed elementor-section-height-default elementor-section-height-default\" data-id=\"4783c6e\" data-element_type=\"section\" data-e-type=\"section\">\n\t\t\t\t\t\t<div class=\"elementor-container elementor-column-gap-default\">\n\t\t\t\t\t<div class=\"elementor-column elementor-col-100 elementor-top-column elementor-element elementor-element-99e7959\" data-id=\"99e7959\" data-element_type=\"column\" data-e-type=\"column\">\n\t\t\t<div class=\"elementor-widget-wrap elementor-element-populated\">\n\t\t\t\t\t\t<div class=\"elementor-element elementor-element-65e07ab elementor-widget elementor-widget-text-editor\" data-id=\"65e07ab\" data-element_type=\"widget\" data-e-type=\"widget\" data-widget_type=\"text-editor.default\">\n\t\t\t\t\t\t\t\t\t<p>Il trading di valuta estera a margine comporta un livello di rischio considerevole e potrebbe non essere adatto a tutti gli investitori. L'elevata leva finanziaria pu\u00f2 potenzialmente giocare sia a tuo favore che contro di te. Prima di intraprendere il trading di valuta estera, \u00e8 fondamentale valutare attentamente i tuoi obiettivi di investimento, il livello di esperienza e la tolleranza al rischio.<\/p><p>Esiste la possibilit\u00e0 di subire una perdita parziale o totale del tuo investimento iniziale, sottolineando cos\u00ec l'importanza di investire solo fondi che puoi permetterti di perdere. Essere consapevoli di tutti i rischi intrinseci legati al trading di valuta estera \u00e8 fondamentale ed \u00e8 consigliabile chiedere consiglio a un consulente finanziario indipendente in caso di incertezze.<\/p><p>L'attivit\u00e0 di trading di valuta estera comporta rischi significativi, che comprendono, tra gli altri fattori, volatilit\u00e0 del mercato, eventi geopolitici, aspetti economici e normative finanziarie. Le performance passate di qualsiasi strategia o metodologia di trading non garantiscono risultati futuri.<\/p><p>\u00c8 essenziale comprendere che il trading forex potrebbe non essere adatto a tutti gli individui e comprendere i rischi associati \u00e8 fondamentale prima di procedere. Il potenziale di subire perdite sostanziali che superano l'investimento iniziale \u00e8 una possibilit\u00e0 reale. Prima di partecipare a qualsiasi attivit\u00e0 di trading forex, \u00e8 fondamentale valutare con cautela la propria situazione finanziaria e il livello di competenza.<\/p><p>Le informazioni presentate su questa piattaforma non devono essere interpretate come consulenza finanziaria e non ci si deve basare su di esse. Il contenuto serve esclusivamente a scopi informativi generali e non soddisfa le tue circostanze finanziarie individuali, aspirazioni o esigenze.<\/p><p>Si consiglia di richiedere una consulenza finanziaria indipendente prima di prendere qualsiasi decisione di investimento. Qualsiasi punto di vista, notizia, ricerca, analisi, prezzo o altra informazione fornita su questa piattaforma deve essere considerata come commento generale di mercato e non deve essere interpretata come consulenza di investimento.<\/p><p>In conclusione, il trading sul forex comporta rischi significativi e potrebbe non essere in linea con le preferenze di ogni individuo. \u00c8 fondamentale acquisire una comprensione completa dei rischi intrinseci coinvolti e, se necessario, cercare una guida professionale prima di intraprendere qualsiasi attivit\u00e0 di trading sul forex.<\/p>\t\t\t\t\t\t\t\t<\/div>\n\t\t\t\t\t<\/div>\n\t\t<\/div>\n\t\t\t\t\t<\/div>\n\t\t<\/section>\n\t\t\t\t<\/div>","protected":false},"excerpt":{"rendered":"<p>RISK WARNING Trading foreign exchange on margin entails a considerable level of risk and might not be suitable for all investors. The elevated leverage can potentially work both in your favor and against you. Prior to embarking on foreign exchange trading, it is crucial to thoroughly evaluate your investment objectives, experience level, and risk tolerance. [&hellip;]<\/p>\n","protected":false},"author":1,"featured_media":0,"parent":0,"menu_order":0,"comment_status":"closed","ping_status":"closed","template":"elementor_header_footer","meta":{"footnotes":""},"class_list":["post-733","page","type-page","status-publish","hentry"],"_links":{"self":[{"href":"https:\/\/al-trader.org\/it\/wp-json\/wp\/v2\/pages\/733","targetHints":{"allow":["GET"]}}],"collection":[{"href":"https:\/\/al-trader.org\/it\/wp-json\/wp\/v2\/pages"}],"about":[{"href":"https:\/\/al-trader.org\/it\/wp-json\/wp\/v2\/types\/page"}],"author":[{"embeddable":true,"href":"https:\/\/al-trader.org\/it\/wp-json\/wp\/v2\/users\/1"}],"replies":[{"embeddable":true,"href":"https:\/\/al-trader.org\/it\/wp-json\/wp\/v2\/comments?post=733"}],"version-history":[{"count":0,"href":"https:\/\/al-trader.org\/it\/wp-json\/wp\/v2\/pages\/733\/revisions"}],"wp:attachment":[{"href":"https:\/\/al-trader.org\/it\/wp-json\/wp\/v2\/media?parent=733"}],"curies":[{"name":"wp","href":"https:\/\/api.w.org\/{rel}","templated":true}]}}