{"id":3038,"date":"2023-10-24T08:40:15","date_gmt":"2023-10-24T08:40:15","guid":{"rendered":"https:\/\/al-trader.org\/?page_id=3038"},"modified":"2023-10-30T11:31:03","modified_gmt":"2023-10-30T11:31:03","slug":"documenti","status":"publish","type":"page","link":"https:\/\/al-trader.org\/it\/documents\/","title":{"rendered":"Documenti"},"content":{"rendered":"<div data-elementor-type=\"wp-page\" data-elementor-id=\"3038\" class=\"elementor elementor-3038\" data-elementor-post-type=\"page\">\n\t\t\t\t\t\t<section class=\"elementor-section elementor-top-section elementor-element elementor-element-a34f73c elementor-section-boxed elementor-section-height-default elementor-section-height-default\" data-id=\"a34f73c\" data-element_type=\"section\" data-e-type=\"section\">\n\t\t\t\t\t\t<div class=\"elementor-container elementor-column-gap-default\">\n\t\t\t\t\t<div class=\"elementor-column elementor-col-100 elementor-top-column elementor-element elementor-element-48d7b82\" data-id=\"48d7b82\" data-element_type=\"column\" data-e-type=\"column\">\n\t\t\t<div class=\"elementor-widget-wrap elementor-element-populated\">\n\t\t\t\t\t\t<div class=\"elementor-element elementor-element-dc9864c elementor-widget elementor-widget-spacer\" data-id=\"dc9864c\" data-element_type=\"widget\" data-e-type=\"widget\" data-widget_type=\"spacer.default\">\n\t\t\t\t\t\t\t<div class=\"elementor-spacer\">\n\t\t\t<div class=\"elementor-spacer-inner\"><\/div>\n\t\t<\/div>\n\t\t\t\t\t\t<\/div>\n\t\t\t\t<div class=\"elementor-element elementor-element-50f0593 elementor-widget elementor-widget-heading\" data-id=\"50f0593\" data-element_type=\"widget\" data-e-type=\"widget\" data-widget_type=\"heading.default\">\n\t\t\t\t\t<h1 class=\"elementor-heading-title elementor-size-xl\">AL Trader's Magic Library: dove i tuoi documenti brillano!<\/h1>\t\t\t\t<\/div>\n\t\t\t\t<div class=\"elementor-element elementor-element-e403a27 elementor-widget elementor-widget-text-editor\" data-id=\"e403a27\" data-element_type=\"widget\" data-e-type=\"widget\" data-widget_type=\"text-editor.default\">\n\t\t\t\t\t\t\t\t\t<p><span style=\"font-weight: 400;\">Benvenuti nella parte pi\u00f9 magica di AL Trader. La nostra pagina Documenti! Immaginate questo: una biblioteca colorata in un castello, con ogni libro una storia su di voi! Ma al posto dei libri, abbiamo documenti, non solo vecchie carte noiose. No! Sono pergamene di avventure, certificati di coraggio e mappe per il vostro tesoro! Pronti ad aprire il libro magico? Abracadabra, andiamo<\/span><\/p>\t\t\t\t\t\t\t\t<\/div>\n\t\t\t\t<div class=\"elementor-element elementor-element-659b964 elementor-widget elementor-widget-heading\" data-id=\"659b964\" data-element_type=\"widget\" data-e-type=\"widget\" data-widget_type=\"heading.default\">\n\t\t\t\t\t<h2 class=\"elementor-heading-title elementor-size-large\">La magia dei documenti di AL Trader: trasforma i documenti in avventure!<\/h2>\t\t\t\t<\/div>\n\t\t\t\t<div class=\"elementor-element elementor-element-91972d0 elementor-widget elementor-widget-text-editor\" data-id=\"91972d0\" data-element_type=\"widget\" data-e-type=\"widget\" data-widget_type=\"text-editor.default\">\n\t\t\t\t\t\t\t\t\t<p><span style=\"font-weight: 400;\">La nostra biblioteca AL Trader \u00e8 un posto speciale dove ogni articolo racconta una storia!<\/span><\/p><p><span style=\"font-weight: 400;\">\u00a0<\/span><b>Pergamene magiche:<\/b><span style=\"font-weight: 400;\"> Si tratta di moduli da compilare, ma considerali come pergamene contenenti incantesimi che sbloccano nuovi livelli nel tuo gioco di trading!<\/span><\/p><p><span style=\"font-weight: 400;\">\u00a0<\/span><b>Mappe del tesoro:<\/b><span style=\"font-weight: 400;\"> Alcuni documenti ti guidano, come mappe di tesori nascosti, mostrandoti le gemme scintillanti del commercio.<\/span><\/p><p><span style=\"font-weight: 400;\">\u00a0<\/span><b>Certificati degli eroi:<\/b><span style=\"font-weight: 400;\"> Quando realizziamo qualcosa di grande, lo festeggiamo con documenti che sembrano certificati provenienti da un regno lontano!<\/span><\/p>\t\t\t\t\t\t\t\t<\/div>\n\t\t\t\t<div class=\"elementor-element elementor-element-a4f35f3 elementor-widget elementor-widget-heading\" data-id=\"a4f35f3\" data-element_type=\"widget\" data-e-type=\"widget\" data-widget_type=\"heading.default\">\n\t\t\t\t\t<h2 class=\"elementor-heading-title elementor-size-large\">La promessa di AL Trader: il tuo custode segreto<\/h2>\t\t\t\t<\/div>\n\t\t\t\t<div class=\"elementor-element elementor-element-139d2e0 elementor-widget elementor-widget-text-editor\" data-id=\"139d2e0\" data-element_type=\"widget\" data-e-type=\"widget\" data-widget_type=\"text-editor.default\">\n\t\t\t\t\t\t\t\t\t<p><span style=\"font-weight: 400;\">Siamo come i saggi maghi della biblioteca, che si assicurano che i tuoi segreti e le tue pergamene siano al sicuro.<\/span><\/p><p><span style=\"font-weight: 400;\">\u00a0<\/span><b>Protezione magica:<\/b><span style=\"font-weight: 400;\"> Utilizziamo scudi magici (ok, sono solo strumenti di sicurezza di alto livello) per proteggere i tuoi documenti come gioielli preziosi nella caverna di un drago.<\/span><\/p><p><span style=\"font-weight: 400;\">\u00a0<\/span><b>Muri sussurranti:<\/b><span style=\"font-weight: 400;\"> Il nostro team \u00e8 come una stanza che sussurra consigli e risposte, sempre disponibile se hai bisogno di aiuto nella lettura dei testi antichi (o semplicemente nella compilazione di moduli).<\/span><\/p><p><span style=\"font-weight: 400;\">\u00a0<\/span><b>Regole reali:<\/b><span style=\"font-weight: 400;\"> Seguiamo le leggi del regno (regolamenti nel nostro mondo) per garantire che tutto sia giusto e corretto<\/span><\/p>\t\t\t\t\t\t\t\t<\/div>\n\t\t\t\t<div class=\"elementor-element elementor-element-25dbca3 elementor-widget elementor-widget-heading\" data-id=\"25dbca3\" data-element_type=\"widget\" data-e-type=\"widget\" data-widget_type=\"heading.default\">\n\t\t\t\t\t<h2 class=\"elementor-heading-title elementor-size-large\">Il tuo libro magico: creare la tua storia<\/h2>\t\t\t\t<\/div>\n\t\t\t\t<div class=\"elementor-element elementor-element-9a224fa elementor-widget elementor-widget-text-editor\" data-id=\"9a224fa\" data-element_type=\"widget\" data-e-type=\"widget\" data-widget_type=\"text-editor.default\">\n\t\t\t\t\t\t\t\t\t<p><span style=\"font-weight: 400;\">Ogni eroe ha una storia; su AL Trader, i tuoi documenti sono capitoli della tua epopea!<\/span><\/p><ol><li><span style=\"font-weight: 400;\">\u00a0<\/span>Firma la tua pergamena: \u00e8 solo un modo elegante per dire \"<a href=\"https:\/\/al-trader.org\/it\/\">crea il tuo account<\/a>,\u201d ma \u00e8 il primo passo della tua ricerca!<\/li><li><span style=\"font-weight: 400;\"> Elenco delle pozioni: sono i dettagli che condividi, come l'elenco degli ingredienti magici che rendono unica la tua pozione di scambio.<\/span><\/li><li><span style=\"font-weight: 400;\"> Marchio dell'eroe: quando dimostri la tua identit\u00e0, \u00e8 come ricevere il marchio di un eroe, dimostrando a tutti che sei un vero eroe!<\/span><\/li><\/ol>\t\t\t\t\t\t\t\t<\/div>\n\t\t\t\t<div class=\"elementor-element elementor-element-fee4ca8 elementor-widget elementor-widget-heading\" data-id=\"fee4ca8\" data-element_type=\"widget\" data-e-type=\"widget\" data-widget_type=\"heading.default\">\n\t\t\t\t\t<h2 class=\"elementor-heading-title elementor-size-large\">Incantesimi di sicurezza: come mantenere al sicuro le tue pergamene<\/h2>\t\t\t\t<\/div>\n\t\t\t\t<div class=\"elementor-element elementor-element-c8aec44 elementor-widget elementor-widget-text-editor\" data-id=\"c8aec44\" data-element_type=\"widget\" data-e-type=\"widget\" data-widget_type=\"text-editor.default\">\n\t\t\t\t\t\t\t\t\t<p><span style=\"font-weight: 400;\">Ti preoccupano i goblin dei documenti? Niente paura! I nostri incantesimi di sicurezza li tengono lontani!<\/span><\/p><p><span style=\"font-weight: 400;\">\u00a0<\/span><b>Barriere magiche:<\/b><span style=\"font-weight: 400;\"> Proteggiamo i tuoi documenti con i migliori incantesimi (ok, \u00e8 crittografia, ma \"incantesimi\" suona meglio!).<\/span><\/p><p><span style=\"font-weight: 400;\">\u00a0<\/span><b>Amuleti dell'onest\u00e0:<\/b><span style=\"font-weight: 400;\"> Ti diciamo sempre la verit\u00e0 perch\u00e9 l'onest\u00e0 \u00e8 la magia pi\u00f9 potente.<\/span><\/p><p><span style=\"font-weight: 400;\">\u00a0<\/span><b>Guida del Regno:<\/b><span style=\"font-weight: 400;\"> Facciamo tutto secondo le regole del luogo, rispettando le regole del luogo per proteggere te e le tue pergamene.<\/span><\/p>\t\t\t\t\t\t\t\t<\/div>\n\t\t\t\t<div class=\"elementor-element elementor-element-5e7d88a elementor-widget elementor-widget-heading\" data-id=\"5e7d88a\" data-element_type=\"widget\" data-e-type=\"widget\" data-widget_type=\"heading.default\">\n\t\t\t\t\t<h2 class=\"elementor-heading-title elementor-size-large\">Hai bisogno di aiuto in biblioteca? Chiedi ai maghi!<\/h2>\t\t\t\t<\/div>\n\t\t\t\t<div class=\"elementor-element elementor-element-0522f37 elementor-widget elementor-widget-text-editor\" data-id=\"0522f37\" data-element_type=\"widget\" data-e-type=\"widget\" data-widget_type=\"text-editor.default\">\n\t\t\t\t\t\t\t\t\t<p><span style=\"font-weight: 400;\">I nostri maghi AL Trader (potresti chiamarli \"supporto\") sono qui per guidarti attraverso i misteri della biblioteca.<\/span><\/p><p><span style=\"font-weight: 400;\">\u00a0<\/span><b>Messaggi del gufo:<\/b><span style=\"font-weight: 400;\"> Inviaci un messaggio e ti aiuteremo pi\u00f9 velocemente di un gufo con una lettera!<\/span><\/p><p><span style=\"font-weight: 400;\">\u00a0<\/span><b>Sfera di cristallo:<\/b><span style=\"font-weight: 400;\"> Se hai domande, le nostre FAQ scrutano il futuro per darti le risposte.<\/span><\/p><p><span style=\"font-weight: 400;\">\u00a0<\/span><b>Libro della Sapienza:<\/b><span style=\"font-weight: 400;\"> Le nostre guide e i nostri tutorial sono come libri antichi pieni di saggezza e suggerimenti.<\/span><\/p>\t\t\t\t\t\t\t\t<\/div>\n\t\t\t\t<div class=\"elementor-element elementor-element-b880d00 elementor-widget elementor-widget-heading\" data-id=\"b880d00\" data-element_type=\"widget\" data-e-type=\"widget\" data-widget_type=\"heading.default\">\n\t\t\t\t\t<h2 class=\"elementor-heading-title elementor-size-large\">Pronto a iniziare la tua storia? Unisciti alla Magic Library di AL Trader!<\/h2>\t\t\t\t<\/div>\n\t\t\t\t<div class=\"elementor-element elementor-element-5160fa6 elementor-widget elementor-widget-text-editor\" data-id=\"5160fa6\" data-element_type=\"widget\" data-e-type=\"widget\" data-widget_type=\"text-editor.default\">\n\t\t\t\t\t\t\t\t\t<p><span style=\"font-weight: 400;\">Allora, sei pronto a scrivere il tuo racconto epico? Con AL Trader, ogni documento \u00e8 una pagina del viaggio del tuo eroe. Ricorda, nella libreria di AL Trader, sei l'eroe, l'autore e l'avventuriero, tutto in uno! Quindi, prendi la tua penna, fai appello al tuo coraggio ed entra in un mondo in cui magia, commercio e storie si fondono in un'unica grande avventura!<\/span><\/p><p><span style=\"font-weight: 400;\">Unirsi ad AL Trader non significa solo fare trading; significa intraprendere un'avventura in cui ogni documento racconta una storia, ogni clic \u00e8 un incantesimo e ogni trade \u00e8 una ricerca. Il tuo account \u00e8 il tuo libro di fiabe, la tua sicurezza, la nostra promessa e il tuo successo, il lieto fine che tutti cerchiamo. Quindi, forza, futuri eroi, le pagine aspettano di essere riempite e con AL Trader, la tua storia \u00e8 appena iniziata!<\/span><\/p>\t\t\t\t\t\t\t\t<\/div>\n\t\t\t\t<div class=\"elementor-element elementor-element-773d6cc elementor-widget elementor-widget-spacer\" data-id=\"773d6cc\" data-element_type=\"widget\" data-e-type=\"widget\" data-widget_type=\"spacer.default\">\n\t\t\t\t\t\t\t<div class=\"elementor-spacer\">\n\t\t\t<div class=\"elementor-spacer-inner\"><\/div>\n\t\t<\/div>\n\t\t\t\t\t\t<\/div>\n\t\t\t\t\t<\/div>\n\t\t<\/div>\n\t\t\t\t\t<\/div>\n\t\t<\/section>\n\t\t\t\t<\/div>","protected":false},"excerpt":{"rendered":"<p>AL Trader&#8217;s Magic Library: Where Your Documents Sparkle! Welcome to the most magical part of AL Trader. Our Documents page! Imagine this: a colorful library in a castle, with every book a story about you! But instead of books, we have documents, not just dull old papers. Nope! They&#8217;re adventure scrolls, certificates of bravery, and [&hellip;]<\/p>\n","protected":false},"author":1,"featured_media":0,"parent":0,"menu_order":0,"comment_status":"closed","ping_status":"closed","template":"elementor_header_footer","meta":{"footnotes":""},"class_list":["post-3038","page","type-page","status-publish","hentry"],"_links":{"self":[{"href":"https:\/\/al-trader.org\/it\/wp-json\/wp\/v2\/pages\/3038","targetHints":{"allow":["GET"]}}],"collection":[{"href":"https:\/\/al-trader.org\/it\/wp-json\/wp\/v2\/pages"}],"about":[{"href":"https:\/\/al-trader.org\/it\/wp-json\/wp\/v2\/types\/page"}],"author":[{"embeddable":true,"href":"https:\/\/al-trader.org\/it\/wp-json\/wp\/v2\/users\/1"}],"replies":[{"embeddable":true,"href":"https:\/\/al-trader.org\/it\/wp-json\/wp\/v2\/comments?post=3038"}],"version-history":[{"count":0,"href":"https:\/\/al-trader.org\/it\/wp-json\/wp\/v2\/pages\/3038\/revisions"}],"wp:attachment":[{"href":"https:\/\/al-trader.org\/it\/wp-json\/wp\/v2\/media?parent=3038"}],"curies":[{"name":"wp","href":"https:\/\/api.w.org\/{rel}","templated":true}]}}