{"id":3010,"date":"2023-10-24T08:11:05","date_gmt":"2023-10-24T08:11:05","guid":{"rendered":"https:\/\/al-trader.org\/?page_id=3010"},"modified":"2023-10-31T05:20:05","modified_gmt":"2023-10-31T05:20:05","slug":"gruppo-al-trader","status":"publish","type":"page","link":"https:\/\/al-trader.org\/it\/al-trader-group\/","title":{"rendered":"Gruppo Al-Trader"},"content":{"rendered":"<div data-elementor-type=\"wp-page\" data-elementor-id=\"3010\" class=\"elementor elementor-3010\" data-elementor-post-type=\"page\">\n\t\t\t\t\t\t<section class=\"elementor-section elementor-top-section elementor-element elementor-element-d0cdb8f elementor-section-boxed elementor-section-height-default elementor-section-height-default\" data-id=\"d0cdb8f\" data-element_type=\"section\" data-e-type=\"section\">\n\t\t\t\t\t\t<div class=\"elementor-container elementor-column-gap-default\">\n\t\t\t\t\t<div class=\"elementor-column elementor-col-100 elementor-top-column elementor-element elementor-element-46635fa\" data-id=\"46635fa\" data-element_type=\"column\" data-e-type=\"column\">\n\t\t\t<div class=\"elementor-widget-wrap elementor-element-populated\">\n\t\t\t\t\t\t<div class=\"elementor-element elementor-element-f41fc8f elementor-widget elementor-widget-spacer\" data-id=\"f41fc8f\" data-element_type=\"widget\" data-e-type=\"widget\" data-widget_type=\"spacer.default\">\n\t\t\t\t\t\t\t<div class=\"elementor-spacer\">\n\t\t\t<div class=\"elementor-spacer-inner\"><\/div>\n\t\t<\/div>\n\t\t\t\t\t\t<\/div>\n\t\t\t\t<div class=\"elementor-element elementor-element-a679930 elementor-widget__width-initial elementor-widget elementor-widget-heading\" data-id=\"a679930\" data-element_type=\"widget\" data-e-type=\"widget\" data-widget_type=\"heading.default\">\n\t\t\t\t\t<h1 class=\"elementor-heading-title elementor-size-large\">AL Trader Group: il tuo nuovo gruppo di amici!<\/h1>\t\t\t\t<\/div>\n\t\t\t\t<div class=\"elementor-element elementor-element-380dc63 elementor-widget elementor-widget-text-editor\" data-id=\"380dc63\" data-element_type=\"widget\" data-e-type=\"widget\" data-widget_type=\"text-editor.default\">\n\t\t\t\t\t\t\t\t\t<p><span style=\"font-weight: 400;\">Immagina di avere un gruppo di amici in cui tutti possono giocare, imparare e condividere cose fantastiche. \u00c8 esattamente cos\u00ec che funziona <a href=\"https:\/\/al-trader.org\/it\/come-funziona\/\">Gruppo AL Trader<\/a>! Non si tratta solo di<a href=\"https:\/\/al-trader.org\/it\/mercata\/\"> commercio<\/a>; si tratta di far parte di un super duper club. Pronti a tuffarvi e scoprire di pi\u00f9? Cominciamo subito!<\/span><\/p>\t\t\t\t\t\t\t\t<\/div>\n\t\t\t\t\t<\/div>\n\t\t<\/div>\n\t\t\t\t\t<\/div>\n\t\t<\/section>\n\t\t\t\t<section class=\"elementor-section elementor-top-section elementor-element elementor-element-82b9007 elementor-section-boxed elementor-section-height-default elementor-section-height-default\" data-id=\"82b9007\" data-element_type=\"section\" data-e-type=\"section\">\n\t\t\t\t\t\t<div class=\"elementor-container elementor-column-gap-default\">\n\t\t\t\t\t<div class=\"elementor-column elementor-col-100 elementor-top-column elementor-element elementor-element-2ec9662\" data-id=\"2ec9662\" data-element_type=\"column\" data-e-type=\"column\">\n\t\t\t<div class=\"elementor-widget-wrap elementor-element-populated\">\n\t\t\t\t\t\t<section class=\"elementor-section elementor-inner-section elementor-element elementor-element-aed7a47 elementor-section-boxed elementor-section-height-default elementor-section-height-default\" data-id=\"aed7a47\" data-element_type=\"section\" data-e-type=\"section\">\n\t\t\t\t\t\t<div class=\"elementor-container elementor-column-gap-default\">\n\t\t\t\t\t<div class=\"elementor-column elementor-col-50 elementor-inner-column elementor-element elementor-element-9a460cb\" data-id=\"9a460cb\" data-element_type=\"column\" data-e-type=\"column\">\n\t\t\t<div class=\"elementor-widget-wrap elementor-element-populated\">\n\t\t\t\t\t\t<div class=\"elementor-element elementor-element-a99018c elementor-widget elementor-widget-heading\" data-id=\"a99018c\" data-element_type=\"widget\" data-e-type=\"widget\" data-widget_type=\"heading.default\">\n\t\t\t\t\t<h2 class=\"elementor-heading-title elementor-size-large\">AL Trader: molto pi\u00f9 di un semplice trading.<\/h2>\t\t\t\t<\/div>\n\t\t\t\t<div class=\"elementor-element elementor-element-a73683a elementor-widget elementor-widget-text-editor\" data-id=\"a73683a\" data-element_type=\"widget\" data-e-type=\"widget\" data-widget_type=\"text-editor.default\">\n\t\t\t\t\t\t\t\t\t<p><span style=\"font-weight: 400;\">Unirsi ad AL Trader \u00e8 come entrare in un enorme parco giochi in cui tutti condividono, si preoccupano e giocano lealmente.<\/span><\/p>\t\t\t\t\t\t\t\t<\/div>\n\t\t\t\t<div class=\"elementor-element elementor-element-806bdce elementor-icon-list--layout-traditional elementor-list-item-link-full_width elementor-widget elementor-widget-icon-list\" data-id=\"806bdce\" data-element_type=\"widget\" data-e-type=\"widget\" data-widget_type=\"icon-list.default\">\n\t\t\t\t\t\t\t<ul class=\"elementor-icon-list-items\">\n\t\t\t\t\t\t\t<li class=\"elementor-icon-list-item\">\n\t\t\t\t\t\t\t\t\t\t\t<span class=\"elementor-icon-list-icon\">\n\t\t\t\t\t\t\t<i aria-hidden=\"true\" class=\"icon icon-right-arrow\"><\/i>\t\t\t\t\t\t<\/span>\n\t\t\t\t\t\t\t\t\t\t<span class=\"elementor-icon-list-text\"><b>Strumenti semplicissimi:<\/b> Il nostro sito web \u00e8 come una scatola di giocattoli piena di tutti i gadget divertenti di cui hai bisogno per iniziare a fare trading.<\/span>\n\t\t\t\t\t\t\t\t\t<\/li>\n\t\t\t\t\t\t\t\t<li class=\"elementor-icon-list-item\">\n\t\t\t\t\t\t\t\t\t\t\t<span class=\"elementor-icon-list-icon\">\n\t\t\t\t\t\t\t<i aria-hidden=\"true\" class=\"icon icon-right-arrow\"><\/i>\t\t\t\t\t\t<\/span>\n\t\t\t\t\t\t\t\t\t\t<span class=\"elementor-icon-list-text\"><b>Imparare pu\u00f2 essere divertente:<\/b> Sei nuovo qui? Nessun problema! Abbiamo una fantastica zona di apprendimento, come una casa sull'albero, dove puoi imparare nuovi trucchi.<\/span>\n\t\t\t\t\t\t\t\t\t<\/li>\n\t\t\t\t\t\t\t\t<li class=\"elementor-icon-list-item\">\n\t\t\t\t\t\t\t\t\t\t\t<span class=\"elementor-icon-list-icon\">\n\t\t\t\t\t\t\t<i aria-hidden=\"true\" class=\"icon icon-right-arrow\"><\/i>\t\t\t\t\t\t<\/span>\n\t\t\t\t\t\t\t\t\t\t<span class=\"elementor-icon-list-text\"><b>Amici ovunque:<\/b> Amici da tutte le parti: incontra tantissimi nuovi amici che sono entusiasti del trading tanto quanto te!<\/span>\n\t\t\t\t\t\t\t\t\t<\/li>\n\t\t\t\t\t\t<\/ul>\n\t\t\t\t\t\t<\/div>\n\t\t\t\t\t<\/div>\n\t\t<\/div>\n\t\t\t\t<div class=\"elementor-column elementor-col-50 elementor-inner-column elementor-element elementor-element-096e131\" data-id=\"096e131\" data-element_type=\"column\" data-e-type=\"column\">\n\t\t\t<div class=\"elementor-widget-wrap elementor-element-populated\">\n\t\t\t\t\t\t<div class=\"elementor-element elementor-element-eab07c1 elementor-widget elementor-widget-image\" data-id=\"eab07c1\" data-element_type=\"widget\" data-e-type=\"widget\" data-widget_type=\"image.default\">\n\t\t\t\t\t\t\t\t\t\t\t\t\t\t\t<img fetchpriority=\"high\" decoding=\"async\" width=\"300\" height=\"300\" src=\"https:\/\/al-trader.org\/wp-content\/uploads\/2023\/10\/al-trader-team-300x300.webp\" class=\"attachment-medium size-medium wp-image-3013\" alt=\"al-trader group img\" srcset=\"https:\/\/al-trader.org\/wp-content\/uploads\/2023\/10\/al-trader-team-300x300.webp 300w, https:\/\/al-trader.org\/wp-content\/uploads\/2023\/10\/al-trader-team-1024x1024.webp 1024w, https:\/\/al-trader.org\/wp-content\/uploads\/2023\/10\/al-trader-team-150x150.webp 150w, https:\/\/al-trader.org\/wp-content\/uploads\/2023\/10\/al-trader-team-768x768.webp 768w, https:\/\/al-trader.org\/wp-content\/uploads\/2023\/10\/al-trader-team.webp 1280w\" sizes=\"(max-width: 300px) 100vw, 300px\" \/>\t\t\t\t\t\t\t\t\t\t\t\t\t\t\t<\/div>\n\t\t\t\t\t<\/div>\n\t\t<\/div>\n\t\t\t\t\t<\/div>\n\t\t<\/section>\n\t\t\t\t<section class=\"elementor-section elementor-inner-section elementor-element elementor-element-e063f9a elementor-section-boxed elementor-section-height-default elementor-section-height-default\" data-id=\"e063f9a\" data-element_type=\"section\" data-e-type=\"section\">\n\t\t\t\t\t\t<div class=\"elementor-container elementor-column-gap-default\">\n\t\t\t\t\t<div class=\"elementor-column elementor-col-50 elementor-inner-column elementor-element elementor-element-877a492\" data-id=\"877a492\" data-element_type=\"column\" data-e-type=\"column\">\n\t\t\t<div class=\"elementor-widget-wrap elementor-element-populated\">\n\t\t\t\t\t\t<div class=\"elementor-element elementor-element-cd1871a elementor-widget elementor-widget-image\" data-id=\"cd1871a\" data-element_type=\"widget\" data-e-type=\"widget\" data-widget_type=\"image.default\">\n\t\t\t\t\t\t\t\t\t\t\t\t\t\t\t<img decoding=\"async\" src=\"http:\/\/al-trader.org\/wp-content\/uploads\/2023\/10\/al-trader-team01.webp\" title=\"\" alt=\"gruppo al-trader\" loading=\"lazy\" \/>\t\t\t\t\t\t\t\t\t\t\t\t\t\t\t<\/div>\n\t\t\t\t\t<\/div>\n\t\t<\/div>\n\t\t\t\t<div class=\"elementor-column elementor-col-50 elementor-inner-column elementor-element elementor-element-4e37e04\" data-id=\"4e37e04\" data-element_type=\"column\" data-e-type=\"column\">\n\t\t\t<div class=\"elementor-widget-wrap elementor-element-populated\">\n\t\t\t\t\t\t<div class=\"elementor-element elementor-element-41d0b7d elementor-widget elementor-widget-heading\" data-id=\"41d0b7d\" data-element_type=\"widget\" data-e-type=\"widget\" data-widget_type=\"heading.default\">\n\t\t\t\t\t<h2 class=\"elementor-heading-title elementor-size-large\">La nostra promessa: siamo qui per te!<\/h2>\t\t\t\t<\/div>\n\t\t\t\t<div class=\"elementor-element elementor-element-8822110 elementor-widget elementor-widget-text-editor\" data-id=\"8822110\" data-element_type=\"widget\" data-e-type=\"widget\" data-widget_type=\"text-editor.default\">\n\t\t\t\t\t\t\t\t\t<p><span style=\"font-weight: 400;\">Noi di AL Trader non siamo solo amici; siamo come i tuoi migliori amici che sono sempre l\u00ec per te.<\/span><\/p>\t\t\t\t\t\t\t\t<\/div>\n\t\t\t\t<div class=\"elementor-element elementor-element-98973aa elementor-icon-list--layout-traditional elementor-list-item-link-full_width elementor-widget elementor-widget-icon-list\" data-id=\"98973aa\" data-element_type=\"widget\" data-e-type=\"widget\" data-widget_type=\"icon-list.default\">\n\t\t\t\t\t\t\t<ul class=\"elementor-icon-list-items\">\n\t\t\t\t\t\t\t<li class=\"elementor-icon-list-item\">\n\t\t\t\t\t\t\t\t\t\t\t<span class=\"elementor-icon-list-icon\">\n\t\t\t\t\t\t\t<i aria-hidden=\"true\" class=\"icon icon-right-arrow\"><\/i>\t\t\t\t\t\t<\/span>\n\t\t\t\t\t\t\t\t\t\t<span class=\"elementor-icon-list-text\"><b>Notizie come un fulmine:<\/b> Inviamo informazioni e suggerimenti velocemente, come auto da corsa che sfrecciano sulla pista.<\/span>\n\t\t\t\t\t\t\t\t\t<\/li>\n\t\t\t\t\t\t\t\t<li class=\"elementor-icon-list-item\">\n\t\t\t\t\t\t\t\t\t\t\t<span class=\"elementor-icon-list-icon\">\n\t\t\t\t\t\t\t<i aria-hidden=\"true\" class=\"icon icon-right-arrow\"><\/i>\t\t\t\t\t\t<\/span>\n\t\t\t\t\t\t\t\t\t\t<span class=\"elementor-icon-list-text\"><b>Hai bisogno di aiuto?<\/b> Alza la mano! Il nostro team di supporto \u00e8 pronto a rispondere a qualsiasi domanda in qualsiasi momento<\/span>\n\t\t\t\t\t\t\t\t\t<\/li>\n\t\t\t\t\t\t\t\t<li class=\"elementor-icon-list-item\">\n\t\t\t\t\t\t\t\t\t\t\t<span class=\"elementor-icon-list-icon\">\n\t\t\t\t\t\t\t<i aria-hidden=\"true\" class=\"icon icon-right-arrow\"><\/i>\t\t\t\t\t\t<\/span>\n\t\t\t\t\t\t\t\t\t\t<span class=\"elementor-icon-list-text\"><b>La sicurezza prima di tutto;<\/b> Proteggiamo il tuo account come un castello, tenendo tutto al sicuro.<\/span>\n\t\t\t\t\t\t\t\t\t<\/li>\n\t\t\t\t\t\t<\/ul>\n\t\t\t\t\t\t<\/div>\n\t\t\t\t\t<\/div>\n\t\t<\/div>\n\t\t\t\t\t<\/div>\n\t\t<\/section>\n\t\t\t\t\t<\/div>\n\t\t<\/div>\n\t\t\t\t\t<\/div>\n\t\t<\/section>\n\t\t\t\t<section class=\"elementor-section elementor-top-section elementor-element elementor-element-57467e4 elementor-section-boxed elementor-section-height-default elementor-section-height-default\" data-id=\"57467e4\" data-element_type=\"section\" data-e-type=\"section\">\n\t\t\t\t\t\t<div class=\"elementor-container elementor-column-gap-default\">\n\t\t\t\t\t<div class=\"elementor-column elementor-col-100 elementor-top-column elementor-element elementor-element-65fb5a7\" data-id=\"65fb5a7\" data-element_type=\"column\" data-e-type=\"column\">\n\t\t\t<div class=\"elementor-widget-wrap elementor-element-populated\">\n\t\t\t\t\t\t<div class=\"elementor-element elementor-element-d6a12d9 elementor-widget elementor-widget-spacer\" data-id=\"d6a12d9\" data-element_type=\"widget\" data-e-type=\"widget\" data-widget_type=\"spacer.default\">\n\t\t\t\t\t\t\t<div class=\"elementor-spacer\">\n\t\t\t<div class=\"elementor-spacer-inner\"><\/div>\n\t\t<\/div>\n\t\t\t\t\t\t<\/div>\n\t\t\t\t\t<\/div>\n\t\t<\/div>\n\t\t\t\t\t<\/div>\n\t\t<\/section>\n\t\t\t\t<section class=\"elementor-section elementor-top-section elementor-element elementor-element-969115d elementor-section-boxed elementor-section-height-default elementor-section-height-default\" data-id=\"969115d\" data-element_type=\"section\" data-e-type=\"section\" data-settings=\"{&quot;background_background&quot;:&quot;classic&quot;}\">\n\t\t\t\t\t\t<div class=\"elementor-container elementor-column-gap-default\">\n\t\t\t\t\t<div class=\"elementor-column elementor-col-100 elementor-top-column elementor-element elementor-element-873db76\" data-id=\"873db76\" data-element_type=\"column\" data-e-type=\"column\">\n\t\t\t<div class=\"elementor-widget-wrap elementor-element-populated\">\n\t\t\t\t\t\t<section class=\"elementor-section elementor-inner-section elementor-element elementor-element-d58dc6a elementor-section-boxed elementor-section-height-default elementor-section-height-default\" data-id=\"d58dc6a\" data-element_type=\"section\" data-e-type=\"section\">\n\t\t\t\t\t\t<div class=\"elementor-container elementor-column-gap-default\">\n\t\t\t\t\t<div class=\"elementor-column elementor-col-33 elementor-inner-column elementor-element elementor-element-fe940b4\" data-id=\"fe940b4\" data-element_type=\"column\" data-e-type=\"column\" data-settings=\"{&quot;background_background&quot;:&quot;classic&quot;}\">\n\t\t\t<div class=\"elementor-widget-wrap elementor-element-populated\">\n\t\t\t\t\t\t<div class=\"elementor-element elementor-element-007009f elementor-widget elementor-widget-heading\" data-id=\"007009f\" data-element_type=\"widget\" data-e-type=\"widget\" data-widget_type=\"heading.default\">\n\t\t\t\t\t<h3 class=\"elementor-heading-title elementor-size-medium\">Sano e salvo: come un accogliente fortino di coperte<\/h3>\t\t\t\t<\/div>\n\t\t\t\t<div class=\"elementor-element elementor-element-337c9f9 elementor-widget elementor-widget-text-editor\" data-id=\"337c9f9\" data-element_type=\"widget\" data-e-type=\"widget\" data-widget_type=\"text-editor.default\">\n\t\t\t\t\t\t\t\t\t<p><span style=\"font-weight: 400;\">Ti preoccupa l'uomo nero online? Ti abbiamo coperto con la nostra accogliente coperta di sicurezza!<\/span><\/p>\t\t\t\t\t\t\t\t<\/div>\n\t\t\t\t<div class=\"elementor-element elementor-element-14f6461 elementor-widget elementor-widget-text-editor\" data-id=\"14f6461\" data-element_type=\"widget\" data-e-type=\"widget\" data-widget_type=\"text-editor.default\">\n\t\t\t\t\t\t\t\t\t<b>Mura del Forte:<\/b><span style=\"font-weight: 400;\"> Utilizziamo le migliori tecnologie per proteggere il tuo account, come costruire una fortezza super resistente.<\/span><br><br>\n<b>Nessun segreto qui:<\/b> Ti diciamo sempre tutto sinceramente: niente segreti tra amici!<br><br>\n<b>Seguendo le regole:<\/b> Seguiamo le regole per garantire che tutti si divertano.\t\t\t\t\t\t\t\t<\/div>\n\t\t\t\t\t<\/div>\n\t\t<\/div>\n\t\t\t\t<div class=\"elementor-column elementor-col-33 elementor-inner-column elementor-element elementor-element-128b477\" data-id=\"128b477\" data-element_type=\"column\" data-e-type=\"column\">\n\t\t\t<div class=\"elementor-widget-wrap elementor-element-populated\">\n\t\t\t\t\t\t<div class=\"elementor-element elementor-element-6ee1818 elementor-widget elementor-widget-image\" data-id=\"6ee1818\" data-element_type=\"widget\" data-e-type=\"widget\" data-widget_type=\"image.default\">\n\t\t\t\t\t\t\t\t\t\t\t\t\t\t\t<img decoding=\"async\" width=\"300\" height=\"120\" src=\"https:\/\/al-trader.org\/wp-content\/uploads\/2023\/06\/al-trader-site-logo-300x120.webp\" class=\"attachment-medium size-medium wp-image-2442\" alt=\"al-trader site logo\" srcset=\"https:\/\/al-trader.org\/wp-content\/uploads\/2023\/06\/al-trader-site-logo-300x120.webp 300w, https:\/\/al-trader.org\/wp-content\/uploads\/2023\/06\/al-trader-site-logo-1024x410.webp 1024w, https:\/\/al-trader.org\/wp-content\/uploads\/2023\/06\/al-trader-site-logo-768x307.webp 768w, https:\/\/al-trader.org\/wp-content\/uploads\/2023\/06\/al-trader-site-logo.webp 1250w\" sizes=\"(max-width: 300px) 100vw, 300px\" \/>\t\t\t\t\t\t\t\t\t\t\t\t\t\t\t<\/div>\n\t\t\t\t<div class=\"elementor-element elementor-element-b14bf1f elementor-widget elementor-widget-heading\" data-id=\"b14bf1f\" data-element_type=\"widget\" data-e-type=\"widget\" data-widget_type=\"heading.default\">\n\t\t\t\t\t<h3 class=\"elementor-heading-title elementor-size-medium\">Unisciti al divertimento: entra a far parte del nostro Cool Club!<\/h3>\t\t\t\t<\/div>\n\t\t\t\t<div class=\"elementor-element elementor-element-5b63313 elementor-widget elementor-widget-text-editor\" data-id=\"5b63313\" data-element_type=\"widget\" data-e-type=\"widget\" data-widget_type=\"text-editor.default\">\n\t\t\t\t\t\t\t\t\t<p><b>La tua Clubhouse:<\/b><span style=\"font-weight: 400;\"><a href=\"https:\/\/al-trader.org\/it\/\"> Il tuo account<\/a> \u00e8 come il tuo angolo personale nella nostra club house, dove puoi pianificare tutte le tue emozionanti avventure.<\/span><\/p><p><span style=\"font-weight: 400;\">\u00a0<\/span><b>Guadagna i tuoi badge:<\/b><span style=\"font-weight: 400;\"> Come in un videogioco, puoi guadagnare dei fantastici badge quando svolgi bene il tuo compito!<\/span><\/p>\t\t\t\t\t\t\t\t<\/div>\n\t\t\t\t<div class=\"elementor-element elementor-element-038ca77 elementor-align-center elementor-widget elementor-widget-button\" data-id=\"038ca77\" data-element_type=\"widget\" data-e-type=\"widget\" data-widget_type=\"button.default\">\n\t\t\t\t\t\t\t\t\t\t<a class=\"elementor-button elementor-button-link elementor-size-sm\" href=\"https:\/\/al-trader.org\/it\/#regform\">\n\t\t\t\t\t\t<span class=\"elementor-button-content-wrapper\">\n\t\t\t\t\t\t\t\t\t<span class=\"elementor-button-text\">Unisciti a noi<\/span>\n\t\t\t\t\t<\/span>\n\t\t\t\t\t<\/a>\n\t\t\t\t\t\t\t\t<\/div>\n\t\t\t\t\t<\/div>\n\t\t<\/div>\n\t\t\t\t<div class=\"elementor-column elementor-col-33 elementor-inner-column elementor-element elementor-element-d8130c3\" data-id=\"d8130c3\" data-element_type=\"column\" data-e-type=\"column\" data-settings=\"{&quot;background_background&quot;:&quot;classic&quot;}\">\n\t\t\t<div class=\"elementor-widget-wrap elementor-element-populated\">\n\t\t\t\t\t\t<div class=\"elementor-element elementor-element-72b3ef6 elementor-widget elementor-widget-heading\" data-id=\"72b3ef6\" data-element_type=\"widget\" data-e-type=\"widget\" data-widget_type=\"heading.default\">\n\t\t\t\t\t<h3 class=\"elementor-heading-title elementor-size-medium\">Rendilo tuo: il tuo spazio, le tue regole!<\/h3>\t\t\t\t<\/div>\n\t\t\t\t<div class=\"elementor-element elementor-element-992ce8f elementor-widget elementor-widget-text-editor\" data-id=\"992ce8f\" data-element_type=\"widget\" data-e-type=\"widget\" data-widget_type=\"text-editor.default\">\n\t\t\t\t\t\t\t\t\t<p><span style=\"font-weight: 400;\">Il tuo account AL Trader \u00e8 come la tua stanza: puoi arredarla a modo tuo!<\/span><\/p>\t\t\t\t\t\t\t\t<\/div>\n\t\t\t\t<div class=\"elementor-element elementor-element-f8e474f elementor-widget elementor-widget-text-editor\" data-id=\"f8e474f\" data-element_type=\"widget\" data-e-type=\"widget\" data-widget_type=\"text-editor.default\">\n\t\t\t\t\t\t\t\t\t<p><b>Impostazione:<\/b><span style=\"font-weight: 400;\"> Organizza il tuo spazio di trading con i tuoi oggetti preferiti, ad esempio esponendo poster e giocattoli.<\/span><\/p><p><span style=\"font-weight: 400;\">\u00a0<\/span><b>Scegli la tua giocata:<\/b><span style=\"font-weight: 400;\"> Scegli cosa vuoi fare, ad esempio scegliere il tuo gioco preferito durante la ricreazione.<\/span><\/p><p><span style=\"font-weight: 400;\">\u00a0<\/span><b>Pianifica la tua giornata:<\/b><span style=\"font-weight: 400;\"> Pianifica le tue avventure commerciali, ad esempio disegnando la mappa del tesoro.<\/span><\/p>\t\t\t\t\t\t\t\t<\/div>\n\t\t\t\t\t<\/div>\n\t\t<\/div>\n\t\t\t\t\t<\/div>\n\t\t<\/section>\n\t\t\t\t\t<\/div>\n\t\t<\/div>\n\t\t\t\t\t<\/div>\n\t\t<\/section>\n\t\t\t\t<section class=\"elementor-section elementor-top-section elementor-element elementor-element-1731e6e elementor-section-boxed elementor-section-height-default elementor-section-height-default\" data-id=\"1731e6e\" data-element_type=\"section\" data-e-type=\"section\">\n\t\t\t\t\t\t<div class=\"elementor-container elementor-column-gap-default\">\n\t\t\t\t\t<div class=\"elementor-column elementor-col-100 elementor-top-column elementor-element elementor-element-0130c67\" data-id=\"0130c67\" data-element_type=\"column\" data-e-type=\"column\">\n\t\t\t<div class=\"elementor-widget-wrap elementor-element-populated\">\n\t\t\t\t\t\t<div class=\"elementor-element elementor-element-67b29e8 elementor-widget elementor-widget-spacer\" data-id=\"67b29e8\" data-element_type=\"widget\" data-e-type=\"widget\" data-widget_type=\"spacer.default\">\n\t\t\t\t\t\t\t<div class=\"elementor-spacer\">\n\t\t\t<div class=\"elementor-spacer-inner\"><\/div>\n\t\t<\/div>\n\t\t\t\t\t\t<\/div>\n\t\t\t\t<div class=\"elementor-element elementor-element-68e3fcb elementor-widget elementor-widget-heading\" data-id=\"68e3fcb\" data-element_type=\"widget\" data-e-type=\"widget\" data-widget_type=\"heading.default\">\n\t\t\t\t\t<h2 class=\"elementor-heading-title elementor-size-large\">Pronti a unirvi al divertimento? Venite ad AL Trader Group!<\/h2>\t\t\t\t<\/div>\n\t\t\t\t<div class=\"elementor-element elementor-element-f737804 elementor-widget elementor-widget-text-editor\" data-id=\"f737804\" data-element_type=\"widget\" data-e-type=\"widget\" data-widget_type=\"text-editor.default\">\n\t\t\t\t\t\t\t\t\t<p><span style=\"font-weight: 400;\">Allora, sei pronto a unirti al divertimento di AL Trader? Qui, ogni scambio \u00e8 una nuova partita, ogni chiacchierata \u00e8 una festa di risate e ogni successo \u00e8 un momento di high five. Ricorda, nell'AL Trader Group, non stai solo facendo trading; stai facendo amicizia, condividendo risate e costruendo il tuo clubhouse. Allora, cosa stai aspettando? Prendi il tuo zaino e il tuo miglior sorriso e corriamo insieme nel fantastico mondo di AL Trader!<\/span><\/p>\t\t\t\t\t\t\t\t<\/div>\n\t\t\t\t<div class=\"elementor-element elementor-element-ad198be elementor-widget elementor-widget-text-editor\" data-id=\"ad198be\" data-element_type=\"widget\" data-e-type=\"widget\" data-widget_type=\"text-editor.default\">\n\t\t\t\t\t\t\t\t\t<p><span style=\"font-weight: 400;\">Con AL Trader, ogni giorno \u00e8 una nuova avventura in cui tutti sono tuoi amici, ogni strumento \u00e8 un nuovo giocattolo e ogni momento \u00e8 pieno di risate. Il tuo account non \u00e8 solo un posto in cui fare trading; \u00e8 il tuo biglietto per il parco giochi pi\u00f9 emozionante di sempre. Quindi, allacciati le scarpe, fai un respiro profondo e preparati a tuffarti nel mondo pieno di divertimento di AL Trader. Pronti, partenza, via!<\/span><\/p>\t\t\t\t\t\t\t\t<\/div>\n\t\t\t\t<div class=\"elementor-element elementor-element-2aac49a elementor-widget elementor-widget-spacer\" data-id=\"2aac49a\" data-element_type=\"widget\" data-e-type=\"widget\" data-widget_type=\"spacer.default\">\n\t\t\t\t\t\t\t<div class=\"elementor-spacer\">\n\t\t\t<div class=\"elementor-spacer-inner\"><\/div>\n\t\t<\/div>\n\t\t\t\t\t\t<\/div>\n\t\t\t\t\t<\/div>\n\t\t<\/div>\n\t\t\t\t\t<\/div>\n\t\t<\/section>\n\t\t\t\t<\/div>","protected":false},"excerpt":{"rendered":"<p>AL Trader Group: Your New Bunch of Friends! Imagine having a group of friends where everyone gets to play, learn, and share cool stuff. That&#8217;s precisely what it&#8217;s like at AL Trader Group! It&#8217;s not just about trading; it&#8217;s about being part of a super duper club. Ready to dive in and find out more? [&hellip;]<\/p>\n","protected":false},"author":1,"featured_media":0,"parent":0,"menu_order":0,"comment_status":"closed","ping_status":"closed","template":"elementor_header_footer","meta":{"footnotes":""},"class_list":["post-3010","page","type-page","status-publish","hentry"],"_links":{"self":[{"href":"https:\/\/al-trader.org\/it\/wp-json\/wp\/v2\/pages\/3010","targetHints":{"allow":["GET"]}}],"collection":[{"href":"https:\/\/al-trader.org\/it\/wp-json\/wp\/v2\/pages"}],"about":[{"href":"https:\/\/al-trader.org\/it\/wp-json\/wp\/v2\/types\/page"}],"author":[{"embeddable":true,"href":"https:\/\/al-trader.org\/it\/wp-json\/wp\/v2\/users\/1"}],"replies":[{"embeddable":true,"href":"https:\/\/al-trader.org\/it\/wp-json\/wp\/v2\/comments?post=3010"}],"version-history":[{"count":0,"href":"https:\/\/al-trader.org\/it\/wp-json\/wp\/v2\/pages\/3010\/revisions"}],"wp:attachment":[{"href":"https:\/\/al-trader.org\/it\/wp-json\/wp\/v2\/media?parent=3010"}],"curies":[{"name":"wp","href":"https:\/\/api.w.org\/{rel}","templated":true}]}}