{"id":1132,"date":"2023-07-18T18:26:45","date_gmt":"2023-07-18T18:26:45","guid":{"rendered":"https:\/\/al-trader.org\/?page_id=1132"},"modified":"2023-11-01T05:58:39","modified_gmt":"2023-11-01T05:58:39","slug":"vantaggi-del-trading-online","status":"publish","type":"page","link":"https:\/\/al-trader.org\/it\/online-trading-advantages\/","title":{"rendered":"Vantaggi del trading online"},"content":{"rendered":"<div data-elementor-type=\"wp-page\" data-elementor-id=\"1132\" class=\"elementor elementor-1132\" data-elementor-post-type=\"page\">\n\t\t\t\t\t\t<section class=\"elementor-section elementor-top-section elementor-element elementor-element-282c082 elementor-section-boxed elementor-section-height-default elementor-section-height-default\" data-id=\"282c082\" data-element_type=\"section\" data-e-type=\"section\">\n\t\t\t\t\t\t<div class=\"elementor-container elementor-column-gap-default\">\n\t\t\t\t\t<div class=\"elementor-column elementor-col-100 elementor-top-column elementor-element elementor-element-537a208\" data-id=\"537a208\" data-element_type=\"column\" data-e-type=\"column\">\n\t\t\t<div class=\"elementor-widget-wrap elementor-element-populated\">\n\t\t\t\t\t\t<div class=\"elementor-element elementor-element-0bb4c8d elementor-widget elementor-widget-heading\" data-id=\"0bb4c8d\" data-element_type=\"widget\" data-e-type=\"widget\" data-widget_type=\"heading.default\">\n\t\t\t\t\t<h3 class=\"elementor-heading-title elementor-size-default\">Quali vantaggi ottengo praticando il trading online?<\/h3>\t\t\t\t<\/div>\n\t\t\t\t<div class=\"elementor-element elementor-element-857bc9b elementor-widget elementor-widget-text-editor\" data-id=\"857bc9b\" data-element_type=\"widget\" data-e-type=\"widget\" data-widget_type=\"text-editor.default\">\n\t\t\t\t\t\t\t\t\t<p>Il trading online offre una pletora di vantaggi che hanno contribuito alla sua popolarit\u00e0 e convenienza tra i trader. Alcuni dei vantaggi pi\u00f9 importanti comprendono:<\/p>\t\t\t\t\t\t\t\t<\/div>\n\t\t\t\t<div class=\"elementor-element elementor-element-1b30752 elementor-widget elementor-widget-heading\" data-id=\"1b30752\" data-element_type=\"widget\" data-e-type=\"widget\" data-widget_type=\"heading.default\">\n\t\t\t\t\t<h3 class=\"elementor-heading-title elementor-size-default\">Accessibilit\u00e0<\/h3>\t\t\t\t<\/div>\n\t\t\t\t<div class=\"elementor-element elementor-element-25ddaf7 elementor-widget elementor-widget-text-editor\" data-id=\"25ddaf7\" data-element_type=\"widget\" data-e-type=\"widget\" data-widget_type=\"text-editor.default\">\n\t\t\t\t\t\t\t\t\t<p>Partecipare al trading online ti consente di accedere ai mercati finanziari indipendentemente dalla tua posizione, purch\u00e9 tu abbia una connessione Internet. Questa accessibilit\u00e0 consente di fare trading tramite computer, laptop o dispositivo mobile, garantendo flessibilit\u00e0 e praticit\u00e0 nei tuoi sforzi di trading.<\/p>\t\t\t\t\t\t\t\t<\/div>\n\t\t\t\t<div class=\"elementor-element elementor-element-d65a17d elementor-widget elementor-widget-heading\" data-id=\"d65a17d\" data-element_type=\"widget\" data-e-type=\"widget\" data-widget_type=\"heading.default\">\n\t\t\t\t\t<h3 class=\"elementor-heading-title elementor-size-default\">Efficacia dei costi<\/h3>\t\t\t\t<\/div>\n\t\t\t\t<div class=\"elementor-element elementor-element-3b7f599 elementor-widget elementor-widget-text-editor\" data-id=\"3b7f599\" data-element_type=\"widget\" data-e-type=\"widget\" data-widget_type=\"text-editor.default\">\n\t\t\t\t\t\t\t\t\t<p>Rispetto alle societ\u00e0 di brokeraggio tradizionali, il trading online comporta generalmente costi di transazione inferiori. I broker online spesso presentano commissioni competitive e tariffe ridotte, rendendolo un'opzione pi\u00f9 conveniente, in particolare per i trader che svolgono attivit\u00e0 di trading frequenti.<\/p>\t\t\t\t\t\t\t\t<\/div>\n\t\t\t\t<div class=\"elementor-element elementor-element-98076ee elementor-widget elementor-widget-heading\" data-id=\"98076ee\" data-element_type=\"widget\" data-e-type=\"widget\" data-widget_type=\"heading.default\">\n\t\t\t\t\t<h3 class=\"elementor-heading-title elementor-size-default\">Informazioni di mercato in tempo reale:<\/h3>\t\t\t\t<\/div>\n\t\t\t\t<div class=\"elementor-element elementor-element-7657bda elementor-widget elementor-widget-text-editor\" data-id=\"7657bda\" data-element_type=\"widget\" data-e-type=\"widget\" data-widget_type=\"text-editor.default\">\n\t\t\t\t\t\t\t\t\t<p>Le piattaforme di trading online forniscono dati di mercato in tempo reale che comprendono quotazioni di prezzo, grafici e aggiornamenti di notizie. Questa funzionalit\u00e0 consente ai trader di rimanere ben informati sulle dinamiche di mercato, facilitando il processo decisionale tempestivo basato sulle informazioni pi\u00f9 aggiornate disponibili.<\/p>\t\t\t\t\t\t\t\t<\/div>\n\t\t\t\t<div class=\"elementor-element elementor-element-0b2243c elementor-widget elementor-widget-heading\" data-id=\"0b2243c\" data-element_type=\"widget\" data-e-type=\"widget\" data-widget_type=\"heading.default\">\n\t\t\t\t\t<h3 class=\"elementor-heading-title elementor-size-default\">Velocit\u00e0 di esecuzione<\/h3>\t\t\t\t<\/div>\n\t\t\t\t<div class=\"elementor-element elementor-element-45b2827 elementor-widget elementor-widget-text-editor\" data-id=\"45b2827\" data-element_type=\"widget\" data-e-type=\"widget\" data-widget_type=\"text-editor.default\">\n\t\t\t\t\t\t\t\t\t<p>Le piattaforme di trading online offrono un'esecuzione rapida e semplificata delle negoziazioni. Gli ordini possono essere piazzati rapidamente con un numero minimo di clic, riducendo al minimo il rischio di perdere opportunit\u00e0 causate da ritardi.<\/p>\t\t\t\t\t\t\t\t<\/div>\n\t\t\t\t<div class=\"elementor-element elementor-element-dd33ab2 elementor-widget elementor-widget-heading\" data-id=\"dd33ab2\" data-element_type=\"widget\" data-e-type=\"widget\" data-widget_type=\"heading.default\">\n\t\t\t\t\t<h3 class=\"elementor-heading-title elementor-size-default\">Diverse classi di attivit\u00e0<\/h3>\t\t\t\t<\/div>\n\t\t\t\t<div class=\"elementor-element elementor-element-2ab5976 elementor-widget elementor-widget-text-editor\" data-id=\"2ab5976\" data-element_type=\"widget\" data-e-type=\"widget\" data-widget_type=\"text-editor.default\">\n\t\t\t\t\t\t\t\t\t<p>Le piattaforme di trading online garantiscono l'accesso a una vasta gamma di strumenti finanziari, che comprendono azioni, forex, materie prime, indici, criptovalute e altro ancora. Questa inclusivit\u00e0 consente ai trader di diversificare i propri portafogli e di approfondire diverse opportunit\u00e0 di mercato.<\/p>\t\t\t\t\t\t\t\t<\/div>\n\t\t\t\t<div class=\"elementor-element elementor-element-d09d284 elementor-widget elementor-widget-heading\" data-id=\"d09d284\" data-element_type=\"widget\" data-e-type=\"widget\" data-widget_type=\"heading.default\">\n\t\t\t\t\t<h3 class=\"elementor-heading-title elementor-size-default\">Strumenti di trading avanzati<\/h3>\t\t\t\t<\/div>\n\t\t\t\t<div class=\"elementor-element elementor-element-f80df80 elementor-widget elementor-widget-text-editor\" data-id=\"f80df80\" data-element_type=\"widget\" data-e-type=\"widget\" data-widget_type=\"text-editor.default\">\n\t\t\t\t\t\t\t\t\t<p>Numerose piattaforme di trading online sono dotate di strumenti di grafici avanzati, indicatori tecnici e funzionalit\u00e0 di analisi. Queste risorse facilitano i trader nella conduzione di analisi di mercato complete e aiutano nella formulazione di decisioni di trading ben informate.<\/p>\t\t\t\t\t\t\t\t<\/div>\n\t\t\t\t<div class=\"elementor-element elementor-element-d001e1f elementor-widget elementor-widget-heading\" data-id=\"d001e1f\" data-element_type=\"widget\" data-e-type=\"widget\" data-widget_type=\"heading.default\">\n\t\t\t\t\t<h3 class=\"elementor-heading-title elementor-size-default\">Trading con leva finanziaria<\/h3>\t\t\t\t<\/div>\n\t\t\t\t<div class=\"elementor-element elementor-element-d8cb9fe elementor-widget elementor-widget-text-editor\" data-id=\"d8cb9fe\" data-element_type=\"widget\" data-e-type=\"widget\" data-widget_type=\"text-editor.default\">\n\t\t\t\t\t\t\t\t\t<p>L'impegno nel trading online garantisce ai trader l'opportunit\u00e0 di utilizzare la leva finanziaria, consentendo loro di gestire posizioni pi\u00f9 grandi utilizzando una quantit\u00e0 di capitale relativamente inferiore. Sebbene la leva finanziaria aumenti il \u200b\u200bpotenziale di profitto, un utilizzo responsabile \u00e8 fondamentale, poich\u00e9 amplifica anche le possibili perdite.<\/p>\t\t\t\t\t\t\t\t<\/div>\n\t\t\t\t\t<\/div>\n\t\t<\/div>\n\t\t\t\t\t<\/div>\n\t\t<\/section>\n\t\t\t\t<\/div>","protected":false},"excerpt":{"rendered":"<p>What benefits do I gain from engaging in online trading? Online trading provides a plethora of benefits that have contributed to its popularity and convenience among traders. Some of the prominent advantages encompass: Accessibility Engaging in online trading empowers you to access financial markets irrespective of your location, as long as you have an internet [&hellip;]<\/p>\n","protected":false},"author":1,"featured_media":0,"parent":0,"menu_order":0,"comment_status":"closed","ping_status":"closed","template":"elementor_header_footer","meta":{"footnotes":""},"class_list":["post-1132","page","type-page","status-publish","hentry"],"_links":{"self":[{"href":"https:\/\/al-trader.org\/it\/wp-json\/wp\/v2\/pages\/1132","targetHints":{"allow":["GET"]}}],"collection":[{"href":"https:\/\/al-trader.org\/it\/wp-json\/wp\/v2\/pages"}],"about":[{"href":"https:\/\/al-trader.org\/it\/wp-json\/wp\/v2\/types\/page"}],"author":[{"embeddable":true,"href":"https:\/\/al-trader.org\/it\/wp-json\/wp\/v2\/users\/1"}],"replies":[{"embeddable":true,"href":"https:\/\/al-trader.org\/it\/wp-json\/wp\/v2\/comments?post=1132"}],"version-history":[{"count":0,"href":"https:\/\/al-trader.org\/it\/wp-json\/wp\/v2\/pages\/1132\/revisions"}],"wp:attachment":[{"href":"https:\/\/al-trader.org\/it\/wp-json\/wp\/v2\/media?parent=1132"}],"curies":[{"name":"wp","href":"https:\/\/api.w.org\/{rel}","templated":true}]}}