{"id":1127,"date":"2023-07-18T18:18:12","date_gmt":"2023-07-18T18:18:12","guid":{"rendered":"https:\/\/al-trader.org\/?page_id=1127"},"modified":"2023-10-31T05:43:26","modified_gmt":"2023-10-31T05:43:26","slug":"rollover-del-mercato","status":"publish","type":"page","link":"https:\/\/al-trader.org\/it\/market-rollovers\/","title":{"rendered":"Rollover del mercato"},"content":{"rendered":"<div data-elementor-type=\"wp-page\" data-elementor-id=\"1127\" class=\"elementor elementor-1127\" data-elementor-post-type=\"page\">\n\t\t\t\t\t\t<section class=\"elementor-section elementor-top-section elementor-element elementor-element-5e13115 elementor-section-boxed elementor-section-height-default elementor-section-height-default\" data-id=\"5e13115\" data-element_type=\"section\" data-e-type=\"section\">\n\t\t\t\t\t\t<div class=\"elementor-container elementor-column-gap-default\">\n\t\t\t\t\t<div class=\"elementor-column elementor-col-100 elementor-top-column elementor-element elementor-element-3f0a395\" data-id=\"3f0a395\" data-element_type=\"column\" data-e-type=\"column\">\n\t\t\t<div class=\"elementor-widget-wrap elementor-element-populated\">\n\t\t\t\t\t\t<div class=\"elementor-element elementor-element-de06b29 elementor-widget elementor-widget-heading\" data-id=\"de06b29\" data-element_type=\"widget\" data-e-type=\"widget\" data-widget_type=\"heading.default\">\n\t\t\t\t\t<h1 class=\"elementor-heading-title elementor-size-default\">In un'avventura nel tempo per decifrare i ribaltamenti del mercato!<\/h1>\t\t\t\t<\/div>\n\t\t\t\t<div class=\"elementor-element elementor-element-da74335 elementor-widget elementor-widget-text-editor\" data-id=\"da74335\" data-element_type=\"widget\" data-e-type=\"widget\" data-widget_type=\"text-editor.default\">\n\t\t\t\t\t\t\t\t\t<p>Scopri cosa sono, esplora il <a href=\"https:\/\/al-trader.org\/it\/cambio-valuta\/\">Forex<\/a> continuum temporale e padroneggia le strategie per volgere il tempo a tuo favore!<\/p>\t\t\t\t\t\t\t\t<\/div>\n\t\t\t\t<div class=\"elementor-element elementor-element-6e854fe elementor-widget elementor-widget-heading\" data-id=\"6e854fe\" data-element_type=\"widget\" data-e-type=\"widget\" data-widget_type=\"heading.default\">\n\t\t\t\t\t<h2 class=\"elementor-heading-title elementor-size-default\">L'avventura nel tempo di AL Trader: l'affascinante mondo dei rollover di mercato!<\/h2>\t\t\t\t<\/div>\n\t\t\t\t<div class=\"elementor-element elementor-element-45e01fe elementor-widget elementor-widget-text-editor\" data-id=\"45e01fe\" data-element_type=\"widget\" data-e-type=\"widget\" data-widget_type=\"text-editor.default\">\n\t\t\t\t\t\t\t\t\t<p><span style=\"font-weight: 400;\">Ehi, futuri viaggiatori del tempo della finanza! Siete pronti a salire sulla macchina del tempo di AL Trader e a viaggiare attraverso i colpi di scena di qualcosa chiamato \"Rollover di mercato\"? Allacciate le cinture di sicurezza perch\u00e9 stiamo per sfrecciare nel tempo e svelare cosa sono questi rollover, soprattutto nella vivace citt\u00e0 del Forex!<\/span><\/p>\t\t\t\t\t\t\t\t<\/div>\n\t\t\t\t<div class=\"elementor-element elementor-element-e245b6c elementor-widget elementor-widget-heading\" data-id=\"e245b6c\" data-element_type=\"widget\" data-e-type=\"widget\" data-widget_type=\"heading.default\">\n\t\t\t\t\t<h2 class=\"elementor-heading-title elementor-size-default\">Manuale del viaggiatore nel tempo: cos'\u00e8 un rollover di mercato?<\/h2>\t\t\t\t<\/div>\n\t\t\t\t<div class=\"elementor-element elementor-element-24c5781 elementor-widget elementor-widget-text-editor\" data-id=\"24c5781\" data-element_type=\"widget\" data-e-type=\"widget\" data-widget_type=\"text-editor.default\">\n\t\t\t\t\t\t\t\t\t<p><span style=\"font-weight: 400;\">Immagina di essere su uno skateboard da brivido (\u00e8 il tuo mestiere!) e invece di fermarti quando il parco chiude (chiude il mercato), ricevi un biglietto speciale che ti consente di continuare a fare skate il giorno dopo. Ecco cos'\u00e8 un rollover di mercato!<\/span><\/p>\t\t\t\t\t\t\t\t<\/div>\n\t\t\t\t<div class=\"elementor-element elementor-element-9c4de23 elementor-widget elementor-widget-heading\" data-id=\"9c4de23\" data-element_type=\"widget\" data-e-type=\"widget\" data-widget_type=\"heading.default\">\n\t\t\t\t\t<h2 class=\"elementor-heading-title elementor-size-default\">Il continuum temporale del Forex: rollover del mercato Forex<\/h2>\t\t\t\t<\/div>\n\t\t\t\t<div class=\"elementor-element elementor-element-adfe1d0 elementor-widget elementor-widget-text-editor\" data-id=\"adfe1d0\" data-element_type=\"widget\" data-e-type=\"widget\" data-widget_type=\"text-editor.default\">\n\t\t\t\t\t\t\t\t\t<p><span style=\"font-weight: 400;\">Ora, concentriamoci sul Forex, una citt\u00e0 vivace dove le valute sono sempre in movimento! I rollover di mercato sono molto importanti qui perch\u00e9 questa citt\u00e0 non dorme mai e il trading continua a ticchettare 24 ore su 24. Quando una parte del mondo va a dormire, un'altra parte si sveglia per fare trading, quindi i rollover assicurano che i tuoi trade possano viaggiare senza problemi nel tempo fino alla sessione di trading successiva!<\/span><\/p>\t\t\t\t\t\t\t\t<\/div>\n\t\t\t\t<div class=\"elementor-element elementor-element-02af876 elementor-widget elementor-widget-heading\" data-id=\"02af876\" data-element_type=\"widget\" data-e-type=\"widget\" data-widget_type=\"heading.default\">\n\t\t\t\t\t<h2 class=\"elementor-heading-title elementor-size-default\">Padroneggiare il tempo: strategia di rollover forex<\/h2>\t\t\t\t<\/div>\n\t\t\t\t<div class=\"elementor-element elementor-element-ae04cc8 elementor-widget elementor-widget-text-editor\" data-id=\"ae04cc8\" data-element_type=\"widget\" data-e-type=\"widget\" data-widget_type=\"text-editor.default\">\n\t\t\t\t\t\t\t\t\t<p><span style=\"font-weight: 400;\">Quindi, come puoi, coraggioso viaggiatore del tempo, usare i rollover a tuo vantaggio nel Forex? \u00c8 tutta una questione di strategia! Immagina di scegliere il momento migliore per andare sullo skateboard per evitare urti e goderti una corsa fluida. Conoscendo i tassi di interesse (come le regole dello skate park), puoi decidere quando mantenere le tue negoziazioni e quando lasciarle rollover, sfruttando al meglio la tua avventura nel tempo!<\/span><\/p>\t\t\t\t\t\t\t\t<\/div>\n\t\t\t\t<div class=\"elementor-element elementor-element-428f929 elementor-widget elementor-widget-heading\" data-id=\"428f929\" data-element_type=\"widget\" data-e-type=\"widget\" data-widget_type=\"heading.default\">\n\t\t\t\t\t<h2 class=\"elementor-heading-title elementor-size-default\">Il tuo kit per viaggiare nel tempo con AL Trader!<\/h2>\t\t\t\t<\/div>\n\t\t\t\t<div class=\"elementor-element elementor-element-fb65b57 elementor-widget elementor-widget-text-editor\" data-id=\"fb65b57\" data-element_type=\"widget\" data-e-type=\"widget\" data-widget_type=\"text-editor.default\">\n\t\t\t\t\t\t\t\t\t<ol><li><span style=\"font-weight: 400;\"> Guida del viaggiatore del tempo: AL Trader offre una guida sui rollover di mercato. La conoscenza \u00e8 la tua mappa in questo viaggio nel tempo!<\/span><\/li><li><span style=\"font-weight: 400;\"> The Time Compass: usa gli strumenti di AL Trader per monitorare gli orari di mercato e i tassi di interesse, che ti guidano su quando rinnovare le tue negoziazioni.<\/span><\/li><li><span style=\"font-weight: 400;\"> Consiglio dei compagni viaggiatori del tempo: unisciti alla community di AL Trader per discutere strategie e suggerimenti con altri avventurieri del viaggio nel tempo. Insieme, siete pi\u00f9 vitali!<\/span><\/li><\/ol>\t\t\t\t\t\t\t\t<\/div>\n\t\t\t\t<div class=\"elementor-element elementor-element-175e21a elementor-widget elementor-widget-heading\" data-id=\"175e21a\" data-element_type=\"widget\" data-e-type=\"widget\" data-widget_type=\"heading.default\">\n\t\t\t\t\t<h2 class=\"elementor-heading-title elementor-size-default\">Perch\u00e9 AL Trader \u00e8 il tuo fedele compagno di viaggio nel tempo<\/h2>\t\t\t\t<\/div>\n\t\t\t\t<div class=\"elementor-element elementor-element-599783c elementor-widget elementor-widget-text-editor\" data-id=\"599783c\" data-element_type=\"widget\" data-e-type=\"widget\" data-widget_type=\"text-editor.default\">\n\t\t\t\t\t\t\t\t\t<p><span style=\"font-weight: 400;\">\u2013 Navigatori del tempo esperti: il nostro team \u00e8 come un equipaggio di viaggiatori del tempo esperti, pronti a guidarti attraverso i ribaltamenti del mercato con competenza e sicurezza.<\/span><\/p><p><span style=\"font-weight: 400;\">\u2013 Macchina del tempo affidabile: con tecnologia di prim'ordine, <a href=\"https:\/\/al-trader.org\/it\/investire\/\">Piattaforma di AL Trader<\/a> \u00e8 il vostro mezzo affidabile per questo viaggio, garantendovi un'avventura tranquilla e sicura.<\/span><\/p><p><span style=\"font-weight: 400;\">\u2013 Guardiani della fiducia: la tua fiducia \u00e8 preziosa per noi e la proteggiamo con rigide misure di sicurezza, assicurandoci che il tuo viaggio nel tempo non sia solo emozionante, ma anche super sicuro!<\/span><\/p>\t\t\t\t\t\t\t\t<\/div>\n\t\t\t\t<div class=\"elementor-element elementor-element-76740f6 elementor-widget elementor-widget-heading\" data-id=\"76740f6\" data-element_type=\"widget\" data-e-type=\"widget\" data-widget_type=\"heading.default\">\n\t\t\t\t\t<h2 class=\"elementor-heading-title elementor-size-default\">Siete pronti a conquistare il tempo con i rollover di mercato?<\/h2>\t\t\t\t<\/div>\n\t\t\t\t<div class=\"elementor-element elementor-element-a9948ab elementor-widget elementor-widget-text-editor\" data-id=\"a9948ab\" data-element_type=\"widget\" data-e-type=\"widget\" data-widget_type=\"text-editor.default\">\n\t\t\t\t\t\t\t\t\t<p><span style=\"font-weight: 400;\">Quindi, aspiranti viaggiatori del tempo, siete pronti a imbarcarvi in \u200b\u200bun'avventura epica attraverso la fuga temporale finanziaria con AL Trader? Con i rollover di mercato, imparerete a navigare nei flussi del tempo, portando i vostri scambi da una sessione all'altra e utilizzando strategie per sfruttare al meglio il vostro viaggio. Ricordate, le sabbie del tempo non si fermano mai, ma con AL Trader, potete imparare a trasformarle a vostro favore! Quindi, prendete la vostra attrezzatura per viaggiare nel tempo e tuffiamoci nell'avventura di una vita con i rollover di mercato! La vostra macchina del tempo vi aspetta!<\/span><\/p>\t\t\t\t\t\t\t\t<\/div>\n\t\t\t\t\t<\/div>\n\t\t<\/div>\n\t\t\t\t\t<\/div>\n\t\t<\/section>\n\t\t\t\t<\/div>","protected":false},"excerpt":{"rendered":"<p>On a time-travel adventure to decode Market Rollovers! Discover what they are, explore the Forex time-continuum, and master strategies to turn time in your favor! AL Trader&#8217;s Time-Traveling Adventure: The Fascinating World of Market Rollovers! Hey there, future financial time-travelers! Are you ready to hop into AL Trader&#8217;s time machine and journey through the twists [&hellip;]<\/p>\n","protected":false},"author":1,"featured_media":0,"parent":0,"menu_order":0,"comment_status":"closed","ping_status":"closed","template":"elementor_header_footer","meta":{"footnotes":""},"class_list":["post-1127","page","type-page","status-publish","hentry"],"_links":{"self":[{"href":"https:\/\/al-trader.org\/it\/wp-json\/wp\/v2\/pages\/1127","targetHints":{"allow":["GET"]}}],"collection":[{"href":"https:\/\/al-trader.org\/it\/wp-json\/wp\/v2\/pages"}],"about":[{"href":"https:\/\/al-trader.org\/it\/wp-json\/wp\/v2\/types\/page"}],"author":[{"embeddable":true,"href":"https:\/\/al-trader.org\/it\/wp-json\/wp\/v2\/users\/1"}],"replies":[{"embeddable":true,"href":"https:\/\/al-trader.org\/it\/wp-json\/wp\/v2\/comments?post=1127"}],"version-history":[{"count":0,"href":"https:\/\/al-trader.org\/it\/wp-json\/wp\/v2\/pages\/1127\/revisions"}],"wp:attachment":[{"href":"https:\/\/al-trader.org\/it\/wp-json\/wp\/v2\/media?parent=1127"}],"curies":[{"name":"wp","href":"https:\/\/api.w.org\/{rel}","templated":true}]}}