{"id":1115,"date":"2023-07-18T18:09:55","date_gmt":"2023-07-18T18:09:55","guid":{"rendered":"https:\/\/al-trader.org\/?page_id=1115"},"modified":"2023-10-30T10:24:19","modified_gmt":"2023-10-30T10:24:19","slug":"mt5","status":"publish","type":"page","link":"https:\/\/al-trader.org\/it\/mt5\/","title":{"rendered":"mt5"},"content":{"rendered":"<div data-elementor-type=\"wp-page\" data-elementor-id=\"1115\" class=\"elementor elementor-1115\" data-elementor-post-type=\"page\">\n\t\t\t\t\t\t<section class=\"elementor-section elementor-top-section elementor-element elementor-element-b328f01 elementor-section-boxed elementor-section-height-default elementor-section-height-default\" data-id=\"b328f01\" data-element_type=\"section\" data-e-type=\"section\">\n\t\t\t\t\t\t<div class=\"elementor-container elementor-column-gap-default\">\n\t\t\t\t\t<div class=\"elementor-column elementor-col-100 elementor-top-column elementor-element elementor-element-8f499e3\" data-id=\"8f499e3\" data-element_type=\"column\" data-e-type=\"column\">\n\t\t\t<div class=\"elementor-widget-wrap elementor-element-populated\">\n\t\t\t\t\t\t<div class=\"elementor-element elementor-element-e87a6d1 elementor-widget elementor-widget-heading\" data-id=\"e87a6d1\" data-element_type=\"widget\" data-e-type=\"widget\" data-widget_type=\"heading.default\">\n\t\t\t\t\t<h1 class=\"elementor-heading-title elementor-size-xl\">Cos'\u00e8 Meta Trader 5 e perch\u00e9 \u00e8 uno strumento valido?<\/h1>\t\t\t\t<\/div>\n\t\t\t\t<div class=\"elementor-element elementor-element-8dba31d elementor-widget elementor-widget-text-editor\" data-id=\"8dba31d\" data-element_type=\"widget\" data-e-type=\"widget\" data-widget_type=\"text-editor.default\">\n\t\t\t\t\t\t\t\t\t<p>MetaTrader 5 (MT5) \u00e8 una piattaforma di trading ampiamente riconosciuta creata da MetaQuotes Software. \u00c8 il successore di MetaTrader 4 (MT4) ed \u00e8 progettato per offrire ai trader un'esperienza completa e solida <a href=\"https:\/\/al-trader.org\/it\/investire\/\">piattaforma per il trading<\/a> una vasta gamma di strumenti finanziari, che comprende <a href=\"https:\/\/al-trader.org\/it\/cambio-valuta\/\">cambio valuta<\/a>, azioni, <a href=\"https:\/\/al-trader.org\/it\/materie-prime-cfd\/\">merci<\/a>, <a href=\"https:\/\/al-trader.org\/it\/indici-cfd\/\">indici<\/a>, e criptovalute. Ecco diversi fattori che contribuiscono alla reputazione positiva di MetaTrader 5 come piattaforma di trading formidabile:<\/p>\t\t\t\t\t\t\t\t<\/div>\n\t\t\t\t<div class=\"elementor-element elementor-element-26566c8 elementor-widget elementor-widget-heading\" data-id=\"26566c8\" data-element_type=\"widget\" data-e-type=\"widget\" data-widget_type=\"heading.default\">\n\t\t\t\t\t<h2 class=\"elementor-heading-title elementor-size-default\">Molteplici classi di attivit\u00e0<\/h2>\t\t\t\t<\/div>\n\t\t\t\t<div class=\"elementor-element elementor-element-6a809d8 elementor-widget elementor-widget-text-editor\" data-id=\"6a809d8\" data-element_type=\"widget\" data-e-type=\"widget\" data-widget_type=\"text-editor.default\">\n\t\t\t\t\t\t\t\t\t<p>MetaTrader 5 (MT5) \u00e8 versatile nel suo supporto per il trading su una vasta gamma di strumenti finanziari, garantendo ai trader la possibilit\u00e0 di interagire con mercati diversi attraverso una piattaforma unificata. Questa adattabilit\u00e0 consente ai trader di espandere i propri portafogli e di capitalizzare su una moltitudine di prospettive di trading.<\/p>\t\t\t\t\t\t\t\t<\/div>\n\t\t\t\t<div class=\"elementor-element elementor-element-7f924e6 elementor-widget elementor-widget-heading\" data-id=\"7f924e6\" data-element_type=\"widget\" data-e-type=\"widget\" data-widget_type=\"heading.default\">\n\t\t\t\t\t<h2 class=\"elementor-heading-title elementor-size-default\">Strumenti avanzati di analisi e creazione di grafici<\/h2>\t\t\t\t<\/div>\n\t\t\t\t<div class=\"elementor-element elementor-element-0ff0403 elementor-widget elementor-widget-text-editor\" data-id=\"0ff0403\" data-element_type=\"widget\" data-e-type=\"widget\" data-widget_type=\"text-editor.default\">\n\t\t\t\t\t\t\t\t\t<p>MT5 presenta funzionalit\u00e0 di grafici avanzati, che comprendono una pletora di intervalli di tempo, stili di grafici e indicatori tecnici. Ci\u00f2 consente ai trader di condurre analisi tecniche meticolose, facilitando l'identificazione di modelli, tendenze e possibili posizioni di entrata e uscita. Questo robusto toolkit fornisce ai trader gli strumenti necessari per un'analisi di mercato completa.<\/p>\t\t\t\t\t\t\t\t<\/div>\n\t\t\t\t<div class=\"elementor-element elementor-element-5c5aa65 elementor-widget elementor-widget-heading\" data-id=\"5c5aa65\" data-element_type=\"widget\" data-e-type=\"widget\" data-widget_type=\"heading.default\">\n\t\t\t\t\t<h2 class=\"elementor-heading-title elementor-size-default\">Trading automatico<\/h2>\t\t\t\t<\/div>\n\t\t\t\t<div class=\"elementor-element elementor-element-a60179e elementor-widget elementor-widget-text-editor\" data-id=\"a60179e\" data-element_type=\"widget\" data-e-type=\"widget\" data-widget_type=\"text-editor.default\">\n\t\t\t\t\t\t\t\t\t<p>MetaTrader 5 \u00e8 rinomato per la sua formidabile abilit\u00e0 di trading algoritmico. Offre ai trader la possibilit\u00e0 di ideare, valutare e perfezionare strategie di trading automatizzate note come Expert Advisor (EA) utilizzando il linguaggio di programmazione MQL5. Questa funzionalit\u00e0 consente ai trader di eseguire operazioni automaticamente in base a condizioni predeterminate, semplificando il processo di trading e riducendo la necessit\u00e0 di interventi manuali.<\/p>\t\t\t\t\t\t\t\t<\/div>\n\t\t\t\t<div class=\"elementor-element elementor-element-ef18462 elementor-widget elementor-widget-heading\" data-id=\"ef18462\" data-element_type=\"widget\" data-e-type=\"widget\" data-widget_type=\"heading.default\">\n\t\t\t\t\t<h2 class=\"elementor-heading-title elementor-size-default\">Backtesting<\/h2>\t\t\t\t<\/div>\n\t\t\t\t<div class=\"elementor-element elementor-element-2f2c5cc elementor-widget elementor-widget-text-editor\" data-id=\"2f2c5cc\" data-element_type=\"widget\" data-e-type=\"widget\" data-widget_type=\"text-editor.default\">\n\t\t\t\t\t\t\t\t\t<p>All'interno di MetaTrader 5, i trader possono effettuare il backtesting delle loro strategie di trading utilizzando dati storici. Questa funzionalit\u00e0 consente loro di valutare l'efficacia e le prestazioni delle loro strategie prima di implementarle nei mercati live. Simulando le negoziazioni rispetto alle condizioni di mercato passate, i trader possono perfezionare e migliorare i loro approcci di trading, portando a un processo decisionale pi\u00f9 informato ed efficace.<\/p>\t\t\t\t\t\t\t\t<\/div>\n\t\t\t\t<div class=\"elementor-element elementor-element-079aaf8 elementor-widget elementor-widget-heading\" data-id=\"079aaf8\" data-element_type=\"widget\" data-e-type=\"widget\" data-widget_type=\"heading.default\">\n\t\t\t\t\t<h2 class=\"elementor-heading-title elementor-size-default\">Trading con un clic<\/h2>\t\t\t\t<\/div>\n\t\t\t\t<div class=\"elementor-element elementor-element-0989e64 elementor-widget elementor-widget-text-editor\" data-id=\"0989e64\" data-element_type=\"widget\" data-e-type=\"widget\" data-widget_type=\"text-editor.default\">\n\t\t\t\t\t\t\t\t\t<p>MetaTrader 5 offre un'interfaccia user-friendly che semplifica il processo di trading, consentendo ai trader di eseguire le proprie operazioni in modo rapido ed efficiente. La funzionalit\u00e0 di trading con un clic della piattaforma migliora il posizionamento e l'esecuzione degli ordini, facilitando una risposta rapida ai movimenti e alle opportunit\u00e0 di mercato. Questo design user-friendly consente ai trader di navigare sulla piattaforma con facilit\u00e0, ottimizzando la propria esperienza di trading.<\/p>\t\t\t\t\t\t\t\t<\/div>\n\t\t\t\t<div class=\"elementor-element elementor-element-c45cd79 elementor-widget elementor-widget-heading\" data-id=\"c45cd79\" data-element_type=\"widget\" data-e-type=\"widget\" data-widget_type=\"heading.default\">\n\t\t\t\t\t<h2 class=\"elementor-heading-title elementor-size-default\">Supporto multi-valuta e multi-lingua<\/h2>\t\t\t\t<\/div>\n\t\t\t\t<div class=\"elementor-element elementor-element-9d50d6a elementor-widget elementor-widget-text-editor\" data-id=\"9d50d6a\" data-element_type=\"widget\" data-e-type=\"widget\" data-widget_type=\"text-editor.default\">\n\t\t\t\t\t\t\t\t\t<p>L'accessibilit\u00e0 globale di MetaTrader 5 \u00e8 una caratteristica di spicco, in quanto \u00e8 disponibile in pi\u00f9 lingue, soddisfacendo i trader di diverse regioni del mondo. Inoltre, la piattaforma supporta il trading in varie valute, offrendo flessibilit\u00e0 ai trader che operano in diversi mercati finanziari. Questa adattabilit\u00e0 garantisce che i trader possano utilizzare MetaTrader 5 in modo comodo ed efficace, indipendentemente dalla loro posizione geografica o dalla valuta preferita.<\/p>\t\t\t\t\t\t\t\t<\/div>\n\t\t\t\t<div class=\"elementor-element elementor-element-1cb98a8 elementor-widget elementor-widget-heading\" data-id=\"1cb98a8\" data-element_type=\"widget\" data-e-type=\"widget\" data-widget_type=\"heading.default\">\n\t\t\t\t\t<h2 class=\"elementor-heading-title elementor-size-default\">Versioni mobili e web<\/h2>\t\t\t\t<\/div>\n\t\t\t\t<div class=\"elementor-element elementor-element-24427d4 elementor-widget elementor-widget-text-editor\" data-id=\"24427d4\" data-element_type=\"widget\" data-e-type=\"widget\" data-widget_type=\"text-editor.default\">\n\t\t\t\t\t\t\t\t\t<p>Oltre alla sua applicazione desktop, MetaTrader 5 (MT5) estende la sua accessibilit\u00e0 offrendo versioni mobile e web. Ci\u00f2 consente ai trader di accedere ai propri conti di trading ed eseguire operazioni mentre sono in movimento, offrendo una comodit\u00e0 eccezionale per gli individui che hanno bisogno di monitorare e gestire le proprie operazioni al di fuori delle loro tradizionali configurazioni informatiche.<\/p>\t\t\t\t\t\t\t\t<\/div>\n\t\t\t\t\t<\/div>\n\t\t<\/div>\n\t\t\t\t\t<\/div>\n\t\t<\/section>\n\t\t\t\t<\/div>","protected":false},"excerpt":{"rendered":"<p>What is meta trader 5 and why it is good? MetaTrader 5 (MT5) stands as a widely recognized trading platform crafted by MetaQuotes Software. It serves as the successor to MetaTrader 4 (MT4) and is tailored to offer traders an all-encompassing and robust platform for trading a diverse range of financial instruments, encompassing forex, stocks, [&hellip;]<\/p>\n","protected":false},"author":1,"featured_media":0,"parent":0,"menu_order":0,"comment_status":"closed","ping_status":"closed","template":"elementor_header_footer","meta":{"footnotes":""},"class_list":["post-1115","page","type-page","status-publish","hentry"],"_links":{"self":[{"href":"https:\/\/al-trader.org\/it\/wp-json\/wp\/v2\/pages\/1115","targetHints":{"allow":["GET"]}}],"collection":[{"href":"https:\/\/al-trader.org\/it\/wp-json\/wp\/v2\/pages"}],"about":[{"href":"https:\/\/al-trader.org\/it\/wp-json\/wp\/v2\/types\/page"}],"author":[{"embeddable":true,"href":"https:\/\/al-trader.org\/it\/wp-json\/wp\/v2\/users\/1"}],"replies":[{"embeddable":true,"href":"https:\/\/al-trader.org\/it\/wp-json\/wp\/v2\/comments?post=1115"}],"version-history":[{"count":0,"href":"https:\/\/al-trader.org\/it\/wp-json\/wp\/v2\/pages\/1115\/revisions"}],"wp:attachment":[{"href":"https:\/\/al-trader.org\/it\/wp-json\/wp\/v2\/media?parent=1115"}],"curies":[{"name":"wp","href":"https:\/\/api.w.org\/{rel}","templated":true}]}}