{"id":1093,"date":"2023-07-18T17:14:58","date_gmt":"2023-07-18T17:14:58","guid":{"rendered":"https:\/\/al-trader.org\/?page_id=1093"},"modified":"2023-10-31T05:28:40","modified_gmt":"2023-10-31T05:28:40","slug":"fondi-etf-cfd","status":"publish","type":"page","link":"https:\/\/al-trader.org\/it\/etf-funds-cfds\/","title":{"rendered":"L\u2019ETF finanzia i CFD"},"content":{"rendered":"<div data-elementor-type=\"wp-page\" data-elementor-id=\"1093\" class=\"elementor elementor-1093\" data-elementor-post-type=\"page\">\n\t\t\t\t\t\t<section class=\"elementor-section elementor-top-section elementor-element elementor-element-654528d elementor-section-boxed elementor-section-height-default elementor-section-height-default\" data-id=\"654528d\" data-element_type=\"section\" data-e-type=\"section\">\n\t\t\t\t\t\t<div class=\"elementor-container elementor-column-gap-default\">\n\t\t\t\t\t<div class=\"elementor-column elementor-col-100 elementor-top-column elementor-element elementor-element-78cc7e4\" data-id=\"78cc7e4\" data-element_type=\"column\" data-e-type=\"column\">\n\t\t\t<div class=\"elementor-widget-wrap elementor-element-populated\">\n\t\t\t\t\t\t<div class=\"elementor-element elementor-element-874b55b elementor-widget elementor-widget-heading\" data-id=\"874b55b\" data-element_type=\"widget\" data-e-type=\"widget\" data-widget_type=\"heading.default\">\n\t\t\t\t\t<h1 class=\"elementor-heading-title elementor-size-default\">Immergiti nel tesoro di CFD su fondi ETF di AL Trader<\/h1>\t\t\t\t<\/div>\n\t\t\t\t<div class=\"elementor-element elementor-element-3d01118 elementor-widget elementor-widget-text-editor\" data-id=\"3d01118\" data-element_type=\"widget\" data-e-type=\"widget\" data-widget_type=\"text-editor.default\">\n\t\t\t\t\t\t\t\t\t<p><span style=\"font-weight: 400;\">Esplora i misteri, scopri i migliori tesori degli ETF e impara gli incantesimi che differenziano i CFD dagli ETF. L'avventura ti aspetta<\/span><\/p>\t\t\t\t\t\t\t\t<\/div>\n\t\t\t\t<div class=\"elementor-element elementor-element-d4fb7ad elementor-widget elementor-widget-heading\" data-id=\"d4fb7ad\" data-element_type=\"widget\" data-e-type=\"widget\" data-widget_type=\"heading.default\">\n\t\t\t\t\t<h2 class=\"elementor-heading-title elementor-size-default\">La magica ricerca di AL Trader: alla scoperta del mondo incantato dei CFD sui fondi ETF!<\/h2>\t\t\t\t<\/div>\n\t\t\t\t<div class=\"elementor-element elementor-element-afa8328 elementor-widget elementor-widget-text-editor\" data-id=\"afa8328\" data-element_type=\"widget\" data-e-type=\"widget\" data-widget_type=\"text-editor.default\">\n\t\t\t\t\t\t\t\t\t<p><span style=\"font-weight: 400;\">Pronti a imbarcarvi in \u200b\u200bun'entusiasmante ricerca piena di tesori noti come \"ETF Funds CFD\"? Con AL Trader come guida fidata, state per entrare in un regno dove la magia finanziaria accade! Ma aspettate... cosa sono esattamente questi misteriosi tesori? Scopriamo insieme i segreti!<\/span><\/p>\t\t\t\t\t\t\t\t<\/div>\n\t\t\t\t<div class=\"elementor-element elementor-element-a5c4c9b elementor-widget elementor-widget-heading\" data-id=\"a5c4c9b\" data-element_type=\"widget\" data-e-type=\"widget\" data-widget_type=\"heading.default\">\n\t\t\t\t\t<h2 class=\"elementor-heading-title elementor-size-default\">I forzieri incantati: cosa sono i CFD sui fondi ETF?<\/h2>\t\t\t\t<\/div>\n\t\t\t\t<div class=\"elementor-element elementor-element-ef7d7dc elementor-widget elementor-widget-text-editor\" data-id=\"ef7d7dc\" data-element_type=\"widget\" data-e-type=\"widget\" data-widget_type=\"text-editor.default\">\n\t\t\t\t\t\t\t\t\t<p><span style=\"font-weight: 400;\">Immagina questo: uno scrigno pieno di gioielli scintillanti di tutti i tipi, ognuno unico! Ecco cosa sono gli \"ETF\" o \"Exchange-Traded Funds\": sono raccolte di molti investimenti diversi (i gioielli!) che puoi negoziare sul mercato (la caccia al tesoro!). Ora, aggiungi un pizzico di magia chiamata \"CFD\" o \"Contratti per differenza\", e hai \"ETF Funds CFD\"! Ci\u00f2 significa che puoi speculare sul prezzo di questi scrigni del tesoro senza aprirli.<\/span><\/p>\t\t\t\t\t\t\t\t<\/div>\n\t\t\t\t<div class=\"elementor-element elementor-element-d86cc52 elementor-widget elementor-widget-heading\" data-id=\"d86cc52\" data-element_type=\"widget\" data-e-type=\"widget\" data-widget_type=\"heading.default\">\n\t\t\t\t\t<h2 class=\"elementor-heading-title elementor-size-default\">La mappa magica: elenco dei fondi ETF CFD<\/h2>\t\t\t\t<\/div>\n\t\t\t\t<div class=\"elementor-element elementor-element-0d07f87 elementor-widget elementor-widget-text-editor\" data-id=\"0d07f87\" data-element_type=\"widget\" data-e-type=\"widget\" data-widget_type=\"text-editor.default\">\n\t\t\t\t\t\t\t\t\t<p><span style=\"font-weight: 400;\">La nostra ricerca ha una mappa magica che ci mostra tutti i CFD di fondi ETF disponibili! Questa lista \u00e8 come una guida ai tesori nascosti che puoi esplorare. E indovina un po'? AL Trader ha una mappa super dettagliata che ti mostra tutti gli entusiasmanti CFD di fondi ETF che puoi negoziare. \u00c8 come avere una mappa del tesoro dove una \"X\" segna il punto!<\/span><\/p>\t\t\t\t\t\t\t\t<\/div>\n\t\t\t\t<div class=\"elementor-element elementor-element-c4729e2 elementor-widget elementor-widget-heading\" data-id=\"c4729e2\" data-element_type=\"widget\" data-e-type=\"widget\" data-widget_type=\"heading.default\">\n\t\t\t\t\t<h2 class=\"elementor-heading-title elementor-size-default\">I tesori pi\u00f9 splendenti: i migliori fondi etf cfd<\/h2>\t\t\t\t<\/div>\n\t\t\t\t<div class=\"elementor-element elementor-element-85d2f49 elementor-widget elementor-widget-text-editor\" data-id=\"85d2f49\" data-element_type=\"widget\" data-e-type=\"widget\" data-widget_type=\"text-editor.default\">\n\t\t\t\t\t\t\t\t\t<p><span style=\"font-weight: 400;\">Alcuni tesori brillano pi\u00f9 di altri, giusto? Ecco perch\u00e9 ti aiutiamo a trovare quelli pi\u00f9 brillanti su AL Trader: i migliori CFD sui fondi ETF! Sono quelli che i trader ritengono super preziosi. Ma ricorda, ci\u00f2 che luccica come l'oro per una persona potrebbe essere una pietra splendente per un'altra, quindi scegli i tesori che sono pi\u00f9 preziosi per te!<\/span><\/p>\t\t\t\t\t\t\t\t<\/div>\n\t\t\t\t<div class=\"elementor-element elementor-element-a857f9d elementor-widget elementor-widget-heading\" data-id=\"a857f9d\" data-element_type=\"widget\" data-e-type=\"widget\" data-widget_type=\"heading.default\">\n\t\t\t\t\t<h2 class=\"elementor-heading-title elementor-size-default\">L'incantesimo magico:<\/h2>\t\t\t\t<\/div>\n\t\t\t\t<div class=\"elementor-element elementor-element-c834c9c elementor-widget elementor-widget-text-editor\" data-id=\"c834c9c\" data-element_type=\"widget\" data-e-type=\"widget\" data-widget_type=\"text-editor.default\">\n\t\t\t\t\t\t\t\t\t<p><span style=\"font-weight: 400;\">CFD ed ETF sono la stessa cosa?<\/span><\/p><p><span style=\"font-weight: 400;\">Ora, \u00e8 qui che impariamo una particolare formula magica! CFD ed ETF potrebbero sembrare simili, ma sono diversi nella magia del trading. Gli ETF sono come scrigni del tesoro, mentre i CFD sono bacchette magiche che ti permettono di fare trading sull'idea di ci\u00f2 che c'\u00e8 dentro senza toccarli. Quindi, sebbene facciano parte dello stesso mondo magico, sono forme diverse di magia del trading!<\/span><\/p>\t\t\t\t\t\t\t\t<\/div>\n\t\t\t\t<div class=\"elementor-element elementor-element-6926be1 elementor-widget elementor-widget-heading\" data-id=\"6926be1\" data-element_type=\"widget\" data-e-type=\"widget\" data-widget_type=\"heading.default\">\n\t\t\t\t\t<h2 class=\"elementor-heading-title elementor-size-default\">Inizia la tua avventura sui CFD dei fondi ETF con AL Trader!<\/h2>\t\t\t\t<\/div>\n\t\t\t\t<div class=\"elementor-element elementor-element-83514e4 elementor-widget elementor-widget-text-editor\" data-id=\"83514e4\" data-element_type=\"widget\" data-e-type=\"widget\" data-widget_type=\"text-editor.default\">\n\t\t\t\t\t\t\t\t\t<ol><li><span style=\"font-weight: 400;\"> Impara le pergamene antiche: AL Trader ha una libreria di pergamene (beh, articoli e video divertenti) per insegnarti tutto sui CFD dei fondi ETF. La conoscenza \u00e8 potere, cari esploratori!<\/span><\/li><li>Pianifica la tua caccia al tesoro: decidi quanto oro spendere e quando fermarti a contare i tuoi tesori. Ogni buon esploratore ha un piano!<\/li><li>Usa i tuoi strumenti magici: AL Trader ti fornisce strumenti magici (ok, sono strumenti di trading, ma sono comunque fantastici!) per aiutarti a fare scelte intelligenti nella tua ricerca.<\/li><li>Unisciti alla Explorers\u2019 Guild: fai parte di una comunit\u00e0 di avventurieri, condividendo storie e imparando gli uni dagli altri. Insieme, siamo pi\u00f9 vitali!<\/li><\/ol>\t\t\t\t\t\t\t\t<\/div>\n\t\t\t\t<div class=\"elementor-element elementor-element-880668c elementor-widget elementor-widget-heading\" data-id=\"880668c\" data-element_type=\"widget\" data-e-type=\"widget\" data-widget_type=\"heading.default\">\n\t\t\t\t\t<h2 class=\"elementor-heading-title elementor-size-default\">AL Trader e ETF, CFD e CFD<\/h2>\t\t\t\t<\/div>\n\t\t\t\t<div class=\"elementor-element elementor-element-7ea728e elementor-widget elementor-widget-text-editor\" data-id=\"7ea728e\" data-element_type=\"widget\" data-e-type=\"widget\" data-widget_type=\"text-editor.default\">\n\t\t\t\t\t\t\t\t\t<p><span style=\"font-weight: 400;\">\u2013 Esperti saggi: il nostro team \u00e8 come un gruppo di esperti saggi, pronti a guidarti con conoscenza e supporto.<\/span><\/p><p><span style=\"font-weight: 400;\">\u2013 Strumenti magici per la missione: abbiamo tutti i gadget di cui hai bisogno, dai libri di incantesimi (risorse educative) alle bacchette magiche (strumenti di scambio).<\/span><\/p><p><span style=\"font-weight: 400;\">\u2013 Incantesimi protettivi: la tua avventura \u00e8 al sicuro con noi, grazie ai nostri potenti incantesimi protettivi.<\/span><\/p>\t\t\t\t\t\t\t\t<\/div>\n\t\t\t\t<div class=\"elementor-element elementor-element-9f5c43c elementor-widget elementor-widget-heading\" data-id=\"9f5c43c\" data-element_type=\"widget\" data-e-type=\"widget\" data-widget_type=\"heading.default\">\n\t\t\t\t\t<h2 class=\"elementor-heading-title elementor-size-default\">Pronti a iniziare il vostro magico viaggio nei CFD dei fondi ETF?<\/h2>\t\t\t\t<\/div>\n\t\t\t\t<div class=\"elementor-element elementor-element-06b37fc elementor-widget elementor-widget-text-editor\" data-id=\"06b37fc\" data-element_type=\"widget\" data-e-type=\"widget\" data-widget_type=\"text-editor.default\">\n\t\t\t\t\t\t\t\t\t<p><span style=\"font-weight: 400;\">Prendi il tuo cappello da esploratore perch\u00e9 ti aspetta un'avventura epica nel mondo dei CFD sui fondi ETF! Con AL Trader come guida, svelerai misteri, scoprirai tesori preziosi e imparerai potenti incantesimi di trading. Ricorda, coraggioso esploratore, il percorso potrebbe avere svolte e svolte, ma le meraviglie che troverai con i CFD sui fondi ETF sono infinite. Quindi, iniziamo questo magico viaggio e scopriamo le ricchezze nascoste nel trading con AL Trader! L'avventura ti chiama!<\/span><\/p>\t\t\t\t\t\t\t\t<\/div>\n\t\t\t\t\t<\/div>\n\t\t<\/div>\n\t\t\t\t\t<\/div>\n\t\t<\/section>\n\t\t\t\t<\/div>","protected":false},"excerpt":{"rendered":"<p>Dive into AL Trader&#8217;s treasure trove of ETF Funds CFDs Navigate the mysteries, unearth the best ETF treasures, and learn the magic spells that differentiate CFDs and ETFs. Adventure awaits AL Trader&#8217;s Magical Quest: Discovering the Enchanted World of ETF Funds CFDs! Ready to embark on a thrilling quest filled with treasures known as &#8220;ETF [&hellip;]<\/p>\n","protected":false},"author":1,"featured_media":0,"parent":0,"menu_order":0,"comment_status":"closed","ping_status":"closed","template":"elementor_header_footer","meta":{"footnotes":""},"class_list":["post-1093","page","type-page","status-publish","hentry"],"_links":{"self":[{"href":"https:\/\/al-trader.org\/it\/wp-json\/wp\/v2\/pages\/1093","targetHints":{"allow":["GET"]}}],"collection":[{"href":"https:\/\/al-trader.org\/it\/wp-json\/wp\/v2\/pages"}],"about":[{"href":"https:\/\/al-trader.org\/it\/wp-json\/wp\/v2\/types\/page"}],"author":[{"embeddable":true,"href":"https:\/\/al-trader.org\/it\/wp-json\/wp\/v2\/users\/1"}],"replies":[{"embeddable":true,"href":"https:\/\/al-trader.org\/it\/wp-json\/wp\/v2\/comments?post=1093"}],"version-history":[{"count":0,"href":"https:\/\/al-trader.org\/it\/wp-json\/wp\/v2\/pages\/1093\/revisions"}],"wp:attachment":[{"href":"https:\/\/al-trader.org\/it\/wp-json\/wp\/v2\/media?parent=1093"}],"curies":[{"name":"wp","href":"https:\/\/api.w.org\/{rel}","templated":true}]}}