{"id":1085,"date":"2023-07-18T17:06:28","date_gmt":"2023-07-18T17:06:28","guid":{"rendered":"https:\/\/al-trader.org\/?page_id=1085"},"modified":"2023-10-27T11:03:28","modified_gmt":"2023-10-27T11:03:28","slug":"cripto-cfd","status":"publish","type":"page","link":"https:\/\/al-trader.org\/it\/crypto-cfds\/","title":{"rendered":"Crypto CFD&#8217;s"},"content":{"rendered":"<div data-elementor-type=\"wp-page\" data-elementor-id=\"1085\" class=\"elementor elementor-1085\" data-elementor-post-type=\"page\">\n\t\t\t\t\t\t<section class=\"elementor-section elementor-top-section elementor-element elementor-element-6b36f8e elementor-section-boxed elementor-section-height-default elementor-section-height-default\" data-id=\"6b36f8e\" data-element_type=\"section\" data-e-type=\"section\">\n\t\t\t\t\t\t<div class=\"elementor-container elementor-column-gap-default\">\n\t\t\t\t\t<div class=\"elementor-column elementor-col-100 elementor-top-column elementor-element elementor-element-42b36cd\" data-id=\"42b36cd\" data-element_type=\"column\" data-e-type=\"column\">\n\t\t\t<div class=\"elementor-widget-wrap elementor-element-populated\">\n\t\t\t\t\t\t<div class=\"elementor-element elementor-element-73f6044 elementor-widget elementor-widget-heading\" data-id=\"73f6044\" data-element_type=\"widget\" data-e-type=\"widget\" data-widget_type=\"heading.default\">\n\t\t\t\t\t<h1 class=\"elementor-heading-title elementor-size-default\">Unisciti a un'epica ricerca nel regno dei CFD sulle criptovalute<\/h1>\t\t\t\t<\/div>\n\t\t\t\t<div class=\"elementor-element elementor-element-ae2e1f3 elementor-widget elementor-widget-text-editor\" data-id=\"ae2e1f3\" data-element_type=\"widget\" data-e-type=\"widget\" data-widget_type=\"text-editor.default\">\n\t\t\t\t\t\t\t\t\t<p><span style=\"font-weight: 400;\">Scopri la magia del trading di criptovalute, esplora piattaforme mistiche e scegli il tuo mago delle criptovalute di fiducia. L'avventura ti aspetta nel regno digitale!<\/span><\/p>\t\t\t\t\t\t\t\t<\/div>\n\t\t\t\t<div class=\"elementor-element elementor-element-8a057aa elementor-widget elementor-widget-heading\" data-id=\"8a057aa\" data-element_type=\"widget\" data-e-type=\"widget\" data-widget_type=\"heading.default\">\n\t\t\t\t\t<h2 class=\"elementor-heading-title elementor-size-default\">I trader di AL hanno vissuto un viaggio incantato attraverso i CFD sulle criptovalute<\/h2>\t\t\t\t<\/div>\n\t\t\t\t<div class=\"elementor-element elementor-element-9787116 elementor-widget elementor-widget-text-editor\" data-id=\"9787116\" data-element_type=\"widget\" data-e-type=\"widget\" data-widget_type=\"text-editor.default\">\n\t\t\t\t\t\t\t\t\t<p><span style=\"font-weight: 400;\">Dove magia e tecnologia si incontrano!<\/span><\/p><p><span style=\"font-weight: 400;\">Ehi, giovani avventurieri! Avete mai sognato di scoprire tesori nascosti in un mondo digitale? Beh, indovinate un po'? Con AL Trader, potete farlo nel regno mistico dei \"CFD sulle criptovalute\"! \u00c8 dove le monete magiche esistono solo nel cyberspazio e potete scambiarle per un profitto. Sembra eccitante, vero? Immergiamoci insieme in questa caccia al tesoro digitale!<\/span><\/p>\t\t\t\t\t\t\t\t<\/div>\n\t\t\t\t<div class=\"elementor-element elementor-element-f09f65d elementor-widget elementor-widget-heading\" data-id=\"f09f65d\" data-element_type=\"widget\" data-e-type=\"widget\" data-widget_type=\"heading.default\">\n\t\t\t\t\t<h2 class=\"elementor-heading-title elementor-size-default\">CFD sulle criptovalute: oro digitale o diamanti spaziali?<\/h2>\t\t\t\t<\/div>\n\t\t\t\t<div class=\"elementor-element elementor-element-0b584ed elementor-widget elementor-widget-text-editor\" data-id=\"0b584ed\" data-element_type=\"widget\" data-e-type=\"widget\" data-widget_type=\"text-editor.default\">\n\t\t\t\t\t\t\t\t\t<p>Analogamente a vari altri strumenti CFD, i CFD sulle criptovalute garantiscono l'accesso a una pi\u00f9 ampia esposizione al mercato attraverso un investimento iniziale relativamente modesto. La leva finanziaria ha il potenziale di amplificare i potenziali profitti; tuttavia, aumenta contemporaneamente la suscettibilit\u00e0 alle perdite. Pertanto, si consiglia ai trader di esercitare cautela nell'impiego della leva finanziaria e di adottare efficaci tattiche di gestione del rischio.<\/p>\t\t\t\t\t\t\t\t<\/div>\n\t\t\t\t<div class=\"elementor-element elementor-element-8eb46ee elementor-widget elementor-widget-heading\" data-id=\"8eb46ee\" data-element_type=\"widget\" data-e-type=\"widget\" data-widget_type=\"heading.default\">\n\t\t\t\t\t<h2 class=\"elementor-heading-title elementor-size-default\">Il Portale Magico: cos'\u00e8 il trading di CFD sulle criptovalute e come funziona?<\/h2>\t\t\t\t<\/div>\n\t\t\t\t<div class=\"elementor-element elementor-element-099da71 elementor-widget elementor-widget-text-editor\" data-id=\"099da71\" data-element_type=\"widget\" data-e-type=\"widget\" data-widget_type=\"text-editor.default\">\n\t\t\t\t\t\t\t\t\t<p><span style=\"font-weight: 400;\">Il trading di CFD sulle criptovalute \u00e8 come un gioco di portali magici. Prevedi se il valore di questi tesori digitali salir\u00e0 o scender\u00e0. Fai queste previsioni basandoti su grafici mistici e sfere di cristallo (ok, sono solo strumenti di trading, ma la magia suona meglio!). Il trucco \u00e8 che stai giocando con l'idea delle monete, non con le monete stesse. Si tratta di fare ipotesi intelligenti!<\/span><\/p>\t\t\t\t\t\t\t\t<\/div>\n\t\t\t\t<div class=\"elementor-element elementor-element-ab1c1a5 elementor-widget elementor-widget-heading\" data-id=\"ab1c1a5\" data-element_type=\"widget\" data-e-type=\"widget\" data-widget_type=\"heading.default\">\n\t\t\t\t\t<h2 class=\"elementor-heading-title elementor-size-default\">Scegli il tuo tappeto magico: piattaforma di trading di CFD su criptovalute<\/h2>\t\t\t\t<\/div>\n\t\t\t\t<div class=\"elementor-element elementor-element-a486300 elementor-widget elementor-widget-text-editor\" data-id=\"a486300\" data-element_type=\"widget\" data-e-type=\"widget\" data-widget_type=\"text-editor.default\">\n\t\t\t\t\t\t\t\t\t<p><span style=\"font-weight: 400;\">La tua avventura non sarebbe completa senza un tappeto magico. Bene, nel mondo dei CFD sulle criptovalute, questo tappeto \u00e8 la tua piattaforma di trading! \u00c8 un posto speciale, come un castello tra le nuvole, dove avviene tutto il tuo trading. AL Trader ti offre un tappeto con superpoteri: grafici magici in tempo reale, scambi rapidissimi e persino un libro di incantesimi (o risorse educative per i babbani l\u00e0 fuori).<\/span><\/p>\t\t\t\t\t\t\t\t<\/div>\n\t\t\t\t<div class=\"elementor-element elementor-element-d037cbb elementor-widget elementor-widget-heading\" data-id=\"d037cbb\" data-element_type=\"widget\" data-e-type=\"widget\" data-widget_type=\"heading.default\">\n\t\t\t\t\t<h2 class=\"elementor-heading-title elementor-size-default\">I maghi del mondo digitale: broker di CFD su criptovalute<\/h2>\t\t\t\t<\/div>\n\t\t\t\t<div class=\"elementor-element elementor-element-c36af56 elementor-widget elementor-widget-text-editor\" data-id=\"c36af56\" data-element_type=\"widget\" data-e-type=\"widget\" data-widget_type=\"text-editor.default\">\n\t\t\t\t\t\t\t\t\t<p><span style=\"font-weight: 400;\">In ogni ricerca magica, un mago saggio guida la strada. Nei CFD sulle criptovalute, questi maghi sono noti come broker. Sono esperti e affidabili, e ti aiutano a navigare nel tuo viaggio. AL Trader \u00e8 come il mago grande maestro, che offre guida, potenti strumenti di trading e un caveau sicuro per i tuoi tesori!<\/span><\/p>\t\t\t\t\t\t\t\t<\/div>\n\t\t\t\t<div class=\"elementor-element elementor-element-68e468f elementor-widget elementor-widget-heading\" data-id=\"68e468f\" data-element_type=\"widget\" data-e-type=\"widget\" data-widget_type=\"heading.default\">\n\t\t\t\t\t<h2 class=\"elementor-heading-title elementor-size-default\">Intraprendere la tua ricerca di CFD sulle criptovalute: una mappa passo dopo passo<\/h2>\t\t\t\t<\/div>\n\t\t\t\t<div class=\"elementor-element elementor-element-31e07f3 elementor-widget elementor-widget-text-editor\" data-id=\"31e07f3\" data-element_type=\"widget\" data-e-type=\"widget\" data-widget_type=\"text-editor.default\">\n\t\t\t\t\t\t\t\t\t<ol><li><span style=\"font-weight: 400;\"> Impara gli incantesimi magici: prima di iniziare, scopri la magia dietro i CFD sulle criptovalute. La biblioteca di AL Trader (ok, \u00e8 un sito web) \u00e8 piena di pergamene e libri (intendiamo articoli e video) per insegnarti questi incantesimi!<\/span><\/li><\/ol><p><span style=\"font-weight: 400;\">\u00a0<\/span><\/p><ol start=\"2\"><li><span style=\"font-weight: 400;\"> Fai pratica con uno specchio magico: prova prima un account demo! \u00c8 come uno specchio magico che ti consente di esercitarti con i tuoi incantesimi senza rischi. Bello, vero?<\/span><\/li><\/ol><p><span style=\"font-weight: 400;\">\u00a0<\/span><\/p><ol start=\"3\"><li><span style=\"font-weight: 400;\"> Pianifica la tua avventura: decidi quanto sei disposto a rischiare e quando ti fermerai per goderti il \u200b\u200bbottino. Anche gli avventurieri hanno bisogno di un piano!<\/span><\/li><\/ol><p><span style=\"font-weight: 400;\">\u00a0<\/span><\/p><ol start=\"4\"><li><span style=\"font-weight: 400;\"> Fidati dei tuoi strumenti magici: usa gli strumenti e le intuizioni di AL Trader per prendere decisioni informate. \u00c8 come avere una bussola, una mappa e un cannocchiale, tutto in uno!<\/span><\/li><\/ol><p><span style=\"font-weight: 400;\">\u00a0<\/span><\/p><ol start=\"5\"><li><span style=\"font-weight: 400;\"> Unisciti alla Gilda: fai parte di una comunit\u00e0! Condividi i tuoi racconti e impara da altri avventurieri come te!<\/span><\/li><\/ol>\t\t\t\t\t\t\t\t<\/div>\n\t\t\t\t<div class=\"elementor-element elementor-element-d1ac8f1 elementor-widget elementor-widget-heading\" data-id=\"d1ac8f1\" data-element_type=\"widget\" data-e-type=\"widget\" data-widget_type=\"heading.default\">\n\t\t\t\t\t<h2 class=\"elementor-heading-title elementor-size-default\">Perch\u00e9 AL Trader \u00e8 il tuo compagno di avventure definitivo nei CFD sulle criptovalute<\/h2>\t\t\t\t<\/div>\n\t\t\t\t<div class=\"elementor-element elementor-element-68821f1 elementor-widget elementor-widget-text-editor\" data-id=\"68821f1\" data-element_type=\"widget\" data-e-type=\"widget\" data-widget_type=\"text-editor.default\">\n\t\t\t\t\t\t\t\t\t<p><span style=\"font-weight: 400;\">\u2013 Consiglio saggio: il nostro team \u00e8 come un consiglio di saggi, che offrono conoscenza e supporto nel tuo viaggio.<\/span><\/p><p><span style=\"font-weight: 400;\">\u2013 Strumenti mistici: dai grafici incantati agli avvisi di mercato magici, abbiamo tutti i gadget che un avventuriero potrebbe desiderare!<\/span><\/p><p><span style=\"font-weight: 400;\">\u2013 Incantesimi di sicurezza: proteggiamo il tuo viaggio con gli incantesimi di sicurezza pi\u00f9 importanti (misure di sicurezza di alto livello)!<\/span><\/p>\t\t\t\t\t\t\t\t<\/div>\n\t\t\t\t<div class=\"elementor-element elementor-element-667ae09 elementor-widget elementor-widget-heading\" data-id=\"667ae09\" data-element_type=\"widget\" data-e-type=\"widget\" data-widget_type=\"heading.default\">\n\t\t\t\t\t<h2 class=\"elementor-heading-title elementor-size-default\">Pronti a svelare i misteri dei CFD sulle criptovalute?<\/h2>\t\t\t\t<\/div>\n\t\t\t\t<div class=\"elementor-element elementor-element-d4ce36c elementor-widget elementor-widget-text-editor\" data-id=\"d4ce36c\" data-element_type=\"widget\" data-e-type=\"widget\" data-widget_type=\"text-editor.default\">\n\t\t\t\t\t\t\t\t\t<p><span style=\"font-weight: 400;\">Prepara la tua borsa da avventuriero perch\u00e9 ti aspetta un viaggio emozionante nel regno dei CFD sulle criptovalute! Con AL Trader come guida, esplorerai sentieri nascosti, decifrerai grafici mistici e forse troverai persino il tuo vaso d'oro digitale alla fine dell'arcobaleno. Ricorda, giovane avventuriero, la strada potrebbe essere tortuosa, ma i tesori e i trionfi che scoprirai con i CFD sulle criptovalute sono illimitati. Quindi, prendi la tua bacchetta magica e partiamo per il vasto ed entusiasmante mondo delle criptovalute con AL Trader! L'avventura \u00e8 l\u00e0 fuori!<\/span><\/p>\t\t\t\t\t\t\t\t<\/div>\n\t\t\t\t\t<\/div>\n\t\t<\/div>\n\t\t\t\t\t<\/div>\n\t\t<\/section>\n\t\t\t\t<\/div>","protected":false},"excerpt":{"rendered":"<p>Join on an epic quest in the realm of Crypto CFD\u2019s Discover the magic of crypto trading, explore mystical platforms, and choose your trusted crypto wizard. Adventure awaits in the digital kingdom! AL Trader&#8217;s Enchanted Journey Through Crypto CFD\u2019s Where Magic and Technology Collide! Hey there, young adventurers! Have you ever dreamed of discovering hidden [&hellip;]<\/p>\n","protected":false},"author":1,"featured_media":0,"parent":0,"menu_order":0,"comment_status":"closed","ping_status":"closed","template":"elementor_header_footer","meta":{"footnotes":""},"class_list":["post-1085","page","type-page","status-publish","hentry"],"_links":{"self":[{"href":"https:\/\/al-trader.org\/it\/wp-json\/wp\/v2\/pages\/1085","targetHints":{"allow":["GET"]}}],"collection":[{"href":"https:\/\/al-trader.org\/it\/wp-json\/wp\/v2\/pages"}],"about":[{"href":"https:\/\/al-trader.org\/it\/wp-json\/wp\/v2\/types\/page"}],"author":[{"embeddable":true,"href":"https:\/\/al-trader.org\/it\/wp-json\/wp\/v2\/users\/1"}],"replies":[{"embeddable":true,"href":"https:\/\/al-trader.org\/it\/wp-json\/wp\/v2\/comments?post=1085"}],"version-history":[{"count":0,"href":"https:\/\/al-trader.org\/it\/wp-json\/wp\/v2\/pages\/1085\/revisions"}],"wp:attachment":[{"href":"https:\/\/al-trader.org\/it\/wp-json\/wp\/v2\/media?parent=1085"}],"curies":[{"name":"wp","href":"https:\/\/api.w.org\/{rel}","templated":true}]}}