{"id":1006,"date":"2023-07-18T13:55:47","date_gmt":"2023-07-18T13:55:47","guid":{"rendered":"https:\/\/al-trader.org\/?page_id=1006"},"modified":"2023-10-31T05:47:54","modified_gmt":"2023-10-31T05:47:54","slug":"azioni","status":"publish","type":"page","link":"https:\/\/al-trader.org\/it\/shares\/","title":{"rendered":"Azioni"},"content":{"rendered":"<div data-elementor-type=\"wp-page\" data-elementor-id=\"1006\" class=\"elementor elementor-1006\" data-elementor-post-type=\"page\">\n\t\t\t\t\t\t<section class=\"elementor-section elementor-top-section elementor-element elementor-element-65f0762 elementor-section-boxed elementor-section-height-default elementor-section-height-default\" data-id=\"65f0762\" data-element_type=\"section\" data-e-type=\"section\">\n\t\t\t\t\t\t<div class=\"elementor-container elementor-column-gap-default\">\n\t\t\t\t\t<div class=\"elementor-column elementor-col-100 elementor-top-column elementor-element elementor-element-b2c5954\" data-id=\"b2c5954\" data-element_type=\"column\" data-e-type=\"column\">\n\t\t\t<div class=\"elementor-widget-wrap elementor-element-populated\">\n\t\t\t\t\t\t<div class=\"elementor-element elementor-element-4c1a81c elementor-widget elementor-widget-heading\" data-id=\"4c1a81c\" data-element_type=\"widget\" data-e-type=\"widget\" data-widget_type=\"heading.default\">\n\t\t\t\t\t<h1 class=\"elementor-heading-title elementor-size-default\">Tuffati nell'emozionante mondo del trading azionario! Scopri come fare trading azionario, le azioni pi\u00f9 interessanti da acquistare ora e le migliori per il trading. La tua avventura negli investimenti inizia qui!<\/h1>\t\t\t\t<\/div>\n\t\t\t\t<div class=\"elementor-element elementor-element-cbb8277 elementor-widget elementor-widget-text-editor\" data-id=\"cbb8277\" data-element_type=\"widget\" data-e-type=\"widget\" data-widget_type=\"text-editor.default\">\n\t\t\t\t\t\t\t\t\t<p><span style=\"font-weight: 400;\">Benvenuti nel fantastico universo delle azioni <a href=\"https:\/\/al-trader.org\/it\/come-funziona\/\">fare trading su AL Trader<\/a>, dove ogni giorno \u00e8 un'avventura e tu sei l'eroe della storia! Hai mai sognato di possedere una quota della tua azienda preferita? Quella che produce i tuoi amati videogiochi o giocattoli? Bene, nel mondo delle azioni, puoi!<\/span><\/p>\t\t\t\t\t\t\t\t<\/div>\n\t\t\t\t<div class=\"elementor-element elementor-element-c61a2ee elementor-widget elementor-widget-heading\" data-id=\"c61a2ee\" data-element_type=\"widget\" data-e-type=\"widget\" data-widget_type=\"heading.default\">\n\t\t\t\t\t<h2 class=\"elementor-heading-title elementor-size-default\">Caccia al tesoro azionaria: quali azioni acquistare adesso?<\/h2>\t\t\t\t<\/div>\n\t\t\t\t<div class=\"elementor-element elementor-element-63849a6 elementor-widget elementor-widget-text-editor\" data-id=\"63849a6\" data-element_type=\"widget\" data-e-type=\"widget\" data-widget_type=\"text-editor.default\">\n\t\t\t\t\t\t\t\t\t<p><span style=\"font-weight: 400;\">Scegliere le azioni \u00e8 come scegliere lo spuntino perfetto. Ce ne sono molti, ma quale render\u00e0 felici le tue papille gustative (o, in questo caso, il tuo portafoglio)? Ecco alcuni suggerimenti:<\/span><\/p><p><span style=\"font-weight: 400;\">\u00a0<\/span><\/p><ol><li><b>I preferiti prima: <\/b><span style=\"font-weight: 400;\">Pensa alle aziende che ami. Quelle che rendono la tua vita divertente, come i creatori di videogiochi o le fabbriche di cioccolato. Le loro azioni potrebbero essere una dolce sorpresa per i tuoi risparmi!<\/span><\/li><\/ol><p><span style=\"font-weight: 400;\">\u00a0<\/span><\/p><ol start=\"2\"><li><b> Tesori alla moda<\/b><span style=\"font-weight: 400;\">: Ascolta il ronzio! Quali aziende stanno realizzando cose nuove e fantastiche? Che ne dici di auto volanti o robot? Le azioni di aziende innovative possono essere come biglietti d'oro!<\/span><\/li><\/ol><p><span style=\"font-weight: 400;\">\u00a0<\/span><\/p><p><span style=\"font-weight: 400;\">3. <\/span><b>Chiedi ai Gufi Saggi:<\/b><span style=\"font-weight: 400;\"> In AL Trader, abbiamo esperti (come vecchi e saggi gufi) che sanno molto su \"quale azione \u00e8 la migliore per il trading\". Sono qui per guidarti!<\/span><\/p>\t\t\t\t\t\t\t\t<\/div>\n\t\t\t\t<div class=\"elementor-element elementor-element-09c80e0 elementor-widget elementor-widget-heading\" data-id=\"09c80e0\" data-element_type=\"widget\" data-e-type=\"widget\" data-widget_type=\"heading.default\">\n\t\t\t\t\t<h2 class=\"elementor-heading-title elementor-size-default\">Come si fa trading sulle azioni?<\/h2>\t\t\t\t<\/div>\n\t\t\t\t<div class=\"elementor-element elementor-element-7362fd6 elementor-widget elementor-widget-text-editor\" data-id=\"7362fd6\" data-element_type=\"widget\" data-e-type=\"widget\" data-widget_type=\"text-editor.default\">\n\t\t\t\t\t\t\t\t\t<p><span style=\"font-weight: 400;\">Negoziare azioni \u00e8 come giocare a un divertente videogioco in cui inizi con delle monete e cerchi di finire con un gigantesco forziere del tesoro! Immagina di essere in un gioco e di usare i tuoi soldi per acquistare pezzi di diversi forti o castelli (queste sono le tue \"azioni\" di aziende!). Nel tempo, questi forti e palazzi possono diventare pi\u00f9 preziosi, soprattutto se sono popolari nel gioco o hanno molti oggetti unici. Quando valgono di pi\u00f9, puoi scambiarli con altri giocatori per ancora pi\u00f9 monete di quelle che hai speso! Ma ricorda, il gioco pu\u00f2 essere a volte complicato e il valore dei tuoi forti pu\u00f2 diminuire. Ecco perch\u00e9 devi imparare a conoscere il gioco, fare scelte intelligenti e chiedere consigli a saggi maghi (come genitori o insegnanti) per aiutarti lungo il cammino!<\/span><\/p>\t\t\t\t\t\t\t\t<\/div>\n\t\t\t\t<div class=\"elementor-element elementor-element-f898ed0 elementor-widget elementor-widget-heading\" data-id=\"f898ed0\" data-element_type=\"widget\" data-e-type=\"widget\" data-widget_type=\"heading.default\">\n\t\t\t\t\t<h2 class=\"elementor-heading-title elementor-size-default\">Investire in azioni: piantare alberi dei soldi<\/h2>\t\t\t\t<\/div>\n\t\t\t\t<div class=\"elementor-element elementor-element-2403375 elementor-widget elementor-widget-text-editor\" data-id=\"2403375\" data-element_type=\"widget\" data-e-type=\"widget\" data-widget_type=\"text-editor.default\">\n\t\t\t\t\t\t\t\t\t<p><span style=\"font-weight: 400;\">Acquistare azioni non significa solo fare trading. Significa anche investire, come piantare un seme e guardarlo crescere <a href=\"https:\/\/al-trader.org\/it\/mercata\/\">crescere in un albero dei soldi<\/a>! Quando trovi \"azioni in cui investire\", stai creando uno scrigno del tesoro per il tuo futuro!<\/span><\/p><p><span style=\"font-weight: 400;\">\u00a0<\/span><\/p><p><span style=\"font-weight: 400;\">Ma come si scelgono i semi (o le quote) giusti?<\/span><\/p><p><span style=\"font-weight: 400;\">\u00a0<\/span><\/p><ol><li><span style=\"font-weight: 400;\"> Potenziale di crescita: cerca aziende con spazio per crescere, come una piantina che potrebbe trasformarsi in una quercia gigante!<\/span><\/li><li><span style=\"font-weight: 400;\"> Robusto e forte: scegli aziende in grado di resistere alle tempeste, come una nave robusta in alto mare!<\/span><\/li><li><span style=\"font-weight: 400;\"> Un futuro pi\u00f9 verde: le aziende che hanno a cuore il pianeta possono essere un'ottima scelta, come i giardinieri che si prendono cura delle loro piante!<\/span><\/li><\/ol>\t\t\t\t\t\t\t\t<\/div>\n\t\t\t\t<div class=\"elementor-element elementor-element-a18054f elementor-widget elementor-widget-heading\" data-id=\"a18054f\" data-element_type=\"widget\" data-e-type=\"widget\" data-widget_type=\"heading.default\">\n\t\t\t\t\t<h2 class=\"elementor-heading-title elementor-size-default\">Perch\u00e9 AL Trader \u00e8 il tuo super assistente nel trading azionario<\/h2>\t\t\t\t<\/div>\n\t\t\t\t<div class=\"elementor-element elementor-element-e56e3ac elementor-widget elementor-widget-text-editor\" data-id=\"e56e3ac\" data-element_type=\"widget\" data-e-type=\"widget\" data-widget_type=\"text-editor.default\">\n\t\t\t\t\t\t\t\t\t<p><span style=\"font-weight: 400;\">Ora, potresti chiederti: \"Perch\u00e9 AL Trader?\" Bene, ecco perch\u00e9 siamo il Robin del tuo Batman:<\/span><\/p><p><span style=\"font-weight: 400;\">\u00a0<\/span><\/p><p><span style=\"font-weight: 400;\">\u00a0<\/span><b>Super intelligente:<\/b><span style=\"font-weight: 400;\"> Il nostro team \u00e8 composto da un gruppo di bibliotecari intelligenti che conoscono tutto del mondo delle azioni!<\/span><\/p><p><span style=\"font-weight: 400;\">\u00a0<\/span><b>Amici fidati:<\/b><span style=\"font-weight: 400;\"> Non siamo solo brillanti, siamo affidabili! Come i supereroi, ci impegniamo a mantenere la tua avventura finanziaria sicura e divertente!<\/span><\/p><p><span style=\"font-weight: 400;\">\u00a0<\/span><b>\u9b54\u6cd5\u306e\u9053\u5177:<\/b><span style=\"font-weight: 400;\"> Il nostro sito web \u00e8 una miniera di strumenti che rendono il trading un viaggio magico!<\/span><\/p>\t\t\t\t\t\t\t\t<\/div>\n\t\t\t\t<div class=\"elementor-element elementor-element-d479ad2 elementor-widget elementor-widget-heading\" data-id=\"d479ad2\" data-element_type=\"widget\" data-e-type=\"widget\" data-widget_type=\"heading.default\">\n\t\t\t\t\t<h2 class=\"elementor-heading-title elementor-size-default\">Unisciti alla AL Trader League degli straordinari trader!<\/h2>\t\t\t\t<\/div>\n\t\t\t\t<div class=\"elementor-element elementor-element-e53d57a elementor-widget elementor-widget-text-editor\" data-id=\"e53d57a\" data-element_type=\"widget\" data-e-type=\"widget\" data-widget_type=\"text-editor.default\">\n\t\t\t\t\t\t\t\t\t<p><span style=\"font-weight: 400;\">Pronti a tuffarvi nel mondo delle azioni? Siamo cos\u00ec emozionati di avervi nella nostra lega! Ricordate, il viaggio di ogni eroe ha alti e bassi, ma con AL Trader, avete un compagno fidato. Quindi, prendete il vostro mantello e voliamo nel cielo del trading azionario! Chiss\u00e0, potreste diventare il prossimo Shares Wizard!<\/span><\/p><p><span style=\"font-weight: 400;\">E ricordate, il team di AL Trader \u00e8 sempre qui per voi, pronto con un sorriso, qualche buon consiglio e magari uno o due trucchi magici! Buon trading, amici!<\/span><\/p><p><span style=\"font-weight: 400;\">Ricorda che fare trading di azioni pu\u00f2 essere come andare sulle montagne russe, con alti e bassi, ed \u00e8 importante parlare con i tuoi genitori o con un adulto di cui ti fidi prima di iniziare. Ma non preoccuparti: la famiglia AL Trader \u00e8 qui per rendere il tuo viaggio condiviso sicuro ed emozionante!<\/span><\/p>\t\t\t\t\t\t\t\t<\/div>\n\t\t\t\t\t<\/div>\n\t\t<\/div>\n\t\t\t\t\t<\/div>\n\t\t<\/section>\n\t\t\t\t<\/div>","protected":false},"excerpt":{"rendered":"<p>Dive into the thrilling world of shares trading! Discover how to trade shares, the coolest shares to buy now, and the best ones for trading. Your adventure in investing starts here! Welcome to the fantastic universe of shares trading at AL Trader, where every day is an adventure, and you&#8217;re the story&#8217;s hero! Have you [&hellip;]<\/p>\n","protected":false},"author":1,"featured_media":0,"parent":0,"menu_order":0,"comment_status":"closed","ping_status":"closed","template":"elementor_header_footer","meta":{"footnotes":""},"class_list":["post-1006","page","type-page","status-publish","hentry"],"_links":{"self":[{"href":"https:\/\/al-trader.org\/it\/wp-json\/wp\/v2\/pages\/1006","targetHints":{"allow":["GET"]}}],"collection":[{"href":"https:\/\/al-trader.org\/it\/wp-json\/wp\/v2\/pages"}],"about":[{"href":"https:\/\/al-trader.org\/it\/wp-json\/wp\/v2\/types\/page"}],"author":[{"embeddable":true,"href":"https:\/\/al-trader.org\/it\/wp-json\/wp\/v2\/users\/1"}],"replies":[{"embeddable":true,"href":"https:\/\/al-trader.org\/it\/wp-json\/wp\/v2\/comments?post=1006"}],"version-history":[{"count":0,"href":"https:\/\/al-trader.org\/it\/wp-json\/wp\/v2\/pages\/1006\/revisions"}],"wp:attachment":[{"href":"https:\/\/al-trader.org\/it\/wp-json\/wp\/v2\/media?parent=1006"}],"curies":[{"name":"wp","href":"https:\/\/api.w.org\/{rel}","templated":true}]}}