{"id":982,"date":"2023-07-18T13:26:40","date_gmt":"2023-07-18T13:26:40","guid":{"rendered":"https:\/\/al-trader.org\/?page_id=982"},"modified":"2024-12-13T08:03:46","modified_gmt":"2024-12-13T08:03:46","slug":"divisas","status":"publish","type":"page","link":"https:\/\/al-trader.org\/es\/forex\/","title":{"rendered":"Forex"},"content":{"rendered":"<div data-elementor-type=\"wp-page\" data-elementor-id=\"982\" class=\"elementor elementor-982\" data-elementor-post-type=\"page\">\n\t\t\t\t\t\t<section class=\"elementor-section elementor-top-section elementor-element elementor-element-53d4cc7 elementor-section-boxed elementor-section-height-default elementor-section-height-default\" data-id=\"53d4cc7\" data-element_type=\"section\" data-e-type=\"section\">\n\t\t\t\t\t\t<div class=\"elementor-container elementor-column-gap-default\">\n\t\t\t\t\t<div class=\"elementor-column elementor-col-100 elementor-top-column elementor-element elementor-element-f84cd6b\" data-id=\"f84cd6b\" data-element_type=\"column\" data-e-type=\"column\">\n\t\t\t<div class=\"elementor-widget-wrap elementor-element-populated\">\n\t\t\t\t\t\t<div class=\"elementor-element elementor-element-bd72417 elementor-widget elementor-widget-heading\" data-id=\"bd72417\" data-element_type=\"widget\" data-e-type=\"widget\" data-widget_type=\"heading.default\">\n\t\t\t\t\t<h1 class=\"elementor-heading-title elementor-size-default\">Descubra los misterios del trading de divisas. Descubra qu\u00e9 es el trading de divisas, c\u00f3mo funciona y c\u00f3mo pueden adentrarse en \u00e9l los principiantes.<\/h1>\t\t\t\t<\/div>\n\t\t\t\t<div class=\"elementor-element elementor-element-dbe7ed7 elementor-widget elementor-widget-text-editor\" data-id=\"dbe7ed7\" data-element_type=\"widget\" data-e-type=\"widget\" data-widget_type=\"text-editor.default\">\n\t\t\t\t\t\t\t\t\t<p><span style=\"font-weight: 400;\">\u00a1Bienvenido al apasionante mundo del forex en AL Trader! \u00bfAlguna vez te has preguntado c\u00f3mo puedes ganar dinero simplemente intercambiando divisas, como d\u00f3lares por euros? \u00a1Pues de eso se trata el forex! Es como una gigantesca fiesta de intercambio de dinero que se lleva a cabo en Internet, y \u00bfadivina qu\u00e9? \u00a1Est\u00e1s invitado!<\/span><\/p>\t\t\t\t\t\t\t\t<\/div>\n\t\t\t\t<div class=\"elementor-element elementor-element-7dcd066 elementor-widget elementor-widget-heading\" data-id=\"7dcd066\" data-element_type=\"widget\" data-e-type=\"widget\" data-widget_type=\"heading.default\">\n\t\t\t\t\t<h2 class=\"elementor-heading-title elementor-size-default\">\u00bfDe qu\u00e9 se trata esto del \u00abForex\u00bb?<\/h2>\t\t\t\t<\/div>\n\t\t\t\t<div class=\"elementor-element elementor-element-f3d18a4 elementor-widget elementor-widget-text-editor\" data-id=\"f3d18a4\" data-element_type=\"widget\" data-e-type=\"widget\" data-widget_type=\"text-editor.default\">\n\t\t\t\t\t\t\t\t\t<p><span style=\"font-weight: 400;\">Entonces, \u201cforex\u201d es la abreviatura de \u201ccambio de divisas\u201d (es m\u00e1s f\u00e1cil de decir, \u00bfverdad?). Imag\u00ednate tener una varita m\u00e1gica que convierte tus d\u00f3lares en euros cuando la agitas. \u00bfQu\u00e9 pasar\u00eda si pudieras agitarla en el momento adecuado y terminar con m\u00e1s dinero del que ten\u00edas al principio? \u00a1Eso es forex! \u00a1Todo se trata de saber cu\u00e1ndo cambiar!<\/span><\/p>\t\t\t\t\t\t\t\t<\/div>\n\t\t\t\t<div class=\"elementor-element elementor-element-65d76f7 elementor-widget elementor-widget-heading\" data-id=\"65d76f7\" data-element_type=\"widget\" data-e-type=\"widget\" data-widget_type=\"heading.default\">\n\t\t\t\t\t<h2 class=\"elementor-heading-title elementor-size-default\">Pero \u00bfc\u00f3mo ocurre esta magia?<\/h2>\t\t\t\t<\/div>\n\t\t\t\t<div class=\"elementor-element elementor-element-c499dc3 elementor-widget elementor-widget-text-editor\" data-id=\"c499dc3\" data-element_type=\"widget\" data-e-type=\"widget\" data-widget_type=\"text-editor.default\">\n\t\t\t\t\t\t\t\t\t<ol><li><span style=\"font-weight: 400;\"> Todo es cuesti\u00f3n de tiempo: el trading de divisas es como un sube y baja gigante. A veces, el d\u00f3lar sube, el euro baja y, a veces, es al rev\u00e9s. \u00a1El truco es cambiar tu dinero cuando puedas obtener m\u00e1s a cambio!<\/span><\/li><\/ol><p><span style=\"font-weight: 400;\">\u00a0<\/span><\/p><ol start=\"2\"><li><span style=\"font-weight: 400;\"> Fiesta 24 horas al d\u00eda, 7 d\u00edas a la semana: \u00a1Esta fiesta del dinero nunca se detiene! Se lleva a cabo todo el d\u00eda, todos los d\u00edas. \u00a1As\u00ed que puedes unirte a la diversi\u00f3n por la ma\u00f1ana o incluso en mitad de la noche con tu pijama m\u00e1s relajado!<\/span><\/li><\/ol><p><span style=\"font-weight: 400;\">\u00a0<\/span><\/p><ol start=\"3\"><li><span style=\"font-weight: 400;\"> Tienes opciones: puedes intercambiar muchas divisas, como monedas, en un cofre del tesoro. \u00a1Puedes elegir tus favoritas!<\/span><\/li><\/ol>\t\t\t\t\t\t\t\t<\/div>\n\t\t\t\t<div class=\"elementor-element elementor-element-838fb5e elementor-widget elementor-widget-heading\" data-id=\"838fb5e\" data-element_type=\"widget\" data-e-type=\"widget\" data-widget_type=\"heading.default\">\n\t\t\t\t\t<h2 class=\"elementor-heading-title elementor-size-default\">Trading de Forex para principiantes: \u00a1Tu aventura comienza aqu\u00ed!<\/h2>\t\t\t\t<\/div>\n\t\t\t\t<div class=\"elementor-element elementor-element-7020c79 elementor-widget elementor-widget-text-editor\" data-id=\"7020c79\" data-element_type=\"widget\" data-e-type=\"widget\" data-widget_type=\"text-editor.default\">\n\t\t\t\t\t\t\t\t\t<p><span style=\"font-weight: 400;\">Comenzar algo nuevo puede dar miedo, como el primer d\u00eda en una nueva escuela. Pero no te preocupes, \u00a1te respaldamos! Aqu\u00ed te contamos c\u00f3mo puedes unirte a la fiesta de Forex:<\/span><\/p><p><span style=\"font-weight: 400;\">\u00a0<\/span><\/p><ol><li><span style=\"font-weight: 400;\"> Aprenda los pasos de baile: antes de comenzar, es bueno conocer algunos pasos b\u00e1sicos. \u00bfQu\u00e9 es el trading de divisas y c\u00f3mo funciona? Se trata de comprar y vender divisas.<\/span><\/li><\/ol><p><span style=\"font-weight: 400;\">\u00a0<\/span><\/p><ol start=\"2\"><li><span style=\"font-weight: 400;\"> Comience con la pr\u00e1ctica: no tiene que convertirse en una estrella de inmediato. Con AL Trader, puede practicar con dinero ficticio hasta que se sienta como un profesional.<\/span><\/li><\/ol><p><span style=\"font-weight: 400;\">\u00a0<\/span><\/p><ol start=\"3\"><li><span style=\"font-weight: 400;\"> Nuestros expertos de AL Trader son como profesores amigables, siempre listos para responder sus preguntas.<\/span><\/li><\/ol><p><span style=\"font-weight: 400;\">\u00a0<\/span><\/p><p><span style=\"font-weight: 400;\">\u00a1Preparados, listos, a descargar!<\/span><\/p><p><span style=\"font-weight: 400;\">\u00a0<\/span><\/p><p><span style=\"font-weight: 400;\">\u00bfQuieres tener la fiesta del mercado de divisas en tu bolsillo? \u00a1Con la aplicaci\u00f3n de operaciones de divisas AL Trader, puedes hacerlo! Estas son las razones por las que nuestra aplicaci\u00f3n es genial:<\/span><\/p><p><span style=\"font-weight: 400;\">\u00a0<\/span><\/p><ol><li><span style=\"font-weight: 400;\"> Siempre contigo: puedes consultar tus operaciones mientras comes un helado en el parque o durante un aburrido anuncio de televisi\u00f3n. \u00a1En cualquier momento y en cualquier lugar!<\/span><\/li><\/ol><p><span style=\"font-weight: 400;\">\u00a0<\/span><\/p><ol start=\"2\"><li><span style=\"font-weight: 400;\"> S\u00faper f\u00e1cil: \u00a1Nuestra aplicaci\u00f3n es para ni\u00f1os y adultos! Botones grandes, instrucciones claras y sin elementos confusos.<\/span><\/li><\/ol><p><span style=\"font-weight: 400;\">\u00a0<\/span><\/p><ol start=\"3\"><li><span style=\"font-weight: 400;\"> Seguro y protegido: \u00a1Mantenemos tu dinero e informaci\u00f3n seguros, como un superh\u00e9roe que protege una ciudad!<\/span><\/li><\/ol>\t\t\t\t\t\t\t\t<\/div>\n\t\t\t\t<div class=\"elementor-element elementor-element-ad2979e elementor-widget elementor-widget-heading\" data-id=\"ad2979e\" data-element_type=\"widget\" data-e-type=\"widget\" data-widget_type=\"heading.default\">\n\t\t\t\t\t<h3 class=\"elementor-heading-title elementor-size-default\">\u00bfPor qu\u00e9 elegir AL Trader para Forex?<\/h3>\t\t\t\t<\/div>\n\t\t\t\t<div class=\"elementor-element elementor-element-ba17d7f elementor-widget elementor-widget-text-editor\" data-id=\"ba17d7f\" data-element_type=\"widget\" data-e-type=\"widget\" data-widget_type=\"text-editor.default\">\n\t\t\t\t\t\t\t\t\t<p><span style=\"font-weight: 400;\">\u2013 Sabemos lo que hacemos: Somos como los b\u00fahos sabios del bosque de Forex. \u00a1Hemos estado en todo el mundo y conocemos todos los secretos del mundo del trading!<\/span><\/p><p><span style=\"font-weight: 400;\">\u2013 Amigos en los que puede confiar: no solo somos expertos, sino tambi\u00e9n sus amigos. Estamos aqu\u00ed para ayudarlo y garantizar que se sienta seguro y feliz con sus operaciones.<\/span><\/p><p><span style=\"font-weight: 400;\">\u2013 Un club de diversi\u00f3n: aprender sobre forex es como jugar a un videojuego con nosotros. \u00a1Te divertir\u00e1s tanto que ni siquiera te dar\u00e1s cuenta de que te est\u00e1s convirtiendo en un experto en forex!<\/span><\/p>\t\t\t\t\t\t\t\t<\/div>\n\t\t\t\t<div class=\"elementor-element elementor-element-5e251b6 elementor-widget elementor-widget-heading\" data-id=\"5e251b6\" data-element_type=\"widget\" data-e-type=\"widget\" data-widget_type=\"heading.default\">\n\t\t\t\t\t<h2 class=\"elementor-heading-title elementor-size-default\">\u00a1\u00danete a la familia AL Trader!<\/h2>\t\t\t\t<\/div>\n\t\t\t\t<div class=\"elementor-element elementor-element-d9274f2 elementor-widget elementor-widget-text-editor\" data-id=\"d9274f2\" data-element_type=\"widget\" data-e-type=\"widget\" data-widget_type=\"text-editor.default\">\n\t\t\t\t\t\t\t\t\t<p><span style=\"font-weight: 400;\">\u00bfEst\u00e1s listo para sumergirte en el mundo de Forex? \u00a1Estamos ansiosos por tenerte en nuestra familia AL Trader! Recuerda, todos empezamos en alg\u00fan lugar y estamos aqu\u00ed para ayudarte en cada paso del camino. Entonces, \u00bfqu\u00e9 est\u00e1s esperando? \u00a1Convirtamos esos d\u00f3lares en euros, yenes o incluso libras! \u00a1Qui\u00e9n sabe, tal vez seas la pr\u00f3xima superestrella de Forex!<\/span><\/p>\t\t\t\t\t\t\t\t<\/div>\n\t\t\t\t<div class=\"elementor-element elementor-element-4da0487 elementor-widget elementor-widget-text-editor\" data-id=\"4da0487\" data-element_type=\"widget\" data-e-type=\"widget\" data-widget_type=\"text-editor.default\">\n\t\t\t\t\t\t\t\t\t<p><span style=\"font-weight: 400;\">Y oye, recuerda, el equipo de AL Trader siempre est\u00e1 aqu\u00ed para ayudarte.<\/span><\/p>\t\t\t\t\t\t\t\t<\/div>\n\t\t\t\t<section class=\"elementor-section elementor-inner-section elementor-element elementor-element-250ae3f elementor-section-boxed elementor-section-height-default elementor-section-height-default\" data-id=\"250ae3f\" data-element_type=\"section\" data-e-type=\"section\">\n\t\t\t\t\t\t<div class=\"elementor-container elementor-column-gap-default\">\n\t\t\t\t\t<div class=\"elementor-column elementor-col-50 elementor-inner-column elementor-element elementor-element-b83baa3\" data-id=\"b83baa3\" data-element_type=\"column\" data-e-type=\"column\">\n\t\t\t<div class=\"elementor-widget-wrap elementor-element-populated\">\n\t\t\t\t\t\t<div class=\"elementor-element elementor-element-02a5d07 elementor-widget elementor-widget-heading\" data-id=\"02a5d07\" data-element_type=\"widget\" data-e-type=\"widget\" data-widget_type=\"heading.default\">\n\t\t\t\t\t<h2 class=\"elementor-heading-title elementor-size-large\">Descargue la aplicaci\u00f3n en<\/h2>\t\t\t\t<\/div>\n\t\t\t\t\t<\/div>\n\t\t<\/div>\n\t\t\t\t<div class=\"elementor-column elementor-col-50 elementor-inner-column elementor-element elementor-element-b184b74\" data-id=\"b184b74\" data-element_type=\"column\" data-e-type=\"column\">\n\t\t\t<div class=\"elementor-widget-wrap elementor-element-populated\">\n\t\t\t\t\t\t<div class=\"elementor-element elementor-element-b246206 elementor-widget__width-initial elementor-widget-tablet__width-initial elementor-widget-mobile__width-initial elementor-widget elementor-widget-image\" data-id=\"b246206\" data-element_type=\"widget\" data-e-type=\"widget\" data-widget_type=\"image.default\">\n\t\t\t\t\t\t\t\t\t\t\t\t\t\t\t\t<a href=\"https:\/\/al-trader.org\/es\/app-download\/\" target=\"_blank\">\n\t\t\t\t\t\t\t<img decoding=\"async\" width=\"300\" height=\"108\" src=\"https:\/\/al-trader.org\/wp-content\/uploads\/2024\/07\/al-trader-amazon-appstore-300x108.webp\" class=\"attachment-medium size-medium wp-image-4569\" alt=\"Amazon App Storre\" srcset=\"https:\/\/al-trader.org\/wp-content\/uploads\/2024\/07\/al-trader-amazon-appstore-300x108.webp 300w, https:\/\/al-trader.org\/wp-content\/uploads\/2024\/07\/al-trader-amazon-appstore.webp 463w\" sizes=\"(max-width: 300px) 100vw, 300px\" \/>\t\t\t\t\t\t\t\t<\/a>\n\t\t\t\t\t\t\t\t\t\t\t\t\t\t\t<\/div>\n\t\t\t\t\t<\/div>\n\t\t<\/div>\n\t\t\t\t\t<\/div>\n\t\t<\/section>\n\t\t\t\t<section class=\"elementor-section elementor-inner-section elementor-element elementor-element-6de91b0 elementor-section-boxed elementor-section-height-default elementor-section-height-default\" data-id=\"6de91b0\" data-element_type=\"section\" data-e-type=\"section\">\n\t\t\t\t\t\t<div class=\"elementor-container elementor-column-gap-default\">\n\t\t\t\t\t<div class=\"elementor-column elementor-col-100 elementor-inner-column elementor-element elementor-element-1cfd2b1\" data-id=\"1cfd2b1\" data-element_type=\"column\" data-e-type=\"column\">\n\t\t\t<div class=\"elementor-widget-wrap elementor-element-populated\">\n\t\t\t\t\t\t<div class=\"elementor-element elementor-element-23bb5ca elementor-widget elementor-widget-spacer\" data-id=\"23bb5ca\" data-element_type=\"widget\" data-e-type=\"widget\" data-widget_type=\"spacer.default\">\n\t\t\t\t\t\t\t<div class=\"elementor-spacer\">\n\t\t\t<div class=\"elementor-spacer-inner\"><\/div>\n\t\t<\/div>\n\t\t\t\t\t\t<\/div>\n\t\t\t\t\t<\/div>\n\t\t<\/div>\n\t\t\t\t\t<\/div>\n\t\t<\/section>\n\t\t\t\t\t<\/div>\n\t\t<\/div>\n\t\t\t\t\t<\/div>\n\t\t<\/section>\n\t\t\t\t<\/div>","protected":false},"excerpt":{"rendered":"<p>Unravel the mysteries of forex! Explore what forex trading is, how it works, and how beginners can dive in. Welcome to the super exciting world of forex on AL Trader! Have you ever wondered how you could make money by just swapping currencies, like dollars for euros? Well, that&#8217;s what forex is all about! It&#8217;s [&hellip;]<\/p>\n","protected":false},"author":1,"featured_media":0,"parent":0,"menu_order":0,"comment_status":"closed","ping_status":"closed","template":"elementor_header_footer","meta":{"footnotes":""},"class_list":["post-982","page","type-page","status-publish","hentry"],"_links":{"self":[{"href":"https:\/\/al-trader.org\/es\/wp-json\/wp\/v2\/pages\/982","targetHints":{"allow":["GET"]}}],"collection":[{"href":"https:\/\/al-trader.org\/es\/wp-json\/wp\/v2\/pages"}],"about":[{"href":"https:\/\/al-trader.org\/es\/wp-json\/wp\/v2\/types\/page"}],"author":[{"embeddable":true,"href":"https:\/\/al-trader.org\/es\/wp-json\/wp\/v2\/users\/1"}],"replies":[{"embeddable":true,"href":"https:\/\/al-trader.org\/es\/wp-json\/wp\/v2\/comments?post=982"}],"version-history":[{"count":0,"href":"https:\/\/al-trader.org\/es\/wp-json\/wp\/v2\/pages\/982\/revisions"}],"wp:attachment":[{"href":"https:\/\/al-trader.org\/es\/wp-json\/wp\/v2\/media?parent=982"}],"curies":[{"name":"wp","href":"https:\/\/api.w.org\/{rel}","templated":true}]}}