{"id":733,"date":"2023-06-25T11:08:22","date_gmt":"2023-06-25T11:08:22","guid":{"rendered":"https:\/\/al-trader.org\/?page_id=733"},"modified":"2023-10-27T10:48:08","modified_gmt":"2023-10-27T10:48:08","slug":"advertencia-de-riesgo","status":"publish","type":"page","link":"https:\/\/al-trader.org\/es\/risk-warning\/","title":{"rendered":"ADVERTENCIA DE RIESGO"},"content":{"rendered":"<div data-elementor-type=\"wp-page\" data-elementor-id=\"733\" class=\"elementor elementor-733\" data-elementor-post-type=\"page\">\n\t\t\t\t\t\t<section class=\"elementor-section elementor-top-section elementor-element elementor-element-3677949 elementor-section-boxed elementor-section-height-default elementor-section-height-default\" data-id=\"3677949\" data-element_type=\"section\" data-e-type=\"section\">\n\t\t\t\t\t\t<div class=\"elementor-container elementor-column-gap-default\">\n\t\t\t\t\t<div class=\"elementor-column elementor-col-100 elementor-top-column elementor-element elementor-element-44cc66b\" data-id=\"44cc66b\" data-element_type=\"column\" data-e-type=\"column\">\n\t\t\t<div class=\"elementor-widget-wrap elementor-element-populated\">\n\t\t\t\t\t\t<div class=\"elementor-element elementor-element-85bc9a8 elementor-widget elementor-widget-heading\" data-id=\"85bc9a8\" data-element_type=\"widget\" data-e-type=\"widget\" data-widget_type=\"heading.default\">\n\t\t\t\t\t<h1 class=\"elementor-heading-title elementor-size-default\">ADVERTENCIA DE RIESGO<\/h1>\t\t\t\t<\/div>\n\t\t\t\t\t<\/div>\n\t\t<\/div>\n\t\t\t\t\t<\/div>\n\t\t<\/section>\n\t\t\t\t<section class=\"elementor-section elementor-top-section elementor-element elementor-element-4783c6e elementor-section-boxed elementor-section-height-default elementor-section-height-default\" data-id=\"4783c6e\" data-element_type=\"section\" data-e-type=\"section\">\n\t\t\t\t\t\t<div class=\"elementor-container elementor-column-gap-default\">\n\t\t\t\t\t<div class=\"elementor-column elementor-col-100 elementor-top-column elementor-element elementor-element-99e7959\" data-id=\"99e7959\" data-element_type=\"column\" data-e-type=\"column\">\n\t\t\t<div class=\"elementor-widget-wrap elementor-element-populated\">\n\t\t\t\t\t\t<div class=\"elementor-element elementor-element-65e07ab elementor-widget elementor-widget-text-editor\" data-id=\"65e07ab\" data-element_type=\"widget\" data-e-type=\"widget\" data-widget_type=\"text-editor.default\">\n\t\t\t\t\t\t\t\t\t<p>Operar en divisas con margen conlleva un nivel considerable de riesgo y puede no ser adecuado para todos los inversores. El elevado apalancamiento puede jugar a su favor o en su contra. Antes de embarcarse en el comercio de divisas, es fundamental evaluar en profundidad sus objetivos de inversi\u00f3n, su nivel de experiencia y su tolerancia al riesgo.<\/p><p>Existe la posibilidad de perder parte o la totalidad de su inversi\u00f3n inicial, lo que pone de relieve la importancia de invertir \u00fanicamente fondos que pueda permitirse perder. Es fundamental tener en cuenta todos los riesgos inherentes a las operaciones de cambio de divisas y es recomendable buscar el asesoramiento de un asesor financiero independiente si surge alguna incertidumbre.<\/p><p>La negociaci\u00f3n de divisas conlleva riesgos importantes, que incluyen, entre otros factores, la volatilidad del mercado, los acontecimientos geopol\u00edticos, los aspectos econ\u00f3micos y las regulaciones financieras. El desempe\u00f1o pasado de cualquier estrategia o metodolog\u00eda de negociaci\u00f3n no garantiza resultados futuros.<\/p><p>Es fundamental comprender que el trading de divisas puede no ser adecuado para todas las personas y que es fundamental comprender los riesgos asociados antes de proceder. La posibilidad de incurrir en p\u00e9rdidas sustanciales que superen su inversi\u00f3n inicial es una posibilidad real. Antes de participar en cualquier actividad de trading de divisas, es fundamental evaluar su situaci\u00f3n financiera y su nivel de experiencia con cautela.<\/p><p>La informaci\u00f3n presentada en esta plataforma no debe interpretarse como asesoramiento financiero y no debe tomarse como tal. El contenido tiene \u00fanicamente fines informativos generales y no responde a sus circunstancias, aspiraciones o requisitos financieros individuales.<\/p><p>Se recomienda solicitar asesoramiento financiero independiente antes de tomar cualquier decisi\u00f3n de inversi\u00f3n. Todos los puntos de vista, noticias, investigaciones, an\u00e1lisis, precios u otra informaci\u00f3n proporcionada en esta plataforma deben considerarse comentarios generales sobre el mercado y no deben interpretarse como asesoramiento en materia de inversiones.<\/p><p>En conclusi\u00f3n, operar en el mercado de divisas conlleva riesgos importantes y puede no ser acorde con las preferencias de cada individuo. Es fundamental comprender en profundidad los riesgos inherentes y, si es necesario, buscar asesoramiento profesional antes de emprender cualquier tipo de operaci\u00f3n en el mercado de divisas.<\/p>\t\t\t\t\t\t\t\t<\/div>\n\t\t\t\t\t<\/div>\n\t\t<\/div>\n\t\t\t\t\t<\/div>\n\t\t<\/section>\n\t\t\t\t<\/div>","protected":false},"excerpt":{"rendered":"<p>RISK WARNING Trading foreign exchange on margin entails a considerable level of risk and might not be suitable for all investors. The elevated leverage can potentially work both in your favor and against you. Prior to embarking on foreign exchange trading, it is crucial to thoroughly evaluate your investment objectives, experience level, and risk tolerance. [&hellip;]<\/p>\n","protected":false},"author":1,"featured_media":0,"parent":0,"menu_order":0,"comment_status":"closed","ping_status":"closed","template":"elementor_header_footer","meta":{"footnotes":""},"class_list":["post-733","page","type-page","status-publish","hentry"],"_links":{"self":[{"href":"https:\/\/al-trader.org\/es\/wp-json\/wp\/v2\/pages\/733","targetHints":{"allow":["GET"]}}],"collection":[{"href":"https:\/\/al-trader.org\/es\/wp-json\/wp\/v2\/pages"}],"about":[{"href":"https:\/\/al-trader.org\/es\/wp-json\/wp\/v2\/types\/page"}],"author":[{"embeddable":true,"href":"https:\/\/al-trader.org\/es\/wp-json\/wp\/v2\/users\/1"}],"replies":[{"embeddable":true,"href":"https:\/\/al-trader.org\/es\/wp-json\/wp\/v2\/comments?post=733"}],"version-history":[{"count":0,"href":"https:\/\/al-trader.org\/es\/wp-json\/wp\/v2\/pages\/733\/revisions"}],"wp:attachment":[{"href":"https:\/\/al-trader.org\/es\/wp-json\/wp\/v2\/media?parent=733"}],"curies":[{"name":"wp","href":"https:\/\/api.w.org\/{rel}","templated":true}]}}