{"id":3062,"date":"2023-10-24T08:47:28","date_gmt":"2023-10-24T08:47:28","guid":{"rendered":"https:\/\/al-trader.org\/?page_id=3062"},"modified":"2023-10-31T05:27:22","modified_gmt":"2023-10-31T05:27:22","slug":"aviso-legal-para-al-trader","status":"publish","type":"page","link":"https:\/\/al-trader.org\/es\/disclaimers-for-al-trader\/","title":{"rendered":"Descargo de responsabilidad para AL Trader"},"content":{"rendered":"<div data-elementor-type=\"wp-page\" data-elementor-id=\"3062\" class=\"elementor elementor-3062\" data-elementor-post-type=\"page\">\n\t\t\t\t\t\t<section class=\"elementor-section elementor-top-section elementor-element elementor-element-57fcd7a elementor-section-boxed elementor-section-height-default elementor-section-height-default\" data-id=\"57fcd7a\" data-element_type=\"section\" data-e-type=\"section\">\n\t\t\t\t\t\t<div class=\"elementor-container elementor-column-gap-default\">\n\t\t\t\t\t<div class=\"elementor-column elementor-col-100 elementor-top-column elementor-element elementor-element-0bd8960\" data-id=\"0bd8960\" data-element_type=\"column\" data-e-type=\"column\">\n\t\t\t<div class=\"elementor-widget-wrap elementor-element-populated\">\n\t\t\t\t\t\t<div class=\"elementor-element elementor-element-846a4fd elementor-widget elementor-widget-spacer\" data-id=\"846a4fd\" data-element_type=\"widget\" data-e-type=\"widget\" data-widget_type=\"spacer.default\">\n\t\t\t\t\t\t\t<div class=\"elementor-spacer\">\n\t\t\t<div class=\"elementor-spacer-inner\"><\/div>\n\t\t<\/div>\n\t\t\t\t\t\t<\/div>\n\t\t\t\t<div class=\"elementor-element elementor-element-c445879 elementor-widget elementor-widget-heading\" data-id=\"c445879\" data-element_type=\"widget\" data-e-type=\"widget\" data-widget_type=\"heading.default\">\n\t\t\t\t\t<h1 class=\"elementor-heading-title elementor-size-xl\">Descargo de responsabilidad para AL Trader<\/h1>\t\t\t\t<\/div>\n\t\t\t\t<div class=\"elementor-element elementor-element-958f21c elementor-widget elementor-widget-text-editor\" data-id=\"958f21c\" data-element_type=\"widget\" data-e-type=\"widget\" data-widget_type=\"text-editor.default\">\n\t\t\t\t\t\t\t\t\t<p><span style=\"font-weight: 400;\">Toda la informaci\u00f3n contenida en este sitio web \u2013 https:\/\/al-trader.org\/ \u2013 se publica de buena fe y \u00fanicamente con fines de informaci\u00f3n general.<\/span><\/p><p><span style=\"font-weight: 400;\">Puede visitar otros sitios web desde nuestro sitio web siguiendo los hiperv\u00ednculos a dichos sitios externos. Al mismo tiempo, nos esforzamos por proporcionar solo enlaces de calidad a sitios web \u00fatiles y \u00e9ticos. Los propietarios de los sitios y el contenido pueden cambiar sin previo aviso y ocurrir antes de que podamos eliminar un enlace que pueda haberse vuelto \"defectuoso\".<\/span><\/p><p><span style=\"font-weight: 400;\">Please also be aware that when you leave our website, other sites may have different privacy policies and terms beyond our control. Please check the Privacy Policies of these sites and their &#8220;Terms of Service&#8221; before engaging in any business or uploading any information.<\/span><\/p>\t\t\t\t\t\t\t\t<\/div>\n\t\t\t\t<div class=\"elementor-element elementor-element-4b48fc9 elementor-widget elementor-widget-heading\" data-id=\"4b48fc9\" data-element_type=\"widget\" data-e-type=\"widget\" data-widget_type=\"heading.default\">\n\t\t\t\t\t<h2 class=\"elementor-heading-title elementor-size-large\">Consentir<\/h2>\t\t\t\t<\/div>\n\t\t\t\t<div class=\"elementor-element elementor-element-f8c1b1c elementor-widget elementor-widget-text-editor\" data-id=\"f8c1b1c\" data-element_type=\"widget\" data-e-type=\"widget\" data-widget_type=\"text-editor.default\">\n\t\t\t\t\t\t\t\t\t<p><span style=\"font-weight: 400;\">Al utilizar nuestro sitio web, usted ahora acepta nuestro descargo de responsabilidad y acepta sus t\u00e9rminos.<\/span><\/p>\t\t\t\t\t\t\t\t<\/div>\n\t\t\t\t<div class=\"elementor-element elementor-element-25198c6 elementor-widget elementor-widget-heading\" data-id=\"25198c6\" data-element_type=\"widget\" data-e-type=\"widget\" data-widget_type=\"heading.default\">\n\t\t\t\t\t<h2 class=\"elementor-heading-title elementor-size-large\">Al actualizar su consentimiento a nuestro descargo de responsabilidad y aceptar sus t\u00e9rminos.<\/h2>\t\t\t\t<\/div>\n\t\t\t\t<div class=\"elementor-element elementor-element-9df60d6 elementor-widget elementor-widget-text-editor\" data-id=\"9df60d6\" data-element_type=\"widget\" data-e-type=\"widget\" data-widget_type=\"text-editor.default\">\n\t\t\t\t\t\t\t\t\t<p><span style=\"font-weight: 400;\">Si actualizamos, modificamos o realizamos alg\u00fan cambio en este documento, dichos cambios se publicar\u00e1n de forma destacada aqu\u00ed.<\/span><\/p><p><span style=\"font-weight: 400;\">Si necesita m\u00e1s informaci\u00f3n o tiene alguna pregunta sobre el descargo de responsabilidad de nuestro sitio, no dude en contactarnos.<\/span><\/p>\t\t\t\t\t\t\t\t<\/div>\n\t\t\t\t\t<\/div>\n\t\t<\/div>\n\t\t\t\t\t<\/div>\n\t\t<\/section>\n\t\t\t\t<\/div>","protected":false},"excerpt":{"rendered":"<p>Disclaimers for AL Trader All the information on this website &#8211; https:\/\/al-trader.org\/ &#8211; is published in good faith and for general information purposes only. You can visit other websites from our website by following hyperlinks to such external sites. At the same time, we strive to provide only quality links to useful and ethical websites. [&hellip;]<\/p>\n","protected":false},"author":1,"featured_media":0,"parent":0,"menu_order":0,"comment_status":"closed","ping_status":"closed","template":"elementor_header_footer","meta":{"footnotes":""},"class_list":["post-3062","page","type-page","status-publish","hentry"],"_links":{"self":[{"href":"https:\/\/al-trader.org\/es\/wp-json\/wp\/v2\/pages\/3062","targetHints":{"allow":["GET"]}}],"collection":[{"href":"https:\/\/al-trader.org\/es\/wp-json\/wp\/v2\/pages"}],"about":[{"href":"https:\/\/al-trader.org\/es\/wp-json\/wp\/v2\/types\/page"}],"author":[{"embeddable":true,"href":"https:\/\/al-trader.org\/es\/wp-json\/wp\/v2\/users\/1"}],"replies":[{"embeddable":true,"href":"https:\/\/al-trader.org\/es\/wp-json\/wp\/v2\/comments?post=3062"}],"version-history":[{"count":0,"href":"https:\/\/al-trader.org\/es\/wp-json\/wp\/v2\/pages\/3062\/revisions"}],"wp:attachment":[{"href":"https:\/\/al-trader.org\/es\/wp-json\/wp\/v2\/media?parent=3062"}],"curies":[{"name":"wp","href":"https:\/\/api.w.org\/{rel}","templated":true}]}}