{"id":3038,"date":"2023-10-24T08:40:15","date_gmt":"2023-10-24T08:40:15","guid":{"rendered":"https:\/\/al-trader.org\/?page_id=3038"},"modified":"2023-10-30T11:31:03","modified_gmt":"2023-10-30T11:31:03","slug":"documentos","status":"publish","type":"page","link":"https:\/\/al-trader.org\/es\/documents\/","title":{"rendered":"Documentos"},"content":{"rendered":"<div data-elementor-type=\"wp-page\" data-elementor-id=\"3038\" class=\"elementor elementor-3038\" data-elementor-post-type=\"page\">\n\t\t\t\t\t\t<section class=\"elementor-section elementor-top-section elementor-element elementor-element-a34f73c elementor-section-boxed elementor-section-height-default elementor-section-height-default\" data-id=\"a34f73c\" data-element_type=\"section\" data-e-type=\"section\">\n\t\t\t\t\t\t<div class=\"elementor-container elementor-column-gap-default\">\n\t\t\t\t\t<div class=\"elementor-column elementor-col-100 elementor-top-column elementor-element elementor-element-48d7b82\" data-id=\"48d7b82\" data-element_type=\"column\" data-e-type=\"column\">\n\t\t\t<div class=\"elementor-widget-wrap elementor-element-populated\">\n\t\t\t\t\t\t<div class=\"elementor-element elementor-element-dc9864c elementor-widget elementor-widget-spacer\" data-id=\"dc9864c\" data-element_type=\"widget\" data-e-type=\"widget\" data-widget_type=\"spacer.default\">\n\t\t\t\t\t\t\t<div class=\"elementor-spacer\">\n\t\t\t<div class=\"elementor-spacer-inner\"><\/div>\n\t\t<\/div>\n\t\t\t\t\t\t<\/div>\n\t\t\t\t<div class=\"elementor-element elementor-element-50f0593 elementor-widget elementor-widget-heading\" data-id=\"50f0593\" data-element_type=\"widget\" data-e-type=\"widget\" data-widget_type=\"heading.default\">\n\t\t\t\t\t<h1 class=\"elementor-heading-title elementor-size-xl\">Biblioteca m\u00e1gica del comerciante AL: \u00a1donde tus documentos brillan!<\/h1>\t\t\t\t<\/div>\n\t\t\t\t<div class=\"elementor-element elementor-element-e403a27 elementor-widget elementor-widget-text-editor\" data-id=\"e403a27\" data-element_type=\"widget\" data-e-type=\"widget\" data-widget_type=\"text-editor.default\">\n\t\t\t\t\t\t\t\t\t<p><span style=\"font-weight: 400;\">Bienvenidos a la parte m\u00e1s m\u00e1gica de AL Trader: \u00a1nuestra p\u00e1gina de Documentos! Imag\u00ednense esto: una biblioteca colorida en un castillo, \u00a1y cada libro es una historia sobre ustedes! Pero en lugar de libros, tenemos documentos, no solo papeles viejos y aburridos. \u00a1No! \u00a1Son pergaminos de aventuras, certificados de valent\u00eda y mapas para encontrar su tesoro! \u00bfEst\u00e1n listos para abrir el libro m\u00e1gico? Abracadabra, \u00a1vamos!<\/span><\/p>\t\t\t\t\t\t\t\t<\/div>\n\t\t\t\t<div class=\"elementor-element elementor-element-659b964 elementor-widget elementor-widget-heading\" data-id=\"659b964\" data-element_type=\"widget\" data-e-type=\"widget\" data-widget_type=\"heading.default\">\n\t\t\t\t\t<h2 class=\"elementor-heading-title elementor-size-large\">La magia de los documentos de AL Trader: \u00a1Convierta papeles en aventuras!<\/h2>\t\t\t\t<\/div>\n\t\t\t\t<div class=\"elementor-element elementor-element-91972d0 elementor-widget elementor-widget-text-editor\" data-id=\"91972d0\" data-element_type=\"widget\" data-e-type=\"widget\" data-widget_type=\"text-editor.default\">\n\t\t\t\t\t\t\t\t\t<p><span style=\"font-weight: 400;\">\u00a1Nuestra biblioteca AL Trader es un lugar especial donde cada art\u00edculo cuenta una historia!<\/span><\/p><p><span style=\"font-weight: 400;\">\u00a0<\/span><b>Pergaminos m\u00e1gicos:<\/b><span style=\"font-weight: 400;\"> Estos son formularios que debes completar, \u00a1pero piensa en ellos como pergaminos con hechizos que desbloquean nuevos niveles en tu juego comercial!<\/span><\/p><p><span style=\"font-weight: 400;\">\u00a0<\/span><b>Mapas del tesoro:<\/b><span style=\"font-weight: 400;\"> Algunos documentos te gu\u00edan, como mapas hacia tesoros escondidos, mostr\u00e1ndote las brillantes joyas del comercio.<\/span><\/p><p><span style=\"font-weight: 400;\">\u00a0<\/span><b>Certificados de h\u00e9roe:<\/b><span style=\"font-weight: 400;\"> Cuando logramos algo grande, \u00a1lo celebramos con documentos como certificados de un reino lejano!<\/span><\/p>\t\t\t\t\t\t\t\t<\/div>\n\t\t\t\t<div class=\"elementor-element elementor-element-a4f35f3 elementor-widget elementor-widget-heading\" data-id=\"a4f35f3\" data-element_type=\"widget\" data-e-type=\"widget\" data-widget_type=\"heading.default\">\n\t\t\t\t\t<h2 class=\"elementor-heading-title elementor-size-large\">La promesa del comerciante de AL: su guardi\u00e1n secreto<\/h2>\t\t\t\t<\/div>\n\t\t\t\t<div class=\"elementor-element elementor-element-139d2e0 elementor-widget elementor-widget-text-editor\" data-id=\"139d2e0\" data-element_type=\"widget\" data-e-type=\"widget\" data-widget_type=\"text-editor.default\">\n\t\t\t\t\t\t\t\t\t<p><span style=\"font-weight: 400;\">Somos como los viejos y sabios magos de la biblioteca, que se aseguran de que sus secretos y pergaminos est\u00e9n a salvo.<\/span><\/p><p><span style=\"font-weight: 400;\">\u00a0<\/span><b>Protecci\u00f3n m\u00e1gica:<\/b><span style=\"font-weight: 400;\"> Usamos escudos m\u00e1gicos (bueno, son simplemente herramientas de seguridad de primer nivel) para proteger sus documentos como joyas preciosas en la cueva de un drag\u00f3n.<\/span><\/p><p><span style=\"font-weight: 400;\">\u00a0<\/span><b>Muros susurrantes:<\/b><span style=\"font-weight: 400;\"> Nuestro equipo es como una sala que susurra consejos y respuestas, siempre aqu\u00ed si necesitas ayuda para leer los textos antiguos (o simplemente para completar formularios).<\/span><\/p><p><span style=\"font-weight: 400;\">\u00a0<\/span><b>Reglas reales:<\/b><span style=\"font-weight: 400;\"> Seguimos las leyes del reino (regulaciones en nuestro mundo) para garantizar que todo sea justo y equitativo.<\/span><\/p>\t\t\t\t\t\t\t\t<\/div>\n\t\t\t\t<div class=\"elementor-element elementor-element-25dbca3 elementor-widget elementor-widget-heading\" data-id=\"25dbca3\" data-element_type=\"widget\" data-e-type=\"widget\" data-widget_type=\"heading.default\">\n\t\t\t\t\t<h2 class=\"elementor-heading-title elementor-size-large\">Tu libro m\u00e1gico: Creando tu propia historia<\/h2>\t\t\t\t<\/div>\n\t\t\t\t<div class=\"elementor-element elementor-element-9a224fa elementor-widget elementor-widget-text-editor\" data-id=\"9a224fa\" data-element_type=\"widget\" data-e-type=\"widget\" data-widget_type=\"text-editor.default\">\n\t\t\t\t\t\t\t\t\t<p><span style=\"font-weight: 400;\">Cada h\u00e9roe tiene una historia; en AL Trader, \u00a1sus documentos son cap\u00edtulos de su propia epopeya!<\/span><\/p><ol><li><span style=\"font-weight: 400;\">\u00a0<\/span>Firma tu pergamino: es solo una forma elegante de decir \"<a href=\"https:\/\/al-trader.org\/es\/\">Crea tu cuenta<\/a>\u201d, \u00a1pero es el primer paso en tu b\u00fasqueda!<\/li><li><span style=\"font-weight: 400;\"> Lista de pociones: son detalles que compartes, como una lista de ingredientes m\u00e1gicos que hacen que tu poci\u00f3n comercial sea \u00fanica.<\/span><\/li><li><span style=\"font-weight: 400;\"> Marca del h\u00e9roe: Cuando demuestras tu identidad, \u00a1es como obtener la marca de un h\u00e9roe, demostr\u00e1ndole a todos que eres real!<\/span><\/li><\/ol>\t\t\t\t\t\t\t\t<\/div>\n\t\t\t\t<div class=\"elementor-element elementor-element-fee4ca8 elementor-widget elementor-widget-heading\" data-id=\"fee4ca8\" data-element_type=\"widget\" data-e-type=\"widget\" data-widget_type=\"heading.default\">\n\t\t\t\t\t<h2 class=\"elementor-heading-title elementor-size-large\">Hechizos de seguridad: C\u00f3mo mantener tus pergaminos a salvo<\/h2>\t\t\t\t<\/div>\n\t\t\t\t<div class=\"elementor-element elementor-element-c8aec44 elementor-widget elementor-widget-text-editor\" data-id=\"c8aec44\" data-element_type=\"widget\" data-e-type=\"widget\" data-widget_type=\"text-editor.default\">\n\t\t\t\t\t\t\t\t\t<p><span style=\"font-weight: 400;\">\u00bfTe preocupan los duendes de los documentos? \u00a1No temas! \u00a1Nuestros hechizos de seguridad los mantienen alejados!<\/span><\/p><p><span style=\"font-weight: 400;\">\u00a0<\/span><b>Barreras m\u00e1gicas:<\/b><span style=\"font-weight: 400;\"> Protegemos tus documentos con los mejores hechizos (vale, es encriptaci\u00f3n, \u00a1pero \u201chechizos\u201d suenan mejor!).<\/span><\/p><p><span style=\"font-weight: 400;\">\u00a0<\/span><b>Amuletos de honestidad:<\/b><span style=\"font-weight: 400;\"> Siempre te decimos la verdad porque la honestidad es la magia m\u00e1s potente.<\/span><\/p><p><span style=\"font-weight: 400;\">\u00a0<\/span><b>La gu\u00eda del Reino:<\/b><span style=\"font-weight: 400;\"> Hacemos todo seg\u00fan las reglas del libro, siguiendo las normas del pa\u00eds para mantenerte a ti y a tus pergaminos a salvo.<\/span><\/p>\t\t\t\t\t\t\t\t<\/div>\n\t\t\t\t<div class=\"elementor-element elementor-element-5e7d88a elementor-widget elementor-widget-heading\" data-id=\"5e7d88a\" data-element_type=\"widget\" data-e-type=\"widget\" data-widget_type=\"heading.default\">\n\t\t\t\t\t<h2 class=\"elementor-heading-title elementor-size-large\">\u00bfNecesitas ayuda en la biblioteca? \u00a1Preg\u00fantale a los magos!<\/h2>\t\t\t\t<\/div>\n\t\t\t\t<div class=\"elementor-element elementor-element-0522f37 elementor-widget elementor-widget-text-editor\" data-id=\"0522f37\" data-element_type=\"widget\" data-e-type=\"widget\" data-widget_type=\"text-editor.default\">\n\t\t\t\t\t\t\t\t\t<p><span style=\"font-weight: 400;\">Nuestros magos comerciantes de AL (podr\u00edas llamarlos \u201cde apoyo\u201d) est\u00e1n aqu\u00ed para guiarte a trav\u00e9s de los misterios de la biblioteca.<\/span><\/p><p><span style=\"font-weight: 400;\">\u00a0<\/span><b>Mensajes del b\u00faho:<\/b><span style=\"font-weight: 400;\"> Env\u00edenos un mensaje y le ayudaremos m\u00e1s r\u00e1pido que un b\u00faho con una carta.<\/span><\/p><p><span style=\"font-weight: 400;\">\u00a0<\/span><b>Bola de cristal:<\/b><span style=\"font-weight: 400;\"> Si tiene preguntas, nuestras preguntas frecuentes miran hacia el futuro para brindarle las respuestas.<\/span><\/p><p><span style=\"font-weight: 400;\">\u00a0<\/span><b>Libro de la Sabidur\u00eda:<\/b><span style=\"font-weight: 400;\"> Nuestras gu\u00edas y tutoriales son como libros antiguos llenos de sabidur\u00eda y consejos.<\/span><\/p>\t\t\t\t\t\t\t\t<\/div>\n\t\t\t\t<div class=\"elementor-element elementor-element-b880d00 elementor-widget elementor-widget-heading\" data-id=\"b880d00\" data-element_type=\"widget\" data-e-type=\"widget\" data-widget_type=\"heading.default\">\n\t\t\t\t\t<h2 class=\"elementor-heading-title elementor-size-large\">\u00bfEst\u00e1s listo para comenzar tu historia? \u00a1\u00danete a la biblioteca m\u00e1gica de AL Trader!<\/h2>\t\t\t\t<\/div>\n\t\t\t\t<div class=\"elementor-element elementor-element-5160fa6 elementor-widget elementor-widget-text-editor\" data-id=\"5160fa6\" data-element_type=\"widget\" data-e-type=\"widget\" data-widget_type=\"text-editor.default\">\n\t\t\t\t\t\t\t\t\t<p><span style=\"font-weight: 400;\">Entonces, \u00bfest\u00e1s listo para escribir tu historia \u00e9pica? Con AL Trader, cada documento es una p\u00e1gina en el viaje de tu h\u00e9roe. Recuerda, en la biblioteca de AL Trader, \u00a1eres el h\u00e9roe, el autor y el aventurero, todo en uno! As\u00ed que toma tu pluma, re\u00fane tu coraje y ad\u00e9ntrate en un mundo donde la magia, el comercio y las historias se fusionan en una gran aventura.<\/span><\/p><p><span style=\"font-weight: 400;\">Unirse a AL Trader no se trata solo de hacer trading; se trata de embarcarse en una aventura en la que cada documento cuenta una historia, cada clic es un hechizo y cada operaci\u00f3n es una misi\u00f3n. Su cuenta es su libro de cuentos, su seguridad, nuestra promesa y su \u00e9xito, el final feliz que todos buscamos. As\u00ed que, adelante, futuros h\u00e9roes, las p\u00e1ginas est\u00e1n esperando a ser llenadas y, con AL Trader, \u00a1su historia apenas comienza!<\/span><\/p>\t\t\t\t\t\t\t\t<\/div>\n\t\t\t\t<div class=\"elementor-element elementor-element-773d6cc elementor-widget elementor-widget-spacer\" data-id=\"773d6cc\" data-element_type=\"widget\" data-e-type=\"widget\" data-widget_type=\"spacer.default\">\n\t\t\t\t\t\t\t<div class=\"elementor-spacer\">\n\t\t\t<div class=\"elementor-spacer-inner\"><\/div>\n\t\t<\/div>\n\t\t\t\t\t\t<\/div>\n\t\t\t\t\t<\/div>\n\t\t<\/div>\n\t\t\t\t\t<\/div>\n\t\t<\/section>\n\t\t\t\t<\/div>","protected":false},"excerpt":{"rendered":"<p>AL Trader&#8217;s Magic Library: Where Your Documents Sparkle! Welcome to the most magical part of AL Trader. Our Documents page! Imagine this: a colorful library in a castle, with every book a story about you! But instead of books, we have documents, not just dull old papers. Nope! They&#8217;re adventure scrolls, certificates of bravery, and [&hellip;]<\/p>\n","protected":false},"author":1,"featured_media":0,"parent":0,"menu_order":0,"comment_status":"closed","ping_status":"closed","template":"elementor_header_footer","meta":{"footnotes":""},"class_list":["post-3038","page","type-page","status-publish","hentry"],"_links":{"self":[{"href":"https:\/\/al-trader.org\/es\/wp-json\/wp\/v2\/pages\/3038","targetHints":{"allow":["GET"]}}],"collection":[{"href":"https:\/\/al-trader.org\/es\/wp-json\/wp\/v2\/pages"}],"about":[{"href":"https:\/\/al-trader.org\/es\/wp-json\/wp\/v2\/types\/page"}],"author":[{"embeddable":true,"href":"https:\/\/al-trader.org\/es\/wp-json\/wp\/v2\/users\/1"}],"replies":[{"embeddable":true,"href":"https:\/\/al-trader.org\/es\/wp-json\/wp\/v2\/comments?post=3038"}],"version-history":[{"count":0,"href":"https:\/\/al-trader.org\/es\/wp-json\/wp\/v2\/pages\/3038\/revisions"}],"wp:attachment":[{"href":"https:\/\/al-trader.org\/es\/wp-json\/wp\/v2\/media?parent=3038"}],"curies":[{"name":"wp","href":"https:\/\/api.w.org\/{rel}","templated":true}]}}