{"id":3010,"date":"2023-10-24T08:11:05","date_gmt":"2023-10-24T08:11:05","guid":{"rendered":"https:\/\/al-trader.org\/?page_id=3010"},"modified":"2023-10-31T05:20:05","modified_gmt":"2023-10-31T05:20:05","slug":"grupo-al-trader","status":"publish","type":"page","link":"https:\/\/al-trader.org\/es\/al-trader-group\/","title":{"rendered":"Grupo Al-Trader"},"content":{"rendered":"<div data-elementor-type=\"wp-page\" data-elementor-id=\"3010\" class=\"elementor elementor-3010\" data-elementor-post-type=\"page\">\n\t\t\t\t\t\t<section class=\"elementor-section elementor-top-section elementor-element elementor-element-d0cdb8f elementor-section-boxed elementor-section-height-default elementor-section-height-default\" data-id=\"d0cdb8f\" data-element_type=\"section\" data-e-type=\"section\">\n\t\t\t\t\t\t<div class=\"elementor-container elementor-column-gap-default\">\n\t\t\t\t\t<div class=\"elementor-column elementor-col-100 elementor-top-column elementor-element elementor-element-46635fa\" data-id=\"46635fa\" data-element_type=\"column\" data-e-type=\"column\">\n\t\t\t<div class=\"elementor-widget-wrap elementor-element-populated\">\n\t\t\t\t\t\t<div class=\"elementor-element elementor-element-f41fc8f elementor-widget elementor-widget-spacer\" data-id=\"f41fc8f\" data-element_type=\"widget\" data-e-type=\"widget\" data-widget_type=\"spacer.default\">\n\t\t\t\t\t\t\t<div class=\"elementor-spacer\">\n\t\t\t<div class=\"elementor-spacer-inner\"><\/div>\n\t\t<\/div>\n\t\t\t\t\t\t<\/div>\n\t\t\t\t<div class=\"elementor-element elementor-element-a679930 elementor-widget__width-initial elementor-widget elementor-widget-heading\" data-id=\"a679930\" data-element_type=\"widget\" data-e-type=\"widget\" data-widget_type=\"heading.default\">\n\t\t\t\t\t<h1 class=\"elementor-heading-title elementor-size-large\">Grupo de comerciantes de AL: \u00a1Tu nuevo grupo de amigas!<\/h1>\t\t\t\t<\/div>\n\t\t\t\t<div class=\"elementor-element elementor-element-380dc63 elementor-widget elementor-widget-text-editor\" data-id=\"380dc63\" data-element_type=\"widget\" data-e-type=\"widget\" data-widget_type=\"text-editor.default\">\n\t\t\t\t\t\t\t\t\t<p><span style=\"font-weight: 400;\">Imagina tener un grupo de amigos donde todos pueden jugar, aprender y compartir cosas interesantes. Eso es exactamente lo que pasa en <a href=\"https:\/\/al-trader.org\/es\/como-funciona\/\">Grupo AL Trader<\/a>! No se trata solo de<a href=\"https:\/\/al-trader.org\/es\/mercado\/\"> comercio<\/a>; se trata de ser parte de un club incre\u00edble. \u00bfListo para sumergirte y descubrir m\u00e1s? \u00a1Comencemos!<\/span><\/p>\t\t\t\t\t\t\t\t<\/div>\n\t\t\t\t\t<\/div>\n\t\t<\/div>\n\t\t\t\t\t<\/div>\n\t\t<\/section>\n\t\t\t\t<section class=\"elementor-section elementor-top-section elementor-element elementor-element-82b9007 elementor-section-boxed elementor-section-height-default elementor-section-height-default\" data-id=\"82b9007\" data-element_type=\"section\" data-e-type=\"section\">\n\t\t\t\t\t\t<div class=\"elementor-container elementor-column-gap-default\">\n\t\t\t\t\t<div class=\"elementor-column elementor-col-100 elementor-top-column elementor-element elementor-element-2ec9662\" data-id=\"2ec9662\" data-element_type=\"column\" data-e-type=\"column\">\n\t\t\t<div class=\"elementor-widget-wrap elementor-element-populated\">\n\t\t\t\t\t\t<section class=\"elementor-section elementor-inner-section elementor-element elementor-element-aed7a47 elementor-section-boxed elementor-section-height-default elementor-section-height-default\" data-id=\"aed7a47\" data-element_type=\"section\" data-e-type=\"section\">\n\t\t\t\t\t\t<div class=\"elementor-container elementor-column-gap-default\">\n\t\t\t\t\t<div class=\"elementor-column elementor-col-50 elementor-inner-column elementor-element elementor-element-9a460cb\" data-id=\"9a460cb\" data-element_type=\"column\" data-e-type=\"column\">\n\t\t\t<div class=\"elementor-widget-wrap elementor-element-populated\">\n\t\t\t\t\t\t<div class=\"elementor-element elementor-element-a99018c elementor-widget elementor-widget-heading\" data-id=\"a99018c\" data-element_type=\"widget\" data-e-type=\"widget\" data-widget_type=\"heading.default\">\n\t\t\t\t\t<h2 class=\"elementor-heading-title elementor-size-large\">AL Trader: M\u00e1s que solo trading.<\/h2>\t\t\t\t<\/div>\n\t\t\t\t<div class=\"elementor-element elementor-element-a73683a elementor-widget elementor-widget-text-editor\" data-id=\"a73683a\" data-element_type=\"widget\" data-e-type=\"widget\" data-widget_type=\"text-editor.default\">\n\t\t\t\t\t\t\t\t\t<p><span style=\"font-weight: 400;\">Unirse a AL Trader es como ingresar a un patio de juegos gigante donde todos comparten, se preocupan y juegan limpio.<\/span><\/p>\t\t\t\t\t\t\t\t<\/div>\n\t\t\t\t<div class=\"elementor-element elementor-element-806bdce elementor-icon-list--layout-traditional elementor-list-item-link-full_width elementor-widget elementor-widget-icon-list\" data-id=\"806bdce\" data-element_type=\"widget\" data-e-type=\"widget\" data-widget_type=\"icon-list.default\">\n\t\t\t\t\t\t\t<ul class=\"elementor-icon-list-items\">\n\t\t\t\t\t\t\t<li class=\"elementor-icon-list-item\">\n\t\t\t\t\t\t\t\t\t\t\t<span class=\"elementor-icon-list-icon\">\n\t\t\t\t\t\t\t<i aria-hidden=\"true\" class=\"icon icon-right-arrow\"><\/i>\t\t\t\t\t\t<\/span>\n\t\t\t\t\t\t\t\t\t\t<span class=\"elementor-icon-list-text\"><b>Herramientas f\u00e1ciles de usar:<\/b> Nuestro sitio web es como una caja de juguetes llena de todos los dispositivos divertidos que necesitas para comenzar tu juego de trading.<\/span>\n\t\t\t\t\t\t\t\t\t<\/li>\n\t\t\t\t\t\t\t\t<li class=\"elementor-icon-list-item\">\n\t\t\t\t\t\t\t\t\t\t\t<span class=\"elementor-icon-list-icon\">\n\t\t\t\t\t\t\t<i aria-hidden=\"true\" class=\"icon icon-right-arrow\"><\/i>\t\t\t\t\t\t<\/span>\n\t\t\t\t\t\t\t\t\t\t<span class=\"elementor-icon-list-text\"><b>Aprender puede ser divertido:<\/b> \u00bfEres nuevo aqu\u00ed? \u00a1No te preocupes! Tenemos una zona de aprendizaje genial, como una casa en el \u00e1rbol, donde puedes aprender trucos nuevos.<\/span>\n\t\t\t\t\t\t\t\t\t<\/li>\n\t\t\t\t\t\t\t\t<li class=\"elementor-icon-list-item\">\n\t\t\t\t\t\t\t\t\t\t\t<span class=\"elementor-icon-list-icon\">\n\t\t\t\t\t\t\t<i aria-hidden=\"true\" class=\"icon icon-right-arrow\"><\/i>\t\t\t\t\t\t<\/span>\n\t\t\t\t\t\t\t\t\t\t<span class=\"elementor-icon-list-text\"><b>Amigas alrededor:<\/b> Amigos por todas partes: \u00a1Conoce a muchos nuevos amigos que est\u00e1n tan entusiasmados como t\u00fa con el trading!<\/span>\n\t\t\t\t\t\t\t\t\t<\/li>\n\t\t\t\t\t\t<\/ul>\n\t\t\t\t\t\t<\/div>\n\t\t\t\t\t<\/div>\n\t\t<\/div>\n\t\t\t\t<div class=\"elementor-column elementor-col-50 elementor-inner-column elementor-element elementor-element-096e131\" data-id=\"096e131\" data-element_type=\"column\" data-e-type=\"column\">\n\t\t\t<div class=\"elementor-widget-wrap elementor-element-populated\">\n\t\t\t\t\t\t<div class=\"elementor-element elementor-element-eab07c1 elementor-widget elementor-widget-image\" data-id=\"eab07c1\" data-element_type=\"widget\" data-e-type=\"widget\" data-widget_type=\"image.default\">\n\t\t\t\t\t\t\t\t\t\t\t\t\t\t\t<img fetchpriority=\"high\" decoding=\"async\" width=\"300\" height=\"300\" src=\"https:\/\/al-trader.org\/wp-content\/uploads\/2023\/10\/al-trader-team-300x300.webp\" class=\"attachment-medium size-medium wp-image-3013\" alt=\"al-trader group img\" srcset=\"https:\/\/al-trader.org\/wp-content\/uploads\/2023\/10\/al-trader-team-300x300.webp 300w, https:\/\/al-trader.org\/wp-content\/uploads\/2023\/10\/al-trader-team-1024x1024.webp 1024w, https:\/\/al-trader.org\/wp-content\/uploads\/2023\/10\/al-trader-team-150x150.webp 150w, https:\/\/al-trader.org\/wp-content\/uploads\/2023\/10\/al-trader-team-768x768.webp 768w, https:\/\/al-trader.org\/wp-content\/uploads\/2023\/10\/al-trader-team.webp 1280w\" sizes=\"(max-width: 300px) 100vw, 300px\" \/>\t\t\t\t\t\t\t\t\t\t\t\t\t\t\t<\/div>\n\t\t\t\t\t<\/div>\n\t\t<\/div>\n\t\t\t\t\t<\/div>\n\t\t<\/section>\n\t\t\t\t<section class=\"elementor-section elementor-inner-section elementor-element elementor-element-e063f9a elementor-section-boxed elementor-section-height-default elementor-section-height-default\" data-id=\"e063f9a\" data-element_type=\"section\" data-e-type=\"section\">\n\t\t\t\t\t\t<div class=\"elementor-container elementor-column-gap-default\">\n\t\t\t\t\t<div class=\"elementor-column elementor-col-50 elementor-inner-column elementor-element elementor-element-877a492\" data-id=\"877a492\" data-element_type=\"column\" data-e-type=\"column\">\n\t\t\t<div class=\"elementor-widget-wrap elementor-element-populated\">\n\t\t\t\t\t\t<div class=\"elementor-element elementor-element-cd1871a elementor-widget elementor-widget-image\" data-id=\"cd1871a\" data-element_type=\"widget\" data-e-type=\"widget\" data-widget_type=\"image.default\">\n\t\t\t\t\t\t\t\t\t\t\t\t\t\t\t<img decoding=\"async\" src=\"http:\/\/al-trader.org\/wp-content\/uploads\/2023\/10\/al-trader-team01.webp\" title=\"\" alt=\"grupo al-trader\" loading=\"lazy\" \/>\t\t\t\t\t\t\t\t\t\t\t\t\t\t\t<\/div>\n\t\t\t\t\t<\/div>\n\t\t<\/div>\n\t\t\t\t<div class=\"elementor-column elementor-col-50 elementor-inner-column elementor-element elementor-element-4e37e04\" data-id=\"4e37e04\" data-element_type=\"column\" data-e-type=\"column\">\n\t\t\t<div class=\"elementor-widget-wrap elementor-element-populated\">\n\t\t\t\t\t\t<div class=\"elementor-element elementor-element-41d0b7d elementor-widget elementor-widget-heading\" data-id=\"41d0b7d\" data-element_type=\"widget\" data-e-type=\"widget\" data-widget_type=\"heading.default\">\n\t\t\t\t\t<h2 class=\"elementor-heading-title elementor-size-large\">Nuestra promesa: \u00a1Estamos aqu\u00ed para usted!<\/h2>\t\t\t\t<\/div>\n\t\t\t\t<div class=\"elementor-element elementor-element-8822110 elementor-widget elementor-widget-text-editor\" data-id=\"8822110\" data-element_type=\"widget\" data-e-type=\"widget\" data-widget_type=\"text-editor.default\">\n\t\t\t\t\t\t\t\t\t<p><span style=\"font-weight: 400;\">En AL Trader no somos solo amigos; somos como tus mejores amigos que siempre est\u00e1n ah\u00ed para ti.<\/span><\/p>\t\t\t\t\t\t\t\t<\/div>\n\t\t\t\t<div class=\"elementor-element elementor-element-98973aa elementor-icon-list--layout-traditional elementor-list-item-link-full_width elementor-widget elementor-widget-icon-list\" data-id=\"98973aa\" data-element_type=\"widget\" data-e-type=\"widget\" data-widget_type=\"icon-list.default\">\n\t\t\t\t\t\t\t<ul class=\"elementor-icon-list-items\">\n\t\t\t\t\t\t\t<li class=\"elementor-icon-list-item\">\n\t\t\t\t\t\t\t\t\t\t\t<span class=\"elementor-icon-list-icon\">\n\t\t\t\t\t\t\t<i aria-hidden=\"true\" class=\"icon icon-right-arrow\"><\/i>\t\t\t\t\t\t<\/span>\n\t\t\t\t\t\t\t\t\t\t<span class=\"elementor-icon-list-text\"><b>Noticias como el rel\u00e1mpago:<\/b> Enviamos informaci\u00f3n y consejos r\u00e1pidamente, como autos de carrera corriendo por la pista.<\/span>\n\t\t\t\t\t\t\t\t\t<\/li>\n\t\t\t\t\t\t\t\t<li class=\"elementor-icon-list-item\">\n\t\t\t\t\t\t\t\t\t\t\t<span class=\"elementor-icon-list-icon\">\n\t\t\t\t\t\t\t<i aria-hidden=\"true\" class=\"icon icon-right-arrow\"><\/i>\t\t\t\t\t\t<\/span>\n\t\t\t\t\t\t\t\t\t\t<span class=\"elementor-icon-list-text\"><b>\u00bfNecesitar ayuda?<\/b> \u00a1Levanta la mano! Nuestro equipo de ayuda est\u00e1 listo para responder cualquier pregunta en cualquier momento.<\/span>\n\t\t\t\t\t\t\t\t\t<\/li>\n\t\t\t\t\t\t\t\t<li class=\"elementor-icon-list-item\">\n\t\t\t\t\t\t\t\t\t\t\t<span class=\"elementor-icon-list-icon\">\n\t\t\t\t\t\t\t<i aria-hidden=\"true\" class=\"icon icon-right-arrow\"><\/i>\t\t\t\t\t\t<\/span>\n\t\t\t\t\t\t\t\t\t\t<span class=\"elementor-icon-list-text\"><b>Seguridad ante todo:<\/b> Protegemos tu cuenta como un castillo, manteniendo todo seguro.<\/span>\n\t\t\t\t\t\t\t\t\t<\/li>\n\t\t\t\t\t\t<\/ul>\n\t\t\t\t\t\t<\/div>\n\t\t\t\t\t<\/div>\n\t\t<\/div>\n\t\t\t\t\t<\/div>\n\t\t<\/section>\n\t\t\t\t\t<\/div>\n\t\t<\/div>\n\t\t\t\t\t<\/div>\n\t\t<\/section>\n\t\t\t\t<section class=\"elementor-section elementor-top-section elementor-element elementor-element-57467e4 elementor-section-boxed elementor-section-height-default elementor-section-height-default\" data-id=\"57467e4\" data-element_type=\"section\" data-e-type=\"section\">\n\t\t\t\t\t\t<div class=\"elementor-container elementor-column-gap-default\">\n\t\t\t\t\t<div class=\"elementor-column elementor-col-100 elementor-top-column elementor-element elementor-element-65fb5a7\" data-id=\"65fb5a7\" data-element_type=\"column\" data-e-type=\"column\">\n\t\t\t<div class=\"elementor-widget-wrap elementor-element-populated\">\n\t\t\t\t\t\t<div class=\"elementor-element elementor-element-d6a12d9 elementor-widget elementor-widget-spacer\" data-id=\"d6a12d9\" data-element_type=\"widget\" data-e-type=\"widget\" data-widget_type=\"spacer.default\">\n\t\t\t\t\t\t\t<div class=\"elementor-spacer\">\n\t\t\t<div class=\"elementor-spacer-inner\"><\/div>\n\t\t<\/div>\n\t\t\t\t\t\t<\/div>\n\t\t\t\t\t<\/div>\n\t\t<\/div>\n\t\t\t\t\t<\/div>\n\t\t<\/section>\n\t\t\t\t<section class=\"elementor-section elementor-top-section elementor-element elementor-element-969115d elementor-section-boxed elementor-section-height-default elementor-section-height-default\" data-id=\"969115d\" data-element_type=\"section\" data-e-type=\"section\" data-settings=\"{&quot;background_background&quot;:&quot;classic&quot;}\">\n\t\t\t\t\t\t<div class=\"elementor-container elementor-column-gap-default\">\n\t\t\t\t\t<div class=\"elementor-column elementor-col-100 elementor-top-column elementor-element elementor-element-873db76\" data-id=\"873db76\" data-element_type=\"column\" data-e-type=\"column\">\n\t\t\t<div class=\"elementor-widget-wrap elementor-element-populated\">\n\t\t\t\t\t\t<section class=\"elementor-section elementor-inner-section elementor-element elementor-element-d58dc6a elementor-section-boxed elementor-section-height-default elementor-section-height-default\" data-id=\"d58dc6a\" data-element_type=\"section\" data-e-type=\"section\">\n\t\t\t\t\t\t<div class=\"elementor-container elementor-column-gap-default\">\n\t\t\t\t\t<div class=\"elementor-column elementor-col-33 elementor-inner-column elementor-element elementor-element-fe940b4\" data-id=\"fe940b4\" data-element_type=\"column\" data-e-type=\"column\" data-settings=\"{&quot;background_background&quot;:&quot;classic&quot;}\">\n\t\t\t<div class=\"elementor-widget-wrap elementor-element-populated\">\n\t\t\t\t\t\t<div class=\"elementor-element elementor-element-007009f elementor-widget elementor-widget-heading\" data-id=\"007009f\" data-element_type=\"widget\" data-e-type=\"widget\" data-widget_type=\"heading.default\">\n\t\t\t\t\t<h3 class=\"elementor-heading-title elementor-size-medium\">Sano y salvo: como un acogedor fuerte cubierto de mantas<\/h3>\t\t\t\t<\/div>\n\t\t\t\t<div class=\"elementor-element elementor-element-337c9f9 elementor-widget elementor-widget-text-editor\" data-id=\"337c9f9\" data-element_type=\"widget\" data-e-type=\"widget\" data-widget_type=\"text-editor.default\">\n\t\t\t\t\t\t\t\t\t<p><span style=\"font-weight: 400;\">\u00bfTe preocupa el fantasma de Internet? \u00a1Te tenemos cubierto con nuestra acogedora manta de seguridad!<\/span><\/p>\t\t\t\t\t\t\t\t<\/div>\n\t\t\t\t<div class=\"elementor-element elementor-element-14f6461 elementor-widget elementor-widget-text-editor\" data-id=\"14f6461\" data-element_type=\"widget\" data-e-type=\"widget\" data-widget_type=\"text-editor.default\">\n\t\t\t\t\t\t\t\t\t<b>Murallas del fuerte:<\/b><span style=\"font-weight: 400;\"> Usamos la mejor tecnolog\u00eda para mantener tu cuenta segura, como si estuvi\u00e9ramos construyendo una fortaleza superresistente.<\/span><br><br>\n<b>No hay secretos aqu\u00ed:<\/b> Siempre te lo contamos todo con franqueza; \u00a1no hay secretos entre amigos!<br><br>\n<b>Siguiendo las reglas:<\/b> Jugamos seg\u00fan las reglas para garantizar que todos se diviertan.\t\t\t\t\t\t\t\t<\/div>\n\t\t\t\t\t<\/div>\n\t\t<\/div>\n\t\t\t\t<div class=\"elementor-column elementor-col-33 elementor-inner-column elementor-element elementor-element-128b477\" data-id=\"128b477\" data-element_type=\"column\" data-e-type=\"column\">\n\t\t\t<div class=\"elementor-widget-wrap elementor-element-populated\">\n\t\t\t\t\t\t<div class=\"elementor-element elementor-element-6ee1818 elementor-widget elementor-widget-image\" data-id=\"6ee1818\" data-element_type=\"widget\" data-e-type=\"widget\" data-widget_type=\"image.default\">\n\t\t\t\t\t\t\t\t\t\t\t\t\t\t\t<img decoding=\"async\" width=\"300\" height=\"120\" src=\"https:\/\/al-trader.org\/wp-content\/uploads\/2023\/06\/al-trader-site-logo-300x120.webp\" class=\"attachment-medium size-medium wp-image-2442\" alt=\"al-trader site logo\" srcset=\"https:\/\/al-trader.org\/wp-content\/uploads\/2023\/06\/al-trader-site-logo-300x120.webp 300w, https:\/\/al-trader.org\/wp-content\/uploads\/2023\/06\/al-trader-site-logo-1024x410.webp 1024w, https:\/\/al-trader.org\/wp-content\/uploads\/2023\/06\/al-trader-site-logo-768x307.webp 768w, https:\/\/al-trader.org\/wp-content\/uploads\/2023\/06\/al-trader-site-logo.webp 1250w\" sizes=\"(max-width: 300px) 100vw, 300px\" \/>\t\t\t\t\t\t\t\t\t\t\t\t\t\t\t<\/div>\n\t\t\t\t<div class=\"elementor-element elementor-element-b14bf1f elementor-widget elementor-widget-heading\" data-id=\"b14bf1f\" data-element_type=\"widget\" data-e-type=\"widget\" data-widget_type=\"heading.default\">\n\t\t\t\t\t<h3 class=\"elementor-heading-title elementor-size-medium\">\u00danete a la diversi\u00f3n: \u00a1s\u00e9 parte de nuestro club genial!<\/h3>\t\t\t\t<\/div>\n\t\t\t\t<div class=\"elementor-element elementor-element-5b63313 elementor-widget elementor-widget-text-editor\" data-id=\"5b63313\" data-element_type=\"widget\" data-e-type=\"widget\" data-widget_type=\"text-editor.default\">\n\t\t\t\t\t\t\t\t\t<p><b>Tu casa club:<\/b><span style=\"font-weight: 400;\"><a href=\"https:\/\/al-trader.org\/es\/\"> Su cuenta<\/a> Es como tu rinc\u00f3n personal en nuestra casa club, donde planificas todas tus emocionantes aventuras.<\/span><\/p><p><span style=\"font-weight: 400;\">\u00a0<\/span><b>Gana tus insignias:<\/b><span style=\"font-weight: 400;\"> \u00a1Como en un videojuego, puedes ganar insignias geniales por hacerlo bien!<\/span><\/p>\t\t\t\t\t\t\t\t<\/div>\n\t\t\t\t<div class=\"elementor-element elementor-element-038ca77 elementor-align-center elementor-widget elementor-widget-button\" data-id=\"038ca77\" data-element_type=\"widget\" data-e-type=\"widget\" data-widget_type=\"button.default\">\n\t\t\t\t\t\t\t\t\t\t<a class=\"elementor-button elementor-button-link elementor-size-sm\" href=\"https:\/\/al-trader.org\/es\/#regform\">\n\t\t\t\t\t\t<span class=\"elementor-button-content-wrapper\">\n\t\t\t\t\t\t\t\t\t<span class=\"elementor-button-text\">\u00danete a nosotras<\/span>\n\t\t\t\t\t<\/span>\n\t\t\t\t\t<\/a>\n\t\t\t\t\t\t\t\t<\/div>\n\t\t\t\t\t<\/div>\n\t\t<\/div>\n\t\t\t\t<div class=\"elementor-column elementor-col-33 elementor-inner-column elementor-element elementor-element-d8130c3\" data-id=\"d8130c3\" data-element_type=\"column\" data-e-type=\"column\" data-settings=\"{&quot;background_background&quot;:&quot;classic&quot;}\">\n\t\t\t<div class=\"elementor-widget-wrap elementor-element-populated\">\n\t\t\t\t\t\t<div class=\"elementor-element elementor-element-72b3ef6 elementor-widget elementor-widget-heading\" data-id=\"72b3ef6\" data-element_type=\"widget\" data-e-type=\"widget\" data-widget_type=\"heading.default\">\n\t\t\t\t\t<h3 class=\"elementor-heading-title elementor-size-medium\">Hazlo tuyo: \u00a1Tu espacio, tus reglas!<\/h3>\t\t\t\t<\/div>\n\t\t\t\t<div class=\"elementor-element elementor-element-992ce8f elementor-widget elementor-widget-text-editor\" data-id=\"992ce8f\" data-element_type=\"widget\" data-e-type=\"widget\" data-widget_type=\"text-editor.default\">\n\t\t\t\t\t\t\t\t\t<p><span style=\"font-weight: 400;\">Tu cuenta de AL Trader es como tu habitaci\u00f3n: \u00a1puedes decorarla a tu manera!<\/span><\/p>\t\t\t\t\t\t\t\t<\/div>\n\t\t\t\t<div class=\"elementor-element elementor-element-f8e474f elementor-widget elementor-widget-text-editor\" data-id=\"f8e474f\" data-element_type=\"widget\" data-e-type=\"widget\" data-widget_type=\"text-editor.default\">\n\t\t\t\t\t\t\t\t\t<p><b>Configurarlo:<\/b><span style=\"font-weight: 400;\"> Organiza tu espacio comercial con tus cosas favoritas, como por ejemplo colocando carteles y juguetes.<\/span><\/p><p><span style=\"font-weight: 400;\">\u00a0<\/span><b>Elige tu juego:<\/b><span style=\"font-weight: 400;\"> Elige lo que quieres hacer, como elegir tu juego favorito en el recreo.<\/span><\/p><p><span style=\"font-weight: 400;\">\u00a0<\/span><b>Planifica tu d\u00eda:<\/b><span style=\"font-weight: 400;\"> Haz planes para tus aventuras comerciales, como dibujar tu mapa del tesoro.<\/span><\/p>\t\t\t\t\t\t\t\t<\/div>\n\t\t\t\t\t<\/div>\n\t\t<\/div>\n\t\t\t\t\t<\/div>\n\t\t<\/section>\n\t\t\t\t\t<\/div>\n\t\t<\/div>\n\t\t\t\t\t<\/div>\n\t\t<\/section>\n\t\t\t\t<section class=\"elementor-section elementor-top-section elementor-element elementor-element-1731e6e elementor-section-boxed elementor-section-height-default elementor-section-height-default\" data-id=\"1731e6e\" data-element_type=\"section\" data-e-type=\"section\">\n\t\t\t\t\t\t<div class=\"elementor-container elementor-column-gap-default\">\n\t\t\t\t\t<div class=\"elementor-column elementor-col-100 elementor-top-column elementor-element elementor-element-0130c67\" data-id=\"0130c67\" data-element_type=\"column\" data-e-type=\"column\">\n\t\t\t<div class=\"elementor-widget-wrap elementor-element-populated\">\n\t\t\t\t\t\t<div class=\"elementor-element elementor-element-67b29e8 elementor-widget elementor-widget-spacer\" data-id=\"67b29e8\" data-element_type=\"widget\" data-e-type=\"widget\" data-widget_type=\"spacer.default\">\n\t\t\t\t\t\t\t<div class=\"elementor-spacer\">\n\t\t\t<div class=\"elementor-spacer-inner\"><\/div>\n\t\t<\/div>\n\t\t\t\t\t\t<\/div>\n\t\t\t\t<div class=\"elementor-element elementor-element-68e3fcb elementor-widget elementor-widget-heading\" data-id=\"68e3fcb\" data-element_type=\"widget\" data-e-type=\"widget\" data-widget_type=\"heading.default\">\n\t\t\t\t\t<h2 class=\"elementor-heading-title elementor-size-large\">\u00bfListo para sumarte a la diversi\u00f3n? \u00a1Ven a AL Trader Group!<\/h2>\t\t\t\t<\/div>\n\t\t\t\t<div class=\"elementor-element elementor-element-f737804 elementor-widget elementor-widget-text-editor\" data-id=\"f737804\" data-element_type=\"widget\" data-e-type=\"widget\" data-widget_type=\"text-editor.default\">\n\t\t\t\t\t\t\t\t\t<p><span style=\"font-weight: 400;\">Entonces, \u00bfest\u00e1s listo para unirte a la diversi\u00f3n en AL Trader? Aqu\u00ed, cada operaci\u00f3n es un juego nuevo, cada charla es una fiesta de risas y cada \u00e9xito es un momento de alegr\u00eda. Recuerda, en el grupo AL Trader, no solo est\u00e1s haciendo operaciones, est\u00e1s haciendo amigos, compartiendo risas y construyendo tu club. Entonces, \u00bfqu\u00e9 est\u00e1s esperando? \u00a1Toma tu mochila y tu mejor sonrisa y corramos juntos al fant\u00e1stico mundo de AL Trader!<\/span><\/p>\t\t\t\t\t\t\t\t<\/div>\n\t\t\t\t<div class=\"elementor-element elementor-element-ad198be elementor-widget elementor-widget-text-editor\" data-id=\"ad198be\" data-element_type=\"widget\" data-e-type=\"widget\" data-widget_type=\"text-editor.default\">\n\t\t\t\t\t\t\t\t\t<p><span style=\"font-weight: 400;\">Con AL Trader, cada d\u00eda es una nueva aventura en la que todos son tus amigos, cada herramienta es un juguete nuevo y cada momento est\u00e1 lleno de risas. Tu cuenta no es solo un lugar para hacer trading; es tu boleto al patio de juegos m\u00e1s emocionante que existe. As\u00ed que, \u00e1tate los cordones, respira profundo y prep\u00e1rate para sumergirte en el mundo lleno de diversi\u00f3n de AL Trader. \u00a1Preparados, listos, ya!<\/span><\/p>\t\t\t\t\t\t\t\t<\/div>\n\t\t\t\t<div class=\"elementor-element elementor-element-2aac49a elementor-widget elementor-widget-spacer\" data-id=\"2aac49a\" data-element_type=\"widget\" data-e-type=\"widget\" data-widget_type=\"spacer.default\">\n\t\t\t\t\t\t\t<div class=\"elementor-spacer\">\n\t\t\t<div class=\"elementor-spacer-inner\"><\/div>\n\t\t<\/div>\n\t\t\t\t\t\t<\/div>\n\t\t\t\t\t<\/div>\n\t\t<\/div>\n\t\t\t\t\t<\/div>\n\t\t<\/section>\n\t\t\t\t<\/div>","protected":false},"excerpt":{"rendered":"<p>AL Trader Group: Your New Bunch of Friends! Imagine having a group of friends where everyone gets to play, learn, and share cool stuff. That&#8217;s precisely what it&#8217;s like at AL Trader Group! It&#8217;s not just about trading; it&#8217;s about being part of a super duper club. Ready to dive in and find out more? [&hellip;]<\/p>\n","protected":false},"author":1,"featured_media":0,"parent":0,"menu_order":0,"comment_status":"closed","ping_status":"closed","template":"elementor_header_footer","meta":{"footnotes":""},"class_list":["post-3010","page","type-page","status-publish","hentry"],"_links":{"self":[{"href":"https:\/\/al-trader.org\/es\/wp-json\/wp\/v2\/pages\/3010","targetHints":{"allow":["GET"]}}],"collection":[{"href":"https:\/\/al-trader.org\/es\/wp-json\/wp\/v2\/pages"}],"about":[{"href":"https:\/\/al-trader.org\/es\/wp-json\/wp\/v2\/types\/page"}],"author":[{"embeddable":true,"href":"https:\/\/al-trader.org\/es\/wp-json\/wp\/v2\/users\/1"}],"replies":[{"embeddable":true,"href":"https:\/\/al-trader.org\/es\/wp-json\/wp\/v2\/comments?post=3010"}],"version-history":[{"count":0,"href":"https:\/\/al-trader.org\/es\/wp-json\/wp\/v2\/pages\/3010\/revisions"}],"wp:attachment":[{"href":"https:\/\/al-trader.org\/es\/wp-json\/wp\/v2\/media?parent=3010"}],"curies":[{"name":"wp","href":"https:\/\/api.w.org\/{rel}","templated":true}]}}