{"id":2966,"date":"2023-10-24T06:53:53","date_gmt":"2023-10-24T06:53:53","guid":{"rendered":"https:\/\/al-trader.org\/?page_id=2966"},"modified":"2024-12-13T07:59:50","modified_gmt":"2024-12-13T07:59:50","slug":"aplicacion-movil","status":"publish","type":"page","link":"https:\/\/al-trader.org\/es\/mobile-app\/","title":{"rendered":"Aplicaci\u00f3n m\u00f3vil Al Trader"},"content":{"rendered":"<div data-elementor-type=\"wp-page\" data-elementor-id=\"2966\" class=\"elementor elementor-2966\" data-elementor-post-type=\"page\">\n\t\t\t\t\t\t<section class=\"elementor-section elementor-top-section elementor-element elementor-element-9072693 elementor-section-boxed elementor-section-height-default elementor-section-height-default\" data-id=\"9072693\" data-element_type=\"section\" data-e-type=\"section\">\n\t\t\t\t\t\t<div class=\"elementor-container elementor-column-gap-default\">\n\t\t\t\t\t<div class=\"elementor-column elementor-col-100 elementor-top-column elementor-element elementor-element-ada3a69\" data-id=\"ada3a69\" data-element_type=\"column\" data-e-type=\"column\">\n\t\t\t<div class=\"elementor-widget-wrap elementor-element-populated\">\n\t\t\t\t\t\t<div class=\"elementor-element elementor-element-4dd30b0 elementor-widget elementor-widget-spacer\" data-id=\"4dd30b0\" data-element_type=\"widget\" data-e-type=\"widget\" data-widget_type=\"spacer.default\">\n\t\t\t\t\t\t\t<div class=\"elementor-spacer\">\n\t\t\t<div class=\"elementor-spacer-inner\"><\/div>\n\t\t<\/div>\n\t\t\t\t\t\t<\/div>\n\t\t\t\t<div class=\"elementor-element elementor-element-66bc1d0 elementor-widget__width-initial elementor-widget elementor-widget-heading\" data-id=\"66bc1d0\" data-element_type=\"widget\" data-e-type=\"widget\" data-widget_type=\"heading.default\">\n\t\t\t\t\t<h1 class=\"elementor-heading-title elementor-size-large\">Aplicaci\u00f3n AL Trader: un libro de hechizos de maravillas financieras<\/h1>\t\t\t\t<\/div>\n\t\t\t\t<div class=\"elementor-element elementor-element-b7c3ad6 elementor-widget elementor-widget-text-editor\" data-id=\"b7c3ad6\" data-element_type=\"widget\" data-e-type=\"widget\" data-widget_type=\"text-editor.default\">\n\t\t\t\t\t\t\t\t\t<p><span style=\"font-weight: 400;\">Imag\u00ednate si tuvieras un libro de hechizos que pudiera convertir calabazas en carruajes o ranas en pr\u00edncipes. Bueno, la aplicaci\u00f3n m\u00f3vil AL Trader es as\u00ed, \u00a1pero para comerciar! <\/span><\/p>\t\t\t\t\t\t\t\t<\/div>\n\t\t\t\t\t<\/div>\n\t\t<\/div>\n\t\t\t\t\t<\/div>\n\t\t<\/section>\n\t\t\t\t<section class=\"elementor-section elementor-top-section elementor-element elementor-element-e8ffc67 elementor-section-boxed elementor-section-height-default elementor-section-height-default\" data-id=\"e8ffc67\" data-element_type=\"section\" data-e-type=\"section\">\n\t\t\t\t\t\t<div class=\"elementor-container elementor-column-gap-default\">\n\t\t\t\t\t<div class=\"elementor-column elementor-col-100 elementor-top-column elementor-element elementor-element-8ea0ca3\" data-id=\"8ea0ca3\" data-element_type=\"column\" data-e-type=\"column\">\n\t\t\t<div class=\"elementor-widget-wrap elementor-element-populated\">\n\t\t\t\t\t\t<section class=\"elementor-section elementor-inner-section elementor-element elementor-element-fcda51a elementor-section-boxed elementor-section-height-default elementor-section-height-default\" data-id=\"fcda51a\" data-element_type=\"section\" data-e-type=\"section\">\n\t\t\t\t\t\t<div class=\"elementor-container elementor-column-gap-default\">\n\t\t\t\t\t<div class=\"elementor-column elementor-col-33 elementor-inner-column elementor-element elementor-element-7d09c28\" data-id=\"7d09c28\" data-element_type=\"column\" data-e-type=\"column\" data-settings=\"{&quot;background_background&quot;:&quot;classic&quot;}\">\n\t\t\t<div class=\"elementor-widget-wrap elementor-element-populated\">\n\t\t\t\t\t\t<div class=\"elementor-element elementor-element-85718c0 elementor-widget__width-initial elementor-widget elementor-widget-image\" data-id=\"85718c0\" data-element_type=\"widget\" data-e-type=\"widget\" data-widget_type=\"image.default\">\n\t\t\t\t\t\t\t\t\t\t\t\t\t\t\t<img fetchpriority=\"high\" decoding=\"async\" width=\"300\" height=\"300\" src=\"https:\/\/al-trader.org\/wp-content\/uploads\/2023\/10\/al-trader-icon01-300x300.webp\" class=\"attachment-medium size-medium wp-image-2532\" alt=\"al-trader icon one\" srcset=\"https:\/\/al-trader.org\/wp-content\/uploads\/2023\/10\/al-trader-icon01-300x300.webp 300w, https:\/\/al-trader.org\/wp-content\/uploads\/2023\/10\/al-trader-icon01-150x150.webp 150w, https:\/\/al-trader.org\/wp-content\/uploads\/2023\/10\/al-trader-icon01.webp 512w\" sizes=\"(max-width: 300px) 100vw, 300px\" \/>\t\t\t\t\t\t\t\t\t\t\t\t\t\t\t<\/div>\n\t\t\t\t<div class=\"elementor-element elementor-element-b115f83 elementor-widget elementor-widget-heading\" data-id=\"b115f83\" data-element_type=\"widget\" data-e-type=\"widget\" data-widget_type=\"heading.default\">\n\t\t\t\t\t<h3 class=\"elementor-heading-title elementor-size-medium\">La sencillez del movimiento de varita<\/h3>\t\t\t\t<\/div>\n\t\t\t\t<div class=\"elementor-element elementor-element-def5144 elementor-widget elementor-widget-text-editor\" data-id=\"def5144\" data-element_type=\"widget\" data-e-type=\"widget\" data-widget_type=\"text-editor.default\">\n\t\t\t\t\t\t\t\t\t<p><span style=\"font-weight: 400;\">Con un movimiento r\u00e1pido y sencillo, navegar por la aplicaci\u00f3n es tan f\u00e1cil que parece magia.<\/span><\/p>\t\t\t\t\t\t\t\t<\/div>\n\t\t\t\t\t<\/div>\n\t\t<\/div>\n\t\t\t\t<div class=\"elementor-column elementor-col-33 elementor-inner-column elementor-element elementor-element-a87206d\" data-id=\"a87206d\" data-element_type=\"column\" data-e-type=\"column\" data-settings=\"{&quot;background_background&quot;:&quot;classic&quot;}\">\n\t\t\t<div class=\"elementor-widget-wrap elementor-element-populated\">\n\t\t\t\t\t\t<div class=\"elementor-element elementor-element-fcb64ea elementor-widget__width-initial elementor-widget elementor-widget-image\" data-id=\"fcb64ea\" data-element_type=\"widget\" data-e-type=\"widget\" data-widget_type=\"image.default\">\n\t\t\t\t\t\t\t\t\t\t\t\t\t\t\t<img decoding=\"async\" width=\"300\" height=\"300\" src=\"https:\/\/al-trader.org\/wp-content\/uploads\/2023\/10\/al-trader-icon02-300x300.webp\" class=\"attachment-medium size-medium wp-image-2536\" alt=\"al-trader icon two\" srcset=\"https:\/\/al-trader.org\/wp-content\/uploads\/2023\/10\/al-trader-icon02-300x300.webp 300w, https:\/\/al-trader.org\/wp-content\/uploads\/2023\/10\/al-trader-icon02-150x150.webp 150w, https:\/\/al-trader.org\/wp-content\/uploads\/2023\/10\/al-trader-icon02.webp 512w\" sizes=\"(max-width: 300px) 100vw, 300px\" \/>\t\t\t\t\t\t\t\t\t\t\t\t\t\t\t<\/div>\n\t\t\t\t<div class=\"elementor-element elementor-element-57877de elementor-widget elementor-widget-heading\" data-id=\"57877de\" data-element_type=\"widget\" data-e-type=\"widget\" data-widget_type=\"heading.default\">\n\t\t\t\t\t<h3 class=\"elementor-heading-title elementor-size-medium\">Claridad de la bola de cristal<\/h3>\t\t\t\t<\/div>\n\t\t\t\t<div class=\"elementor-element elementor-element-ff81e26 elementor-widget elementor-widget-text-editor\" data-id=\"ff81e26\" data-element_type=\"widget\" data-e-type=\"widget\" data-widget_type=\"text-editor.default\">\n\t\t\t\t\t\t\t\t\t<p><span style=\"font-weight: 400;\">El dise\u00f1o de nuestra aplicaci\u00f3n es tan claro como una bola de cristal y te muestra exactamente lo que necesitas ver.<\/span><\/p>\t\t\t\t\t\t\t\t<\/div>\n\t\t\t\t\t<\/div>\n\t\t<\/div>\n\t\t\t\t<div class=\"elementor-column elementor-col-33 elementor-inner-column elementor-element elementor-element-778f825\" data-id=\"778f825\" data-element_type=\"column\" data-e-type=\"column\" data-settings=\"{&quot;background_background&quot;:&quot;classic&quot;}\">\n\t\t\t<div class=\"elementor-widget-wrap elementor-element-populated\">\n\t\t\t\t\t\t<div class=\"elementor-element elementor-element-66edfde elementor-widget__width-initial elementor-widget elementor-widget-image\" data-id=\"66edfde\" data-element_type=\"widget\" data-e-type=\"widget\" data-widget_type=\"image.default\">\n\t\t\t\t\t\t\t\t\t\t\t\t\t\t\t<img decoding=\"async\" width=\"300\" height=\"300\" src=\"https:\/\/al-trader.org\/wp-content\/uploads\/2023\/10\/al-trader-icon03-300x300.webp\" class=\"attachment-medium size-medium wp-image-2539\" alt=\"al-trader icon three\" srcset=\"https:\/\/al-trader.org\/wp-content\/uploads\/2023\/10\/al-trader-icon03-300x300.webp 300w, https:\/\/al-trader.org\/wp-content\/uploads\/2023\/10\/al-trader-icon03-150x150.webp 150w, https:\/\/al-trader.org\/wp-content\/uploads\/2023\/10\/al-trader-icon03.webp 512w\" sizes=\"(max-width: 300px) 100vw, 300px\" \/>\t\t\t\t\t\t\t\t\t\t\t\t\t\t\t<\/div>\n\t\t\t\t<div class=\"elementor-element elementor-element-c0fd1e9 elementor-widget elementor-widget-heading\" data-id=\"c0fd1e9\" data-element_type=\"widget\" data-e-type=\"widget\" data-widget_type=\"heading.default\">\n\t\t\t\t\t<h3 class=\"elementor-heading-title elementor-size-medium\">Diversi\u00f3n mezclando pociones<\/h3>\t\t\t\t<\/div>\n\t\t\t\t<div class=\"elementor-element elementor-element-3ea6ef6 elementor-widget elementor-widget-text-editor\" data-id=\"3ea6ef6\" data-element_type=\"widget\" data-e-type=\"widget\" data-widget_type=\"text-editor.default\">\n\t\t\t\t\t\t\t\t\t<p><span style=\"font-weight: 400;\">Mezcla tus activos como un mago mezcla pociones, todo con solo tocar un dedo.<\/span><\/p>\t\t\t\t\t\t\t\t<\/div>\n\t\t\t\t\t<\/div>\n\t\t<\/div>\n\t\t\t\t\t<\/div>\n\t\t<\/section>\n\t\t\t\t\t<\/div>\n\t\t<\/div>\n\t\t\t\t\t<\/div>\n\t\t<\/section>\n\t\t\t\t<section class=\"elementor-section elementor-top-section elementor-element elementor-element-5f0b8df elementor-section-boxed elementor-section-height-default elementor-section-height-default\" data-id=\"5f0b8df\" data-element_type=\"section\" data-e-type=\"section\" data-settings=\"{&quot;background_background&quot;:&quot;classic&quot;}\">\n\t\t\t\t\t\t<div class=\"elementor-container elementor-column-gap-default\">\n\t\t\t\t\t<div class=\"elementor-column elementor-col-100 elementor-top-column elementor-element elementor-element-1bc48d9\" data-id=\"1bc48d9\" data-element_type=\"column\" data-e-type=\"column\">\n\t\t\t<div class=\"elementor-widget-wrap elementor-element-populated\">\n\t\t\t\t\t\t<div class=\"elementor-element elementor-element-e193c32 elementor-widget elementor-widget-spacer\" data-id=\"e193c32\" data-element_type=\"widget\" data-e-type=\"widget\" data-widget_type=\"spacer.default\">\n\t\t\t\t\t\t\t<div class=\"elementor-spacer\">\n\t\t\t<div class=\"elementor-spacer-inner\"><\/div>\n\t\t<\/div>\n\t\t\t\t\t\t<\/div>\n\t\t\t\t<section class=\"elementor-section elementor-inner-section elementor-element elementor-element-3bfa7de elementor-section-boxed elementor-section-height-default elementor-section-height-default\" data-id=\"3bfa7de\" data-element_type=\"section\" data-e-type=\"section\">\n\t\t\t\t\t\t<div class=\"elementor-container elementor-column-gap-default\">\n\t\t\t\t\t<div class=\"elementor-column elementor-col-50 elementor-inner-column elementor-element elementor-element-d797de0\" data-id=\"d797de0\" data-element_type=\"column\" data-e-type=\"column\">\n\t\t\t<div class=\"elementor-widget-wrap elementor-element-populated\">\n\t\t\t\t\t\t<div class=\"elementor-element elementor-element-2b65486 elementor-widget elementor-widget-heading\" data-id=\"2b65486\" data-element_type=\"widget\" data-e-type=\"widget\" data-widget_type=\"heading.default\">\n\t\t\t\t\t<h2 class=\"elementor-heading-title elementor-size-large\">Tu misi\u00f3n comienza aqu\u00ed: emprende la aventura de la aplicaci\u00f3n AL Trader<\/h2>\t\t\t\t<\/div>\n\t\t\t\t<div class=\"elementor-element elementor-element-40b73a2 elementor-widget elementor-widget-text-editor\" data-id=\"40b73a2\" data-element_type=\"widget\" data-e-type=\"widget\" data-widget_type=\"text-editor.default\">\n\t\t\t\t\t\t\t\t\t<p><span style=\"font-weight: 400;\">Toda gran misi\u00f3n tiene un punto de partida, y tu aventura en AL Trader comienza cuando descargas la aplicaci\u00f3n.<\/span><\/p>\t\t\t\t\t\t\t\t<\/div>\n\t\t\t\t<div class=\"elementor-element elementor-element-706a75c elementor-icon-list--layout-traditional elementor-list-item-link-full_width elementor-widget elementor-widget-icon-list\" data-id=\"706a75c\" data-element_type=\"widget\" data-e-type=\"widget\" data-widget_type=\"icon-list.default\">\n\t\t\t\t\t\t\t<ul class=\"elementor-icon-list-items\">\n\t\t\t\t\t\t\t<li class=\"elementor-icon-list-item\">\n\t\t\t\t\t\t\t\t\t\t\t<span class=\"elementor-icon-list-icon\">\n\t\t\t\t\t\t\t<i aria-hidden=\"true\" class=\"icon icon-right-arrow\"><\/i>\t\t\t\t\t\t<\/span>\n\t\t\t\t\t\t\t\t\t\t<span class=\"elementor-icon-list-text\"><b> Mapa del tesoro:<\/b> As\u00ed como la X marca el lugar, nuestra aplicaci\u00f3n te gu\u00eda hacia los tesoros comerciales.<\/span>\n\t\t\t\t\t\t\t\t\t<\/li>\n\t\t\t\t\t\t\t\t<li class=\"elementor-icon-list-item\">\n\t\t\t\t\t\t\t\t\t\t\t<span class=\"elementor-icon-list-icon\">\n\t\t\t\t\t\t\t<i aria-hidden=\"true\" class=\"icon icon-right-arrow\"><\/i>\t\t\t\t\t\t<\/span>\n\t\t\t\t\t\t\t\t\t\t<span class=\"elementor-icon-list-text\"><b>Tu espada de confianza:<\/b> Armado con herramientas y gr\u00e1ficos, est\u00e1s listo para lo que los dragones financieros te arrojen al camino.<\/span>\n\t\t\t\t\t\t\t\t\t<\/li>\n\t\t\t\t\t\t\t\t<li class=\"elementor-icon-list-item\">\n\t\t\t\t\t\t\t\t\t\t\t<span class=\"elementor-icon-list-icon\">\n\t\t\t\t\t\t\t<i aria-hidden=\"true\" class=\"icon icon-right-arrow\"><\/i>\t\t\t\t\t\t<\/span>\n\t\t\t\t\t\t\t\t\t\t<span class=\"elementor-icon-list-text\"><b>Una bolsa de secretos:<\/b> Mant\u00e9ngase informado con noticias y actualizaciones, como pergaminos secretos para su viaje.<\/span>\n\t\t\t\t\t\t\t\t\t<\/li>\n\t\t\t\t\t\t\t\t<li class=\"elementor-icon-list-item\">\n\t\t\t\t\t\t\t\t\t\t\t<span class=\"elementor-icon-list-icon\">\n\t\t\t\t\t\t\t<i aria-hidden=\"true\" class=\"icon icon-right-arrow\"><\/i>\t\t\t\t\t\t<\/span>\n\t\t\t\t\t\t\t\t\t\t<span class=\"elementor-icon-list-text\"><b>Cerraduras m\u00e1gicas:<\/b> Con seguridad de primer nivel, su cuenta est\u00e1 m\u00e1s segura que el tesoro de un drag\u00f3n.<\/span>\n\t\t\t\t\t\t\t\t\t<\/li>\n\t\t\t\t\t\t<\/ul>\n\t\t\t\t\t\t<\/div>\n\t\t\t\t\t<\/div>\n\t\t<\/div>\n\t\t\t\t<div class=\"elementor-column elementor-col-50 elementor-inner-column elementor-element elementor-element-1fa5418\" data-id=\"1fa5418\" data-element_type=\"column\" data-e-type=\"column\">\n\t\t\t<div class=\"elementor-widget-wrap elementor-element-populated\">\n\t\t\t\t\t\t<div class=\"elementor-element elementor-element-67e900d elementor-widget__width-initial elementor-widget elementor-widget-image\" data-id=\"67e900d\" data-element_type=\"widget\" data-e-type=\"widget\" data-widget_type=\"image.default\">\n\t\t\t\t\t\t\t\t\t\t\t\t\t\t\t<img loading=\"lazy\" decoding=\"async\" width=\"150\" height=\"300\" src=\"https:\/\/al-trader.org\/wp-content\/uploads\/2023\/10\/al-trader-mobileapp-150x300.webp\" class=\"attachment-medium size-medium wp-image-2972\" alt=\"al-trader-mobile-app\" srcset=\"https:\/\/al-trader.org\/wp-content\/uploads\/2023\/10\/al-trader-mobileapp-150x300.webp 150w, https:\/\/al-trader.org\/wp-content\/uploads\/2023\/10\/al-trader-mobileapp-512x1024.webp 512w, https:\/\/al-trader.org\/wp-content\/uploads\/2023\/10\/al-trader-mobileapp.webp 640w\" sizes=\"(max-width: 150px) 100vw, 150px\" \/>\t\t\t\t\t\t\t\t\t\t\t\t\t\t\t<\/div>\n\t\t\t\t\t<\/div>\n\t\t<\/div>\n\t\t\t\t\t<\/div>\n\t\t<\/section>\n\t\t\t\t<section class=\"elementor-section elementor-inner-section elementor-element elementor-element-1eb1cf9 elementor-section-boxed elementor-section-height-default elementor-section-height-default\" data-id=\"1eb1cf9\" data-element_type=\"section\" data-e-type=\"section\">\n\t\t\t\t\t\t<div class=\"elementor-container elementor-column-gap-default\">\n\t\t\t\t\t<div class=\"elementor-column elementor-col-50 elementor-inner-column elementor-element elementor-element-cbca088\" data-id=\"cbca088\" data-element_type=\"column\" data-e-type=\"column\">\n\t\t\t<div class=\"elementor-widget-wrap elementor-element-populated\">\n\t\t\t\t\t\t<div class=\"elementor-element elementor-element-cdda98c elementor-widget__width-initial elementor-widget elementor-widget-image\" data-id=\"cdda98c\" data-element_type=\"widget\" data-e-type=\"widget\" data-widget_type=\"image.default\">\n\t\t\t\t\t\t\t\t\t\t\t\t\t\t\t<img loading=\"lazy\" decoding=\"async\" width=\"194\" height=\"300\" src=\"https:\/\/al-trader.org\/wp-content\/uploads\/2023\/10\/al-trader-mobileapp01-194x300.webp\" class=\"attachment-medium size-medium wp-image-2974\" alt=\"al-trader-android and ios apps\" srcset=\"https:\/\/al-trader.org\/wp-content\/uploads\/2023\/10\/al-trader-mobileapp01-194x300.webp 194w, https:\/\/al-trader.org\/wp-content\/uploads\/2023\/10\/al-trader-mobileapp01-661x1024.webp 661w, https:\/\/al-trader.org\/wp-content\/uploads\/2023\/10\/al-trader-mobileapp01-768x1190.webp 768w, https:\/\/al-trader.org\/wp-content\/uploads\/2023\/10\/al-trader-mobileapp01.webp 826w\" sizes=\"(max-width: 194px) 100vw, 194px\" \/>\t\t\t\t\t\t\t\t\t\t\t\t\t\t\t<\/div>\n\t\t\t\t\t<\/div>\n\t\t<\/div>\n\t\t\t\t<div class=\"elementor-column elementor-col-50 elementor-inner-column elementor-element elementor-element-f436d5e\" data-id=\"f436d5e\" data-element_type=\"column\" data-e-type=\"column\">\n\t\t\t<div class=\"elementor-widget-wrap elementor-element-populated\">\n\t\t\t\t\t\t<div class=\"elementor-element elementor-element-efe0b20 elementor-widget elementor-widget-heading\" data-id=\"efe0b20\" data-element_type=\"widget\" data-e-type=\"widget\" data-widget_type=\"heading.default\">\n\t\t\t\t\t<h2 class=\"elementor-heading-title elementor-size-large\">Personaliza tu Magic Realm: la aplicaci\u00f3n AL Trader a tu manera<\/h2>\t\t\t\t<\/div>\n\t\t\t\t<div class=\"elementor-element elementor-element-efcfc3e elementor-widget elementor-widget-text-editor\" data-id=\"efcfc3e\" data-element_type=\"widget\" data-e-type=\"widget\" data-widget_type=\"text-editor.default\">\n\t\t\t\t\t\t\t\t\t<p><span style=\"font-weight: 400;\">En la tierra de AL Trader, t\u00fa eres el gobernante, \u00a1y todo debe ser como a ti te gusta!<\/span><\/p>\t\t\t\t\t\t\t\t<\/div>\n\t\t\t\t<div class=\"elementor-element elementor-element-64878ec elementor-icon-list--layout-traditional elementor-list-item-link-full_width elementor-widget elementor-widget-icon-list\" data-id=\"64878ec\" data-element_type=\"widget\" data-e-type=\"widget\" data-widget_type=\"icon-list.default\">\n\t\t\t\t\t\t\t<ul class=\"elementor-icon-list-items\">\n\t\t\t\t\t\t\t<li class=\"elementor-icon-list-item\">\n\t\t\t\t\t\t\t\t\t\t\t<span class=\"elementor-icon-list-icon\">\n\t\t\t\t\t\t\t<i aria-hidden=\"true\" class=\"icon icon-right-arrow\"><\/i>\t\t\t\t\t\t<\/span>\n\t\t\t\t\t\t\t\t\t\t<span class=\"elementor-icon-list-text\"><b>Su corte real:<\/b> Configura tu panel de control con tus herramientas y funciones favoritas a tu disposici\u00f3n.<\/span>\n\t\t\t\t\t\t\t\t\t<\/li>\n\t\t\t\t\t\t\t\t<li class=\"elementor-icon-list-item\">\n\t\t\t\t\t\t\t\t\t\t\t<span class=\"elementor-icon-list-icon\">\n\t\t\t\t\t\t\t<i aria-hidden=\"true\" class=\"icon icon-right-arrow\"><\/i>\t\t\t\t\t\t<\/span>\n\t\t\t\t\t\t\t\t\t\t<span class=\"elementor-icon-list-text\"><b>Alertas festivas:<\/b> Personaliza notificaciones como invitaciones a un baile real y no te pierdas nunca ninguna diversi\u00f3n.<\/span>\n\t\t\t\t\t\t\t\t\t<\/li>\n\t\t\t\t\t\t\t\t<li class=\"elementor-icon-list-item\">\n\t\t\t\t\t\t\t\t\t\t\t<span class=\"elementor-icon-list-icon\">\n\t\t\t\t\t\t\t<i aria-hidden=\"true\" class=\"icon icon-right-arrow\"><\/i>\t\t\t\t\t\t<\/span>\n\t\t\t\t\t\t\t\t\t\t<span class=\"elementor-icon-list-text\"><b>La Cr\u00f3nica de tu Reino:<\/b> Realice un seguimiento de su historial comercial como si fuera una historia en su gran cr\u00f3nica.<\/span>\n\t\t\t\t\t\t\t\t\t<\/li>\n\t\t\t\t\t\t<\/ul>\n\t\t\t\t\t\t<\/div>\n\t\t<div class=\"elementor-element elementor-element-36a209b e-flex e-con-boxed e-con e-parent\" data-id=\"36a209b\" data-element_type=\"container\" data-e-type=\"container\">\n\t\t\t\t\t<div class=\"e-con-inner\">\n\t\t\t\t<div class=\"elementor-element elementor-element-70349d9 elementor-widget__width-initial elementor-widget-mobile__width-initial elementor-widget-tablet__width-initial elementor-widget elementor-widget-image\" data-id=\"70349d9\" data-element_type=\"widget\" data-e-type=\"widget\" data-widget_type=\"image.default\">\n\t\t\t\t\t\t\t\t\t\t\t\t\t\t\t\t<a href=\"https:\/\/al-trader.org\/es\/app-download\/\" target=\"_blank\">\n\t\t\t\t\t\t\t<img loading=\"lazy\" decoding=\"async\" width=\"300\" height=\"108\" src=\"https:\/\/al-trader.org\/wp-content\/uploads\/2024\/07\/al-trader-amazon-appstore-300x108.webp\" class=\"attachment-medium size-medium wp-image-4569\" alt=\"Amazon App Storre\" srcset=\"https:\/\/al-trader.org\/wp-content\/uploads\/2024\/07\/al-trader-amazon-appstore-300x108.webp 300w, https:\/\/al-trader.org\/wp-content\/uploads\/2024\/07\/al-trader-amazon-appstore.webp 463w\" sizes=\"(max-width: 300px) 100vw, 300px\" \/>\t\t\t\t\t\t\t\t<\/a>\n\t\t\t\t\t\t\t\t\t\t\t\t\t\t\t<\/div>\n\t\t\t\t\t<\/div>\n\t\t\t\t<\/div>\n\t\t\t\t\t<\/div>\n\t\t<\/div>\n\t\t\t\t\t<\/div>\n\t\t<\/section>\n\t\t\t\t\t<\/div>\n\t\t<\/div>\n\t\t\t\t\t<\/div>\n\t\t<\/section>\n\t\t\t\t<section class=\"elementor-section elementor-top-section elementor-element elementor-element-226da68 elementor-section-boxed elementor-section-height-default elementor-section-height-default\" data-id=\"226da68\" data-element_type=\"section\" data-e-type=\"section\">\n\t\t\t\t\t\t<div class=\"elementor-container elementor-column-gap-default\">\n\t\t\t\t\t<div class=\"elementor-column elementor-col-100 elementor-top-column elementor-element elementor-element-23d10e0\" data-id=\"23d10e0\" data-element_type=\"column\" data-e-type=\"column\">\n\t\t\t<div class=\"elementor-widget-wrap elementor-element-populated\">\n\t\t\t\t\t\t<div class=\"elementor-element elementor-element-c04b0a0 elementor-widget elementor-widget-heading\" data-id=\"c04b0a0\" data-element_type=\"widget\" data-e-type=\"widget\" data-widget_type=\"heading.default\">\n\t\t\t\t\t<h2 class=\"elementor-heading-title elementor-size-large\">\u00bfListo para un viaje m\u00e1gico? \u00a1Descargue la aplicaci\u00f3n AL Trader ahora!<\/h2>\t\t\t\t<\/div>\n\t\t\t\t<div class=\"elementor-element elementor-element-be5b632 elementor-widget elementor-widget-text-editor\" data-id=\"be5b632\" data-element_type=\"widget\" data-e-type=\"widget\" data-widget_type=\"text-editor.default\">\n\t\t\t\t\t\t\t\t\t<p><span style=\"font-weight: 400;\">\u00bfEst\u00e1s listo para convertir tu tel\u00e9fono en un portal de magia para el trading? Con la aplicaci\u00f3n AL Trader, no eres solo un trader; eres un mago de las finanzas, un conquistador de los mercados y un buscador de sabidur\u00eda. Cada caracter\u00edstica es un hechizo, cada operaci\u00f3n una misi\u00f3n y cada \u00e9xito un paso hacia el final de tu cuento de hadas. \u00bfA qu\u00e9 esperas? El reino de AL Trader est\u00e1 llamando a su h\u00e9roe. \u00bfResponder\u00e1s a la llamada?<\/span><\/p><p><span style=\"font-weight: 400;\">Con la aplicaci\u00f3n m\u00f3vil AL Trader, tu aventura en el trading est\u00e1 a un toque de distancia, en cualquier momento y en cualquier lugar. No es solo una aplicaci\u00f3n; es tu varita m\u00e1gica, que convierte los desaf\u00edos del mercado en triunfos, las preguntas en misiones y los sue\u00f1os en realidad. Tu tel\u00e9fono se convierte en tu pergamino de sabidur\u00eda, tu escudo de seguridad y tu corona de \u00e9xito. En el mundo de AL Trader, eres el h\u00e9roe de tu \u00e9pica, el escritor de tu propia historia. As\u00ed que, descarga la aplicaci\u00f3n y deja que comience la magia. \u00a1Tu reino te espera, noble trader!<\/span><\/p>\t\t\t\t\t\t\t\t<\/div>\n\t\t<div class=\"elementor-element elementor-element-6ad56fb e-flex e-con-boxed e-con e-parent\" data-id=\"6ad56fb\" data-element_type=\"container\" data-e-type=\"container\">\n\t\t\t\t\t<div class=\"e-con-inner\">\n\t\t\t\t<div class=\"elementor-element elementor-element-133cce8 elementor-widget__width-initial elementor-widget-mobile__width-initial elementor-widget-tablet__width-initial elementor-widget elementor-widget-image\" data-id=\"133cce8\" data-element_type=\"widget\" data-e-type=\"widget\" data-widget_type=\"image.default\">\n\t\t\t\t\t\t\t\t\t\t\t\t\t\t\t\t<a href=\"https:\/\/al-trader.org\/es\/app-download\/\" target=\"_blank\">\n\t\t\t\t\t\t\t<img loading=\"lazy\" decoding=\"async\" width=\"300\" height=\"108\" src=\"https:\/\/al-trader.org\/wp-content\/uploads\/2024\/07\/al-trader-amazon-appstore-300x108.webp\" class=\"attachment-medium size-medium wp-image-4569\" alt=\"Amazon App Storre\" srcset=\"https:\/\/al-trader.org\/wp-content\/uploads\/2024\/07\/al-trader-amazon-appstore-300x108.webp 300w, https:\/\/al-trader.org\/wp-content\/uploads\/2024\/07\/al-trader-amazon-appstore.webp 463w\" sizes=\"(max-width: 300px) 100vw, 300px\" \/>\t\t\t\t\t\t\t\t<\/a>\n\t\t\t\t\t\t\t\t\t\t\t\t\t\t\t<\/div>\n\t\t\t\t\t<\/div>\n\t\t\t\t<\/div>\n\t\t\t\t<div class=\"elementor-element elementor-element-7d5aa43 elementor-widget elementor-widget-spacer\" data-id=\"7d5aa43\" data-element_type=\"widget\" data-e-type=\"widget\" data-widget_type=\"spacer.default\">\n\t\t\t\t\t\t\t<div class=\"elementor-spacer\">\n\t\t\t<div class=\"elementor-spacer-inner\"><\/div>\n\t\t<\/div>\n\t\t\t\t\t\t<\/div>\n\t\t\t\t\t<\/div>\n\t\t<\/div>\n\t\t\t\t\t<\/div>\n\t\t<\/section>\n\t\t\t\t<\/div>","protected":false},"excerpt":{"rendered":"<p>AL Trader App: A Spellbook of Financial Wonders Imagine if you had a spell book that could turn pumpkins into carriages or frogs into princes. Well, the AL Trader mobile app is like that, but for trading! Wand Waving Simplicity With a flick and a swish, navigating the app is so easy that it feels [&hellip;]<\/p>\n","protected":false},"author":1,"featured_media":0,"parent":0,"menu_order":0,"comment_status":"closed","ping_status":"closed","template":"elementor_header_footer","meta":{"footnotes":""},"class_list":["post-2966","page","type-page","status-publish","hentry"],"_links":{"self":[{"href":"https:\/\/al-trader.org\/es\/wp-json\/wp\/v2\/pages\/2966","targetHints":{"allow":["GET"]}}],"collection":[{"href":"https:\/\/al-trader.org\/es\/wp-json\/wp\/v2\/pages"}],"about":[{"href":"https:\/\/al-trader.org\/es\/wp-json\/wp\/v2\/types\/page"}],"author":[{"embeddable":true,"href":"https:\/\/al-trader.org\/es\/wp-json\/wp\/v2\/users\/1"}],"replies":[{"embeddable":true,"href":"https:\/\/al-trader.org\/es\/wp-json\/wp\/v2\/comments?post=2966"}],"version-history":[{"count":0,"href":"https:\/\/al-trader.org\/es\/wp-json\/wp\/v2\/pages\/2966\/revisions"}],"wp:attachment":[{"href":"https:\/\/al-trader.org\/es\/wp-json\/wp\/v2\/media?parent=2966"}],"curies":[{"name":"wp","href":"https:\/\/api.w.org\/{rel}","templated":true}]}}