{"id":1132,"date":"2023-07-18T18:26:45","date_gmt":"2023-07-18T18:26:45","guid":{"rendered":"https:\/\/al-trader.org\/?page_id=1132"},"modified":"2023-11-01T05:58:39","modified_gmt":"2023-11-01T05:58:39","slug":"ventajas-del-comercio-en-linea-2","status":"publish","type":"page","link":"https:\/\/al-trader.org\/es\/online-trading-advantages\/","title":{"rendered":"Ventajas del comercio en l\u00ednea"},"content":{"rendered":"<div data-elementor-type=\"wp-page\" data-elementor-id=\"1132\" class=\"elementor elementor-1132\" data-elementor-post-type=\"page\">\n\t\t\t\t\t\t<section class=\"elementor-section elementor-top-section elementor-element elementor-element-282c082 elementor-section-boxed elementor-section-height-default elementor-section-height-default\" data-id=\"282c082\" data-element_type=\"section\" data-e-type=\"section\">\n\t\t\t\t\t\t<div class=\"elementor-container elementor-column-gap-default\">\n\t\t\t\t\t<div class=\"elementor-column elementor-col-100 elementor-top-column elementor-element elementor-element-537a208\" data-id=\"537a208\" data-element_type=\"column\" data-e-type=\"column\">\n\t\t\t<div class=\"elementor-widget-wrap elementor-element-populated\">\n\t\t\t\t\t\t<div class=\"elementor-element elementor-element-0bb4c8d elementor-widget elementor-widget-heading\" data-id=\"0bb4c8d\" data-element_type=\"widget\" data-e-type=\"widget\" data-widget_type=\"heading.default\">\n\t\t\t\t\t<h3 class=\"elementor-heading-title elementor-size-default\">\u00bfQu\u00e9 beneficios obtengo al participar en el comercio en l\u00ednea?<\/h3>\t\t\t\t<\/div>\n\t\t\t\t<div class=\"elementor-element elementor-element-857bc9b elementor-widget elementor-widget-text-editor\" data-id=\"857bc9b\" data-element_type=\"widget\" data-e-type=\"widget\" data-widget_type=\"text-editor.default\">\n\t\t\t\t\t\t\t\t\t<p>El comercio en l\u00ednea ofrece una gran cantidad de beneficios que han contribuido a su popularidad y conveniencia entre los comerciantes. Algunas de las ventajas m\u00e1s destacadas incluyen:<\/p>\t\t\t\t\t\t\t\t<\/div>\n\t\t\t\t<div class=\"elementor-element elementor-element-1b30752 elementor-widget elementor-widget-heading\" data-id=\"1b30752\" data-element_type=\"widget\" data-e-type=\"widget\" data-widget_type=\"heading.default\">\n\t\t\t\t\t<h3 class=\"elementor-heading-title elementor-size-default\">Accesibilidad<\/h3>\t\t\t\t<\/div>\n\t\t\t\t<div class=\"elementor-element elementor-element-25ddaf7 elementor-widget elementor-widget-text-editor\" data-id=\"25ddaf7\" data-element_type=\"widget\" data-e-type=\"widget\" data-widget_type=\"text-editor.default\">\n\t\t\t\t\t\t\t\t\t<p>Al operar en l\u00ednea, podr\u00e1 acceder a los mercados financieros independientemente de su ubicaci\u00f3n, siempre que tenga una conexi\u00f3n a Internet. Esta accesibilidad le permite operar a trav\u00e9s de su computadora, port\u00e1til o dispositivo m\u00f3vil, lo que garantiza flexibilidad y comodidad en sus operaciones comerciales.<\/p>\t\t\t\t\t\t\t\t<\/div>\n\t\t\t\t<div class=\"elementor-element elementor-element-d65a17d elementor-widget elementor-widget-heading\" data-id=\"d65a17d\" data-element_type=\"widget\" data-e-type=\"widget\" data-widget_type=\"heading.default\">\n\t\t\t\t\t<h3 class=\"elementor-heading-title elementor-size-default\">Rentabilidad<\/h3>\t\t\t\t<\/div>\n\t\t\t\t<div class=\"elementor-element elementor-element-3b7f599 elementor-widget elementor-widget-text-editor\" data-id=\"3b7f599\" data-element_type=\"widget\" data-e-type=\"widget\" data-widget_type=\"text-editor.default\">\n\t\t\t\t\t\t\t\t\t<p>En comparaci\u00f3n con las empresas de corretaje tradicionales, las operaciones en l\u00ednea suelen implicar menores costos de transacci\u00f3n. Los corredores en l\u00ednea suelen ofrecer tasas de comisi\u00f3n competitivas y tarifas reducidas, lo que los convierte en una opci\u00f3n m\u00e1s rentable, en particular para los operadores que realizan operaciones con frecuencia.<\/p>\t\t\t\t\t\t\t\t<\/div>\n\t\t\t\t<div class=\"elementor-element elementor-element-98076ee elementor-widget elementor-widget-heading\" data-id=\"98076ee\" data-element_type=\"widget\" data-e-type=\"widget\" data-widget_type=\"heading.default\">\n\t\t\t\t\t<h3 class=\"elementor-heading-title elementor-size-default\">Informaci\u00f3n del mercado en tiempo real:<\/h3>\t\t\t\t<\/div>\n\t\t\t\t<div class=\"elementor-element elementor-element-7657bda elementor-widget elementor-widget-text-editor\" data-id=\"7657bda\" data-element_type=\"widget\" data-e-type=\"widget\" data-widget_type=\"text-editor.default\">\n\t\t\t\t\t\t\t\t\t<p>Las plataformas de operaciones en l\u00ednea proporcionan datos de mercado en tiempo real que incluyen cotizaciones de precios, gr\u00e1ficos y actualizaciones de noticias. Esta caracter\u00edstica permite a los operadores mantenerse bien informados sobre la din\u00e1mica del mercado, lo que facilita la toma de decisiones oportunas basadas en la informaci\u00f3n m\u00e1s actualizada disponible.<\/p>\t\t\t\t\t\t\t\t<\/div>\n\t\t\t\t<div class=\"elementor-element elementor-element-0b2243c elementor-widget elementor-widget-heading\" data-id=\"0b2243c\" data-element_type=\"widget\" data-e-type=\"widget\" data-widget_type=\"heading.default\">\n\t\t\t\t\t<h3 class=\"elementor-heading-title elementor-size-default\">Velocidad de ejecuci\u00f3n<\/h3>\t\t\t\t<\/div>\n\t\t\t\t<div class=\"elementor-element elementor-element-45b2827 elementor-widget elementor-widget-text-editor\" data-id=\"45b2827\" data-element_type=\"widget\" data-e-type=\"widget\" data-widget_type=\"text-editor.default\">\n\t\t\t\t\t\t\t\t\t<p>Las plataformas de comercio en l\u00ednea ofrecen una ejecuci\u00f3n de operaciones r\u00e1pida y optimizada. Las \u00f3rdenes se pueden realizar r\u00e1pidamente con un m\u00ednimo de clics, lo que minimiza el riesgo de perder oportunidades debido a demoras.<\/p>\t\t\t\t\t\t\t\t<\/div>\n\t\t\t\t<div class=\"elementor-element elementor-element-dd33ab2 elementor-widget elementor-widget-heading\" data-id=\"dd33ab2\" data-element_type=\"widget\" data-e-type=\"widget\" data-widget_type=\"heading.default\">\n\t\t\t\t\t<h3 class=\"elementor-heading-title elementor-size-default\">Diversas clases de activos<\/h3>\t\t\t\t<\/div>\n\t\t\t\t<div class=\"elementor-element elementor-element-2ab5976 elementor-widget elementor-widget-text-editor\" data-id=\"2ab5976\" data-element_type=\"widget\" data-e-type=\"widget\" data-widget_type=\"text-editor.default\">\n\t\t\t\t\t\t\t\t\t<p>Las plataformas de comercio en l\u00ednea brindan acceso a una amplia gama de instrumentos financieros, que abarcan acciones, divisas, materias primas, \u00edndices, criptomonedas y m\u00e1s. Esta inclusi\u00f3n permite a los operadores diversificar sus carteras y explorar diversas oportunidades de mercado.<\/p>\t\t\t\t\t\t\t\t<\/div>\n\t\t\t\t<div class=\"elementor-element elementor-element-d09d284 elementor-widget elementor-widget-heading\" data-id=\"d09d284\" data-element_type=\"widget\" data-e-type=\"widget\" data-widget_type=\"heading.default\">\n\t\t\t\t\t<h3 class=\"elementor-heading-title elementor-size-default\">Herramientas comerciales avanzadas<\/h3>\t\t\t\t<\/div>\n\t\t\t\t<div class=\"elementor-element elementor-element-f80df80 elementor-widget elementor-widget-text-editor\" data-id=\"f80df80\" data-element_type=\"widget\" data-e-type=\"widget\" data-widget_type=\"text-editor.default\">\n\t\t\t\t\t\t\t\t\t<p>Numerosas plataformas de operaciones en l\u00ednea cuentan con herramientas avanzadas de gr\u00e1ficos, indicadores t\u00e9cnicos y funciones de an\u00e1lisis. Estos recursos facilitan a los operadores la realizaci\u00f3n de an\u00e1lisis de mercado exhaustivos y ayudan a la formulaci\u00f3n de decisiones comerciales bien fundamentadas.<\/p>\t\t\t\t\t\t\t\t<\/div>\n\t\t\t\t<div class=\"elementor-element elementor-element-d001e1f elementor-widget elementor-widget-heading\" data-id=\"d001e1f\" data-element_type=\"widget\" data-e-type=\"widget\" data-widget_type=\"heading.default\">\n\t\t\t\t\t<h3 class=\"elementor-heading-title elementor-size-default\">Comercio apalancado<\/h3>\t\t\t\t<\/div>\n\t\t\t\t<div class=\"elementor-element elementor-element-d8cb9fe elementor-widget elementor-widget-text-editor\" data-id=\"d8cb9fe\" data-element_type=\"widget\" data-e-type=\"widget\" data-widget_type=\"text-editor.default\">\n\t\t\t\t\t\t\t\t\t<p>La participaci\u00f3n en operaciones en l\u00ednea ofrece a los operadores la oportunidad de utilizar el apalancamiento, lo que les permite gestionar posiciones m\u00e1s grandes con una cantidad de capital relativamente menor. Si bien el apalancamiento mejora el potencial de ganancias, su uso responsable es fundamental, ya que tambi\u00e9n amplifica las posibles p\u00e9rdidas.<\/p>\t\t\t\t\t\t\t\t<\/div>\n\t\t\t\t\t<\/div>\n\t\t<\/div>\n\t\t\t\t\t<\/div>\n\t\t<\/section>\n\t\t\t\t<\/div>","protected":false},"excerpt":{"rendered":"<p>What benefits do I gain from engaging in online trading? Online trading provides a plethora of benefits that have contributed to its popularity and convenience among traders. Some of the prominent advantages encompass: Accessibility Engaging in online trading empowers you to access financial markets irrespective of your location, as long as you have an internet [&hellip;]<\/p>\n","protected":false},"author":1,"featured_media":0,"parent":0,"menu_order":0,"comment_status":"closed","ping_status":"closed","template":"elementor_header_footer","meta":{"footnotes":""},"class_list":["post-1132","page","type-page","status-publish","hentry"],"_links":{"self":[{"href":"https:\/\/al-trader.org\/es\/wp-json\/wp\/v2\/pages\/1132","targetHints":{"allow":["GET"]}}],"collection":[{"href":"https:\/\/al-trader.org\/es\/wp-json\/wp\/v2\/pages"}],"about":[{"href":"https:\/\/al-trader.org\/es\/wp-json\/wp\/v2\/types\/page"}],"author":[{"embeddable":true,"href":"https:\/\/al-trader.org\/es\/wp-json\/wp\/v2\/users\/1"}],"replies":[{"embeddable":true,"href":"https:\/\/al-trader.org\/es\/wp-json\/wp\/v2\/comments?post=1132"}],"version-history":[{"count":0,"href":"https:\/\/al-trader.org\/es\/wp-json\/wp\/v2\/pages\/1132\/revisions"}],"wp:attachment":[{"href":"https:\/\/al-trader.org\/es\/wp-json\/wp\/v2\/media?parent=1132"}],"curies":[{"name":"wp","href":"https:\/\/api.w.org\/{rel}","templated":true}]}}