{"id":1127,"date":"2023-07-18T18:18:12","date_gmt":"2023-07-18T18:18:12","guid":{"rendered":"https:\/\/al-trader.org\/?page_id=1127"},"modified":"2023-10-31T05:43:26","modified_gmt":"2023-10-31T05:43:26","slug":"renovaciones-del-mercado-2","status":"publish","type":"page","link":"https:\/\/al-trader.org\/es\/market-rollovers\/","title":{"rendered":"Rollovers de mercado"},"content":{"rendered":"<div data-elementor-type=\"wp-page\" data-elementor-id=\"1127\" class=\"elementor elementor-1127\" data-elementor-post-type=\"page\">\n\t\t\t\t\t\t<section class=\"elementor-section elementor-top-section elementor-element elementor-element-5e13115 elementor-section-boxed elementor-section-height-default elementor-section-height-default\" data-id=\"5e13115\" data-element_type=\"section\" data-e-type=\"section\">\n\t\t\t\t\t\t<div class=\"elementor-container elementor-column-gap-default\">\n\t\t\t\t\t<div class=\"elementor-column elementor-col-100 elementor-top-column elementor-element elementor-element-3f0a395\" data-id=\"3f0a395\" data-element_type=\"column\" data-e-type=\"column\">\n\t\t\t<div class=\"elementor-widget-wrap elementor-element-populated\">\n\t\t\t\t\t\t<div class=\"elementor-element elementor-element-de06b29 elementor-widget elementor-widget-heading\" data-id=\"de06b29\" data-element_type=\"widget\" data-e-type=\"widget\" data-widget_type=\"heading.default\">\n\t\t\t\t\t<h1 class=\"elementor-heading-title elementor-size-default\">\u00a1En una aventura de viaje en el tiempo para decodificar los giros del mercado!<\/h1>\t\t\t\t<\/div>\n\t\t\t\t<div class=\"elementor-element elementor-element-da74335 elementor-widget elementor-widget-text-editor\" data-id=\"da74335\" data-element_type=\"widget\" data-e-type=\"widget\" data-widget_type=\"text-editor.default\">\n\t\t\t\t\t\t\t\t\t<p>Descubre qu\u00e9 son, explora las <a href=\"https:\/\/al-trader.org\/es\/divisas\/\">Forex<\/a> \u00a1Continuo en el tiempo y domina estrategias para convertir el tiempo a tu favor!<\/p>\t\t\t\t\t\t\t\t<\/div>\n\t\t\t\t<div class=\"elementor-element elementor-element-6e854fe elementor-widget elementor-widget-heading\" data-id=\"6e854fe\" data-element_type=\"widget\" data-e-type=\"widget\" data-widget_type=\"heading.default\">\n\t\t\t\t\t<h2 class=\"elementor-heading-title elementor-size-default\">La aventura de viajar en el tiempo de AL Trader: \u00a1El fascinante mundo de los rollovers del mercado!<\/h2>\t\t\t\t<\/div>\n\t\t\t\t<div class=\"elementor-element elementor-element-45e01fe elementor-widget elementor-widget-text-editor\" data-id=\"45e01fe\" data-element_type=\"widget\" data-e-type=\"widget\" data-widget_type=\"text-editor.default\">\n\t\t\t\t\t\t\t\t\t<p><span style=\"font-weight: 400;\">\u00a1Hola, futuros viajeros financieros en el tiempo! \u00bfEst\u00e1n listos para subirse a la m\u00e1quina del tiempo de AL Trader y recorrer los vericuetos de algo llamado \u201crollovers de mercado\u201d? Abr\u00f3chense los cinturones porque estamos a punto de viajar a trav\u00e9s del tiempo y desentra\u00f1ar de qu\u00e9 se tratan estos reveses, especialmente en la bulliciosa ciudad de Forex.<\/span><\/p>\t\t\t\t\t\t\t\t<\/div>\n\t\t\t\t<div class=\"elementor-element elementor-element-e245b6c elementor-widget elementor-widget-heading\" data-id=\"e245b6c\" data-element_type=\"widget\" data-e-type=\"widget\" data-widget_type=\"heading.default\">\n\t\t\t\t\t<h2 class=\"elementor-heading-title elementor-size-default\">El Manual del Viajero en el Tiempo: \u00bfQu\u00e9 es un vuelco del mercado?<\/h2>\t\t\t\t<\/div>\n\t\t\t\t<div class=\"elementor-element elementor-element-24c5781 elementor-widget elementor-widget-text-editor\" data-id=\"24c5781\" data-element_type=\"widget\" data-e-type=\"widget\" data-widget_type=\"text-editor.default\">\n\t\t\t\t\t\t\t\t\t<p><span style=\"font-weight: 400;\">Imagina que est\u00e1s dando un emocionante paseo en patineta (\u00a1ese es tu oficio!) y, en lugar de detenerte cuando cierra el parque (el mercado cierra), obtienes un boleto especial que te permite continuar el d\u00eda siguiente. \u00a1Eso es lo que es un mercado en renovaci\u00f3n!<\/span><\/p>\t\t\t\t\t\t\t\t<\/div>\n\t\t\t\t<div class=\"elementor-element elementor-element-9c4de23 elementor-widget elementor-widget-heading\" data-id=\"9c4de23\" data-element_type=\"widget\" data-e-type=\"widget\" data-widget_type=\"heading.default\">\n\t\t\t\t\t<h2 class=\"elementor-heading-title elementor-size-default\">El continuo temporal de Forex: refinanciaciones del mercado Forex<\/h2>\t\t\t\t<\/div>\n\t\t\t\t<div class=\"elementor-element elementor-element-adfe1d0 elementor-widget elementor-widget-text-editor\" data-id=\"adfe1d0\" data-element_type=\"widget\" data-e-type=\"widget\" data-widget_type=\"text-editor.default\">\n\t\t\t\t\t\t\t\t\t<p><span style=\"font-weight: 400;\">Ahora, analicemos el mercado de divisas, una ciudad en constante movimiento. Los rollovers del mercado son muy importantes aqu\u00ed porque esta ciudad nunca duerme y las operaciones siguen su curso las 24 horas del d\u00eda. Cuando una parte del mundo se va a dormir, otra parte se despierta para operar, por lo que los rollovers garantizan que sus operaciones puedan viajar en el tiempo sin problemas hasta la siguiente sesi\u00f3n de operaciones.<\/span><\/p>\t\t\t\t\t\t\t\t<\/div>\n\t\t\t\t<div class=\"elementor-element elementor-element-02af876 elementor-widget elementor-widget-heading\" data-id=\"02af876\" data-element_type=\"widget\" data-e-type=\"widget\" data-widget_type=\"heading.default\">\n\t\t\t\t\t<h2 class=\"elementor-heading-title elementor-size-default\">Dominando el tiempo: estrategia de refinanciaci\u00f3n de divisas<\/h2>\t\t\t\t<\/div>\n\t\t\t\t<div class=\"elementor-element elementor-element-ae04cc8 elementor-widget elementor-widget-text-editor\" data-id=\"ae04cc8\" data-element_type=\"widget\" data-e-type=\"widget\" data-widget_type=\"text-editor.default\">\n\t\t\t\t\t\t\t\t\t<p><span style=\"font-weight: 400;\">Entonces, \u00bfc\u00f3mo puedes, valiente viajero en el tiempo, usar las renovaciones a tu favor en Forex? \u00a1Todo es cuesti\u00f3n de estrategia! Piensa en ello como si estuvieras eligiendo el mejor momento para andar en patineta para evitar los baches y disfrutar de un paseo tranquilo. Si entiendes las tasas de inter\u00e9s (como las reglas del parque de patinaje), puedes decidir cu\u00e1ndo mantener tus operaciones y cu\u00e1ndo dejar que se renueven, \u00a1aprovechando al m\u00e1ximo tu aventura de viaje en el tiempo!<\/span><\/p>\t\t\t\t\t\t\t\t<\/div>\n\t\t\t\t<div class=\"elementor-element elementor-element-428f929 elementor-widget elementor-widget-heading\" data-id=\"428f929\" data-element_type=\"widget\" data-e-type=\"widget\" data-widget_type=\"heading.default\">\n\t\t\t\t\t<h2 class=\"elementor-heading-title elementor-size-default\">\u00a1Tu kit de herramientas para viajar en el tiempo con AL Trader!<\/h2>\t\t\t\t<\/div>\n\t\t\t\t<div class=\"elementor-element elementor-element-fb65b57 elementor-widget elementor-widget-text-editor\" data-id=\"fb65b57\" data-element_type=\"widget\" data-e-type=\"widget\" data-widget_type=\"text-editor.default\">\n\t\t\t\t\t\t\t\t\t<ol><li><span style=\"font-weight: 400;\"> Gu\u00eda del viajero en el tiempo: AL Trader ofrece una gu\u00eda sobre los vuelcos del mercado. \u00a1El conocimiento es su mapa en este viaje a trav\u00e9s del tiempo!<\/span><\/li><li><span style=\"font-weight: 400;\"> La br\u00fajula del tiempo: utilice las herramientas de AL Trader para realizar un seguimiento de los horarios del mercado y las tasas de inter\u00e9s, lo que le permitir\u00e1 saber cu\u00e1ndo renovar sus operaciones.<\/span><\/li><li><span style=\"font-weight: 400;\"> Consejo de compa\u00f1eros viajeros en el tiempo: \u00danete a la comunidad de AL Trader para debatir estrategias y consejos con otros aventureros que viajan en el tiempo. \u00a1Juntos, sois m\u00e1s vitales!<\/span><\/li><\/ol>\t\t\t\t\t\t\t\t<\/div>\n\t\t\t\t<div class=\"elementor-element elementor-element-175e21a elementor-widget elementor-widget-heading\" data-id=\"175e21a\" data-element_type=\"widget\" data-e-type=\"widget\" data-widget_type=\"heading.default\">\n\t\t\t\t\t<h2 class=\"elementor-heading-title elementor-size-default\">\u00bfPor qu\u00e9 AL Trader es tu fiel compa\u00f1era de viaje en el tiempo?<\/h2>\t\t\t\t<\/div>\n\t\t\t\t<div class=\"elementor-element elementor-element-599783c elementor-widget elementor-widget-text-editor\" data-id=\"599783c\" data-element_type=\"widget\" data-e-type=\"widget\" data-widget_type=\"text-editor.default\">\n\t\t\t\t\t\t\t\t\t<p><span style=\"font-weight: 400;\">\u2013 Navegantes del tiempo experimentados: Nuestro equipo es como una tripulaci\u00f3n de experimentados viajeros en el tiempo, listos para guiarlo a trav\u00e9s de los cambios del mercado con habilidad y seguridad.<\/span><\/p><p><span style=\"font-weight: 400;\">\u2013 M\u00e1quina del tiempo confiable: con tecnolog\u00eda de primer nivel, <a href=\"https:\/\/al-trader.org\/es\/invertir\/\">Plataforma de AL Trader<\/a> Es su barco confiable para este viaje, garantizando una aventura tranquila y segura.<\/span><\/p><p><span style=\"font-weight: 400;\">\u2013 Guardianes de la confianza: Su confianza es valiosa para nosotros y la protegemos con estrictas medidas de seguridad, garantizando que su viaje en el tiempo no solo sea emocionante sino tambi\u00e9n s\u00faper seguro.<\/span><\/p>\t\t\t\t\t\t\t\t<\/div>\n\t\t\t\t<div class=\"elementor-element elementor-element-76740f6 elementor-widget elementor-widget-heading\" data-id=\"76740f6\" data-element_type=\"widget\" data-e-type=\"widget\" data-widget_type=\"heading.default\">\n\t\t\t\t\t<h2 class=\"elementor-heading-title elementor-size-default\">\u00bfEst\u00e1 usted listo para conquistar el tiempo con los rollovers del mercado?<\/h2>\t\t\t\t<\/div>\n\t\t\t\t<div class=\"elementor-element elementor-element-a9948ab elementor-widget elementor-widget-text-editor\" data-id=\"a9948ab\" data-element_type=\"widget\" data-e-type=\"widget\" data-widget_type=\"text-editor.default\">\n\t\t\t\t\t\t\t\t\t<p><span style=\"font-weight: 400;\">Entonces, aspirantes a viajeros en el tiempo, \u00bfest\u00e1n listos para embarcarse en una aventura \u00e9pica a trav\u00e9s del paisaje temporal financiero con AL Trader? Con Market Rollovers, aprender\u00e1n a navegar por los flujos del tiempo, llevando sus operaciones de una sesi\u00f3n a la siguiente y utilizando estrategias para aprovechar al m\u00e1ximo su viaje. Recuerden, las arenas del tiempo nunca se detienen, pero con AL Trader, \u00a1pueden aprender a convertirlas en su favor! As\u00ed que, tomen su equipo de viaje en el tiempo y \u00a1saltemos a la aventura de su vida con Market Rollovers! \u00a1Su m\u00e1quina del tiempo los espera!<\/span><\/p>\t\t\t\t\t\t\t\t<\/div>\n\t\t\t\t\t<\/div>\n\t\t<\/div>\n\t\t\t\t\t<\/div>\n\t\t<\/section>\n\t\t\t\t<\/div>","protected":false},"excerpt":{"rendered":"<p>On a time-travel adventure to decode Market Rollovers! Discover what they are, explore the Forex time-continuum, and master strategies to turn time in your favor! AL Trader&#8217;s Time-Traveling Adventure: The Fascinating World of Market Rollovers! Hey there, future financial time-travelers! Are you ready to hop into AL Trader&#8217;s time machine and journey through the twists [&hellip;]<\/p>\n","protected":false},"author":1,"featured_media":0,"parent":0,"menu_order":0,"comment_status":"closed","ping_status":"closed","template":"elementor_header_footer","meta":{"footnotes":""},"class_list":["post-1127","page","type-page","status-publish","hentry"],"_links":{"self":[{"href":"https:\/\/al-trader.org\/es\/wp-json\/wp\/v2\/pages\/1127","targetHints":{"allow":["GET"]}}],"collection":[{"href":"https:\/\/al-trader.org\/es\/wp-json\/wp\/v2\/pages"}],"about":[{"href":"https:\/\/al-trader.org\/es\/wp-json\/wp\/v2\/types\/page"}],"author":[{"embeddable":true,"href":"https:\/\/al-trader.org\/es\/wp-json\/wp\/v2\/users\/1"}],"replies":[{"embeddable":true,"href":"https:\/\/al-trader.org\/es\/wp-json\/wp\/v2\/comments?post=1127"}],"version-history":[{"count":0,"href":"https:\/\/al-trader.org\/es\/wp-json\/wp\/v2\/pages\/1127\/revisions"}],"wp:attachment":[{"href":"https:\/\/al-trader.org\/es\/wp-json\/wp\/v2\/media?parent=1127"}],"curies":[{"name":"wp","href":"https:\/\/api.w.org\/{rel}","templated":true}]}}