{"id":1115,"date":"2023-07-18T18:09:55","date_gmt":"2023-07-18T18:09:55","guid":{"rendered":"https:\/\/al-trader.org\/?page_id=1115"},"modified":"2023-10-30T10:24:19","modified_gmt":"2023-10-30T10:24:19","slug":"mt5","status":"publish","type":"page","link":"https:\/\/al-trader.org\/es\/mt5\/","title":{"rendered":"mt5"},"content":{"rendered":"<div data-elementor-type=\"wp-page\" data-elementor-id=\"1115\" class=\"elementor elementor-1115\" data-elementor-post-type=\"page\">\n\t\t\t\t\t\t<section class=\"elementor-section elementor-top-section elementor-element elementor-element-b328f01 elementor-section-boxed elementor-section-height-default elementor-section-height-default\" data-id=\"b328f01\" data-element_type=\"section\" data-e-type=\"section\">\n\t\t\t\t\t\t<div class=\"elementor-container elementor-column-gap-default\">\n\t\t\t\t\t<div class=\"elementor-column elementor-col-100 elementor-top-column elementor-element elementor-element-8f499e3\" data-id=\"8f499e3\" data-element_type=\"column\" data-e-type=\"column\">\n\t\t\t<div class=\"elementor-widget-wrap elementor-element-populated\">\n\t\t\t\t\t\t<div class=\"elementor-element elementor-element-e87a6d1 elementor-widget elementor-widget-heading\" data-id=\"e87a6d1\" data-element_type=\"widget\" data-e-type=\"widget\" data-widget_type=\"heading.default\">\n\t\t\t\t\t<h1 class=\"elementor-heading-title elementor-size-xl\">\u00bfQu\u00e9 es la meta trader 5 y por qu\u00e9 es buena?<\/h1>\t\t\t\t<\/div>\n\t\t\t\t<div class=\"elementor-element elementor-element-8dba31d elementor-widget elementor-widget-text-editor\" data-id=\"8dba31d\" data-element_type=\"widget\" data-e-type=\"widget\" data-widget_type=\"text-editor.default\">\n\t\t\t\t\t\t\t\t\t<p>MetaTrader 5 (MT5) es una plataforma de operaciones ampliamente reconocida creada por MetaQuotes Software. Es la sucesora de MetaTrader 4 (MT4) y est\u00e1 dise\u00f1ada para ofrecer a los operadores una plataforma s\u00f3lida y completa. <a href=\"https:\/\/al-trader.org\/es\/invertir\/\">Plataforma para el comercio<\/a> una vasta gamma di strumenti finanziari, che comprende <a href=\"https:\/\/al-trader.org\/es\/divisas\/\">divisas<\/a>, acciones, <a href=\"https:\/\/al-trader.org\/es\/cfd-sobre-materias-primas\/\">productos b\u00e1sicos<\/a>, <a href=\"https:\/\/al-trader.org\/es\/indices-cfd\/\">\u00edndices<\/a>y criptomonedas. A continuaci\u00f3n, se enumeran varios factores que contribuyen a la reputaci\u00f3n positiva de MetaTrader 5 como una plataforma de negociaci\u00f3n formidable:<\/p>\t\t\t\t\t\t\t\t<\/div>\n\t\t\t\t<div class=\"elementor-element elementor-element-26566c8 elementor-widget elementor-widget-heading\" data-id=\"26566c8\" data-element_type=\"widget\" data-e-type=\"widget\" data-widget_type=\"heading.default\">\n\t\t\t\t\t<h2 class=\"elementor-heading-title elementor-size-default\">Clases de activos m\u00faltiples<\/h2>\t\t\t\t<\/div>\n\t\t\t\t<div class=\"elementor-element elementor-element-6a809d8 elementor-widget elementor-widget-text-editor\" data-id=\"6a809d8\" data-element_type=\"widget\" data-e-type=\"widget\" data-widget_type=\"text-editor.default\">\n\t\t\t\t\t\t\t\t\t<p>MetaTrader 5 (MT5) es vers\u00e1til en su compatibilidad con operaciones en una amplia gama de instrumentos financieros, lo que otorga a los operadores la capacidad de interactuar con diversos mercados a trav\u00e9s de una plataforma unificada. Esta adaptabilidad permite a los operadores ampliar sus carteras y aprovechar una multitud de perspectivas comerciales.<\/p>\t\t\t\t\t\t\t\t<\/div>\n\t\t\t\t<div class=\"elementor-element elementor-element-7f924e6 elementor-widget elementor-widget-heading\" data-id=\"7f924e6\" data-element_type=\"widget\" data-e-type=\"widget\" data-widget_type=\"heading.default\">\n\t\t\t\t\t<h2 class=\"elementor-heading-title elementor-size-default\">Herramientas avanzadas de an\u00e1lisis y creaci\u00f3n de gr\u00e1ficos<\/h2>\t\t\t\t<\/div>\n\t\t\t\t<div class=\"elementor-element elementor-element-0ff0403 elementor-widget elementor-widget-text-editor\" data-id=\"0ff0403\" data-element_type=\"widget\" data-e-type=\"widget\" data-widget_type=\"text-editor.default\">\n\t\t\t\t\t\t\t\t\t<p>MT5 presenta funciones avanzadas de creaci\u00f3n de gr\u00e1ficos, que abarcan una gran cantidad de marcos temporales, estilos de gr\u00e1ficos e indicadores t\u00e9cnicos. Esto permite a los operadores realizar an\u00e1lisis t\u00e9cnicos meticulosos, lo que facilita la identificaci\u00f3n de patrones, tendencias y posibles posiciones de entrada y salida. Este s\u00f3lido conjunto de herramientas proporciona a los operadores las herramientas necesarias para un an\u00e1lisis integral del mercado.<\/p>\t\t\t\t\t\t\t\t<\/div>\n\t\t\t\t<div class=\"elementor-element elementor-element-5c5aa65 elementor-widget elementor-widget-heading\" data-id=\"5c5aa65\" data-element_type=\"widget\" data-e-type=\"widget\" data-widget_type=\"heading.default\">\n\t\t\t\t\t<h2 class=\"elementor-heading-title elementor-size-default\">Comercio automatizado<\/h2>\t\t\t\t<\/div>\n\t\t\t\t<div class=\"elementor-element elementor-element-a60179e elementor-widget elementor-widget-text-editor\" data-id=\"a60179e\" data-element_type=\"widget\" data-e-type=\"widget\" data-widget_type=\"text-editor.default\">\n\t\t\t\t\t\t\t\t\t<p>MetaTrader 5 es famoso por su formidable capacidad de negociaci\u00f3n algor\u00edtmica. Proporciona a los operadores la capacidad de dise\u00f1ar, evaluar y refinar estrategias de negociaci\u00f3n automatizadas conocidas como Asesores Expertos (EA) utilizando el lenguaje de programaci\u00f3n MQL5. Esta funcionalidad permite a los operadores ejecutar operaciones autom\u00e1ticamente seg\u00fan condiciones predeterminadas, agilizando el proceso de negociaci\u00f3n y reduciendo la necesidad de intervenci\u00f3n manual.<\/p>\t\t\t\t\t\t\t\t<\/div>\n\t\t\t\t<div class=\"elementor-element elementor-element-ef18462 elementor-widget elementor-widget-heading\" data-id=\"ef18462\" data-element_type=\"widget\" data-e-type=\"widget\" data-widget_type=\"heading.default\">\n\t\t\t\t\t<h2 class=\"elementor-heading-title elementor-size-default\">Prueba retrospectiva<\/h2>\t\t\t\t<\/div>\n\t\t\t\t<div class=\"elementor-element elementor-element-2f2c5cc elementor-widget elementor-widget-text-editor\" data-id=\"2f2c5cc\" data-element_type=\"widget\" data-e-type=\"widget\" data-widget_type=\"text-editor.default\">\n\t\t\t\t\t\t\t\t\t<p>En MetaTrader 5, los operadores pueden realizar pruebas retrospectivas de sus estrategias de trading utilizando datos hist\u00f3ricos. Esta funci\u00f3n les permite evaluar la eficacia y el rendimiento de sus estrategias antes de implementarlas en mercados en vivo. Al simular operaciones en funci\u00f3n de las condiciones pasadas del mercado, los operadores pueden ajustar y mejorar sus estrategias de trading, lo que les permite tomar decisiones m\u00e1s informadas y efectivas.<\/p>\t\t\t\t\t\t\t\t<\/div>\n\t\t\t\t<div class=\"elementor-element elementor-element-079aaf8 elementor-widget elementor-widget-heading\" data-id=\"079aaf8\" data-element_type=\"widget\" data-e-type=\"widget\" data-widget_type=\"heading.default\">\n\t\t\t\t\t<h2 class=\"elementor-heading-title elementor-size-default\">Comercio con un solo clic<\/h2>\t\t\t\t<\/div>\n\t\t\t\t<div class=\"elementor-element elementor-element-0989e64 elementor-widget elementor-widget-text-editor\" data-id=\"0989e64\" data-element_type=\"widget\" data-e-type=\"widget\" data-widget_type=\"text-editor.default\">\n\t\t\t\t\t\t\t\t\t<p>MetaTrader 5 ofrece una interfaz f\u00e1cil de usar que agiliza el proceso de negociaci\u00f3n, lo que permite a los operadores ejecutar sus operaciones de forma r\u00e1pida y eficiente. La funci\u00f3n de negociaci\u00f3n con un solo clic de la plataforma mejora la colocaci\u00f3n y ejecuci\u00f3n de \u00f3rdenes, lo que facilita una respuesta r\u00e1pida a los movimientos y oportunidades del mercado. Este dise\u00f1o f\u00e1cil de usar permite a los operadores navegar por la plataforma con facilidad, optimizando su experiencia de negociaci\u00f3n.<\/p>\t\t\t\t\t\t\t\t<\/div>\n\t\t\t\t<div class=\"elementor-element elementor-element-c45cd79 elementor-widget elementor-widget-heading\" data-id=\"c45cd79\" data-element_type=\"widget\" data-e-type=\"widget\" data-widget_type=\"heading.default\">\n\t\t\t\t\t<h2 class=\"elementor-heading-title elementor-size-default\">Soporte multi-moneda y multi-idioma<\/h2>\t\t\t\t<\/div>\n\t\t\t\t<div class=\"elementor-element elementor-element-9d50d6a elementor-widget elementor-widget-text-editor\" data-id=\"9d50d6a\" data-element_type=\"widget\" data-e-type=\"widget\" data-widget_type=\"text-editor.default\">\n\t\t\t\t\t\t\t\t\t<p>La accesibilidad global de MetaTrader 5 es una caracter\u00edstica destacada, ya que est\u00e1 disponible en varios idiomas, lo que satisface las necesidades de los operadores de diversas regiones del mundo. Adem\u00e1s, la plataforma admite operaciones en varias divisas, lo que proporciona flexibilidad a los operadores que operan en diferentes mercados financieros. Esta adaptabilidad garantiza que los operadores puedan utilizar MetaTrader 5 de forma c\u00f3moda y eficaz, independientemente de su ubicaci\u00f3n geogr\u00e1fica o de la divisa que prefieran.<\/p>\t\t\t\t\t\t\t\t<\/div>\n\t\t\t\t<div class=\"elementor-element elementor-element-1cb98a8 elementor-widget elementor-widget-heading\" data-id=\"1cb98a8\" data-element_type=\"widget\" data-e-type=\"widget\" data-widget_type=\"heading.default\">\n\t\t\t\t\t<h2 class=\"elementor-heading-title elementor-size-default\">Versiones m\u00f3viles y web<\/h2>\t\t\t\t<\/div>\n\t\t\t\t<div class=\"elementor-element elementor-element-24427d4 elementor-widget elementor-widget-text-editor\" data-id=\"24427d4\" data-element_type=\"widget\" data-e-type=\"widget\" data-widget_type=\"text-editor.default\">\n\t\t\t\t\t\t\t\t\t<p>Adem\u00e1s de su aplicaci\u00f3n de escritorio, MetaTrader 5 (MT5) ampl\u00eda su accesibilidad ofreciendo versiones m\u00f3viles y web. Esto permite a los operadores acceder a sus cuentas de operaciones y ejecutar operaciones mientras est\u00e1n en movimiento, lo que brinda una comodidad excepcional para las personas que necesitan monitorear y administrar sus operaciones fuera de sus configuraciones inform\u00e1ticas tradicionales.<\/p>\t\t\t\t\t\t\t\t<\/div>\n\t\t\t\t\t<\/div>\n\t\t<\/div>\n\t\t\t\t\t<\/div>\n\t\t<\/section>\n\t\t\t\t<\/div>","protected":false},"excerpt":{"rendered":"<p>What is meta trader 5 and why it is good? MetaTrader 5 (MT5) stands as a widely recognized trading platform crafted by MetaQuotes Software. It serves as the successor to MetaTrader 4 (MT4) and is tailored to offer traders an all-encompassing and robust platform for trading a diverse range of financial instruments, encompassing forex, stocks, [&hellip;]<\/p>\n","protected":false},"author":1,"featured_media":0,"parent":0,"menu_order":0,"comment_status":"closed","ping_status":"closed","template":"elementor_header_footer","meta":{"footnotes":""},"class_list":["post-1115","page","type-page","status-publish","hentry"],"_links":{"self":[{"href":"https:\/\/al-trader.org\/es\/wp-json\/wp\/v2\/pages\/1115","targetHints":{"allow":["GET"]}}],"collection":[{"href":"https:\/\/al-trader.org\/es\/wp-json\/wp\/v2\/pages"}],"about":[{"href":"https:\/\/al-trader.org\/es\/wp-json\/wp\/v2\/types\/page"}],"author":[{"embeddable":true,"href":"https:\/\/al-trader.org\/es\/wp-json\/wp\/v2\/users\/1"}],"replies":[{"embeddable":true,"href":"https:\/\/al-trader.org\/es\/wp-json\/wp\/v2\/comments?post=1115"}],"version-history":[{"count":0,"href":"https:\/\/al-trader.org\/es\/wp-json\/wp\/v2\/pages\/1115\/revisions"}],"wp:attachment":[{"href":"https:\/\/al-trader.org\/es\/wp-json\/wp\/v2\/media?parent=1115"}],"curies":[{"name":"wp","href":"https:\/\/api.w.org\/{rel}","templated":true}]}}