{"id":1101,"date":"2023-07-18T17:45:08","date_gmt":"2023-07-18T17:45:08","guid":{"rendered":"https:\/\/al-trader.org\/?page_id=1101"},"modified":"2023-10-31T05:40:59","modified_gmt":"2023-10-31T05:40:59","slug":"especificaciones-de-instrumentos","status":"publish","type":"page","link":"https:\/\/al-trader.org\/es\/instruments-specification\/","title":{"rendered":"Especificaci\u00f3n de instrumentos"},"content":{"rendered":"<div data-elementor-type=\"wp-page\" data-elementor-id=\"1101\" class=\"elementor elementor-1101\" data-elementor-post-type=\"page\">\n\t\t\t\t\t\t<section class=\"elementor-section elementor-top-section elementor-element elementor-element-982a610 elementor-section-boxed elementor-section-height-default elementor-section-height-default\" data-id=\"982a610\" data-element_type=\"section\" data-e-type=\"section\">\n\t\t\t\t\t\t<div class=\"elementor-container elementor-column-gap-default\">\n\t\t\t\t\t<div class=\"elementor-column elementor-col-100 elementor-top-column elementor-element elementor-element-8a02b96\" data-id=\"8a02b96\" data-element_type=\"column\" data-e-type=\"column\">\n\t\t\t<div class=\"elementor-widget-wrap elementor-element-populated\">\n\t\t\t\t\t\t<div class=\"elementor-element elementor-element-872dc3b elementor-widget elementor-widget-heading\" data-id=\"872dc3b\" data-element_type=\"widget\" data-e-type=\"widget\" data-widget_type=\"heading.default\">\n\t\t\t\t\t<h3 class=\"elementor-heading-title elementor-size-default\">\u00bfPor qu\u00e9 un trader deber\u00eda optar por operar con especificaciones de instrumentos?<\/h3>\t\t\t\t<\/div>\n\t\t\t\t<div class=\"elementor-element elementor-element-35d0c27 elementor-widget elementor-widget-text-editor\" data-id=\"35d0c27\" data-element_type=\"widget\" data-e-type=\"widget\" data-widget_type=\"text-editor.default\">\n\t\t\t\t\t\t\t\t\t<p>Cuando un comerciante decide interactuar con las especificaciones de los instrumentos, esencialmente est\u00e1 profundizando en informaci\u00f3n completa relacionada con distintos instrumentos financieros, que abarcan acciones, <a href=\"https:\/\/al-trader.org\/es\/cfd-sobre-materias-primas\/\">productos b\u00e1sicos<\/a>, monedas, o <a href=\"https:\/\/al-trader.org\/es\/indices-cfd\/\">\u00edndices<\/a>Estas especificaciones de los instrumentos brindan informaci\u00f3n crucial sobre las condiciones comerciales y los atributos de cada activo financiero. Hay varias razones convincentes por las que los operadores deber\u00edan prestar atenci\u00f3n meticulosa a estas especificaciones:<\/p>\t\t\t\t\t\t\t\t<\/div>\n\t\t\t\t<div class=\"elementor-element elementor-element-027d656 elementor-widget elementor-widget-heading\" data-id=\"027d656\" data-element_type=\"widget\" data-e-type=\"widget\" data-widget_type=\"heading.default\">\n\t\t\t\t\t<h3 class=\"elementor-heading-title elementor-size-default\">Comprensi\u00f3n clara<\/h3>\t\t\t\t<\/div>\n\t\t\t\t<div class=\"elementor-element elementor-element-3091220 elementor-widget elementor-widget-text-editor\" data-id=\"3091220\" data-element_type=\"widget\" data-e-type=\"widget\" data-widget_type=\"text-editor.default\">\n\t\t\t\t\t\t\t\t\t<p>Las especificaciones de los instrumentos facilitan a los operadores la adquisici\u00f3n de una comprensi\u00f3n clara del activo con el que est\u00e1n negociando. Esto implica proporcionar detalles indispensables sobre el activo subyacente, incluida su denominaci\u00f3n, s\u00edmbolo burs\u00e1til y la bolsa en la que se negocia.<\/p>\t\t\t\t\t\t\t\t<\/div>\n\t\t\t\t<div class=\"elementor-element elementor-element-3c799c1 elementor-widget elementor-widget-heading\" data-id=\"3c799c1\" data-element_type=\"widget\" data-e-type=\"widget\" data-widget_type=\"heading.default\">\n\t\t\t\t\t<h3 class=\"elementor-heading-title elementor-size-default\">Horario de atenci\u00f3n<\/h3>\t\t\t\t<\/div>\n\t\t\t\t<div class=\"elementor-element elementor-element-9b604d2 elementor-widget elementor-widget-text-editor\" data-id=\"9b604d2\" data-element_type=\"widget\" data-e-type=\"widget\" data-widget_type=\"text-editor.default\">\n\t\t\t\t\t\t\t\t\t<p>Las especificaciones de los instrumentos brindan informaci\u00f3n sobre el horario de negociaci\u00f3n del activo y delinean los intervalos exactos durante los cuales el mercado permanece accesible para la negociaci\u00f3n. Esto tiene particular importancia para los activos que se negocian en distintas zonas horarias.<\/p>\t\t\t\t\t\t\t\t<\/div>\n\t\t\t\t<div class=\"elementor-element elementor-element-9a335a7 elementor-widget elementor-widget-heading\" data-id=\"9a335a7\" data-element_type=\"widget\" data-e-type=\"widget\" data-widget_type=\"heading.default\">\n\t\t\t\t\t<h3 class=\"elementor-heading-title elementor-size-default\">Tama\u00f1o del contrato<\/h3>\t\t\t\t<\/div>\n\t\t\t\t<div class=\"elementor-element elementor-element-d10027a elementor-widget elementor-widget-text-editor\" data-id=\"d10027a\" data-element_type=\"widget\" data-e-type=\"widget\" data-widget_type=\"text-editor.default\">\n\t\t\t\t\t\t\t\t\t<p>En el \u00e1mbito de los derivados y los CFD, el tama\u00f1o del contrato define el valor hipot\u00e9tico de un \u00fanico contrato. Esta informaci\u00f3n resulta fundamental para calcular el tama\u00f1o de la posici\u00f3n y evaluar la exposici\u00f3n potencial al riesgo asociada con la operaci\u00f3n.<\/p>\t\t\t\t\t\t\t\t<\/div>\n\t\t\t\t<div class=\"elementor-element elementor-element-a50369d elementor-widget elementor-widget-heading\" data-id=\"a50369d\" data-element_type=\"widget\" data-e-type=\"widget\" data-widget_type=\"heading.default\">\n\t\t\t\t\t<h3 class=\"elementor-heading-title elementor-size-default\">Tama\u00f1o del tick y valor del tick<\/h3>\t\t\t\t<\/div>\n\t\t\t\t<div class=\"elementor-element elementor-element-ac880db elementor-widget elementor-widget-text-editor\" data-id=\"ac880db\" data-element_type=\"widget\" data-e-type=\"widget\" data-widget_type=\"text-editor.default\">\n\t\t\t\t\t\t\t\t\t<p>El tama\u00f1o del tick indica la alteraci\u00f3n m\u00ednima del precio que puede sufrir el activo. Por su parte, el valor del tick indica el valor financiero equivalente a un solo tick. Los operadores se basan en esta informaci\u00f3n para calcular con precisi\u00f3n las ganancias y las p\u00e9rdidas.<\/p>\t\t\t\t\t\t\t\t<\/div>\n\t\t\t\t<div class=\"elementor-element elementor-element-c8d8c98 elementor-widget elementor-widget-heading\" data-id=\"c8d8c98\" data-element_type=\"widget\" data-e-type=\"widget\" data-widget_type=\"heading.default\">\n\t\t\t\t\t<h3 class=\"elementor-heading-title elementor-size-default\">Requisitos de apalancamiento y margen<\/h3>\t\t\t\t<\/div>\n\t\t\t\t<div class=\"elementor-element elementor-element-a520f58 elementor-widget elementor-widget-text-editor\" data-id=\"a520f58\" data-element_type=\"widget\" data-e-type=\"widget\" data-widget_type=\"text-editor.default\">\n\t\t\t\t\t\t\t\t\t<p>En el contexto de productos apalancados como los CFD, las especificaciones del instrumento incluyen detalles sobre el apalancamiento proporcionado y los requisitos de margen correspondientes. Comprender los conceptos de apalancamiento y margen es fundamental para gestionar adecuadamente el riesgo.<\/p>\t\t\t\t\t\t\t\t<\/div>\n\t\t\t\t<div class=\"elementor-element elementor-element-ab3ccb8 elementor-widget elementor-widget-heading\" data-id=\"ab3ccb8\" data-element_type=\"widget\" data-e-type=\"widget\" data-widget_type=\"heading.default\">\n\t\t\t\t\t<h3 class=\"elementor-heading-title elementor-size-default\">Spread y tarifas<\/h3>\t\t\t\t<\/div>\n\t\t\t\t<div class=\"elementor-element elementor-element-2d92684 elementor-widget elementor-widget-text-editor\" data-id=\"2d92684\" data-element_type=\"widget\" data-e-type=\"widget\" data-widget_type=\"text-editor.default\">\n\t\t\t\t\t\t\t\t\t<p>El spread indica la variaci\u00f3n entre los precios de compra (oferta) y venta (demanda) de un activo. Las especificaciones del instrumento proporcionar\u00e1n una descripci\u00f3n del spread, as\u00ed como de las tarifas o comisiones adicionales asociadas con la negociaci\u00f3n de ese activo en particular.<\/p>\t\t\t\t\t\t\t\t<\/div>\n\t\t\t\t<div class=\"elementor-element elementor-element-83b3580 elementor-widget elementor-widget-heading\" data-id=\"83b3580\" data-element_type=\"widget\" data-e-type=\"widget\" data-widget_type=\"heading.default\">\n\t\t\t\t\t<h3 class=\"elementor-heading-title elementor-size-default\">Fechas de vencimiento (para futuros y opciones)<\/h3>\t\t\t\t<\/div>\n\t\t\t\t<div class=\"elementor-element elementor-element-c727fad elementor-widget elementor-widget-text-editor\" data-id=\"c727fad\" data-element_type=\"widget\" data-e-type=\"widget\" data-widget_type=\"text-editor.default\">\n\t\t\t\t\t\t\t\t\t<p>Al negociar contratos de futuros u opciones, los operadores deben conocer la fecha de vencimiento del contrato. Las especificaciones del instrumento proporcionar\u00e1n esta informaci\u00f3n vital, lo que obliga a los operadores a gestionar sus posiciones de manera eficiente de acuerdo con ella.<\/p>\t\t\t\t\t\t\t\t<\/div>\n\t\t\t\t\t<\/div>\n\t\t<\/div>\n\t\t\t\t\t<\/div>\n\t\t<\/section>\n\t\t\t\t<\/div>","protected":false},"excerpt":{"rendered":"<p>Why should a trader choose to trade with instruments specification? When a trader decides to engage with instrument specifications, they are essentially delving into comprehensive information pertaining to distinct financial instruments, encompassing stocks, commodities, currencies, or indices. These instrument specifications furnish crucial insights into the trading conditions and attributes of each financial asset. Several compelling [&hellip;]<\/p>\n","protected":false},"author":1,"featured_media":0,"parent":0,"menu_order":0,"comment_status":"closed","ping_status":"closed","template":"elementor_header_footer","meta":{"footnotes":""},"class_list":["post-1101","page","type-page","status-publish","hentry"],"_links":{"self":[{"href":"https:\/\/al-trader.org\/es\/wp-json\/wp\/v2\/pages\/1101","targetHints":{"allow":["GET"]}}],"collection":[{"href":"https:\/\/al-trader.org\/es\/wp-json\/wp\/v2\/pages"}],"about":[{"href":"https:\/\/al-trader.org\/es\/wp-json\/wp\/v2\/types\/page"}],"author":[{"embeddable":true,"href":"https:\/\/al-trader.org\/es\/wp-json\/wp\/v2\/users\/1"}],"replies":[{"embeddable":true,"href":"https:\/\/al-trader.org\/es\/wp-json\/wp\/v2\/comments?post=1101"}],"version-history":[{"count":0,"href":"https:\/\/al-trader.org\/es\/wp-json\/wp\/v2\/pages\/1101\/revisions"}],"wp:attachment":[{"href":"https:\/\/al-trader.org\/es\/wp-json\/wp\/v2\/media?parent=1101"}],"curies":[{"name":"wp","href":"https:\/\/api.w.org\/{rel}","templated":true}]}}