{"id":1093,"date":"2023-07-18T17:14:58","date_gmt":"2023-07-18T17:14:58","guid":{"rendered":"https:\/\/al-trader.org\/?page_id=1093"},"modified":"2023-10-31T05:28:40","modified_gmt":"2023-10-31T05:28:40","slug":"fondos-etf-cfd","status":"publish","type":"page","link":"https:\/\/al-trader.org\/es\/etf-funds-cfds\/","title":{"rendered":"CFD sobre fondos ETF"},"content":{"rendered":"<div data-elementor-type=\"wp-page\" data-elementor-id=\"1093\" class=\"elementor elementor-1093\" data-elementor-post-type=\"page\">\n\t\t\t\t\t\t<section class=\"elementor-section elementor-top-section elementor-element elementor-element-654528d elementor-section-boxed elementor-section-height-default elementor-section-height-default\" data-id=\"654528d\" data-element_type=\"section\" data-e-type=\"section\">\n\t\t\t\t\t\t<div class=\"elementor-container elementor-column-gap-default\">\n\t\t\t\t\t<div class=\"elementor-column elementor-col-100 elementor-top-column elementor-element elementor-element-78cc7e4\" data-id=\"78cc7e4\" data-element_type=\"column\" data-e-type=\"column\">\n\t\t\t<div class=\"elementor-widget-wrap elementor-element-populated\">\n\t\t\t\t\t\t<div class=\"elementor-element elementor-element-874b55b elementor-widget elementor-widget-heading\" data-id=\"874b55b\" data-element_type=\"widget\" data-e-type=\"widget\" data-widget_type=\"heading.default\">\n\t\t\t\t\t<h1 class=\"elementor-heading-title elementor-size-default\">Sum\u00e9rjase en el tesoro de CFD de fondos ETF de AL Trader<\/h1>\t\t\t\t<\/div>\n\t\t\t\t<div class=\"elementor-element elementor-element-3d01118 elementor-widget elementor-widget-text-editor\" data-id=\"3d01118\" data-element_type=\"widget\" data-e-type=\"widget\" data-widget_type=\"text-editor.default\">\n\t\t\t\t\t\t\t\t\t<p><span style=\"font-weight: 400;\">Navegue por los misterios, descubra los mejores tesoros de los ETF y aprenda los hechizos m\u00e1gicos que diferencian los CFD de los ETF. La aventura le espera<\/span><\/p>\t\t\t\t\t\t\t\t<\/div>\n\t\t\t\t<div class=\"elementor-element elementor-element-d4fb7ad elementor-widget elementor-widget-heading\" data-id=\"d4fb7ad\" data-element_type=\"widget\" data-e-type=\"widget\" data-widget_type=\"heading.default\">\n\t\t\t\t\t<h2 class=\"elementor-heading-title elementor-size-default\">La b\u00fasqueda m\u00e1gica del trader de AL: \u00a1Descubriendo el mundo encantado de los fondos ETF y CFD!<\/h2>\t\t\t\t<\/div>\n\t\t\t\t<div class=\"elementor-element elementor-element-afa8328 elementor-widget elementor-widget-text-editor\" data-id=\"afa8328\" data-element_type=\"widget\" data-e-type=\"widget\" data-widget_type=\"text-editor.default\">\n\t\t\t\t\t\t\t\t\t<p><span style=\"font-weight: 400;\">\u00bfEst\u00e1 listo para embarcarse en una emocionante b\u00fasqueda llena de tesoros conocidos como \u201cCFD de fondos ETF\u201d? Con AL Trader como su gu\u00eda de confianza, \u00a1est\u00e1 a punto de ingresar a un reino donde sucede la magia financiera! Pero espere... \u00bfqu\u00e9 son exactamente estos misteriosos tesoros? \u00a1Desvelemos los secretos juntos!<\/span><\/p>\t\t\t\t\t\t\t\t<\/div>\n\t\t\t\t<div class=\"elementor-element elementor-element-a5c4c9b elementor-widget elementor-widget-heading\" data-id=\"a5c4c9b\" data-element_type=\"widget\" data-e-type=\"widget\" data-widget_type=\"heading.default\">\n\t\t\t\t\t<h2 class=\"elementor-heading-title elementor-size-default\">Los Cofres Encantados: \u00bfQu\u00e9 son los Fondos ETF (CFD)?<\/h2>\t\t\t\t<\/div>\n\t\t\t\t<div class=\"elementor-element elementor-element-ef7d7dc elementor-widget elementor-widget-text-editor\" data-id=\"ef7d7dc\" data-element_type=\"widget\" data-e-type=\"widget\" data-widget_type=\"text-editor.default\">\n\t\t\t\t\t\t\t\t\t<p><span style=\"font-weight: 400;\">Imag\u00ednese esto: un cofre lleno de joyas brillantes de todo tipo, \u00a1cada una \u00fanica! As\u00ed son los \u201cETF\u201d o \u201cfondos cotizados en bolsa\u201d: son colecciones de muchas inversiones diferentes (\u00a1las joyas!) que puede negociar en el mercado (\u00a1la b\u00fasqueda del tesoro!). Ahora, a\u00f1ada una pizca de magia llamada \u201cCFD\u201d o \u201ccontratos por diferencia\u201d, y obtendr\u00e1 los \u201cCFD de fondos ETF\u201d. Esto significa que puede especular sobre el precio de estos cofres del tesoro sin abrirlos.<\/span><\/p>\t\t\t\t\t\t\t\t<\/div>\n\t\t\t\t<div class=\"elementor-element elementor-element-d86cc52 elementor-widget elementor-widget-heading\" data-id=\"d86cc52\" data-element_type=\"widget\" data-e-type=\"widget\" data-widget_type=\"heading.default\">\n\t\t\t\t\t<h2 class=\"elementor-heading-title elementor-size-default\">El Mapa M\u00e1gico: Lista de CFDs y fondos ETF<\/h2>\t\t\t\t<\/div>\n\t\t\t\t<div class=\"elementor-element elementor-element-0d07f87 elementor-widget elementor-widget-text-editor\" data-id=\"0d07f87\" data-element_type=\"widget\" data-e-type=\"widget\" data-widget_type=\"text-editor.default\">\n\t\t\t\t\t\t\t\t\t<p><span style=\"font-weight: 400;\">\u00a1Nuestra b\u00fasqueda tiene un mapa m\u00e1gico que nos muestra todos los CFD de fondos ETF disponibles! Esta lista es como una gu\u00eda de los tesoros ocultos que puedes explorar. \u00bfY adivina qu\u00e9? AL Trader tiene un mapa s\u00faper detallado que te muestra todos los emocionantes CFD de fondos ETF que puedes negociar. \u00a1Es como tener un mapa del tesoro donde la \"X\" marca el lugar!<\/span><\/p>\t\t\t\t\t\t\t\t<\/div>\n\t\t\t\t<div class=\"elementor-element elementor-element-c4729e2 elementor-widget elementor-widget-heading\" data-id=\"c4729e2\" data-element_type=\"widget\" data-e-type=\"widget\" data-widget_type=\"heading.default\">\n\t\t\t\t\t<h2 class=\"elementor-heading-title elementor-size-default\">Los tesoros m\u00e1s brillantes: los mejores fondos ETF y CFD<\/h2>\t\t\t\t<\/div>\n\t\t\t\t<div class=\"elementor-element elementor-element-85d2f49 elementor-widget elementor-widget-text-editor\" data-id=\"85d2f49\" data-element_type=\"widget\" data-e-type=\"widget\" data-widget_type=\"text-editor.default\">\n\t\t\t\t\t\t\t\t\t<p><span style=\"font-weight: 400;\">Algunos tesoros brillan m\u00e1s que otros, \u00bfverdad? Por eso te ayudamos a encontrar los m\u00e1s brillantes en AL Trader: \u00a1los mejores CFD de fondos ETF! Estos son los que los traders consideran supervaliosos. Pero recuerda, lo que brilla como oro para una persona puede ser una piedra brillante para otra, as\u00ed que elige los tesoros que sean m\u00e1s preciados para ti.<\/span><\/p>\t\t\t\t\t\t\t\t<\/div>\n\t\t\t\t<div class=\"elementor-element elementor-element-a857f9d elementor-widget elementor-widget-heading\" data-id=\"a857f9d\" data-element_type=\"widget\" data-e-type=\"widget\" data-widget_type=\"heading.default\">\n\t\t\t\t\t<h2 class=\"elementor-heading-title elementor-size-default\">El hechizo m\u00e1gico:<\/h2>\t\t\t\t<\/div>\n\t\t\t\t<div class=\"elementor-element elementor-element-c834c9c elementor-widget elementor-widget-text-editor\" data-id=\"c834c9c\" data-element_type=\"widget\" data-e-type=\"widget\" data-widget_type=\"text-editor.default\">\n\t\t\t\t\t\t\t\t\t<p><span style=\"font-weight: 400;\">\u00bfCFD y ETF son lo mismo?<\/span><\/p><p><span style=\"font-weight: 400;\">\u00a1Aqu\u00ed es donde aprendemos un hechizo m\u00e1gico particular! Los CFD y los ETF pueden parecer similares, pero son diferentes en la magia del trading. Los ETF son como cofres del tesoro, mientras que los CFD son varitas m\u00e1gicas que te permiten operar con la idea de lo que hay dentro sin tocarlos. Entonces, si bien son parte del mismo mundo m\u00e1gico, \u00a1son diferentes formas de magia del trading!<\/span><\/p>\t\t\t\t\t\t\t\t<\/div>\n\t\t\t\t<div class=\"elementor-element elementor-element-6926be1 elementor-widget elementor-widget-heading\" data-id=\"6926be1\" data-element_type=\"widget\" data-e-type=\"widget\" data-widget_type=\"heading.default\">\n\t\t\t\t\t<h2 class=\"elementor-heading-title elementor-size-default\">\u00a1Emb\u00e1rcate en tu aventura de CFD y fondos ETF con AL Trader!<\/h2>\t\t\t\t<\/div>\n\t\t\t\t<div class=\"elementor-element elementor-element-83514e4 elementor-widget elementor-widget-text-editor\" data-id=\"83514e4\" data-element_type=\"widget\" data-e-type=\"widget\" data-widget_type=\"text-editor.default\">\n\t\t\t\t\t\t\t\t\t<ol><li><span style=\"font-weight: 400;\"> Aprenda los pergaminos antiguos: AL Trader tiene una biblioteca de pergaminos (bueno, art\u00edculos y videos divertidos) para ense\u00f1arle todo sobre los CFD de fondos ETF. \u00a1El conocimiento es poder, queridos exploradores!<\/span><\/li><li>Planifica tu b\u00fasqueda del tesoro: decide cu\u00e1nto oro gastar\u00e1s y cu\u00e1ndo te detendr\u00e1s a contar tus tesoros. \u00a1Todo buen explorador tiene un plan!<\/li><li>Usa tus herramientas m\u00e1gicas: AL Trader te brinda herramientas m\u00e1gicas (bueno, son herramientas comerciales, \u00a1pero eso sigue siendo genial!) para ayudarte a tomar decisiones inteligentes en tu misi\u00f3n.<\/li><li>\u00danete al gremio de exploradores: forma parte de una comunidad de aventureros que comparten historias y aprenden unos de otros. \u00a1Juntos somos m\u00e1s vitales!<\/li><\/ol>\t\t\t\t\t\t\t\t<\/div>\n\t\t\t\t<div class=\"elementor-element elementor-element-880668c elementor-widget elementor-widget-heading\" data-id=\"880668c\" data-element_type=\"widget\" data-e-type=\"widget\" data-widget_type=\"heading.default\">\n\t\t\t\t\t<h2 class=\"elementor-heading-title elementor-size-default\">AL Trader y ETF y CFD<\/h2>\t\t\t\t<\/div>\n\t\t\t\t<div class=\"elementor-element elementor-element-7ea728e elementor-widget elementor-widget-text-editor\" data-id=\"7ea728e\" data-element_type=\"widget\" data-e-type=\"widget\" data-widget_type=\"text-editor.default\">\n\t\t\t\t\t\t\t\t\t<p><span style=\"font-weight: 400;\">\u2013 Wise Experts: Our team is like a group of wise experts, ready to guide you with knowledge and support.<\/span><\/p><p><span style=\"font-weight: 400;\">\u2013 Herramientas m\u00e1gicas para la misi\u00f3n: tenemos todos los dispositivos que necesitas, desde libros de hechizos (recursos educativos) hasta varitas m\u00e1gicas (herramientas de intercambio).<\/span><\/p><p><span style=\"font-weight: 400;\">\u2013 Hechizos de protecci\u00f3n: Tu aventura est\u00e1 segura con nosotros, gracias a nuestros poderosos hechizos de protecci\u00f3n.<\/span><\/p>\t\t\t\t\t\t\t\t<\/div>\n\t\t\t\t<div class=\"elementor-element elementor-element-9f5c43c elementor-widget elementor-widget-heading\" data-id=\"9f5c43c\" data-element_type=\"widget\" data-e-type=\"widget\" data-widget_type=\"heading.default\">\n\t\t\t\t\t<h2 class=\"elementor-heading-title elementor-size-default\">\u00bfListo para comenzar su viaje m\u00e1gico en fondos ETF y CFD?<\/h2>\t\t\t\t<\/div>\n\t\t\t\t<div class=\"elementor-element elementor-element-06b37fc elementor-widget elementor-widget-text-editor\" data-id=\"06b37fc\" data-element_type=\"widget\" data-e-type=\"widget\" data-widget_type=\"text-editor.default\">\n\t\t\t\t\t\t\t\t\t<p><span style=\"font-weight: 400;\">Ponte el sombrero de explorador porque te espera una aventura \u00e9pica en el mundo de los CFD de fondos ETF. Con AL Trader como gu\u00eda, descubrir\u00e1s misterios, tesoros valiosos y aprender\u00e1s poderosos hechizos de trading. Recuerda, valiente explorador, el camino puede tener giros y vueltas, pero las maravillas que encontrar\u00e1s con los CFD de fondos ETF son infinitas. \u00a1Comencemos este viaje m\u00e1gico y descubramos las riquezas ocultas del trading con AL Trader! \u00a1La aventura te llama!<\/span><\/p>\t\t\t\t\t\t\t\t<\/div>\n\t\t\t\t\t<\/div>\n\t\t<\/div>\n\t\t\t\t\t<\/div>\n\t\t<\/section>\n\t\t\t\t<\/div>","protected":false},"excerpt":{"rendered":"<p>Dive into AL Trader&#8217;s treasure trove of ETF Funds CFDs Navigate the mysteries, unearth the best ETF treasures, and learn the magic spells that differentiate CFDs and ETFs. Adventure awaits AL Trader&#8217;s Magical Quest: Discovering the Enchanted World of ETF Funds CFDs! Ready to embark on a thrilling quest filled with treasures known as &#8220;ETF [&hellip;]<\/p>\n","protected":false},"author":1,"featured_media":0,"parent":0,"menu_order":0,"comment_status":"closed","ping_status":"closed","template":"elementor_header_footer","meta":{"footnotes":""},"class_list":["post-1093","page","type-page","status-publish","hentry"],"_links":{"self":[{"href":"https:\/\/al-trader.org\/es\/wp-json\/wp\/v2\/pages\/1093","targetHints":{"allow":["GET"]}}],"collection":[{"href":"https:\/\/al-trader.org\/es\/wp-json\/wp\/v2\/pages"}],"about":[{"href":"https:\/\/al-trader.org\/es\/wp-json\/wp\/v2\/types\/page"}],"author":[{"embeddable":true,"href":"https:\/\/al-trader.org\/es\/wp-json\/wp\/v2\/users\/1"}],"replies":[{"embeddable":true,"href":"https:\/\/al-trader.org\/es\/wp-json\/wp\/v2\/comments?post=1093"}],"version-history":[{"count":0,"href":"https:\/\/al-trader.org\/es\/wp-json\/wp\/v2\/pages\/1093\/revisions"}],"wp:attachment":[{"href":"https:\/\/al-trader.org\/es\/wp-json\/wp\/v2\/media?parent=1093"}],"curies":[{"name":"wp","href":"https:\/\/api.w.org\/{rel}","templated":true}]}}