{"id":1085,"date":"2023-07-18T17:06:28","date_gmt":"2023-07-18T17:06:28","guid":{"rendered":"https:\/\/al-trader.org\/?page_id=1085"},"modified":"2023-10-27T11:03:28","modified_gmt":"2023-10-27T11:03:28","slug":"cfd-criptograficos","status":"publish","type":"page","link":"https:\/\/al-trader.org\/es\/crypto-cfds\/","title":{"rendered":"Crypto CFD&#8217;s"},"content":{"rendered":"<div data-elementor-type=\"wp-page\" data-elementor-id=\"1085\" class=\"elementor elementor-1085\" data-elementor-post-type=\"page\">\n\t\t\t\t\t\t<section class=\"elementor-section elementor-top-section elementor-element elementor-element-6b36f8e elementor-section-boxed elementor-section-height-default elementor-section-height-default\" data-id=\"6b36f8e\" data-element_type=\"section\" data-e-type=\"section\">\n\t\t\t\t\t\t<div class=\"elementor-container elementor-column-gap-default\">\n\t\t\t\t\t<div class=\"elementor-column elementor-col-100 elementor-top-column elementor-element elementor-element-42b36cd\" data-id=\"42b36cd\" data-element_type=\"column\" data-e-type=\"column\">\n\t\t\t<div class=\"elementor-widget-wrap elementor-element-populated\">\n\t\t\t\t\t\t<div class=\"elementor-element elementor-element-73f6044 elementor-widget elementor-widget-heading\" data-id=\"73f6044\" data-element_type=\"widget\" data-e-type=\"widget\" data-widget_type=\"heading.default\">\n\t\t\t\t\t<h1 class=\"elementor-heading-title elementor-size-default\">\u00danase a una misi\u00f3n \u00e9pica en el mundo de los CFD de criptomonedas<\/h1>\t\t\t\t<\/div>\n\t\t\t\t<div class=\"elementor-element elementor-element-ae2e1f3 elementor-widget elementor-widget-text-editor\" data-id=\"ae2e1f3\" data-element_type=\"widget\" data-e-type=\"widget\" data-widget_type=\"text-editor.default\">\n\t\t\t\t\t\t\t\t\t<p><span style=\"font-weight: 400;\">Descubra la magia del trading de criptomonedas, explore plataformas m\u00edsticas y elija su experto en criptomonedas de confianza. \u00a1La aventura le espera en el reino digital!<\/span><\/p>\t\t\t\t\t\t\t\t<\/div>\n\t\t\t\t<div class=\"elementor-element elementor-element-8a057aa elementor-widget elementor-widget-heading\" data-id=\"8a057aa\" data-element_type=\"widget\" data-e-type=\"widget\" data-widget_type=\"heading.default\">\n\t\t\t\t\t<h2 class=\"elementor-heading-title elementor-size-default\">Los comerciantes de AL disfrutan de un viaje encantado a trav\u00e9s de los CFD de criptomonedas<\/h2>\t\t\t\t<\/div>\n\t\t\t\t<div class=\"elementor-element elementor-element-9787116 elementor-widget elementor-widget-text-editor\" data-id=\"9787116\" data-element_type=\"widget\" data-e-type=\"widget\" data-widget_type=\"text-editor.default\">\n\t\t\t\t\t\t\t\t\t<p><span style=\"font-weight: 400;\">\u00a1Donde la magia y la tecnolog\u00eda chocan!<\/span><\/p><p><span style=\"font-weight: 400;\">\u00a1Hola, j\u00f3venes aventureros! \u00bfAlguna vez han so\u00f1ado con descubrir tesoros ocultos en un mundo digital? Pues bien, \u00bfadivinen qu\u00e9? Con AL Trader, \u00a1pueden hacer exactamente eso en el reino m\u00edstico de los \u201cCrypto CFD\u201d! Es donde las monedas m\u00e1gicas solo existen en el ciberespacio y pueden intercambiarse para obtener ganancias. Suena emocionante, \u00bfverdad? \u00a1Sumerj\u00e1monos juntos en esta b\u00fasqueda del tesoro digital!<\/span><\/p>\t\t\t\t\t\t\t\t<\/div>\n\t\t\t\t<div class=\"elementor-element elementor-element-f09f65d elementor-widget elementor-widget-heading\" data-id=\"f09f65d\" data-element_type=\"widget\" data-e-type=\"widget\" data-widget_type=\"heading.default\">\n\t\t\t\t\t<h2 class=\"elementor-heading-title elementor-size-default\">CFD de criptomonedas: \u00bforo digital o diamantes espaciales?<\/h2>\t\t\t\t<\/div>\n\t\t\t\t<div class=\"elementor-element elementor-element-0b584ed elementor-widget elementor-widget-text-editor\" data-id=\"0b584ed\" data-element_type=\"widget\" data-e-type=\"widget\" data-widget_type=\"text-editor.default\">\n\t\t\t\t\t\t\t\t\t<p>De manera similar a otros instrumentos CFD, los CFD de criptomonedas otorgan acceso a una exposici\u00f3n m\u00e1s amplia al mercado a trav\u00e9s de una inversi\u00f3n inicial comparativamente modesta. El apalancamiento tiene el potencial de magnificar las ganancias potenciales; sin embargo, al mismo tiempo aumenta la susceptibilidad a las p\u00e9rdidas. Por lo tanto, se recomienda a los operadores que tengan cuidado al emplear apalancamiento y adopten t\u00e1cticas efectivas de gesti\u00f3n de riesgos.<\/p>\t\t\t\t\t\t\t\t<\/div>\n\t\t\t\t<div class=\"elementor-element elementor-element-8eb46ee elementor-widget elementor-widget-heading\" data-id=\"8eb46ee\" data-element_type=\"widget\" data-e-type=\"widget\" data-widget_type=\"heading.default\">\n\t\t\t\t\t<h2 class=\"elementor-heading-title elementor-size-default\">El Portal M\u00e1gico: \u00bfQu\u00e9 es el trading de CFD de criptomonedas y c\u00f3mo funciona?<\/h2>\t\t\t\t<\/div>\n\t\t\t\t<div class=\"elementor-element elementor-element-099da71 elementor-widget elementor-widget-text-editor\" data-id=\"099da71\" data-element_type=\"widget\" data-e-type=\"widget\" data-widget_type=\"text-editor.default\">\n\t\t\t\t\t\t\t\t\t<p><span style=\"font-weight: 400;\">El trading con CFD de criptomonedas es como un juego de portal m\u00e1gico. Predices si el valor de estos tesoros digitales aumentar\u00e1 o disminuir\u00e1. Haces estas predicciones bas\u00e1ndote en gr\u00e1ficos m\u00edsticos y bolas de cristal (vale, son solo herramientas de trading, \u00a1pero la magia suena mejor!). El truco es que est\u00e1s jugando con la idea de las monedas, no con las monedas en s\u00ed. \u00a1Se trata de hacer conjeturas inteligentes!<\/span><\/p>\t\t\t\t\t\t\t\t<\/div>\n\t\t\t\t<div class=\"elementor-element elementor-element-ab1c1a5 elementor-widget elementor-widget-heading\" data-id=\"ab1c1a5\" data-element_type=\"widget\" data-e-type=\"widget\" data-widget_type=\"heading.default\">\n\t\t\t\t\t<h2 class=\"elementor-heading-title elementor-size-default\">C\u00f3mo elegir tu alfombra m\u00e1gica: plataforma de negociaci\u00f3n de CFD de criptomonedas<\/h2>\t\t\t\t<\/div>\n\t\t\t\t<div class=\"elementor-element elementor-element-a486300 elementor-widget elementor-widget-text-editor\" data-id=\"a486300\" data-element_type=\"widget\" data-e-type=\"widget\" data-widget_type=\"text-editor.default\">\n\t\t\t\t\t\t\t\t\t<p><span style=\"font-weight: 400;\">Tu aventura no estar\u00eda completa sin una alfombra m\u00e1gica. Pues bien, en el mundo de los CFD de criptomonedas, \u00a1esta alfombra es tu plataforma de trading! Es un lugar especial, como un castillo en las nubes, donde se realizan todas tus operaciones. AL Trader te ofrece una alfombra con superpoderes: gr\u00e1ficos m\u00e1gicos en tiempo real, operaciones ultrarr\u00e1pidas e incluso un libro de hechizos (o recursos educativos para los muggles).<\/span><\/p>\t\t\t\t\t\t\t\t<\/div>\n\t\t\t\t<div class=\"elementor-element elementor-element-d037cbb elementor-widget elementor-widget-heading\" data-id=\"d037cbb\" data-element_type=\"widget\" data-e-type=\"widget\" data-widget_type=\"heading.default\">\n\t\t\t\t\t<h2 class=\"elementor-heading-title elementor-size-default\">Los magos del mundo digital: br\u00f3ker de CFD de criptomonedas<\/h2>\t\t\t\t<\/div>\n\t\t\t\t<div class=\"elementor-element elementor-element-c36af56 elementor-widget elementor-widget-text-editor\" data-id=\"c36af56\" data-element_type=\"widget\" data-e-type=\"widget\" data-widget_type=\"text-editor.default\">\n\t\t\t\t\t\t\t\t\t<p><span style=\"font-weight: 400;\">En cada b\u00fasqueda m\u00e1gica, un mago sabio gu\u00eda el camino. En los CFD de criptomonedas, estos magos se conocen como corredores. Son experimentados y confiables, y lo ayudan a navegar en su viaje. AL Trader es como el gran mago maestro, que ofrece orientaci\u00f3n, poderosas herramientas comerciales y una b\u00f3veda segura para sus tesoros.<\/span><\/p>\t\t\t\t\t\t\t\t<\/div>\n\t\t\t\t<div class=\"elementor-element elementor-element-68e468f elementor-widget elementor-widget-heading\" data-id=\"68e468f\" data-element_type=\"widget\" data-e-type=\"widget\" data-widget_type=\"heading.default\">\n\t\t\t\t\t<h2 class=\"elementor-heading-title elementor-size-default\">C\u00f3mo emprender la b\u00fasqueda de CFD de criptomonedas: un mapa paso a paso<\/h2>\t\t\t\t<\/div>\n\t\t\t\t<div class=\"elementor-element elementor-element-31e07f3 elementor-widget elementor-widget-text-editor\" data-id=\"31e07f3\" data-element_type=\"widget\" data-e-type=\"widget\" data-widget_type=\"text-editor.default\">\n\t\t\t\t\t\t\t\t\t<ol><li><span style=\"font-weight: 400;\"> Aprenda los hechizos m\u00e1gicos: antes de comenzar, comprenda la magia detr\u00e1s de los CFD de criptomonedas. La biblioteca de AL Trader (bueno, es un sitio web) est\u00e1 llena de pergaminos y libros (nos referimos a art\u00edculos y videos) para ense\u00f1arle estos hechizos.<\/span><\/li><\/ol><p><span style=\"font-weight: 400;\">\u00a0<\/span><\/p><ol start=\"2\"><li><span style=\"font-weight: 400;\"> Practica en un espejo m\u00e1gico: \u00a1prueba primero una cuenta demo! Es como un espejo m\u00e1gico que te permite practicar tus hechizos sin riesgo. Genial, \u00bfverdad?<\/span><\/li><\/ol><p><span style=\"font-weight: 400;\">\u00a0<\/span><\/p><ol start=\"3\"><li><span style=\"font-weight: 400;\"> Planifica tu aventura: decide cu\u00e1nto est\u00e1s dispuesto a arriesgar y cu\u00e1ndo te detendr\u00e1s para disfrutar del bot\u00edn. \u00a1Hasta los aventureros necesitan un plan!<\/span><\/li><\/ol><p><span style=\"font-weight: 400;\">\u00a0<\/span><\/p><ol start=\"4\"><li><span style=\"font-weight: 400;\"> Conf\u00ede en sus instrumentos m\u00e1gicos: utilice las herramientas y los conocimientos de AL Trader para tomar decisiones informadas. \u00a1Es como tener una br\u00fajula, un mapa y un catalejo, todo en uno!<\/span><\/li><\/ol><p><span style=\"font-weight: 400;\">\u00a0<\/span><\/p><ol start=\"5\"><li><span style=\"font-weight: 400;\"> \u00danete al gremio: \u00a1s\u00e9 parte de una comunidad! \u00a1Comparte tus historias y aprende de otros aventureros como t\u00fa!<\/span><\/li><\/ol>\t\t\t\t\t\t\t\t<\/div>\n\t\t\t\t<div class=\"elementor-element elementor-element-d1ac8f1 elementor-widget elementor-widget-heading\" data-id=\"d1ac8f1\" data-element_type=\"widget\" data-e-type=\"widget\" data-widget_type=\"heading.default\">\n\t\t\t\t\t<h2 class=\"elementor-heading-title elementor-size-default\">Por qu\u00e9 AL Trader es tu mejor compa\u00f1ero de aventuras en CFD de criptomonedas<\/h2>\t\t\t\t<\/div>\n\t\t\t\t<div class=\"elementor-element elementor-element-68821f1 elementor-widget elementor-widget-text-editor\" data-id=\"68821f1\" data-element_type=\"widget\" data-e-type=\"widget\" data-widget_type=\"text-editor.default\">\n\t\t\t\t\t\t\t\t\t<p><span style=\"font-weight: 400;\">\u2013 Consejo Sabio: Nuestro equipo es como un consejo de sabios, que ofrecen conocimiento y apoyo en su viaje.<\/span><\/p><p><span style=\"font-weight: 400;\">\u2013 Herramientas m\u00edsticas: desde gr\u00e1ficos encantados hasta alertas de mercado m\u00e1gicas, \u00a1tenemos todos los dispositivos que un aventurero podr\u00eda desear!<\/span><\/p><p><span style=\"font-weight: 400;\">\u2013 Hechizos de seguridad: \u00a1Protegemos tu viaje con los hechizos de seguridad m\u00e1s vitales (medidas de seguridad de primer nivel)!<\/span><\/p>\t\t\t\t\t\t\t\t<\/div>\n\t\t\t\t<div class=\"elementor-element elementor-element-667ae09 elementor-widget elementor-widget-heading\" data-id=\"667ae09\" data-element_type=\"widget\" data-e-type=\"widget\" data-widget_type=\"heading.default\">\n\t\t\t\t\t<h2 class=\"elementor-heading-title elementor-size-default\">\u00bfListo para desentra\u00f1ar los misterios de los CFD de criptomonedas?<\/h2>\t\t\t\t<\/div>\n\t\t\t\t<div class=\"elementor-element elementor-element-d4ce36c elementor-widget elementor-widget-text-editor\" data-id=\"d4ce36c\" data-element_type=\"widget\" data-e-type=\"widget\" data-widget_type=\"text-editor.default\">\n\t\t\t\t\t\t\t\t\t<p><span style=\"font-weight: 400;\">\u00a1Prepara tu mochila de aventurero porque te espera un emocionante viaje por el mundo de los CFD de criptomonedas! Con AL Trader como gu\u00eda, explorar\u00e1s caminos ocultos, descifrar\u00e1s gr\u00e1ficos m\u00edsticos y tal vez incluso encuentres tu olla de oro digital al final del arco\u00edris. Recuerda, joven aventurero, el camino puede ser sinuoso, pero los tesoros y triunfos que descubrir\u00e1s con los CFD de criptomonedas son ilimitados. \u00a1As\u00ed que toma tu varita m\u00e1gica y partamos hacia el vasto y emocionante mundo de las criptomonedas con AL Trader! \u00a1La aventura est\u00e1 ah\u00ed fuera!<\/span><\/p>\t\t\t\t\t\t\t\t<\/div>\n\t\t\t\t\t<\/div>\n\t\t<\/div>\n\t\t\t\t\t<\/div>\n\t\t<\/section>\n\t\t\t\t<\/div>","protected":false},"excerpt":{"rendered":"<p>Join on an epic quest in the realm of Crypto CFD\u2019s Discover the magic of crypto trading, explore mystical platforms, and choose your trusted crypto wizard. Adventure awaits in the digital kingdom! AL Trader&#8217;s Enchanted Journey Through Crypto CFD\u2019s Where Magic and Technology Collide! Hey there, young adventurers! Have you ever dreamed of discovering hidden [&hellip;]<\/p>\n","protected":false},"author":1,"featured_media":0,"parent":0,"menu_order":0,"comment_status":"closed","ping_status":"closed","template":"elementor_header_footer","meta":{"footnotes":""},"class_list":["post-1085","page","type-page","status-publish","hentry"],"_links":{"self":[{"href":"https:\/\/al-trader.org\/es\/wp-json\/wp\/v2\/pages\/1085","targetHints":{"allow":["GET"]}}],"collection":[{"href":"https:\/\/al-trader.org\/es\/wp-json\/wp\/v2\/pages"}],"about":[{"href":"https:\/\/al-trader.org\/es\/wp-json\/wp\/v2\/types\/page"}],"author":[{"embeddable":true,"href":"https:\/\/al-trader.org\/es\/wp-json\/wp\/v2\/users\/1"}],"replies":[{"embeddable":true,"href":"https:\/\/al-trader.org\/es\/wp-json\/wp\/v2\/comments?post=1085"}],"version-history":[{"count":0,"href":"https:\/\/al-trader.org\/es\/wp-json\/wp\/v2\/pages\/1085\/revisions"}],"wp:attachment":[{"href":"https:\/\/al-trader.org\/es\/wp-json\/wp\/v2\/media?parent=1085"}],"curies":[{"name":"wp","href":"https:\/\/api.w.org\/{rel}","templated":true}]}}