{"id":1056,"date":"2023-07-18T14:50:29","date_gmt":"2023-07-18T14:50:29","guid":{"rendered":"https:\/\/al-trader.org\/?page_id=1056"},"modified":"2023-10-31T05:21:42","modified_gmt":"2023-10-31T05:21:42","slug":"cfd-sobre-materias-primas","status":"publish","type":"page","link":"https:\/\/al-trader.org\/es\/commodities-cfds\/","title":{"rendered":"Commodities CFD&#8217;s"},"content":{"rendered":"<div data-elementor-type=\"wp-page\" data-elementor-id=\"1056\" class=\"elementor elementor-1056\" data-elementor-post-type=\"page\">\n\t\t\t\t\t\t<section class=\"elementor-section elementor-top-section elementor-element elementor-element-547a9e1 elementor-section-boxed elementor-section-height-default elementor-section-height-default\" data-id=\"547a9e1\" data-element_type=\"section\" data-e-type=\"section\">\n\t\t\t\t\t\t<div class=\"elementor-container elementor-column-gap-default\">\n\t\t\t\t\t<div class=\"elementor-column elementor-col-100 elementor-top-column elementor-element elementor-element-df7eb48\" data-id=\"df7eb48\" data-element_type=\"column\" data-e-type=\"column\">\n\t\t\t<div class=\"elementor-widget-wrap elementor-element-populated\">\n\t\t\t\t\t\t<div class=\"elementor-element elementor-element-9960e6e elementor-widget elementor-widget-heading\" data-id=\"9960e6e\" data-element_type=\"widget\" data-e-type=\"widget\" data-widget_type=\"heading.default\">\n\t\t\t\t\t<h1 class=\"elementor-heading-title elementor-size-default\">Dive into the world of Commodities CFD\u2019s<\/h1>\t\t\t\t<\/div>\n\t\t\t\t<div class=\"elementor-element elementor-element-6a3572d elementor-widget elementor-widget-text-editor\" data-id=\"6a3572d\" data-element_type=\"widget\" data-e-type=\"widget\" data-widget_type=\"text-editor.default\">\n\t\t\t\t\t\t\t\t\t<p>Emb\u00e1rcate en una aventura a trav\u00e9s del trading de futuros de materias primas, la comprensi\u00f3n de los CFD y el descubrimiento de estrategias que brillan. \u00a1Tu mapa del tesoro hacia la diversi\u00f3n financiera te espera!<\/p>\t\t\t\t\t\t\t\t<\/div>\n\t\t\t\t<div class=\"elementor-element elementor-element-7b2f487 elementor-widget elementor-widget-heading\" data-id=\"7b2f487\" data-element_type=\"widget\" data-e-type=\"widget\" data-widget_type=\"heading.default\">\n\t\t\t\t\t<h2 class=\"elementor-heading-title elementor-size-default\">AL Traders El mundo m\u00e1gico de los CFD sobre materias primas: \u00a1una aventura como ninguna otra!<\/h2>\t\t\t\t<\/div>\n\t\t\t\t<div class=\"elementor-element elementor-element-167e176 elementor-widget elementor-widget-text-editor\" data-id=\"167e176\" data-element_type=\"widget\" data-e-type=\"widget\" data-widget_type=\"text-editor.default\">\n\t\t\t\t\t\t\t\t\t<p><span style=\"font-weight: 400;\">\u00a1Bienvenido a una tierra donde las habichuelas m\u00e1gicas y el trigo dorado no son solo cosas de cuentos de hadas, sino tesoros que puedes coleccionar! Estamos hablando del encantador mundo de los \u201cCFD de materias primas\u201d y, \u00bfadivina qu\u00e9? Est\u00e1s invitado a unirte a esta emocionante aventura con AL Trader, tu fiel gu\u00eda a trav\u00e9s de los valles resplandecientes y las imponentes monta\u00f1as del panorama financiero.<\/span><\/p>\t\t\t\t\t\t\t\t<\/div>\n\t\t\t\t<div class=\"elementor-element elementor-element-e261471 elementor-widget elementor-widget-heading\" data-id=\"e261471\" data-element_type=\"widget\" data-e-type=\"widget\" data-widget_type=\"heading.default\">\n\t\t\t\t\t<h2 class=\"elementor-heading-title elementor-size-default\">\u00a1Zarpando hacia el mar de CFD sobre futuros de materias primas!<\/h2>\t\t\t\t<\/div>\n\t\t\t\t<div class=\"elementor-element elementor-element-5ee0dd5 elementor-widget elementor-widget-text-editor\" data-id=\"5ee0dd5\" data-element_type=\"widget\" data-e-type=\"widget\" data-widget_type=\"text-editor.default\">\n\t\t\t\t\t\t\t\t\t<p><span style=\"font-weight: 400;\">Ahora, hablemos de los \u201cCFD de futuros\u201d. Los futuros son como un telescopio m\u00e1gico que te muestra el valor que pueden tener los tesoros en el futuro. Acuerdas con alguien negociar un tesoro espec\u00edfico en una fecha futura por un precio que t\u00fa fijas ahora. Es como decir: \u201c\u00a1Apuesto a que estas habichuelas m\u00e1gicas valdr\u00e1n diez monedas de oro en tres meses!\u201d. Si tienes raz\u00f3n, \u00a1estar\u00e1s nadando en monedas!<\/span><\/p>\t\t\t\t\t\t\t\t<\/div>\n\t\t\t\t<div class=\"elementor-element elementor-element-2292c13 elementor-widget elementor-widget-heading\" data-id=\"2292c13\" data-element_type=\"widget\" data-e-type=\"widget\" data-widget_type=\"heading.default\">\n\t\t\t\t\t<h2 class=\"elementor-heading-title elementor-size-default\">Pero \u00bfc\u00f3mo iniciar este fant\u00e1stico viaje?<\/h2>\t\t\t\t<\/div>\n\t\t\t\t<div class=\"elementor-element elementor-element-555cde5 elementor-widget elementor-widget-text-editor\" data-id=\"555cde5\" data-element_type=\"widget\" data-e-type=\"widget\" data-widget_type=\"text-editor.default\">\n\t\t\t\t\t\t\t\t\t<ol><li><b>Entendiendo su mapa:<\/b><span style=\"font-weight: 400;\"> \u00bfQu\u00e9 es el comercio de futuros de materias primas?<\/span><\/li><\/ol><p><span style=\"font-weight: 400;\">\u00a0\u00a0\u00a0\u2013 \u00a1Todo es cuesti\u00f3n de predicciones! Es como adivinar cu\u00e1ntas gominolas hay en un frasco, pero con tesoros como oro, petr\u00f3leo o trigo.<\/span><\/p><p><span style=\"font-weight: 400;\">\u00a0\u00a0\u00a0\u2013 Debes conseguir los tesoros reales. En lugar de eso, te dan un papel que dice que los tienes (menos pesado para llevar, \u00bfverdad?).<\/span><\/p><p><span style=\"font-weight: 400;\">\u00a0<\/span><\/p><ol start=\"2\"><li><b>Preparando tu maleta:<\/b><span style=\"font-weight: 400;\"> \u00bfQu\u00e9 es el trading de CFD sobre materias primas?<\/span><\/li><\/ol><p><span style=\"font-weight: 400;\">\u00a0\u00a0\u00a0\u2013 \u00bfRecuerdas las promesas de me\u00f1ique llamadas CFD? Son as\u00ed, pero est\u00e1s haciendo promesas sobre el valor de tesoros como el cacao, la plata o el algod\u00f3n.<\/span><\/p><p><span style=\"font-weight: 400;\">\u00a0\u00a0\u00a0\u2013 No est\u00e1s comprando los productos reales, solo prediciendo sus cambios de precios.<\/span><\/p><p><span style=\"font-weight: 400;\">\u00a0<\/span><\/p><ol start=\"3\"><li><b>Elegir tu camino:<\/b><span style=\"font-weight: 400;\"> \u00a1Diferentes formas de explorar!<\/span><\/li><\/ol><p><span style=\"font-weight: 400;\">\u00a0\u00a0\u00a0\u2013 Con AL Trader, puedes explorar distintas rutas y estrategias. Tanto si eres un madrugador que atrapa el gusano como un ave nocturna, \u00a1hay una aventura para ti!<\/span><\/p>\t\t\t\t\t\t\t\t<\/div>\n\t\t\t\t<div class=\"elementor-element elementor-element-ce4ce17 elementor-widget elementor-widget-heading\" data-id=\"ce4ce17\" data-element_type=\"widget\" data-e-type=\"widget\" data-widget_type=\"heading.default\">\n\t\t\t\t\t<h2 class=\"elementor-heading-title elementor-size-default\">C\u00f3mo unirse al Club de Exploradores de AL Trader<\/h2>\t\t\t\t<\/div>\n\t\t\t\t<div class=\"elementor-element elementor-element-b046200 elementor-widget elementor-widget-text-editor\" data-id=\"b046200\" data-element_type=\"widget\" data-e-type=\"widget\" data-widget_type=\"text-editor.default\">\n\t\t\t\t\t\t\t\t\t<p><span style=\"font-weight: 400;\">\u00a0\u2013 Conoce a otros aventureros, comparte historias y encuentra amigos que se unan a ti en tus misiones. \u00a1Hasta los exploradores m\u00e1s valientes necesitan un compa\u00f1ero!<\/span><\/p>\t\t\t\t\t\t\t\t<\/div>\n\t\t\t\t<div class=\"elementor-element elementor-element-384b3cf elementor-widget elementor-widget-heading\" data-id=\"384b3cf\" data-element_type=\"widget\" data-e-type=\"widget\" data-widget_type=\"heading.default\">\n\t\t\t\t\t<h2 class=\"elementor-heading-title elementor-size-default\">\u00bfPor qu\u00e9 elegir un Trader para su aventura en CFD de materias primas?<\/h2>\t\t\t\t<\/div>\n\t\t\t\t<div class=\"elementor-element elementor-element-1416339 elementor-widget elementor-widget-text-editor\" data-id=\"1416339\" data-element_type=\"widget\" data-e-type=\"widget\" data-widget_type=\"text-editor.default\">\n\t\t\t\t\t\t\t\t\t<p><span style=\"font-weight: 400;\">&#8211; <\/span><b>Gu\u00edas expertos:<\/b><span style=\"font-weight: 400;\"> Nuestro equipo tambi\u00e9n est\u00e1 formado por expertos y bibliotecarios inteligentes. \u00a1Conocen todos los secretos del oficio y te ense\u00f1an trucos geniales!<\/span><\/p><p><b>\u2013 Herramientas m\u00e1gicas:<\/b><span style=\"font-weight: 400;\"> Te ofrecemos dispositivos y gr\u00e1ficos m\u00e1gicos, como bolas de cristal y mapas del tesoro, para ayudarte a tomar decisiones inteligentes.<\/span><\/p><p><b>\u2013 La seguridad es lo primero:<\/b><span style=\"font-weight: 400;\"> \u00a1Tu viaje est\u00e1 seguro con nosotros! Protegemos tus tesoros como dragones feroces (\u00a1amigables, no te preocupes!).<\/span><\/p>\t\t\t\t\t\t\t\t<\/div>\n\t\t\t\t<div class=\"elementor-element elementor-element-5d89d95 elementor-widget elementor-widget-heading\" data-id=\"5d89d95\" data-element_type=\"widget\" data-e-type=\"widget\" data-widget_type=\"heading.default\">\n\t\t\t\t\t<h2 class=\"elementor-heading-title elementor-size-default\">\u00bfListo para embarcarte en tu aventura CFD?<\/h2>\t\t\t\t<\/div>\n\t\t\t\t<div class=\"elementor-element elementor-element-ec13e55 elementor-widget elementor-widget-text-editor\" data-id=\"ec13e55\" data-element_type=\"widget\" data-e-type=\"widget\" data-widget_type=\"text-editor.default\">\n\t\t\t\t\t\t\t\t\t<p><span style=\"font-weight: 400;\">Con la mochila preparada y AL Trader a tu lado, \u00a1tu viaje al mundo de los CFD ser\u00e1 la aventura de tu vida! \u00bfQui\u00e9n sabe qu\u00e9 maravillas descubrir\u00e1s, qu\u00e9 monta\u00f1as escalar\u00e1s y qu\u00e9 mercados m\u00e1gicos explorar\u00e1s? As\u00ed que, \u00e1tate los cordones, coge el sombrero y \u00a1a partir! El mundo de las materias primas te espera y los tesoros est\u00e1n listos para que los tomes. \u00a1Adelante, valiente explorador, hacia tu cuento de hadas financiero con AL Trader!<\/span><\/p>\t\t\t\t\t\t\t\t<\/div>\n\t\t\t\t\t<\/div>\n\t\t<\/div>\n\t\t\t\t\t<\/div>\n\t\t<\/section>\n\t\t\t\t<\/div>","protected":false},"excerpt":{"rendered":"<p>Dive into the world of Commodities CFD\u2019s Embark on an adventure through trading commodities futures, understanding CFDs, and discovering strategies that sparkle. Your treasure map to financial fun awaits! AL Trader&#8217;s Magical World of Commodities CFD\u2019s: An Adventure Like No Other! Welcome to a land where magic beans and golden wheat aren&#8217;t just things from [&hellip;]<\/p>\n","protected":false},"author":1,"featured_media":0,"parent":0,"menu_order":0,"comment_status":"closed","ping_status":"closed","template":"elementor_header_footer","meta":{"footnotes":""},"class_list":["post-1056","page","type-page","status-publish","hentry"],"_links":{"self":[{"href":"https:\/\/al-trader.org\/es\/wp-json\/wp\/v2\/pages\/1056","targetHints":{"allow":["GET"]}}],"collection":[{"href":"https:\/\/al-trader.org\/es\/wp-json\/wp\/v2\/pages"}],"about":[{"href":"https:\/\/al-trader.org\/es\/wp-json\/wp\/v2\/types\/page"}],"author":[{"embeddable":true,"href":"https:\/\/al-trader.org\/es\/wp-json\/wp\/v2\/users\/1"}],"replies":[{"embeddable":true,"href":"https:\/\/al-trader.org\/es\/wp-json\/wp\/v2\/comments?post=1056"}],"version-history":[{"count":0,"href":"https:\/\/al-trader.org\/es\/wp-json\/wp\/v2\/pages\/1056\/revisions"}],"wp:attachment":[{"href":"https:\/\/al-trader.org\/es\/wp-json\/wp\/v2\/media?parent=1056"}],"curies":[{"name":"wp","href":"https:\/\/api.w.org\/{rel}","templated":true}]}}