{"id":1038,"date":"2023-07-18T14:42:01","date_gmt":"2023-07-18T14:42:01","guid":{"rendered":"https:\/\/al-trader.org\/?page_id=1038"},"modified":"2023-10-31T05:39:31","modified_gmt":"2023-10-31T05:39:31","slug":"indices-cfd","status":"publish","type":"page","link":"https:\/\/al-trader.org\/es\/indices-cfds\/","title":{"rendered":"Indices CFD&#8217;s"},"content":{"rendered":"<div data-elementor-type=\"wp-page\" data-elementor-id=\"1038\" class=\"elementor elementor-1038\" data-elementor-post-type=\"page\">\n\t\t\t\t\t\t<section class=\"elementor-section elementor-top-section elementor-element elementor-element-5dda44f elementor-section-boxed elementor-section-height-default elementor-section-height-default\" data-id=\"5dda44f\" data-element_type=\"section\" data-e-type=\"section\">\n\t\t\t\t\t\t<div class=\"elementor-container elementor-column-gap-default\">\n\t\t\t\t\t<div class=\"elementor-column elementor-col-100 elementor-top-column elementor-element elementor-element-52a2f81\" data-id=\"52a2f81\" data-element_type=\"column\" data-e-type=\"column\">\n\t\t\t<div class=\"elementor-widget-wrap elementor-element-populated\">\n\t\t\t\t\t\t<div class=\"elementor-element elementor-element-e2b8f6b elementor-widget elementor-widget-heading\" data-id=\"e2b8f6b\" data-element_type=\"widget\" data-e-type=\"widget\" data-widget_type=\"heading.default\">\n\t\t\t\t\t<h1 class=\"elementor-heading-title elementor-size-default\">\u00a1Emb\u00e1rquese en una emocionante aventura en el mundo de los CFD sobre \u00edndices! \u00a1Aprenda los secretos de la inversi\u00f3n, domine el arte de la estrategia y descubra los tesoros globales de los \u00edndices!<\/h1>\t\t\t\t<\/div>\n\t\t\t\t<div class=\"elementor-element elementor-element-8d40a30 elementor-widget elementor-widget-text-editor\" data-id=\"8d40a30\" data-element_type=\"widget\" data-e-type=\"widget\" data-widget_type=\"text-editor.default\">\n\t\t\t\t\t\t\t\t\t<p><span style=\"font-weight: 400;\">Bienvenido a bordo del barco de AL Trader, donde navegamos por vastos oc\u00e9anos de n\u00fameros, guiados por las estrellas de los CFD de \u00edndices. \u00bfAlguna vez so\u00f1\u00f3 con encontrar un mapa del tesoro que condujera a un cofre lleno de monedas de oro? Bueno, en el mundo de los CFD, perseguimos tesoros de conocimiento y riqueza, y \u00bfadivine qu\u00e9? \u00a1Est\u00e1 invitado a unirse a esta b\u00fasqueda!<\/span><\/p>\t\t\t\t\t\t\t\t<\/div>\n\t\t\t\t<div class=\"elementor-element elementor-element-95473f9 elementor-widget elementor-widget-heading\" data-id=\"95473f9\" data-element_type=\"widget\" data-e-type=\"widget\" data-widget_type=\"heading.default\">\n\t\t\t\t\t<h2 class=\"elementor-heading-title elementor-size-default\">\u00bfQu\u00e9 son los CFD sobre \u00edndices?<\/h2>\t\t\t\t<\/div>\n\t\t\t\t<div class=\"elementor-element elementor-element-96e06e1 elementor-widget elementor-widget-text-editor\" data-id=\"96e06e1\" data-element_type=\"widget\" data-e-type=\"widget\" data-widget_type=\"text-editor.default\">\n\t\t\t\t\t\t\t\t\t<p><span style=\"font-weight: 400;\">Los CFD son contratos por diferencia y son como pactos secretos que usted hace para adivinar si los precios de los tesoros (en este caso, grupos de tesoros llamados \u201c\u00edndices\u201d) subir\u00e1n o bajar\u00e1n si su suposici\u00f3n es correcta.<\/span><\/p>\t\t\t\t\t\t\t\t<\/div>\n\t\t\t\t<div class=\"elementor-element elementor-element-e5aab7c elementor-widget elementor-widget-heading\" data-id=\"e5aab7c\" data-element_type=\"widget\" data-e-type=\"widget\" data-widget_type=\"heading.default\">\n\t\t\t\t\t<h2 class=\"elementor-heading-title elementor-size-default\">Navegando por los mares de los \u00edndices Inversi\u00f3n en CFD<\/h2>\t\t\t\t<\/div>\n\t\t\t\t<div class=\"elementor-element elementor-element-36b61a8 elementor-widget elementor-widget-text-editor\" data-id=\"36b61a8\" data-element_type=\"widget\" data-e-type=\"widget\" data-widget_type=\"text-editor.default\">\n\t\t\t\t\t\t\t\t\t<p><span style=\"font-weight: 400;\">\u00bfListo para zarpar? Aqu\u00ed est\u00e1 tu fiel br\u00fajula:<\/span><\/p><p><span style=\"font-weight: 400;\">\u00a0<\/span><\/p><ol><li><b>Aprende el canto del marinero:<\/b><span style=\"font-weight: 400;\"> Necesitas aprender c\u00e1nticos marineros especiales (t\u00e9rminos y conceptos). \u00a1Pero no temas! AL Trader\u2019s tiene un cofre con mapas y pergaminos f\u00e1ciles de entender (recursos educativos) para ayudarte.<\/span><\/li><\/ol><p><span style=\"font-weight: 400;\">\u00a0<\/span><\/p><ol start=\"2\"><li><b>Elige tu barco:<\/b><span style=\"font-weight: 400;\"> Tu barco (plataforma de operaciones) es crucial para tu viaje. AL Trader es como el barco real de la flota, \u00a1te ofrece una embarcaci\u00f3n r\u00e1pida, resistente y confiable para navegar en los mares de las inversiones!<\/span><\/li><\/ol><p><span style=\"font-weight: 400;\">\u00a0<\/span><\/p><p><span style=\"font-weight: 400;\">3. <\/span><b>Entrena con leyendas piratas:<\/b><span style=\"font-weight: 400;\"> \u00a1Incluso los piratas m\u00e1s legendarios comenzaron como grumetes! La capacitaci\u00f3n en \u201cEstrategia de CFD\u201d es su oportunidad de aprender de los mejores, con los capitanes experimentados de AL Trader que comparten sus cartas n\u00e1uticas y secretos.<\/span><\/p>\t\t\t\t\t\t\t\t<\/div>\n\t\t\t\t<div class=\"elementor-element elementor-element-2470ebe elementor-widget elementor-widget-heading\" data-id=\"2470ebe\" data-element_type=\"widget\" data-e-type=\"widget\" data-widget_type=\"heading.default\">\n\t\t\t\t\t<h2 class=\"elementor-heading-title elementor-size-default\">Creando su mapa del tesoro: estrategia de CFD sobre \u00edndices<\/h2>\t\t\t\t<\/div>\n\t\t\t\t<div class=\"elementor-element elementor-element-b7fa334 elementor-widget elementor-widget-text-editor\" data-id=\"b7fa334\" data-element_type=\"widget\" data-e-type=\"widget\" data-widget_type=\"text-editor.default\">\n\t\t\t\t\t\t\t\t\t<p><span style=\"font-weight: 400;\">Toda b\u00fasqueda de tesoros exitosa necesita un mapa brillante. En los CFD, su mapa es su estrategia de negociaci\u00f3n. A continuaci\u00f3n, se ofrecen algunos consejos para crear mapas:<\/span><\/p><p><span style=\"font-weight: 400;\">\u00a0<\/span><\/p><p><span style=\"font-weight: 400;\">&#8211; <\/span><b>Observaci\u00f3n de estrellas:<\/b><span style=\"font-weight: 400;\"> \u00a1Observe las estrellas (las noticias y los acontecimientos del mercado) para navegar su barco! Comprender los vientos (las tendencias del mercado) puede ayudarle a navegar sin problemas.<\/span><\/p><p><span style=\"font-weight: 400;\">&#8211; <\/span><b>Diversificaci\u00f3n de tesoros:<\/b><span style=\"font-weight: 400;\"> \u00a1No busques solo un tipo de tesoro! Combina distintos tesoros (invierte en varios \u00edndices) para distribuir tus apuestas y aumentar tus posibilidades de encontrar oro.<\/span><\/p>\t\t\t\t\t\t\t\t<\/div>\n\t\t\t\t<div class=\"elementor-element elementor-element-b43c604 elementor-widget elementor-widget-heading\" data-id=\"b43c604\" data-element_type=\"widget\" data-e-type=\"widget\" data-widget_type=\"heading.default\">\n\t\t\t\t\t<h2 class=\"elementor-heading-title elementor-size-default\">Por qu\u00e9 AL Trader es su primer aliado de confianza<\/h2>\t\t\t\t<\/div>\n\t\t\t\t<div class=\"elementor-element elementor-element-27c9964 elementor-widget elementor-widget-text-editor\" data-id=\"27c9964\" data-element_type=\"widget\" data-e-type=\"widget\" data-widget_type=\"text-editor.default\">\n\t\t\t\t\t\t\t\t\t<p><span style=\"font-weight: 400;\">Todo capit\u00e1n pirata necesita un primer oficial confiable, y aqu\u00ed est\u00e1 el motivo por el que AL Trader es tuyo:<\/span><\/p><p><span style=\"font-weight: 400;\">\u00a0<\/span><\/p><p><span style=\"font-weight: 400;\">&#8211; <\/span><b>Sabia como el mar:<\/b><span style=\"font-weight: 400;\"> Nuestra tripulaci\u00f3n est\u00e1 capacitada en la experiencia de los mercados y est\u00e1 ansiosa por compartir esta sabidur\u00eda con usted.<\/span><\/p><p><span style=\"font-weight: 400;\">&#8211; <\/span><b>Firme como la marea<\/b><span style=\"font-weight: 400;\">:Nos dedicamos a garantizarle un viaje tranquilo, a mantener su traves\u00eda segura y sus tesoros a salvo.<\/span><\/p><p><span style=\"font-weight: 400;\">&#8211; <\/span><b>Abundancia de catalejos m\u00e1gicos:<\/b><span style=\"font-weight: 400;\"> \u00a1Nuestro barco cuenta con herramientas m\u00e1gicas (herramientas comerciales avanzadas) que hacen que invertir sea una aventura y aprender una alegr\u00eda!<\/span><\/p>\t\t\t\t\t\t\t\t<\/div>\n\t\t\t\t<div class=\"elementor-element elementor-element-468ec5a elementor-widget elementor-widget-heading\" data-id=\"468ec5a\" data-element_type=\"widget\" data-e-type=\"widget\" data-widget_type=\"heading.default\">\n\t\t\t\t\t<h2 class=\"elementor-heading-title elementor-size-default\">Invertir en \u00edndices globales: \u00a1Un mundo de aventuras!<\/h2>\t\t\t\t<\/div>\n\t\t\t\t<div class=\"elementor-element elementor-element-e23b510 elementor-widget elementor-widget-text-editor\" data-id=\"e23b510\" data-element_type=\"widget\" data-e-type=\"widget\" data-widget_type=\"text-editor.default\">\n\t\t\t\t\t\t\t\t\t<p><span style=\"font-weight: 400;\">Imagina poder viajar por todo el mundo y recolectar tesoros de todos los rincones del planeta. \u00a1Con la inversi\u00f3n en \u00edndices, puedes hacerlo! Es como una b\u00fasqueda mundial en la que recolectas piezas brillantes llamadas \"\u00edndices\" de diferentes pa\u00edses. Estos \u00edndices te indican c\u00f3mo les va a esos lugares, como si han encontrado el tesoro de un drag\u00f3n o si han fabricado nuevos y geniales dispositivos. \u00bfY la mejor parte? Puedes unirte a esta aventura con AL Trader, tu gu\u00eda de confianza, que te muestra d\u00f3nde encontrar los tesoros m\u00e1s deslumbrantes. \u00bfListo para viajar por el mundo desde tu habitaci\u00f3n? \u00a1Vamos!<\/span><\/p>\t\t\t\t\t\t\t\t<\/div>\n\t\t\t\t\t<\/div>\n\t\t<\/div>\n\t\t\t\t\t<\/div>\n\t\t<\/section>\n\t\t\t\t<\/div>","protected":false},"excerpt":{"rendered":"<p>Embark on a thrilling quest in the realm of Indices CFD\u2019s! Learn the secrets of investing, master the art of strategy, and discover global treasures in indices! Welcome aboard the AL Trader ship, where we sail across vast oceans of numbers, guided by the stars of Indices CFD\u2019s Have you ever dreamt of finding a [&hellip;]<\/p>\n","protected":false},"author":1,"featured_media":0,"parent":0,"menu_order":0,"comment_status":"closed","ping_status":"closed","template":"elementor_header_footer","meta":{"footnotes":""},"class_list":["post-1038","page","type-page","status-publish","hentry"],"_links":{"self":[{"href":"https:\/\/al-trader.org\/es\/wp-json\/wp\/v2\/pages\/1038","targetHints":{"allow":["GET"]}}],"collection":[{"href":"https:\/\/al-trader.org\/es\/wp-json\/wp\/v2\/pages"}],"about":[{"href":"https:\/\/al-trader.org\/es\/wp-json\/wp\/v2\/types\/page"}],"author":[{"embeddable":true,"href":"https:\/\/al-trader.org\/es\/wp-json\/wp\/v2\/users\/1"}],"replies":[{"embeddable":true,"href":"https:\/\/al-trader.org\/es\/wp-json\/wp\/v2\/comments?post=1038"}],"version-history":[{"count":0,"href":"https:\/\/al-trader.org\/es\/wp-json\/wp\/v2\/pages\/1038\/revisions"}],"wp:attachment":[{"href":"https:\/\/al-trader.org\/es\/wp-json\/wp\/v2\/media?parent=1038"}],"curies":[{"name":"wp","href":"https:\/\/api.w.org\/{rel}","templated":true}]}}