{"id":1017,"date":"2023-07-18T14:07:09","date_gmt":"2023-07-18T14:07:09","guid":{"rendered":"https:\/\/al-trader.org\/?page_id=1017"},"modified":"2023-10-31T05:49:41","modified_gmt":"2023-10-31T05:49:41","slug":"acciones-cfd","status":"publish","type":"page","link":"https:\/\/al-trader.org\/es\/shares-cfds\/","title":{"rendered":"Shares CFD&#8217;s"},"content":{"rendered":"<div data-elementor-type=\"wp-page\" data-elementor-id=\"1017\" class=\"elementor elementor-1017\" data-elementor-post-type=\"page\">\n\t\t\t\t\t\t<section class=\"elementor-section elementor-top-section elementor-element elementor-element-8949ecc elementor-section-boxed elementor-section-height-default elementor-section-height-default\" data-id=\"8949ecc\" data-element_type=\"section\" data-e-type=\"section\">\n\t\t\t\t\t\t<div class=\"elementor-container elementor-column-gap-default\">\n\t\t\t\t\t<div class=\"elementor-column elementor-col-100 elementor-top-column elementor-element elementor-element-4003d6c\" data-id=\"4003d6c\" data-element_type=\"column\" data-e-type=\"column\">\n\t\t\t<div class=\"elementor-widget-wrap elementor-element-populated\">\n\t\t\t\t\t\t<div class=\"elementor-element elementor-element-76f5202 elementor-widget elementor-widget-heading\" data-id=\"76f5202\" data-element_type=\"widget\" data-e-type=\"widget\" data-widget_type=\"heading.default\">\n\t\t\t\t\t<h1 class=\"elementor-heading-title elementor-size-default\">\u00a1Emb\u00e1rquese en un emocionante viaje en el mundo de los CFD sobre acciones! Descubra la magia de operar con CFD, aprenda estrategias para principiantes y descubra los secretos del \u00e9xito financiero.<\/h1>\t\t\t\t<\/div>\n\t\t\t\t<div class=\"elementor-element elementor-element-f45d88a elementor-widget elementor-widget-text-editor\" data-id=\"f45d88a\" data-element_type=\"widget\" data-e-type=\"widget\" data-widget_type=\"text-editor.default\">\n\t\t\t\t\t\t\t\t\t<p><span style=\"font-weight: 400;\">Bienvenido a la encantadora tierra de <a href=\"https:\/\/al-trader.org\/es\/acciones\/\">Acciones<\/a> CFD en AL Trader, donde cada clic lleva a una nueva aventura y el cofre del tesoro de conocimiento nunca se acaba. \u00bfAlguna vez te has imaginado ser un mago financiero, lanzando hechizos para abrir puertas secretas y encontrar tesoros ocultos?<\/span><\/p>\t\t\t\t\t\t\t\t<\/div>\n\t\t\t\t<div class=\"elementor-element elementor-element-70a819c elementor-widget elementor-widget-heading\" data-id=\"70a819c\" data-element_type=\"widget\" data-e-type=\"widget\" data-widget_type=\"heading.default\">\n\t\t\t\t\t<h2 class=\"elementor-heading-title elementor-size-default\">\u00bfQu\u00e9 son los CFD sobre acciones?<\/h2>\t\t\t\t<\/div>\n\t\t\t\t<div class=\"elementor-element elementor-element-965a500 elementor-widget elementor-widget-text-editor\" data-id=\"965a500\" data-element_type=\"widget\" data-e-type=\"widget\" data-widget_type=\"text-editor.default\">\n\t\t\t\t\t\t\t\t\t<p><span style=\"font-weight: 400;\">\u00a0\u201cCFD sobre acciones\u201d puede sonar a c\u00f3digo secreto, \u00a1y es porque lo es! CFD significa \u201cContrato por Diferencia\u201d, es como un contrato m\u00e1gico que le permite adivinar si el precio de algo (como una acci\u00f3n de una empresa) subir\u00e1 o bajar\u00e1. Si aciertas, \u00a1hurra! Ganas unas monedas de oro (bueno, dinero, pero monedas de oro suena mejor, \u00bfno?).<\/span><\/p><p><span style=\"font-weight: 400;\">Comienza tu aventura en el trading de CFD sobre acciones<\/span><\/p><p><span style=\"font-weight: 400;\">\u00a0Entonces, \u00bfc\u00f3mo comienzas esta emocionante misi\u00f3n? No te preocupes, \u00a1no tendr\u00e1s que luchar contra ning\u00fan drag\u00f3n! Aqu\u00ed tienes el mapa:<\/span><\/p><ol><li><b> Aprende las palabras m\u00e1gicas: <\/b><span style=\"font-weight: 400;\">Todo mago necesita aprender hechizos, y en el trading con CFD, estos hechizos son los t\u00e9rminos e ideas que se utilizan en el trading. No se preocupe; AL Trader tiene una biblioteca completa de libros f\u00e1ciles de entender (\u00a1bueno, digitales!) para ayudarlo.<\/span><\/li><\/ol><p><span style=\"font-weight: 400;\">\u00a0<\/span><\/p><ol start=\"2\"><li><b>Elige tu varita<\/b><span style=\"font-weight: 400;\">:En el m\u00e1gico mundo del trading con CFD, su varita m\u00e1gica es la plataforma que utiliza para operar. AL Trader es como una tienda de varitas m\u00e1gicas que le ofrece las mejores herramientas para que operar sea tan divertido y f\u00e1cil como mover una varita m\u00e1gica.<\/span><\/li><\/ol><p><span style=\"font-weight: 400;\">\u00a0<\/span><\/p><p><span style=\"font-weight: 400;\">3. <\/span><b>Practica tu magia:<\/b><span style=\"font-weight: 400;\"> \u00a1Debes practicar antes de luchar contra magos oscuros (o contra riesgos financieros significativos)! \u201cEl trading con CFD para principiantes\u201d es como una escuela de formaci\u00f3n de magos; tenemos todos los consejos y trucos que necesitas.<\/span><\/p>\t\t\t\t\t\t\t\t<\/div>\n\t\t\t\t<div class=\"elementor-element elementor-element-8149e4c elementor-widget elementor-widget-heading\" data-id=\"8149e4c\" data-element_type=\"widget\" data-e-type=\"widget\" data-widget_type=\"heading.default\">\n\t\t\t\t\t<h2 class=\"elementor-heading-title elementor-size-default\">Manual para crear estrategias de negociaci\u00f3n de CFD<\/h2>\t\t\t\t<\/div>\n\t\t\t\t<div class=\"elementor-element elementor-element-b6ace54 elementor-widget elementor-widget-text-editor\" data-id=\"b6ace54\" data-element_type=\"widget\" data-e-type=\"widget\" data-widget_type=\"text-editor.default\">\n\t\t\t\t\t\t\t\t\t<p><span style=\"font-weight: 400;\">Todo gran mago tiene un libro de hechizos con estrategias y, en el trading con CFD, los hechizos son los planes que se hacen para comprar y vender CFD. Estos son algunos de los ingredientes de los hechizos que se pueden utilizar:<\/span><\/p><p><span style=\"font-weight: 400;\">\u00a0<\/span><\/p><p><span style=\"font-weight: 400;\">&#8211; <\/span><b>Observaci\u00f3n de la bola de cristal:<\/b><span style=\"font-weight: 400;\"> \u00a1Aqu\u00ed puedes ver noticias y eventos de las empresas que te interesan, casi como si estuvieras mirando una bola de cristal!<\/span><\/p><p><b>\u2013 Mezcla de pociones:<\/b><span style=\"font-weight: 400;\"> \u00a1A veces, querr\u00e1s mezclar diferentes tipos de inversiones, como acciones, monedas e incluso materias primas como el oro, para hacer una poci\u00f3n poderosa!<\/span><\/p><p><span style=\"font-weight: 400;\">&#8211; <\/span><b>Adivinaci\u00f3n en busca de se\u00f1ales:<\/b><span style=\"font-weight: 400;\"> \u00a1Esto implica observar gr\u00e1ficos y patrones de precios, tratando de predecir lo que suceder\u00e1 a continuaci\u00f3n, tal como los antiguos magos buscaban se\u00f1ales en las estrellas!<\/span><\/p>\t\t\t\t\t\t\t\t<\/div>\n\t\t\t\t<div class=\"elementor-element elementor-element-1564164 elementor-widget elementor-widget-heading\" data-id=\"1564164\" data-element_type=\"widget\" data-e-type=\"widget\" data-widget_type=\"heading.default\">\n\t\t\t\t\t<h2 class=\"elementor-heading-title elementor-size-default\">Por qu\u00e9 AL Trader es su fiel compa\u00f1ero m\u00e1gico<\/h2>\t\t\t\t<\/div>\n\t\t\t\t<div class=\"elementor-element elementor-element-423c0fc elementor-widget elementor-widget-text-editor\" data-id=\"423c0fc\" data-element_type=\"widget\" data-e-type=\"widget\" data-widget_type=\"text-editor.default\">\n\t\t\t\t\t\t\t\t\t<p><span style=\"font-weight: 400;\">No comenzar\u00edas una misi\u00f3n sin un compa\u00f1ero de confianza, \u00bfverdad? Aqu\u00ed te explicamos por qu\u00e9 AL Trader es el compa\u00f1ero m\u00e1gico perfecto:<\/span><\/p><p><span style=\"font-weight: 400;\">\u00a0<\/span><\/p><p><span style=\"font-weight: 400;\">&#8211; <\/span><b>Sabio como un b\u00faho:<\/b><span style=\"font-weight: 400;\"> Nuestro equipo conoce la magia de los mercados como un mago conoce los hechizos. \u00a1Nos encanta compartir este conocimiento contigo!<\/span><\/p><p><span style=\"font-weight: 400;\">&#8211; <\/span><b>Fiel como una br\u00fajula:<\/b><span style=\"font-weight: 400;\"> Nos dedicamos a guiarlo por el camino correcto, manteniendo su viaje seguro y sus tesoros a salvo.<\/span><\/p>\t\t\t\t\t\t\t\t<\/div>\n\t\t\t\t<div class=\"elementor-element elementor-element-60abdc6 elementor-widget elementor-widget-heading\" data-id=\"60abdc6\" data-element_type=\"widget\" data-e-type=\"widget\" data-widget_type=\"heading.default\">\n\t\t\t\t\t<h2 class=\"elementor-heading-title elementor-size-default\">\u00a1\u00danase a la Escuela de Magia Financiera de AL Trader!<\/h2>\t\t\t\t<\/div>\n\t\t\t\t<div class=\"elementor-element elementor-element-dba945f elementor-widget elementor-widget-text-editor\" data-id=\"dba945f\" data-element_type=\"widget\" data-e-type=\"widget\" data-widget_type=\"text-editor.default\">\n\t\t\t\t\t\t\t\t\t<p><span style=\"font-weight: 400;\">\u00bfEst\u00e1 listo para comenzar su aventura en el mundo de los CFD sobre acciones? En AL Trader, \u00a1estamos emocionados de darle la bienvenida a nuestra escuela de magia financiera! Recuerde, todo gran mago comenz\u00f3 como estudiante, curioso y ansioso por aprender. \u00a1Con AL Trader, tiene los mejores maestros, la biblioteca m\u00e1s fant\u00e1stica y una comunidad de magos con quienes emprender su viaje!<\/span><\/p><p><span style=\"font-weight: 400;\">\u00a0<\/span><\/p><p><span style=\"font-weight: 400;\">As\u00ed que, por favor, ponte tu sombrero de mago, coge tu bolsa de monedas de oro y \u00a1entremos juntos en este mundo m\u00e1gico! \u00a1Qui\u00e9n sabe qu\u00e9 misterios desentra\u00f1ar\u00e1s y qu\u00e9 tesoros descubrir\u00e1s!<\/span><\/p>\t\t\t\t\t\t\t\t<\/div>\n\t\t\t\t\t<\/div>\n\t\t<\/div>\n\t\t\t\t\t<\/div>\n\t\t<\/section>\n\t\t\t\t<\/div>","protected":false},"excerpt":{"rendered":"<p>Embark on an exciting journey in the realm of Shares CFD&#8217;s! Discover the magic of CFD trading, learn beginner-friendly strategies, and unlock the secrets to financial success! Welcome to the enchanting land of Shares CFD&#8217;s at AL Trader, where every click leads to a new adventure, and the treasure chest of knowledge never ends! Have [&hellip;]<\/p>\n","protected":false},"author":1,"featured_media":0,"parent":0,"menu_order":0,"comment_status":"closed","ping_status":"closed","template":"elementor_header_footer","meta":{"footnotes":""},"class_list":["post-1017","page","type-page","status-publish","hentry"],"_links":{"self":[{"href":"https:\/\/al-trader.org\/es\/wp-json\/wp\/v2\/pages\/1017","targetHints":{"allow":["GET"]}}],"collection":[{"href":"https:\/\/al-trader.org\/es\/wp-json\/wp\/v2\/pages"}],"about":[{"href":"https:\/\/al-trader.org\/es\/wp-json\/wp\/v2\/types\/page"}],"author":[{"embeddable":true,"href":"https:\/\/al-trader.org\/es\/wp-json\/wp\/v2\/users\/1"}],"replies":[{"embeddable":true,"href":"https:\/\/al-trader.org\/es\/wp-json\/wp\/v2\/comments?post=1017"}],"version-history":[{"count":0,"href":"https:\/\/al-trader.org\/es\/wp-json\/wp\/v2\/pages\/1017\/revisions"}],"wp:attachment":[{"href":"https:\/\/al-trader.org\/es\/wp-json\/wp\/v2\/media?parent=1017"}],"curies":[{"name":"wp","href":"https:\/\/api.w.org\/{rel}","templated":true}]}}