{"id":1006,"date":"2023-07-18T13:55:47","date_gmt":"2023-07-18T13:55:47","guid":{"rendered":"https:\/\/al-trader.org\/?page_id=1006"},"modified":"2023-10-31T05:47:54","modified_gmt":"2023-10-31T05:47:54","slug":"acciones","status":"publish","type":"page","link":"https:\/\/al-trader.org\/es\/shares\/","title":{"rendered":"Acciones"},"content":{"rendered":"<div data-elementor-type=\"wp-page\" data-elementor-id=\"1006\" class=\"elementor elementor-1006\" data-elementor-post-type=\"page\">\n\t\t\t\t\t\t<section class=\"elementor-section elementor-top-section elementor-element elementor-element-65f0762 elementor-section-boxed elementor-section-height-default elementor-section-height-default\" data-id=\"65f0762\" data-element_type=\"section\" data-e-type=\"section\">\n\t\t\t\t\t\t<div class=\"elementor-container elementor-column-gap-default\">\n\t\t\t\t\t<div class=\"elementor-column elementor-col-100 elementor-top-column elementor-element elementor-element-b2c5954\" data-id=\"b2c5954\" data-element_type=\"column\" data-e-type=\"column\">\n\t\t\t<div class=\"elementor-widget-wrap elementor-element-populated\">\n\t\t\t\t\t\t<div class=\"elementor-element elementor-element-4c1a81c elementor-widget elementor-widget-heading\" data-id=\"4c1a81c\" data-element_type=\"widget\" data-e-type=\"widget\" data-widget_type=\"heading.default\">\n\t\t\t\t\t<h1 class=\"elementor-heading-title elementor-size-default\">\u00a1Sum\u00e9rjase en el apasionante mundo de la negociaci\u00f3n de acciones! Descubra c\u00f3mo negociar acciones, las mejores acciones para comprar ahora y las mejores para negociar. \u00a1Su aventura en la inversi\u00f3n comienza aqu\u00ed!<\/h1>\t\t\t\t<\/div>\n\t\t\t\t<div class=\"elementor-element elementor-element-cbb8277 elementor-widget elementor-widget-text-editor\" data-id=\"cbb8277\" data-element_type=\"widget\" data-e-type=\"widget\" data-widget_type=\"text-editor.default\">\n\t\t\t\t\t\t\t\t\t<p><span style=\"font-weight: 400;\">Bienvenido al fant\u00e1stico universo de las acciones <a href=\"https:\/\/al-trader.org\/es\/como-funciona\/\">Comercio en AL Trader<\/a>, donde cada d\u00eda es una aventura y t\u00fa eres el h\u00e9roe de la historia. \u00bfAlguna vez has so\u00f1ado con ser due\u00f1o de una parte de tu empresa favorita? \u00bfLa que fabrica tus videojuegos o juguetes favoritos? Bueno, en el mundo de las acciones, \u00a1puedes serlo!<\/span><\/p>\t\t\t\t\t\t\t\t<\/div>\n\t\t\t\t<div class=\"elementor-element elementor-element-c61a2ee elementor-widget elementor-widget-heading\" data-id=\"c61a2ee\" data-element_type=\"widget\" data-e-type=\"widget\" data-widget_type=\"heading.default\">\n\t\t\t\t\t<h2 class=\"elementor-heading-title elementor-size-default\">Emb\u00e1rcate en una b\u00fasqueda del tesoro de acciones: \u00bfQu\u00e9 acciones comprar ahora?<\/h2>\t\t\t\t<\/div>\n\t\t\t\t<div class=\"elementor-element elementor-element-63849a6 elementor-widget elementor-widget-text-editor\" data-id=\"63849a6\" data-element_type=\"widget\" data-e-type=\"widget\" data-widget_type=\"text-editor.default\">\n\t\t\t\t\t\t\t\t\t<p><span style=\"font-weight: 400;\">Elegir las porciones es como elegir el snack perfecto. Hay muchos, pero \u00bfcu\u00e1l har\u00e1 feliz a tu paladar (o, en este caso, a tu bolsillo)? Aqu\u00ed tienes algunos consejos:<\/span><\/p><p><span style=\"font-weight: 400;\">\u00a0<\/span><\/p><ol><li><b>Favoritos primero: <\/b><span style=\"font-weight: 400;\">Piensa en las empresas que amas. Las que hacen que tu vida sea divertida, como los creadores de videojuegos o las f\u00e1bricas de chocolate. \u00a1Sus acciones podr\u00edan ser un dulce regalo para tus ahorros!<\/span><\/li><\/ol><p><span style=\"font-weight: 400;\">\u00a0<\/span><\/p><ol start=\"2\"><li><b> Tesoros de moda<\/b><span style=\"font-weight: 400;\">:\u00a1Escuche el rumor! \u00bfQu\u00e9 empresas est\u00e1n creando cosas nuevas y geniales? \u00bfQu\u00e9 tal autos voladores o robots? \u00a1Las acciones de empresas innovadoras pueden ser como boletos dorados!<\/span><\/li><\/ol><p><span style=\"font-weight: 400;\">\u00a0<\/span><\/p><p><span style=\"font-weight: 400;\">3. <\/span><b>Pregunta a las sabias b\u00fahos:<\/b><span style=\"font-weight: 400;\"> En AL Trader contamos con expertos (como viejos b\u00fahos sabios) que saben mucho sobre \u201cqu\u00e9 acciones son las mejores para operar\u201d. \u00a1Est\u00e1n aqu\u00ed para guiarte!<\/span><\/p>\t\t\t\t\t\t\t\t<\/div>\n\t\t\t\t<div class=\"elementor-element elementor-element-09c80e0 elementor-widget elementor-widget-heading\" data-id=\"09c80e0\" data-element_type=\"widget\" data-e-type=\"widget\" data-widget_type=\"heading.default\">\n\t\t\t\t\t<h2 class=\"elementor-heading-title elementor-size-default\">\u00bfC\u00f3mo se negocian acciones?<\/h2>\t\t\t\t<\/div>\n\t\t\t\t<div class=\"elementor-element elementor-element-7362fd6 elementor-widget elementor-widget-text-editor\" data-id=\"7362fd6\" data-element_type=\"widget\" data-e-type=\"widget\" data-widget_type=\"text-editor.default\">\n\t\t\t\t\t\t\t\t\t<p><span style=\"font-weight: 400;\">\u00a1Intercambiar acciones es como jugar a un divertido videojuego en el que empiezas con algunas monedas e intentas terminar con un cofre del tesoro gigante! Imagina que est\u00e1s en un juego y usas tu dinero para comprar piezas de diferentes fortalezas o castillos (\u00a1estas son tus \"acciones\" de empresas!). Con el tiempo, estas fortalezas y palacios pueden volverse m\u00e1s valiosos, especialmente si son populares en el juego o tienen muchos elementos \u00fanicos. Cuando valen m\u00e1s, \u00a1puedes intercambiarlos con otros jugadores por incluso m\u00e1s monedas de las que gastaste! Pero recuerda, el juego puede ser complicado a veces y el valor de tus fortalezas puede disminuir. \u00a1Es por eso que debes aprender sobre el juego, tomar decisiones inteligentes y pedir consejos a magos sabios (como padres o maestros) para que te ayuden en el camino!<\/span><\/p>\t\t\t\t\t\t\t\t<\/div>\n\t\t\t\t<div class=\"elementor-element elementor-element-f898ed0 elementor-widget elementor-widget-heading\" data-id=\"f898ed0\" data-element_type=\"widget\" data-e-type=\"widget\" data-widget_type=\"heading.default\">\n\t\t\t\t\t<h2 class=\"elementor-heading-title elementor-size-default\">Invertir en acciones: plantar \u00e1rboles de dinero<\/h2>\t\t\t\t<\/div>\n\t\t\t\t<div class=\"elementor-element elementor-element-2403375 elementor-widget elementor-widget-text-editor\" data-id=\"2403375\" data-element_type=\"widget\" data-e-type=\"widget\" data-widget_type=\"text-editor.default\">\n\t\t\t\t\t\t\t\t\t<p><span style=\"font-weight: 400;\">Comprar acciones no es solo una cuesti\u00f3n de negociar. Tambi\u00e9n es una cuesti\u00f3n de invertir, como plantar una semilla y observarla. <a href=\"https:\/\/al-trader.org\/es\/mercado\/\">crecer hasta convertirse en un \u00e1rbol de dinero<\/a>\u00a1Cuando encuentras \u201cacciones en las que invertir\u201d, est\u00e1s creando un cofre del tesoro para tu futuro!<\/span><\/p><p><span style=\"font-weight: 400;\">\u00a0<\/span><\/p><p><span style=\"font-weight: 400;\">Pero \u00bfc\u00f3mo elegir las semillas (o porciones) adecuadas?<\/span><\/p><p><span style=\"font-weight: 400;\">\u00a0<\/span><\/p><ol><li><span style=\"font-weight: 400;\"> Potencial de crecimiento: Busque empresas con espacio para crecer, \u00a1como una pl\u00e1ntula que podr\u00eda convertirse en un roble gigante!<\/span><\/li><li><span style=\"font-weight: 400;\"> Robusto y fuerte: \u00a1Elija empresas que puedan resistir las tormentas, como un barco robusto en alta mar!<\/span><\/li><li><span style=\"font-weight: 400;\"> Un futuro m\u00e1s verde: Las empresas que se preocupan por el planeta pueden ser excelentes opciones, \u00a1como los jardineros que cuidan bien sus plantas!<\/span><\/li><\/ol>\t\t\t\t\t\t\t\t<\/div>\n\t\t\t\t<div class=\"elementor-element elementor-element-a18054f elementor-widget elementor-widget-heading\" data-id=\"a18054f\" data-element_type=\"widget\" data-e-type=\"widget\" data-widget_type=\"heading.default\">\n\t\t\t\t\t<h2 class=\"elementor-heading-title elementor-size-default\">Por qu\u00e9 AL Trader es su gran aliado en el trading de acciones<\/h2>\t\t\t\t<\/div>\n\t\t\t\t<div class=\"elementor-element elementor-element-e56e3ac elementor-widget elementor-widget-text-editor\" data-id=\"e56e3ac\" data-element_type=\"widget\" data-e-type=\"widget\" data-widget_type=\"text-editor.default\">\n\t\t\t\t\t\t\t\t\t<p><span style=\"font-weight: 400;\">Ahora, quiz\u00e1s te preguntes: \u201c\u00bfPor qu\u00e9 AL Trader?\u201d Bueno, aqu\u00ed te explicamos por qu\u00e9 somos el Robin de tu Batman:<\/span><\/p><p><span style=\"font-weight: 400;\">\u00a0<\/span><\/p><p><span style=\"font-weight: 400;\">\u00a0<\/span><b>S\u00faper inteligente:<\/b><span style=\"font-weight: 400;\"> \u00a1Nuestro equipo es como un grupo de bibliotecarios inteligentes que saben todo sobre el mundo de las acciones!<\/span><\/p><p><span style=\"font-weight: 400;\">\u00a0<\/span><b>Amigas de confianza:<\/b><span style=\"font-weight: 400;\"> \u00a1No solo somos brillantes, somos confiables! Como superh\u00e9roes, \u00a1nos dedicamos a mantener su aventura financiera segura y divertida!<\/span><\/p><p><span style=\"font-weight: 400;\">\u00a0<\/span><b>El precio de la comida es:<\/b><span style=\"font-weight: 400;\"> \u00a1Nuestro sitio web es un tesoro de herramientas que hacen del trading un viaje m\u00e1gico!<\/span><\/p>\t\t\t\t\t\t\t\t<\/div>\n\t\t\t\t<div class=\"elementor-element elementor-element-d479ad2 elementor-widget elementor-widget-heading\" data-id=\"d479ad2\" data-element_type=\"widget\" data-e-type=\"widget\" data-widget_type=\"heading.default\">\n\t\t\t\t\t<h2 class=\"elementor-heading-title elementor-size-default\">\u00a1\u00danase a la Liga AL Trader de Traders Extraordinarios!<\/h2>\t\t\t\t<\/div>\n\t\t\t\t<div class=\"elementor-element elementor-element-e53d57a elementor-widget elementor-widget-text-editor\" data-id=\"e53d57a\" data-element_type=\"widget\" data-e-type=\"widget\" data-widget_type=\"text-editor.default\">\n\t\t\t\t\t\t\t\t\t<p><span style=\"font-weight: 400;\">\u00bfEst\u00e1s listo para sumergirte en el mundo de las acciones? \u00a1Estamos muy emocionados de que te unas a nuestra liga! Recuerda, el viaje de cada h\u00e9roe tiene altibajos, pero con AL Trader, tienes un compa\u00f1ero de confianza. \u00a1As\u00ed que ponte tu capa y volemos hacia el cielo de las operaciones burs\u00e1tiles! \u00a1Qui\u00e9n sabe, quiz\u00e1s te conviertas en el pr\u00f3ximo mago de las acciones!<\/span><\/p><p><span style=\"font-weight: 400;\">Y recuerda, el equipo de AL Trader siempre est\u00e1 aqu\u00ed para ti, dispuesto a ofrecerte una sonrisa, buenos consejos y, tal vez, \u00a1un truco de magia o dos! \u00a1Felices operaciones, amigos!<\/span><\/p><p><span style=\"font-weight: 400;\">Recuerda que operar con acciones puede ser como una monta\u00f1a rusa, con altibajos, y es importante hablar con tus padres o con un adulto de confianza antes de comenzar. Pero no te preocupes; \u00a1la familia AL Trader est\u00e1 aqu\u00ed para hacer que tu viaje compartido sea seguro y emocionante!<\/span><\/p>\t\t\t\t\t\t\t\t<\/div>\n\t\t\t\t\t<\/div>\n\t\t<\/div>\n\t\t\t\t\t<\/div>\n\t\t<\/section>\n\t\t\t\t<\/div>","protected":false},"excerpt":{"rendered":"<p>Dive into the thrilling world of shares trading! Discover how to trade shares, the coolest shares to buy now, and the best ones for trading. Your adventure in investing starts here! Welcome to the fantastic universe of shares trading at AL Trader, where every day is an adventure, and you&#8217;re the story&#8217;s hero! Have you [&hellip;]<\/p>\n","protected":false},"author":1,"featured_media":0,"parent":0,"menu_order":0,"comment_status":"closed","ping_status":"closed","template":"elementor_header_footer","meta":{"footnotes":""},"class_list":["post-1006","page","type-page","status-publish","hentry"],"_links":{"self":[{"href":"https:\/\/al-trader.org\/es\/wp-json\/wp\/v2\/pages\/1006","targetHints":{"allow":["GET"]}}],"collection":[{"href":"https:\/\/al-trader.org\/es\/wp-json\/wp\/v2\/pages"}],"about":[{"href":"https:\/\/al-trader.org\/es\/wp-json\/wp\/v2\/types\/page"}],"author":[{"embeddable":true,"href":"https:\/\/al-trader.org\/es\/wp-json\/wp\/v2\/users\/1"}],"replies":[{"embeddable":true,"href":"https:\/\/al-trader.org\/es\/wp-json\/wp\/v2\/comments?post=1006"}],"version-history":[{"count":0,"href":"https:\/\/al-trader.org\/es\/wp-json\/wp\/v2\/pages\/1006\/revisions"}],"wp:attachment":[{"href":"https:\/\/al-trader.org\/es\/wp-json\/wp\/v2\/media?parent=1006"}],"curies":[{"name":"wp","href":"https:\/\/api.w.org\/{rel}","templated":true}]}}